{"id":1115,"date":"2024-12-03T14:57:01","date_gmt":"2024-12-03T14:57:01","guid":{"rendered":"https:\/\/www.expeditionsolutions.ca\/?post_type=product&#038;p=1115"},"modified":"2025-11-06T21:39:54","modified_gmt":"2025-11-06T21:39:54","slug":"bison-4000a-essence-gc6573","status":"publish","type":"product","link":"http:\/\/www.expeditionsolutions.ca\/en\/product\/bison-4000a-essence-gc6573\/","title":{"rendered":"Bison 4000A &#8211; Ensemble de chauffage 4kw, Digital  &#8211; Essence GC6573"},"content":{"rendered":"<p class=\"woo-sidebar-headline\"><span style=\"font-family: -apple-system, BlinkMacSystemFont, 'Segoe UI', Roboto, Oxygen-Sans, Ubuntu, Cantarell, 'Helvetica Neue', sans-serif; font-size: 16px;\">4kW \/ 13 600 BTU &#8211; Ensemble de chauffage \u00e0 air puls\u00e9 avec minuterie num\u00e9rique programmable qui inclus tout le mat\u00e9riel n\u00e9cessaire pour l&rsquo;installation de base. Comprend un conduit d&rsquo;air de 1 m\u00e8tre avec registre, une pompe \u00e0 carburant avec une conduite de carburant de 7 m\u00e8tres, une plaque de montage, un harnais de c\u00e2blage, un tuyaux d&rsquo;\u00e9chappement et d&rsquo;admission, colliers et sangles, vis, etc. Le harnais de c\u00e2blage est enti\u00e8rement assembl\u00e9, avec des connecteurs de haute qualit\u00e9 pr\u00eats \u00e0 \u00eatre branch\u00e9s.<\/span><\/p>\n<h3 class=\"woo-sidebar-headline\"><strong><span class=\"sidebar-headline-text\">Product Information<\/span><\/strong><\/h3>\n<ul class=\"custom-attributes\">\n<li class=\"\"><strong><span class=\"attribute-label\"><span class=\"attribute-label-text\">Fuel<\/span>: <\/span><span class=\"attribute-value\" style=\"color: #ff0000;\">Essence<\/span><\/strong><\/li>\n<li class=\"\"><span class=\"attribute-label\"><span class=\"attribute-label-text\">Mode<\/span>:\u00a0<\/span><span class=\"attribute-value\">Air<\/span><\/li>\n<li class=\"\"><strong><span class=\"attribute-label\"><span class=\"attribute-label-text\">Power rating<\/span>: 4<\/span><span class=\"attribute-value\">kW \/ 13 600 BTU<\/span><\/strong><\/li>\n<li class=\"\"><span class=\"attribute-label\"><span class=\"attribute-label-text\">Voltage<\/span>:\u00a0<\/span><span class=\"attribute-value\">12V<\/span><\/li>\n<li><span class=\"attribute-label\"><span class=\"attribute-label-text\">Nouveau contr\u00f4leur num\u00e9rique <\/span>\u00e0 \u00e9cran <\/span>OLED avec fonction Bluetooth<\/li>\n<\/ul>\n<h3 class=\"p1\"><strong>Digital Controller Functions<\/strong><\/h3>\n<ul>\n<li>Thermostatic mode from 5\u00b0C to 35\u00b0C<\/li>\n<li>Cold air fan mode<\/li>\n<li>Fuel Line Priming<\/li>\n<li>High Elevation Mode (Should be operated in High Elevation Mode when heater is used at elevations between 1500m and 4000m)<\/li>\n<\/ul>\n<h3>Installation<\/h3>\n<p>N&rsquo;oubliez pas d&rsquo;ajouter \u00e0 votre panier le <a href=\"https:\/\/www.expeditionsolutions.ca\/en\/product\/webasto-fuel-hose-connector\/\">Connecteur de tuyau de carburant<\/a> ainsi que le <a href=\"https:\/\/www.expeditionsolutions.ca\/en\/product\/webasto-fuel-line-connector-5012589\/\">Connecteur de port \u00e0 carburant pour Promaster<\/a> ou <a href=\"https:\/\/www.expeditionsolutions.ca\/en\/product\/ford-transit-auxiliary-fuel-port-connector\/\" target=\"_blank\" rel=\"noopener\">Connecteur de port de carburant auxiliaire pour Ford Transit \u00e0 essence<\/a> afin de pouvoir compl\u00e9ter le raccordement \u00e0 votre r\u00e9servoir d&rsquo;essence<\/p>\n<h3>Exp\u00e9dition<\/h3>\n<p>Prenez note que la livraison pour ce produit est gratuite. La commande sera exp\u00e9di\u00e9e en 5 \u00e0 6 jours ouvrables.<\/p>\n<hr \/>\n<div class=\"product-description rte\">\n<table class=\"t1\" cellspacing=\"0\" cellpadding=\"0\">\n<tbody>\n<tr>\n<td class=\"td1\" valign=\"top\">\n<p class=\"p1\"><b>Specifications<\/b><\/p>\n<\/td>\n<td class=\"td1\" valign=\"top\">\n<p class=\"p1\"><b>Minimum<\/b><\/p>\n<\/td>\n<td class=\"td1\" valign=\"top\">\n<p class=\"p1\"><b>Maximum<\/b><\/p>\n<\/td>\n<\/tr>\n<tr>\n<td class=\"td1\" valign=\"top\">\n<p class=\"p1\"><b>Heat out:<br \/>\nBTU\/h (kW\/h)<\/b><\/p>\n<\/td>\n<td class=\"td1\" valign=\"top\">\n<p class=\"p1\">3071 (0.9)<\/p>\n<\/td>\n<td class=\"td1\" valign=\"top\">\n<p class=\"p1\">13649 (4.0)<\/p>\n<\/td>\n<\/tr>\n<tr>\n<td class=\"td1\" valign=\"top\">\n<p class=\"p1\"><b>Fuel consumption:<br \/>\nGal.\/h (L\/h)<\/b><\/p>\n<\/td>\n<td class=\"td1\" valign=\"top\">\n<p class=\"p1\">0.03 (0.11 L\/h)<\/p>\n<\/td>\n<td class=\"td1\" valign=\"top\">\n<p class=\"p1\">0.13 (0.51 L\/h)<\/p>\n<\/td>\n<\/tr>\n<tr>\n<td class=\"td1\" valign=\"top\">\n<p class=\"p1\"><b>Electric Power consumption:<br \/>\nAmps (Watts) @12VDC<\/b><\/p>\n<\/td>\n<td class=\"td1\" valign=\"top\">\n<p class=\"p1\">0.67 (11)<\/p>\n<\/td>\n<td class=\"td1\" valign=\"top\">\n<p class=\"p1\">2.83 (40)<\/p>\n<\/td>\n<\/tr>\n<tr>\n<td class=\"td1\" valign=\"top\">\n<p class=\"p1\"><b>Voltage Operating Range:<br \/>\nVolts DC<\/b><\/p>\n<\/td>\n<td class=\"td1\" valign=\"top\">\n<p class=\"p1\">10.5 \u2013 16 with low and high voltage protection<\/p>\n<\/td>\n<td class=\"td1\" valign=\"top\"><\/td>\n<\/tr>\n<tr>\n<td class=\"td1\" valign=\"top\">\n<p class=\"p1\"><b>Operation Modes:<\/b><\/p>\n<\/td>\n<td class=\"td1\" valign=\"top\">\n<p class=\"p1\">&#8211; <b>Adjustable heat:<\/b> 5\u00b0C \u00e0 35\u00b0C (41\u00b0F \u00e0 95\u00b0F).<\/p>\n<p class=\"p1\">&#8211; <b>Air Circulation\/Ventilation<\/b> \u2013 No Heat, Fan only<\/p>\n<p class=\"p1\">&#8211; <b>Constant Heat Output Selection<\/b> \u2013 Adjustable Min. to Max.<\/p>\n<\/td>\n<td class=\"td1\" valign=\"top\"><\/td>\n<\/tr>\n<tr>\n<td class=\"td1\" valign=\"top\">\n<p class=\"p1\"><b>Dimensions:<br \/>\nLxWxH, Inches (mm)<\/b><\/p>\n<\/td>\n<td class=\"td1\" valign=\"top\">\n<p class=\"p1\">14.61 x 5.51 x 5.91&Prime; (371 x 140 x 1502mm)<\/p>\n<\/td>\n<td class=\"td1\" valign=\"top\"><\/td>\n<\/tr>\n<tr>\n<td class=\"td1\" valign=\"top\">\n<p class=\"p1\"><b>Weight: lbs (kg)<\/b><\/p>\n<\/td>\n<td class=\"td1\" valign=\"top\">\n<p class=\"p1\">9.92 lbs (4.5 kg)<\/p>\n<\/td>\n<td class=\"td1\" valign=\"top\"><\/td>\n<\/tr>\n<\/tbody>\n<\/table>\n<h3><strong>PDF MANUALS<\/strong><\/h3>\n<ul>\n<li><span style=\"color: #0000ff;\"><a style=\"color: #0000ff;\" href=\"http:\/\/www.expeditionsolutions.ca\/wp-content\/uploads\/2024\/04\/New-OLED-Controller-2024-01.pdf\" target=\"_blank\" rel=\"noopener\">Digital Timer \u2013 Quick Start Guide (1 MB).<\/a><\/span><\/li>\n<li><span style=\"color: #0000ff;\"><a style=\"color: #0000ff;\" href=\"http:\/\/www.expeditionsolutions.ca\/wp-content\/uploads\/2024\/12\/BISON-4000A_Manual.pdf\">Manuel d&rsquo;installation Bison 4000A EN (1 MB)<\/a><\/span><\/li>\n<li><a href=\"http:\/\/expeditionsolutions.ca\/wp-content\/uploads\/2021\/02\/Installation-Manual-26-09-2019.pdf\"><span style=\"color: #0000ff;\">Installation and service Manual Bison\/Walrus (1 MB).<\/span><\/a><\/li>\n<\/ul>\n<\/div>\n<div class=\"product-description rte\">\n<hr \/>\n<p class=\"p1\"><span style=\"color: #ff0000;\"><b><i>Prenez note que nous n&rsquo;offrons malheureusement pas l&rsquo;installation, nous soutenons enti\u00e8rement les installations DIY et serons heureux de pouvoir r\u00e9pondre \u00e0 vos questions.\u00a0<\/i><\/b><\/span><\/p>\n<p class=\"p1\"><b><span style=\"color: #ff0000;\">\u2192\u2192<\/span> Vous faites l&rsquo;installation par vous m\u00eame? <span style=\"color: #ff0000;\">\u2190\u2190<\/span>\u00a0<\/b><a href=\"https:\/\/www.expeditionsolutions.ca\/wp-content\/uploads\/2021\/11\/DIY-install-Warning.pdf\"><span class=\"s1\"><b>LISEZ D&rsquo;ABORD CE \u00bbMANUEL\u00ab !<\/b><\/span><\/a><\/p>\n<hr \/>\n<p>&nbsp;<\/p>\n<\/div>","protected":false},"excerpt":{"rendered":"<p><strong>FREE SHIPPING<\/strong><\/p>\n<p>La s\u00e9rie Bison 4000A est un syst\u00e8me de chauffage compact \u00e0 air puls\u00e9 de 4kw \/ 13 600 BTU. Puissant, silencieux et tr\u00e8s efficace, il est con\u00e7u pour des applications de chauffage dans espaces de taille moyenne comme les v\u00e9hicules de loisirs de plus de 21 pieds, v\u00e9hicules commerciaux et bateaux.<\/p>\n<p><span style=\"color: #ff0000;\"><span style=\"color: #000000;\"><strong><span class=\"attribute-label\"><span class=\"attribute-label-text\"><span style=\"font-family: -apple-system, BlinkMacSystemFont, 'Segoe UI', Roboto, Oxygen-Sans, Ubuntu, Cantarell, 'Helvetica Neue', sans-serif; font-size: 16px;\">4<span class=\"attribute-value\">kW \/ 13,600 BTU<br \/>\n<\/span><\/span><\/span><\/span><\/strong><\/span><\/span><span style=\"color: #ff0000;\"><strong><span class=\"attribute-label\"><span class=\"attribute-label-text\">Fuel<\/span>: <\/span><span class=\"attribute-value\">ESSENCE<\/span><\/strong><\/span><\/p>\n<p>&nbsp;<\/p>\n<p><img loading=\"lazy\" decoding=\"async\" class=\"alignnone size-medium wp-image-468\" src=\"http:\/\/www.expeditionsolutions.ca\/wp-content\/uploads\/2020\/09\/GC_logo-300x92.png\" alt=\"\" width=\"300\" height=\"92\" srcset=\"https:\/\/i0.wp.com\/www.expeditionsolutions.ca\/wp-content\/uploads\/2020\/09\/GC_logo.png?resize=300%2C92&amp;ssl=1 300w, https:\/\/i0.wp.com\/www.expeditionsolutions.ca\/wp-content\/uploads\/2020\/09\/GC_logo.png?resize=16%2C5&amp;ssl=1 16w, https:\/\/i0.wp.com\/www.expeditionsolutions.ca\/wp-content\/uploads\/2020\/09\/GC_logo.png?resize=600%2C184&amp;ssl=1 600w, https:\/\/i0.wp.com\/www.expeditionsolutions.ca\/wp-content\/uploads\/2020\/09\/GC_logo.png?w=608&amp;ssl=1 608w\" sizes=\"auto, (max-width: 300px) 100vw, 300px\" \/><\/p>","protected":false},"featured_media":1056,"template":"","meta":{"_uag_custom_page_level_css":"","neve_meta_sidebar":"","neve_meta_container":"","neve_meta_enable_content_width":"off","neve_meta_content_width":70,"neve_meta_title_alignment":"","neve_meta_author_avatar":"","neve_post_elements_order":"","neve_meta_disable_header":"","neve_meta_disable_footer":"","neve_meta_disable_title":""},"product_brand":[84],"product_cat":[17],"product_tag":[],"class_list":{"0":"post-1115","1":"product","2":"type-product","3":"status-publish","4":"has-post-thumbnail","6":"product_brand-general-components","7":"product_cat-chauffage","8":"product_shipping_class-livraison-gratuite-produits","10":"first","11":"instock","12":"taxable","13":"shipping-taxable","14":"purchasable","15":"product-type-simple"},"yoast_head":"<!-- This site is optimized with the Yoast SEO plugin v27.3 - https:\/\/yoast.com\/product\/yoast-seo-wordpress\/ -->\n<title>Bison 4000A Essence GC6573 4kw - Expedition Solutions<\/title>\n<meta name=\"description\" content=\"Le Bison 4000A \u00e0 essence est un syst\u00e8me de chauffage compact \u00e0 air puls\u00e9 de 4kw \/ 13 600 BTU. Puissant, silencieux et tr\u00e8s efficace.\" \/>\n<meta name=\"robots\" content=\"index, follow, max-snippet:-1, max-image-preview:large, max-video-preview:-1\" \/>\n<link rel=\"canonical\" href=\"http:\/\/www.expeditionsolutions.ca\/en\/product\/bison-4000a-essence-gc6573\/\" \/>\n<meta property=\"og:locale\" content=\"en_US\" \/>\n<meta property=\"og:type\" content=\"article\" \/>\n<meta property=\"og:title\" content=\"Bison 4000A Essence GC6573 4kw - Expedition Solutions\" \/>\n<meta property=\"og:description\" content=\"Le Bison 4000A \u00e0 essence est un syst\u00e8me de chauffage compact \u00e0 air puls\u00e9 de 4kw \/ 13 600 BTU. Puissant, silencieux et tr\u00e8s efficace.\" \/>\n<meta property=\"og:url\" content=\"http:\/\/www.expeditionsolutions.ca\/en\/product\/bison-4000a-essence-gc6573\/\" \/>\n<meta property=\"og:site_name\" content=\"Expedition Solutions\" \/>\n<meta property=\"article:modified_time\" content=\"2025-11-06T21:39:54+00:00\" \/>\n<meta property=\"og:image\" content=\"https:\/\/i0.wp.com\/www.expeditionsolutions.ca\/wp-content\/uploads\/2020\/09\/Bison-5000A-NEW.jpg?fit=1000%2C1000\" \/>\n\t<meta property=\"og:image:width\" content=\"1000\" \/>\n\t<meta property=\"og:image:height\" content=\"1000\" \/>\n\t<meta property=\"og:image:type\" content=\"image\/jpeg\" \/>\n<meta name=\"twitter:card\" content=\"summary_large_image\" \/>\n<meta name=\"twitter:label1\" content=\"Est. reading time\" \/>\n\t<meta name=\"twitter:data1\" content=\"3 minutes\" \/>\n<script type=\"application\/ld+json\" class=\"yoast-schema-graph\">{\"@context\":\"https:\\\/\\\/schema.org\",\"@graph\":[{\"@type\":\"WebPage\",\"@id\":\"http:\\\/\\\/www.expeditionsolutions.ca\\\/product\\\/bison-4000a-essence-gc6573\\\/\",\"url\":\"http:\\\/\\\/www.expeditionsolutions.ca\\\/product\\\/bison-4000a-essence-gc6573\\\/\",\"name\":\"Bison 4000A Essence GC6573 4kw - Expedition Solutions\",\"isPartOf\":{\"@id\":\"http:\\\/\\\/www.expeditionsolutions.ca\\\/#website\"},\"primaryImageOfPage\":{\"@id\":\"http:\\\/\\\/www.expeditionsolutions.ca\\\/product\\\/bison-4000a-essence-gc6573\\\/#primaryimage\"},\"image\":{\"@id\":\"http:\\\/\\\/www.expeditionsolutions.ca\\\/product\\\/bison-4000a-essence-gc6573\\\/#primaryimage\"},\"thumbnailUrl\":\"https:\\\/\\\/i0.wp.com\\\/www.expeditionsolutions.ca\\\/wp-content\\\/uploads\\\/2020\\\/09\\\/Bison-5000A-NEW.jpg?fit=1000%2C1000&ssl=1\",\"datePublished\":\"2024-12-03T14:57:01+00:00\",\"dateModified\":\"2025-11-06T21:39:54+00:00\",\"description\":\"Le Bison 4000A \u00e0 essence est un syst\u00e8me de chauffage compact \u00e0 air puls\u00e9 de 4kw \\\/ 13 600 BTU. Puissant, silencieux et tr\u00e8s efficace.\",\"breadcrumb\":{\"@id\":\"http:\\\/\\\/www.expeditionsolutions.ca\\\/product\\\/bison-4000a-essence-gc6573\\\/#breadcrumb\"},\"inLanguage\":\"en-CA\",\"potentialAction\":[{\"@type\":\"ReadAction\",\"target\":[\"http:\\\/\\\/www.expeditionsolutions.ca\\\/product\\\/bison-4000a-essence-gc6573\\\/\"]}]},{\"@type\":\"ImageObject\",\"inLanguage\":\"en-CA\",\"@id\":\"http:\\\/\\\/www.expeditionsolutions.ca\\\/product\\\/bison-4000a-essence-gc6573\\\/#primaryimage\",\"url\":\"https:\\\/\\\/i0.wp.com\\\/www.expeditionsolutions.ca\\\/wp-content\\\/uploads\\\/2020\\\/09\\\/Bison-5000A-NEW.jpg?fit=1000%2C1000&ssl=1\",\"contentUrl\":\"https:\\\/\\\/i0.wp.com\\\/www.expeditionsolutions.ca\\\/wp-content\\\/uploads\\\/2020\\\/09\\\/Bison-5000A-NEW.jpg?fit=1000%2C1000&ssl=1\",\"width\":1000,\"height\":1000},{\"@type\":\"BreadcrumbList\",\"@id\":\"http:\\\/\\\/www.expeditionsolutions.ca\\\/product\\\/bison-4000a-essence-gc6573\\\/#breadcrumb\",\"itemListElement\":[{\"@type\":\"ListItem\",\"position\":1,\"name\":\"Accueil\",\"item\":\"https:\\\/\\\/www.expeditionsolutions.ca\\\/\"},{\"@type\":\"ListItem\",\"position\":2,\"name\":\"Boutique\",\"item\":\"https:\\\/\\\/www.expeditionsolutions.ca\\\/shop\\\/\"},{\"@type\":\"ListItem\",\"position\":3,\"name\":\"Bison 4000A &#8211; Ensemble de chauffage 4kw, Digital &#8211; Essence GC6573\"}]},{\"@type\":\"WebSite\",\"@id\":\"http:\\\/\\\/www.expeditionsolutions.ca\\\/#website\",\"url\":\"http:\\\/\\\/www.expeditionsolutions.ca\\\/\",\"name\":\"Expedition Solutions\",\"description\":\"\",\"publisher\":{\"@id\":\"http:\\\/\\\/www.expeditionsolutions.ca\\\/#organization\"},\"potentialAction\":[{\"@type\":\"SearchAction\",\"target\":{\"@type\":\"EntryPoint\",\"urlTemplate\":\"http:\\\/\\\/www.expeditionsolutions.ca\\\/?s={search_term_string}\"},\"query-input\":{\"@type\":\"PropertyValueSpecification\",\"valueRequired\":true,\"valueName\":\"search_term_string\"}}],\"inLanguage\":\"en-CA\"},{\"@type\":\"Organization\",\"@id\":\"http:\\\/\\\/www.expeditionsolutions.ca\\\/#organization\",\"name\":\"Expedition Solutions\",\"url\":\"http:\\\/\\\/www.expeditionsolutions.ca\\\/\",\"logo\":{\"@type\":\"ImageObject\",\"inLanguage\":\"en-CA\",\"@id\":\"http:\\\/\\\/www.expeditionsolutions.ca\\\/#\\\/schema\\\/logo\\\/image\\\/\",\"url\":\"https:\\\/\\\/i0.wp.com\\\/www.expeditionsolutions.ca\\\/wp-content\\\/uploads\\\/2020\\\/09\\\/cropped-Logo-Expedition-Solutions-1.png?fit=249%2C86&ssl=1\",\"contentUrl\":\"https:\\\/\\\/i0.wp.com\\\/www.expeditionsolutions.ca\\\/wp-content\\\/uploads\\\/2020\\\/09\\\/cropped-Logo-Expedition-Solutions-1.png?fit=249%2C86&ssl=1\",\"width\":249,\"height\":86,\"caption\":\"Expedition Solutions\"},\"image\":{\"@id\":\"http:\\\/\\\/www.expeditionsolutions.ca\\\/#\\\/schema\\\/logo\\\/image\\\/\"}}]}<\/script>\n<!-- \/ Yoast SEO plugin. -->","yoast_head_json":{"title":"Bison 4000A Essence GC6573 4kw - Expedition Solutions","description":"Le Bison 4000A \u00e0 essence est un syst\u00e8me de chauffage compact \u00e0 air puls\u00e9 de 4kw \/ 13 600 BTU. Puissant, silencieux et tr\u00e8s efficace.","robots":{"index":"index","follow":"follow","max-snippet":"max-snippet:-1","max-image-preview":"max-image-preview:large","max-video-preview":"max-video-preview:-1"},"canonical":"http:\/\/www.expeditionsolutions.ca\/en\/product\/bison-4000a-essence-gc6573\/","og_locale":"en_US","og_type":"article","og_title":"Bison 4000A Essence GC6573 4kw - Expedition Solutions","og_description":"Le Bison 4000A \u00e0 essence est un syst\u00e8me de chauffage compact \u00e0 air puls\u00e9 de 4kw \/ 13 600 BTU. Puissant, silencieux et tr\u00e8s efficace.","og_url":"http:\/\/www.expeditionsolutions.ca\/en\/product\/bison-4000a-essence-gc6573\/","og_site_name":"Expedition Solutions","article_modified_time":"2025-11-06T21:39:54+00:00","og_image":[{"width":1000,"height":1000,"url":"https:\/\/i0.wp.com\/www.expeditionsolutions.ca\/wp-content\/uploads\/2020\/09\/Bison-5000A-NEW.jpg?fit=1000%2C1000","type":"image\/jpeg"}],"twitter_card":"summary_large_image","twitter_misc":{"Est. reading time":"3 minutes"},"schema":{"@context":"https:\/\/schema.org","@graph":[{"@type":"WebPage","@id":"http:\/\/www.expeditionsolutions.ca\/product\/bison-4000a-essence-gc6573\/","url":"http:\/\/www.expeditionsolutions.ca\/product\/bison-4000a-essence-gc6573\/","name":"Bison 4000A Essence GC6573 4kw - Expedition Solutions","isPartOf":{"@id":"http:\/\/www.expeditionsolutions.ca\/#website"},"primaryImageOfPage":{"@id":"http:\/\/www.expeditionsolutions.ca\/product\/bison-4000a-essence-gc6573\/#primaryimage"},"image":{"@id":"http:\/\/www.expeditionsolutions.ca\/product\/bison-4000a-essence-gc6573\/#primaryimage"},"thumbnailUrl":"https:\/\/i0.wp.com\/www.expeditionsolutions.ca\/wp-content\/uploads\/2020\/09\/Bison-5000A-NEW.jpg?fit=1000%2C1000&ssl=1","datePublished":"2024-12-03T14:57:01+00:00","dateModified":"2025-11-06T21:39:54+00:00","description":"Le Bison 4000A \u00e0 essence est un syst\u00e8me de chauffage compact \u00e0 air puls\u00e9 de 4kw \/ 13 600 BTU. Puissant, silencieux et tr\u00e8s efficace.","breadcrumb":{"@id":"http:\/\/www.expeditionsolutions.ca\/product\/bison-4000a-essence-gc6573\/#breadcrumb"},"inLanguage":"en-CA","potentialAction":[{"@type":"ReadAction","target":["http:\/\/www.expeditionsolutions.ca\/product\/bison-4000a-essence-gc6573\/"]}]},{"@type":"ImageObject","inLanguage":"en-CA","@id":"http:\/\/www.expeditionsolutions.ca\/product\/bison-4000a-essence-gc6573\/#primaryimage","url":"https:\/\/i0.wp.com\/www.expeditionsolutions.ca\/wp-content\/uploads\/2020\/09\/Bison-5000A-NEW.jpg?fit=1000%2C1000&ssl=1","contentUrl":"https:\/\/i0.wp.com\/www.expeditionsolutions.ca\/wp-content\/uploads\/2020\/09\/Bison-5000A-NEW.jpg?fit=1000%2C1000&ssl=1","width":1000,"height":1000},{"@type":"BreadcrumbList","@id":"http:\/\/www.expeditionsolutions.ca\/product\/bison-4000a-essence-gc6573\/#breadcrumb","itemListElement":[{"@type":"ListItem","position":1,"name":"Accueil","item":"https:\/\/www.expeditionsolutions.ca\/"},{"@type":"ListItem","position":2,"name":"Boutique","item":"https:\/\/www.expeditionsolutions.ca\/shop\/"},{"@type":"ListItem","position":3,"name":"Bison 4000A &#8211; Ensemble de chauffage 4kw, Digital &#8211; Essence GC6573"}]},{"@type":"WebSite","@id":"http:\/\/www.expeditionsolutions.ca\/#website","url":"http:\/\/www.expeditionsolutions.ca\/","name":"Expedition Solutions","description":"","publisher":{"@id":"http:\/\/www.expeditionsolutions.ca\/#organization"},"potentialAction":[{"@type":"SearchAction","target":{"@type":"EntryPoint","urlTemplate":"http:\/\/www.expeditionsolutions.ca\/?s={search_term_string}"},"query-input":{"@type":"PropertyValueSpecification","valueRequired":true,"valueName":"search_term_string"}}],"inLanguage":"en-CA"},{"@type":"Organization","@id":"http:\/\/www.expeditionsolutions.ca\/#organization","name":"Expedition Solutions","url":"http:\/\/www.expeditionsolutions.ca\/","logo":{"@type":"ImageObject","inLanguage":"en-CA","@id":"http:\/\/www.expeditionsolutions.ca\/#\/schema\/logo\/image\/","url":"https:\/\/i0.wp.com\/www.expeditionsolutions.ca\/wp-content\/uploads\/2020\/09\/cropped-Logo-Expedition-Solutions-1.png?fit=249%2C86&ssl=1","contentUrl":"https:\/\/i0.wp.com\/www.expeditionsolutions.ca\/wp-content\/uploads\/2020\/09\/cropped-Logo-Expedition-Solutions-1.png?fit=249%2C86&ssl=1","width":249,"height":86,"caption":"Expedition Solutions"},"image":{"@id":"http:\/\/www.expeditionsolutions.ca\/#\/schema\/logo\/image\/"}}]}},"uagb_featured_image_src":{"full":["https:\/\/i0.wp.com\/www.expeditionsolutions.ca\/wp-content\/uploads\/2020\/09\/Bison-5000A-NEW.jpg?fit=1000%2C1000&ssl=1",1000,1000,false],"thumbnail":["https:\/\/i0.wp.com\/www.expeditionsolutions.ca\/wp-content\/uploads\/2020\/09\/Bison-5000A-NEW.jpg?resize=150%2C150&ssl=1",150,150,true],"medium":["https:\/\/i0.wp.com\/www.expeditionsolutions.ca\/wp-content\/uploads\/2020\/09\/Bison-5000A-NEW.jpg?fit=300%2C300&ssl=1",300,300,true],"medium_large":["https:\/\/i0.wp.com\/www.expeditionsolutions.ca\/wp-content\/uploads\/2020\/09\/Bison-5000A-NEW.jpg?fit=768%2C768&ssl=1",768,768,true],"large":["https:\/\/i0.wp.com\/www.expeditionsolutions.ca\/wp-content\/uploads\/2020\/09\/Bison-5000A-NEW.jpg?fit=1000%2C1000&ssl=1",1000,1000,true],"1536x1536":["https:\/\/i0.wp.com\/www.expeditionsolutions.ca\/wp-content\/uploads\/2020\/09\/Bison-5000A-NEW.jpg?fit=1000%2C1000&ssl=1",1000,1000,true],"2048x2048":["https:\/\/i0.wp.com\/www.expeditionsolutions.ca\/wp-content\/uploads\/2020\/09\/Bison-5000A-NEW.jpg?fit=1000%2C1000&ssl=1",1000,1000,true],"trp-custom-language-flag":["https:\/\/i0.wp.com\/www.expeditionsolutions.ca\/wp-content\/uploads\/2020\/09\/Bison-5000A-NEW.jpg?fit=12%2C12&ssl=1",12,12,true],"neve-blog":["https:\/\/i0.wp.com\/www.expeditionsolutions.ca\/wp-content\/uploads\/2020\/09\/Bison-5000A-NEW.jpg?resize=930%2C620&ssl=1",930,620,true],"woocommerce_thumbnail":["https:\/\/i0.wp.com\/www.expeditionsolutions.ca\/wp-content\/uploads\/2020\/09\/Bison-5000A-NEW.jpg?resize=300%2C300&ssl=1",300,300,true],"woocommerce_single":["https:\/\/i0.wp.com\/www.expeditionsolutions.ca\/wp-content\/uploads\/2020\/09\/Bison-5000A-NEW.jpg?fit=600%2C600&ssl=1",600,600,true],"woocommerce_gallery_thumbnail":["https:\/\/i0.wp.com\/www.expeditionsolutions.ca\/wp-content\/uploads\/2020\/09\/Bison-5000A-NEW.jpg?resize=100%2C100&ssl=1",100,100,true]},"uagb_author_info":{"display_name":"admin","author_link":"http:\/\/www.expeditionsolutions.ca\/en\/author\/"},"uagb_comment_info":0,"uagb_excerpt":"LIVRAISON GRATUITE La s\u00e9rie Bison 4000A est un syst\u00e8me de chauffage compact \u00e0 air puls\u00e9 de 4kw \/ 13 600 BTU. Puissant, silencieux et tr\u00e8s efficace, il est con\u00e7u pour des applications de chauffage dans espaces de taille moyenne comme les v\u00e9hicules de loisirs de plus de 21 pieds, v\u00e9hicules commerciaux et bateaux. 4kW \/&hellip;","jetpack_sharing_enabled":true,"_links":{"self":[{"href":"http:\/\/www.expeditionsolutions.ca\/en\/wp-json\/wp\/v2\/product\/1115","targetHints":{"allow":["GET"]}}],"collection":[{"href":"http:\/\/www.expeditionsolutions.ca\/en\/wp-json\/wp\/v2\/product"}],"about":[{"href":"http:\/\/www.expeditionsolutions.ca\/en\/wp-json\/wp\/v2\/types\/product"}],"wp:featuredmedia":[{"embeddable":true,"href":"http:\/\/www.expeditionsolutions.ca\/en\/wp-json\/wp\/v2\/media\/1056"}],"wp:attachment":[{"href":"http:\/\/www.expeditionsolutions.ca\/en\/wp-json\/wp\/v2\/media?parent=1115"}],"wp:term":[{"taxonomy":"product_brand","embeddable":true,"href":"http:\/\/www.expeditionsolutions.ca\/en\/wp-json\/wp\/v2\/product_brand?post=1115"},{"taxonomy":"product_cat","embeddable":true,"href":"http:\/\/www.expeditionsolutions.ca\/en\/wp-json\/wp\/v2\/product_cat?post=1115"},{"taxonomy":"product_tag","embeddable":true,"href":"http:\/\/www.expeditionsolutions.ca\/en\/wp-json\/wp\/v2\/product_tag?post=1115"}],"curies":[{"name":"wp","href":"https:\/\/api.w.org\/{rel}","templated":true}]}}