{"id":1130,"date":"2025-01-04T15:40:00","date_gmt":"2025-01-04T15:40:00","guid":{"rendered":"https:\/\/www.expeditionsolutions.ca\/?post_type=product&#038;p=1130"},"modified":"2026-04-27T03:23:17","modified_gmt":"2026-04-27T03:23:17","slug":"rangement-en-filet-de-plastimo","status":"publish","type":"product","link":"http:\/\/www.expeditionsolutions.ca\/en\/product\/rangement-en-filet-de-plastimo\/","title":{"rendered":"Rangement en filet de Plastimo"},"content":{"rendered":"<p>Facile et rapide \u00e0 fixer, ce rangement en filet de Plastimo est id\u00e9al pour le rangement des petits objets dans votre conversion.<br \/>\nCadre en ASA avec un traitement anti-UV pour une meilleure long\u00e9vit\u00e9,\u00a0il est dot\u00e9 d\u2019un filet thermoplastique souple en forme de nid d\u2019abeilles.<\/p>\n<p><strong>Con\u00e7u et fabriqu\u00e9 en France.<\/strong><\/p>\n<ul>\n<li>3 sorties \/ passe-c\u00e2bles (1 en dessous, et 1 de chaque c\u00f4t\u00e9).<\/li>\n<li>Supports pour cl\u00e9s, mousquetons, etc.<\/li>\n<li>Installation facile<\/li>\n<li>Livr\u00e9s avec bandes autocollantes double-faces (possibilit\u00e9 \u00e9galement de le fixer avec de la quincaillerie non fourni)<\/li>\n<\/ul>\n<div class=\"tab-content__wrapper\">\n<div class=\"cms-typography\">\n<p>Le rangement en filet de Plastimo existe en 2 tailles pour s\u2019adapter aux surfaces disponibles.<\/p>\n<p>&nbsp;<\/p>\n<\/div>\n<\/div>\n<div class=\"tab-content__wrapper\">\n<div class=\"cms-typography\">\n<table class=\"vertical table3D\">\n<tbody>\n<tr>\n<th>R\u00e9f\u00e9rence article<\/th>\n<th>Mod\u00e8le<\/th>\n<th>Color<\/th>\n<th>Hauteur<\/th>\n<th>Largeur<\/th>\n<th>Profondeur<\/th>\n<\/tr>\n<tr>\n<td>70614<\/td>\n<td>Grand<\/td>\n<td>White<\/td>\n<td>142 mm<\/td>\n<td>278 mm<\/td>\n<td>34 mm<\/td>\n<\/tr>\n<tr>\n<td>70656<\/td>\n<td>Petit<\/td>\n<td>White<\/td>\n<td>122 mm<\/td>\n<td>208 mm<\/td>\n<td>34 mm<\/td>\n<\/tr>\n<tr>\n<td>70997<\/td>\n<td>Petit<\/td>\n<td>Black<\/td>\n<td>122 mm<\/td>\n<td>208 mm<\/td>\n<td>34 mm<\/td>\n<\/tr>\n<tr>\n<td>70998<\/td>\n<td>Grand<\/td>\n<td>Black<\/td>\n<td>142 mm<\/td>\n<td>278 mm<\/td>\n<td>34 mm<\/td>\n<\/tr>\n<\/tbody>\n<\/table>\n<\/div>\n<p>&nbsp;<\/p>\n<\/div>","protected":false},"excerpt":{"rendered":"<div class=\"product-view__right-container\">\n<div class=\"product-view__shortdescriptions\">\n<div class=\"cms-typography\">\n<p>Vide-poche avec filet thermoplastique souple. Solution de rangement ing\u00e9nieuse et efficace.<\/p>\n<\/div>\n<\/div>\n<\/div>","protected":false},"featured_media":1131,"template":"","meta":{"_uag_custom_page_level_css":"","neve_meta_sidebar":"","neve_meta_container":"","neve_meta_enable_content_width":"off","neve_meta_content_width":100,"neve_meta_title_alignment":"","neve_meta_author_avatar":"","neve_post_elements_order":"","neve_meta_disable_header":"","neve_meta_disable_footer":"","neve_meta_disable_title":""},"product_brand":[],"product_cat":[81,15],"product_tag":[],"class_list":{"0":"post-1130","1":"product","2":"type-product","3":"status-publish","4":"has-post-thumbnail","6":"product_cat-accessoires","7":"product_cat-new-products","8":"product_shipping_class-petits-colis","10":"first","11":"instock","12":"taxable","13":"shipping-taxable","14":"purchasable","15":"product-type-variable"},"yoast_head":"<!-- This site is optimized with the Yoast SEO plugin v27.5 - https:\/\/yoast.com\/product\/yoast-seo-wordpress\/ -->\n<title>Rangement en filet de Plastimo - Expedition Solutions<\/title>\n<meta name=\"description\" content=\"Facile et rapide \u00e0 fixer, ce rangement en filet Plastimo est une solution ing\u00e9nieuse et efficace pour ranger vos petits objets dans votre VR.\" \/>\n<meta name=\"robots\" content=\"index, follow, max-snippet:-1, max-image-preview:large, max-video-preview:-1\" \/>\n<link rel=\"canonical\" href=\"http:\/\/www.expeditionsolutions.ca\/en\/product\/rangement-en-filet-de-plastimo\/\" \/>\n<meta property=\"og:locale\" content=\"en_US\" \/>\n<meta property=\"og:type\" content=\"article\" \/>\n<meta property=\"og:title\" content=\"Rangement en filet de Plastimo - Expedition Solutions\" \/>\n<meta property=\"og:description\" content=\"Facile et rapide \u00e0 fixer, ce rangement en filet Plastimo est une solution ing\u00e9nieuse et efficace pour ranger vos petits objets dans votre VR.\" \/>\n<meta property=\"og:url\" content=\"http:\/\/www.expeditionsolutions.ca\/en\/product\/rangement-en-filet-de-plastimo\/\" \/>\n<meta property=\"og:site_name\" content=\"Expedition Solutions\" \/>\n<meta property=\"article:modified_time\" content=\"2026-04-27T03:23:17+00:00\" \/>\n<meta property=\"og:image\" content=\"https:\/\/i0.wp.com\/www.expeditionsolutions.ca\/wp-content\/uploads\/2025\/01\/PLASTIMO_70656_70998_HD_gp.jpg?fit=610%2C610\" \/>\n\t<meta property=\"og:image:width\" content=\"610\" \/>\n\t<meta property=\"og:image:height\" content=\"610\" \/>\n\t<meta property=\"og:image:type\" content=\"image\/jpeg\" \/>\n<meta name=\"twitter:card\" content=\"summary_large_image\" \/>\n<meta name=\"twitter:label1\" content=\"Est. reading time\" \/>\n\t<meta name=\"twitter:data1\" content=\"1 minute\" \/>\n<script type=\"application\/ld+json\" class=\"yoast-schema-graph\">{\"@context\":\"https:\\\/\\\/schema.org\",\"@graph\":[{\"@type\":\"WebPage\",\"@id\":\"http:\\\/\\\/www.expeditionsolutions.ca\\\/product\\\/rangement-en-filet-de-plastimo\\\/\",\"url\":\"http:\\\/\\\/www.expeditionsolutions.ca\\\/product\\\/rangement-en-filet-de-plastimo\\\/\",\"name\":\"Rangement en filet de Plastimo - Expedition Solutions\",\"isPartOf\":{\"@id\":\"http:\\\/\\\/www.expeditionsolutions.ca\\\/#website\"},\"primaryImageOfPage\":{\"@id\":\"http:\\\/\\\/www.expeditionsolutions.ca\\\/product\\\/rangement-en-filet-de-plastimo\\\/#primaryimage\"},\"image\":{\"@id\":\"http:\\\/\\\/www.expeditionsolutions.ca\\\/product\\\/rangement-en-filet-de-plastimo\\\/#primaryimage\"},\"thumbnailUrl\":\"https:\\\/\\\/i0.wp.com\\\/www.expeditionsolutions.ca\\\/wp-content\\\/uploads\\\/2025\\\/01\\\/PLASTIMO_70656_70998_HD_gp.jpg?fit=610%2C610&ssl=1\",\"datePublished\":\"2025-01-04T15:40:00+00:00\",\"dateModified\":\"2026-04-27T03:23:17+00:00\",\"description\":\"Facile et rapide \u00e0 fixer, ce rangement en filet Plastimo est une solution ing\u00e9nieuse et efficace pour ranger vos petits objets dans votre VR.\",\"breadcrumb\":{\"@id\":\"http:\\\/\\\/www.expeditionsolutions.ca\\\/product\\\/rangement-en-filet-de-plastimo\\\/#breadcrumb\"},\"inLanguage\":\"en-CA\",\"potentialAction\":[{\"@type\":\"ReadAction\",\"target\":[\"http:\\\/\\\/www.expeditionsolutions.ca\\\/product\\\/rangement-en-filet-de-plastimo\\\/\"]}]},{\"@type\":\"ImageObject\",\"inLanguage\":\"en-CA\",\"@id\":\"http:\\\/\\\/www.expeditionsolutions.ca\\\/product\\\/rangement-en-filet-de-plastimo\\\/#primaryimage\",\"url\":\"https:\\\/\\\/i0.wp.com\\\/www.expeditionsolutions.ca\\\/wp-content\\\/uploads\\\/2025\\\/01\\\/PLASTIMO_70656_70998_HD_gp.jpg?fit=610%2C610&ssl=1\",\"contentUrl\":\"https:\\\/\\\/i0.wp.com\\\/www.expeditionsolutions.ca\\\/wp-content\\\/uploads\\\/2025\\\/01\\\/PLASTIMO_70656_70998_HD_gp.jpg?fit=610%2C610&ssl=1\",\"width\":610,\"height\":610},{\"@type\":\"BreadcrumbList\",\"@id\":\"http:\\\/\\\/www.expeditionsolutions.ca\\\/product\\\/rangement-en-filet-de-plastimo\\\/#breadcrumb\",\"itemListElement\":[{\"@type\":\"ListItem\",\"position\":1,\"name\":\"Accueil\",\"item\":\"https:\\\/\\\/www.expeditionsolutions.ca\\\/\"},{\"@type\":\"ListItem\",\"position\":2,\"name\":\"Boutique\",\"item\":\"https:\\\/\\\/www.expeditionsolutions.ca\\\/shop\\\/\"},{\"@type\":\"ListItem\",\"position\":3,\"name\":\"Rangement en filet de Plastimo\"}]},{\"@type\":\"WebSite\",\"@id\":\"http:\\\/\\\/www.expeditionsolutions.ca\\\/#website\",\"url\":\"http:\\\/\\\/www.expeditionsolutions.ca\\\/\",\"name\":\"Expedition Solutions\",\"description\":\"\",\"publisher\":{\"@id\":\"http:\\\/\\\/www.expeditionsolutions.ca\\\/#organization\"},\"potentialAction\":[{\"@type\":\"SearchAction\",\"target\":{\"@type\":\"EntryPoint\",\"urlTemplate\":\"http:\\\/\\\/www.expeditionsolutions.ca\\\/?s={search_term_string}\"},\"query-input\":{\"@type\":\"PropertyValueSpecification\",\"valueRequired\":true,\"valueName\":\"search_term_string\"}}],\"inLanguage\":\"en-CA\"},{\"@type\":\"Organization\",\"@id\":\"http:\\\/\\\/www.expeditionsolutions.ca\\\/#organization\",\"name\":\"Expedition Solutions\",\"url\":\"http:\\\/\\\/www.expeditionsolutions.ca\\\/\",\"logo\":{\"@type\":\"ImageObject\",\"inLanguage\":\"en-CA\",\"@id\":\"http:\\\/\\\/www.expeditionsolutions.ca\\\/#\\\/schema\\\/logo\\\/image\\\/\",\"url\":\"https:\\\/\\\/i0.wp.com\\\/www.expeditionsolutions.ca\\\/wp-content\\\/uploads\\\/2020\\\/09\\\/cropped-Logo-Expedition-Solutions-1.png?fit=249%2C86&ssl=1\",\"contentUrl\":\"https:\\\/\\\/i0.wp.com\\\/www.expeditionsolutions.ca\\\/wp-content\\\/uploads\\\/2020\\\/09\\\/cropped-Logo-Expedition-Solutions-1.png?fit=249%2C86&ssl=1\",\"width\":249,\"height\":86,\"caption\":\"Expedition Solutions\"},\"image\":{\"@id\":\"http:\\\/\\\/www.expeditionsolutions.ca\\\/#\\\/schema\\\/logo\\\/image\\\/\"}}]}<\/script>\n<!-- \/ Yoast SEO plugin. -->","yoast_head_json":{"title":"Rangement en filet de Plastimo - Expedition Solutions","description":"Facile et rapide \u00e0 fixer, ce rangement en filet Plastimo est une solution ing\u00e9nieuse et efficace pour ranger vos petits objets dans votre VR.","robots":{"index":"index","follow":"follow","max-snippet":"max-snippet:-1","max-image-preview":"max-image-preview:large","max-video-preview":"max-video-preview:-1"},"canonical":"http:\/\/www.expeditionsolutions.ca\/en\/product\/rangement-en-filet-de-plastimo\/","og_locale":"en_US","og_type":"article","og_title":"Rangement en filet de Plastimo - Expedition Solutions","og_description":"Facile et rapide \u00e0 fixer, ce rangement en filet Plastimo est une solution ing\u00e9nieuse et efficace pour ranger vos petits objets dans votre VR.","og_url":"http:\/\/www.expeditionsolutions.ca\/en\/product\/rangement-en-filet-de-plastimo\/","og_site_name":"Expedition Solutions","article_modified_time":"2026-04-27T03:23:17+00:00","og_image":[{"width":610,"height":610,"url":"https:\/\/i0.wp.com\/www.expeditionsolutions.ca\/wp-content\/uploads\/2025\/01\/PLASTIMO_70656_70998_HD_gp.jpg?fit=610%2C610","type":"image\/jpeg"}],"twitter_card":"summary_large_image","twitter_misc":{"Est. reading time":"1 minute"},"schema":{"@context":"https:\/\/schema.org","@graph":[{"@type":"WebPage","@id":"http:\/\/www.expeditionsolutions.ca\/product\/rangement-en-filet-de-plastimo\/","url":"http:\/\/www.expeditionsolutions.ca\/product\/rangement-en-filet-de-plastimo\/","name":"Rangement en filet de Plastimo - Expedition Solutions","isPartOf":{"@id":"http:\/\/www.expeditionsolutions.ca\/#website"},"primaryImageOfPage":{"@id":"http:\/\/www.expeditionsolutions.ca\/product\/rangement-en-filet-de-plastimo\/#primaryimage"},"image":{"@id":"http:\/\/www.expeditionsolutions.ca\/product\/rangement-en-filet-de-plastimo\/#primaryimage"},"thumbnailUrl":"https:\/\/i0.wp.com\/www.expeditionsolutions.ca\/wp-content\/uploads\/2025\/01\/PLASTIMO_70656_70998_HD_gp.jpg?fit=610%2C610&ssl=1","datePublished":"2025-01-04T15:40:00+00:00","dateModified":"2026-04-27T03:23:17+00:00","description":"Facile et rapide \u00e0 fixer, ce rangement en filet Plastimo est une solution ing\u00e9nieuse et efficace pour ranger vos petits objets dans votre VR.","breadcrumb":{"@id":"http:\/\/www.expeditionsolutions.ca\/product\/rangement-en-filet-de-plastimo\/#breadcrumb"},"inLanguage":"en-CA","potentialAction":[{"@type":"ReadAction","target":["http:\/\/www.expeditionsolutions.ca\/product\/rangement-en-filet-de-plastimo\/"]}]},{"@type":"ImageObject","inLanguage":"en-CA","@id":"http:\/\/www.expeditionsolutions.ca\/product\/rangement-en-filet-de-plastimo\/#primaryimage","url":"https:\/\/i0.wp.com\/www.expeditionsolutions.ca\/wp-content\/uploads\/2025\/01\/PLASTIMO_70656_70998_HD_gp.jpg?fit=610%2C610&ssl=1","contentUrl":"https:\/\/i0.wp.com\/www.expeditionsolutions.ca\/wp-content\/uploads\/2025\/01\/PLASTIMO_70656_70998_HD_gp.jpg?fit=610%2C610&ssl=1","width":610,"height":610},{"@type":"BreadcrumbList","@id":"http:\/\/www.expeditionsolutions.ca\/product\/rangement-en-filet-de-plastimo\/#breadcrumb","itemListElement":[{"@type":"ListItem","position":1,"name":"Accueil","item":"https:\/\/www.expeditionsolutions.ca\/"},{"@type":"ListItem","position":2,"name":"Boutique","item":"https:\/\/www.expeditionsolutions.ca\/shop\/"},{"@type":"ListItem","position":3,"name":"Rangement en filet de Plastimo"}]},{"@type":"WebSite","@id":"http:\/\/www.expeditionsolutions.ca\/#website","url":"http:\/\/www.expeditionsolutions.ca\/","name":"Expedition Solutions","description":"","publisher":{"@id":"http:\/\/www.expeditionsolutions.ca\/#organization"},"potentialAction":[{"@type":"SearchAction","target":{"@type":"EntryPoint","urlTemplate":"http:\/\/www.expeditionsolutions.ca\/?s={search_term_string}"},"query-input":{"@type":"PropertyValueSpecification","valueRequired":true,"valueName":"search_term_string"}}],"inLanguage":"en-CA"},{"@type":"Organization","@id":"http:\/\/www.expeditionsolutions.ca\/#organization","name":"Expedition Solutions","url":"http:\/\/www.expeditionsolutions.ca\/","logo":{"@type":"ImageObject","inLanguage":"en-CA","@id":"http:\/\/www.expeditionsolutions.ca\/#\/schema\/logo\/image\/","url":"https:\/\/i0.wp.com\/www.expeditionsolutions.ca\/wp-content\/uploads\/2020\/09\/cropped-Logo-Expedition-Solutions-1.png?fit=249%2C86&ssl=1","contentUrl":"https:\/\/i0.wp.com\/www.expeditionsolutions.ca\/wp-content\/uploads\/2020\/09\/cropped-Logo-Expedition-Solutions-1.png?fit=249%2C86&ssl=1","width":249,"height":86,"caption":"Expedition Solutions"},"image":{"@id":"http:\/\/www.expeditionsolutions.ca\/#\/schema\/logo\/image\/"}}]}},"uagb_featured_image_src":{"full":["https:\/\/i0.wp.com\/www.expeditionsolutions.ca\/wp-content\/uploads\/2025\/01\/PLASTIMO_70656_70998_HD_gp.jpg?fit=610%2C610&ssl=1",610,610,false],"thumbnail":["https:\/\/i0.wp.com\/www.expeditionsolutions.ca\/wp-content\/uploads\/2025\/01\/PLASTIMO_70656_70998_HD_gp.jpg?resize=150%2C150&ssl=1",150,150,true],"medium":["https:\/\/i0.wp.com\/www.expeditionsolutions.ca\/wp-content\/uploads\/2025\/01\/PLASTIMO_70656_70998_HD_gp.jpg?fit=300%2C300&ssl=1",300,300,true],"medium_large":["https:\/\/i0.wp.com\/www.expeditionsolutions.ca\/wp-content\/uploads\/2025\/01\/PLASTIMO_70656_70998_HD_gp.jpg?fit=610%2C610&ssl=1",610,610,true],"large":["https:\/\/i0.wp.com\/www.expeditionsolutions.ca\/wp-content\/uploads\/2025\/01\/PLASTIMO_70656_70998_HD_gp.jpg?fit=610%2C610&ssl=1",610,610,true],"1536x1536":["https:\/\/i0.wp.com\/www.expeditionsolutions.ca\/wp-content\/uploads\/2025\/01\/PLASTIMO_70656_70998_HD_gp.jpg?fit=610%2C610&ssl=1",610,610,true],"2048x2048":["https:\/\/i0.wp.com\/www.expeditionsolutions.ca\/wp-content\/uploads\/2025\/01\/PLASTIMO_70656_70998_HD_gp.jpg?fit=610%2C610&ssl=1",610,610,true],"trp-custom-language-flag":["https:\/\/i0.wp.com\/www.expeditionsolutions.ca\/wp-content\/uploads\/2025\/01\/PLASTIMO_70656_70998_HD_gp.jpg?fit=12%2C12&ssl=1",12,12,true],"neve-blog":["https:\/\/i0.wp.com\/www.expeditionsolutions.ca\/wp-content\/uploads\/2025\/01\/PLASTIMO_70656_70998_HD_gp.jpg?resize=610%2C610&ssl=1",610,610,true],"woocommerce_thumbnail":["https:\/\/i0.wp.com\/www.expeditionsolutions.ca\/wp-content\/uploads\/2025\/01\/PLASTIMO_70656_70998_HD_gp.jpg?resize=300%2C300&ssl=1",300,300,true],"woocommerce_single":["https:\/\/i0.wp.com\/www.expeditionsolutions.ca\/wp-content\/uploads\/2025\/01\/PLASTIMO_70656_70998_HD_gp.jpg?fit=600%2C600&ssl=1",600,600,true],"woocommerce_gallery_thumbnail":["https:\/\/i0.wp.com\/www.expeditionsolutions.ca\/wp-content\/uploads\/2025\/01\/PLASTIMO_70656_70998_HD_gp.jpg?resize=100%2C100&ssl=1",100,100,true]},"uagb_author_info":{"display_name":"admin","author_link":"http:\/\/www.expeditionsolutions.ca\/en\/author\/"},"uagb_comment_info":0,"uagb_excerpt":"Vide-poche avec filet thermoplastique souple. Solution de rangement ing\u00e9nieuse et efficace.","jetpack_sharing_enabled":true,"_links":{"self":[{"href":"http:\/\/www.expeditionsolutions.ca\/en\/wp-json\/wp\/v2\/product\/1130","targetHints":{"allow":["GET"]}}],"collection":[{"href":"http:\/\/www.expeditionsolutions.ca\/en\/wp-json\/wp\/v2\/product"}],"about":[{"href":"http:\/\/www.expeditionsolutions.ca\/en\/wp-json\/wp\/v2\/types\/product"}],"wp:featuredmedia":[{"embeddable":true,"href":"http:\/\/www.expeditionsolutions.ca\/en\/wp-json\/wp\/v2\/media\/1131"}],"wp:attachment":[{"href":"http:\/\/www.expeditionsolutions.ca\/en\/wp-json\/wp\/v2\/media?parent=1130"}],"wp:term":[{"taxonomy":"product_brand","embeddable":true,"href":"http:\/\/www.expeditionsolutions.ca\/en\/wp-json\/wp\/v2\/product_brand?post=1130"},{"taxonomy":"product_cat","embeddable":true,"href":"http:\/\/www.expeditionsolutions.ca\/en\/wp-json\/wp\/v2\/product_cat?post=1130"},{"taxonomy":"product_tag","embeddable":true,"href":"http:\/\/www.expeditionsolutions.ca\/en\/wp-json\/wp\/v2\/product_tag?post=1130"}],"curies":[{"name":"wp","href":"https:\/\/api.w.org\/{rel}","templated":true}]}}