{"id":1171,"date":"2025-01-25T17:15:37","date_gmt":"2025-01-25T17:15:37","guid":{"rendered":"https:\/\/www.expeditionsolutions.ca\/?post_type=product&#038;p=1171"},"modified":"2025-10-31T19:52:11","modified_gmt":"2025-10-31T19:52:11","slug":"entree-deau-douce-sea-dog","status":"publish","type":"product","link":"http:\/\/www.expeditionsolutions.ca\/en\/product\/entree-deau-douce-sea-dog\/","title":{"rendered":"Entr\u00e9e d&rsquo;eau douce Sea Dog"},"content":{"rendered":"<p>L&rsquo;entr\u00e9e d&rsquo;eau douce de Sea Dog est con\u00e7ue pour permettre le raccordement \u00e0 un syst\u00e8me d&rsquo;eau sous pression.\u00a0 Livr\u00e9 avec un bouchon \u00e9tanche en plastique noir \u00e0 utiliser lorsqu&rsquo;il n&rsquo;est pas connect\u00e9 \u00e0 l&rsquo;eau.<\/p>\n<ul>\n<li>Entr\u00e9e d&rsquo;eau douce<\/li>\n<li>Raccord de tuyau pivotant femelle standard.<\/li>\n<li>Taille du tuyau : 1\/2&Prime; FIPT x 3\/4&Prime;-12 FGHT.<\/li>\n<li>Fabriqu\u00e9 en laiton chrom\u00e9.<\/li>\n<li>Utilisez une cl\u00e9 Allen de 1\/2&Prime; pour l&rsquo;installation.<\/li>\n<li>Avec bouchon \u00e9tanche en plastique noir<\/li>\n<\/ul>\n<p>\u00c9galement disponible en acier inoxydable sur demande.<\/p>\n<p>&nbsp;<\/p>","protected":false},"excerpt":{"rendered":"<p>L&rsquo;entr\u00e9e d&rsquo;eau douce de Sea Dog est con\u00e7ue pour permettre le raccordement \u00e0 un syst\u00e8me d&rsquo;eau sous pression.\u00a0 Livr\u00e9 avec un bouchon \u00e9tanche en plastique noir \u00e0 utiliser lorsqu&rsquo;il n&rsquo;est pas connect\u00e9 \u00e0 l&rsquo;eau. Entr\u00e9e d&rsquo;eau douce Raccord de tuyau pivotant femelle standard. Taille du tuyau : 1\/2&Prime; FIPT x 3\/4&Prime;-12 FGHT. Fabriqu\u00e9 en laiton&hellip;&nbsp;<a href=\"http:\/\/www.expeditionsolutions.ca\/en\/product\/entree-deau-douce-sea-dog\/\" rel=\"bookmark\">Read More &raquo;<span class=\"screen-reader-text\">Entr\u00e9e d&rsquo;eau douce Sea Dog<\/span><\/a><\/p>","protected":false},"featured_media":1173,"template":"","meta":{"_uag_custom_page_level_css":"","neve_meta_sidebar":"","neve_meta_container":"","neve_meta_enable_content_width":"off","neve_meta_content_width":100,"neve_meta_title_alignment":"","neve_meta_author_avatar":"","neve_post_elements_order":"","neve_meta_disable_header":"","neve_meta_disable_footer":"","neve_meta_disable_title":""},"product_brand":[],"product_cat":[81,35,15],"product_tag":[],"class_list":{"0":"post-1171","1":"product","2":"type-product","3":"status-publish","4":"has-post-thumbnail","6":"product_cat-accessoires","7":"product_cat-chauffe-eau","8":"product_cat-new-products","9":"product_shipping_class-petits-colis","11":"first","12":"instock","13":"taxable","14":"shipping-taxable","15":"purchasable","16":"product-type-simple"},"yoast_head":"<!-- This site is optimized with the Yoast SEO plugin v27.5 - https:\/\/yoast.com\/product\/yoast-seo-wordpress\/ -->\n<title>Entr\u00e9e d&#039;eau douce Sea Dog - Expedition Solutions<\/title>\n<meta name=\"description\" content=\"L&#039;entr\u00e9e d&#039;eau douce en laiton de Sea Dog est con\u00e7ue pour permettre le raccordement \u00e0 un syst\u00e8me d&#039;eau sous pression. 1\/2&quot; FIPT x 3\/4&quot;-12 FGHT.\" \/>\n<meta name=\"robots\" content=\"index, follow, max-snippet:-1, max-image-preview:large, max-video-preview:-1\" \/>\n<link rel=\"canonical\" href=\"http:\/\/www.expeditionsolutions.ca\/en\/product\/entree-deau-douce-sea-dog\/\" \/>\n<meta property=\"og:locale\" content=\"en_US\" \/>\n<meta property=\"og:type\" content=\"article\" \/>\n<meta property=\"og:title\" content=\"Entr\u00e9e d&#039;eau douce Sea Dog - Expedition Solutions\" \/>\n<meta property=\"og:description\" content=\"L&#039;entr\u00e9e d&#039;eau douce en laiton de Sea Dog est con\u00e7ue pour permettre le raccordement \u00e0 un syst\u00e8me d&#039;eau sous pression. 1\/2&quot; FIPT x 3\/4&quot;-12 FGHT.\" \/>\n<meta property=\"og:url\" content=\"http:\/\/www.expeditionsolutions.ca\/en\/product\/entree-deau-douce-sea-dog\/\" \/>\n<meta property=\"og:site_name\" content=\"Expedition Solutions\" \/>\n<meta property=\"article:modified_time\" content=\"2025-10-31T19:52:11+00:00\" \/>\n<meta property=\"og:image\" content=\"https:\/\/i0.wp.com\/www.expeditionsolutions.ca\/wp-content\/uploads\/2025\/01\/Seadog-512110-Fresh-water-inlet.webp?fit=612%2C612\" \/>\n\t<meta property=\"og:image:width\" content=\"612\" \/>\n\t<meta property=\"og:image:height\" content=\"612\" \/>\n\t<meta property=\"og:image:type\" content=\"image\/webp\" \/>\n<meta name=\"twitter:card\" content=\"summary_large_image\" \/>\n<meta name=\"twitter:label1\" content=\"Est. reading time\" \/>\n\t<meta name=\"twitter:data1\" content=\"1 minute\" \/>\n<script type=\"application\/ld+json\" class=\"yoast-schema-graph\">{\"@context\":\"https:\\\/\\\/schema.org\",\"@graph\":[{\"@type\":\"WebPage\",\"@id\":\"http:\\\/\\\/www.expeditionsolutions.ca\\\/product\\\/entree-deau-douce-sea-dog\\\/\",\"url\":\"http:\\\/\\\/www.expeditionsolutions.ca\\\/product\\\/entree-deau-douce-sea-dog\\\/\",\"name\":\"Entr\u00e9e d'eau douce Sea Dog - Expedition Solutions\",\"isPartOf\":{\"@id\":\"http:\\\/\\\/www.expeditionsolutions.ca\\\/#website\"},\"primaryImageOfPage\":{\"@id\":\"http:\\\/\\\/www.expeditionsolutions.ca\\\/product\\\/entree-deau-douce-sea-dog\\\/#primaryimage\"},\"image\":{\"@id\":\"http:\\\/\\\/www.expeditionsolutions.ca\\\/product\\\/entree-deau-douce-sea-dog\\\/#primaryimage\"},\"thumbnailUrl\":\"https:\\\/\\\/i0.wp.com\\\/www.expeditionsolutions.ca\\\/wp-content\\\/uploads\\\/2025\\\/01\\\/Seadog-512110-Fresh-water-inlet.webp?fit=612%2C612&ssl=1\",\"datePublished\":\"2025-01-25T17:15:37+00:00\",\"dateModified\":\"2025-10-31T19:52:11+00:00\",\"description\":\"L'entr\u00e9e d'eau douce en laiton de Sea Dog est con\u00e7ue pour permettre le raccordement \u00e0 un syst\u00e8me d'eau sous pression. 1\\\/2\\\" FIPT x 3\\\/4\\\"-12 FGHT.\",\"breadcrumb\":{\"@id\":\"http:\\\/\\\/www.expeditionsolutions.ca\\\/product\\\/entree-deau-douce-sea-dog\\\/#breadcrumb\"},\"inLanguage\":\"en-CA\",\"potentialAction\":[{\"@type\":\"ReadAction\",\"target\":[\"http:\\\/\\\/www.expeditionsolutions.ca\\\/product\\\/entree-deau-douce-sea-dog\\\/\"]}]},{\"@type\":\"ImageObject\",\"inLanguage\":\"en-CA\",\"@id\":\"http:\\\/\\\/www.expeditionsolutions.ca\\\/product\\\/entree-deau-douce-sea-dog\\\/#primaryimage\",\"url\":\"https:\\\/\\\/i0.wp.com\\\/www.expeditionsolutions.ca\\\/wp-content\\\/uploads\\\/2025\\\/01\\\/Seadog-512110-Fresh-water-inlet.webp?fit=612%2C612&ssl=1\",\"contentUrl\":\"https:\\\/\\\/i0.wp.com\\\/www.expeditionsolutions.ca\\\/wp-content\\\/uploads\\\/2025\\\/01\\\/Seadog-512110-Fresh-water-inlet.webp?fit=612%2C612&ssl=1\",\"width\":612,\"height\":612},{\"@type\":\"BreadcrumbList\",\"@id\":\"http:\\\/\\\/www.expeditionsolutions.ca\\\/product\\\/entree-deau-douce-sea-dog\\\/#breadcrumb\",\"itemListElement\":[{\"@type\":\"ListItem\",\"position\":1,\"name\":\"Accueil\",\"item\":\"https:\\\/\\\/www.expeditionsolutions.ca\\\/\"},{\"@type\":\"ListItem\",\"position\":2,\"name\":\"Boutique\",\"item\":\"https:\\\/\\\/www.expeditionsolutions.ca\\\/shop\\\/\"},{\"@type\":\"ListItem\",\"position\":3,\"name\":\"Entr\u00e9e d&rsquo;eau douce Sea Dog\"}]},{\"@type\":\"WebSite\",\"@id\":\"http:\\\/\\\/www.expeditionsolutions.ca\\\/#website\",\"url\":\"http:\\\/\\\/www.expeditionsolutions.ca\\\/\",\"name\":\"Expedition Solutions\",\"description\":\"\",\"publisher\":{\"@id\":\"http:\\\/\\\/www.expeditionsolutions.ca\\\/#organization\"},\"potentialAction\":[{\"@type\":\"SearchAction\",\"target\":{\"@type\":\"EntryPoint\",\"urlTemplate\":\"http:\\\/\\\/www.expeditionsolutions.ca\\\/?s={search_term_string}\"},\"query-input\":{\"@type\":\"PropertyValueSpecification\",\"valueRequired\":true,\"valueName\":\"search_term_string\"}}],\"inLanguage\":\"en-CA\"},{\"@type\":\"Organization\",\"@id\":\"http:\\\/\\\/www.expeditionsolutions.ca\\\/#organization\",\"name\":\"Expedition Solutions\",\"url\":\"http:\\\/\\\/www.expeditionsolutions.ca\\\/\",\"logo\":{\"@type\":\"ImageObject\",\"inLanguage\":\"en-CA\",\"@id\":\"http:\\\/\\\/www.expeditionsolutions.ca\\\/#\\\/schema\\\/logo\\\/image\\\/\",\"url\":\"https:\\\/\\\/i0.wp.com\\\/www.expeditionsolutions.ca\\\/wp-content\\\/uploads\\\/2020\\\/09\\\/cropped-Logo-Expedition-Solutions-1.png?fit=249%2C86&ssl=1\",\"contentUrl\":\"https:\\\/\\\/i0.wp.com\\\/www.expeditionsolutions.ca\\\/wp-content\\\/uploads\\\/2020\\\/09\\\/cropped-Logo-Expedition-Solutions-1.png?fit=249%2C86&ssl=1\",\"width\":249,\"height\":86,\"caption\":\"Expedition Solutions\"},\"image\":{\"@id\":\"http:\\\/\\\/www.expeditionsolutions.ca\\\/#\\\/schema\\\/logo\\\/image\\\/\"}}]}<\/script>\n<!-- \/ Yoast SEO plugin. -->","yoast_head_json":{"title":"Entr\u00e9e d'eau douce Sea Dog - Expedition Solutions","description":"L'entr\u00e9e d'eau douce en laiton de Sea Dog est con\u00e7ue pour permettre le raccordement \u00e0 un syst\u00e8me d'eau sous pression. 1\/2\" FIPT x 3\/4\"-12 FGHT.","robots":{"index":"index","follow":"follow","max-snippet":"max-snippet:-1","max-image-preview":"max-image-preview:large","max-video-preview":"max-video-preview:-1"},"canonical":"http:\/\/www.expeditionsolutions.ca\/en\/product\/entree-deau-douce-sea-dog\/","og_locale":"en_US","og_type":"article","og_title":"Entr\u00e9e d'eau douce Sea Dog - Expedition Solutions","og_description":"L'entr\u00e9e d'eau douce en laiton de Sea Dog est con\u00e7ue pour permettre le raccordement \u00e0 un syst\u00e8me d'eau sous pression. 1\/2\" FIPT x 3\/4\"-12 FGHT.","og_url":"http:\/\/www.expeditionsolutions.ca\/en\/product\/entree-deau-douce-sea-dog\/","og_site_name":"Expedition Solutions","article_modified_time":"2025-10-31T19:52:11+00:00","og_image":[{"width":612,"height":612,"url":"https:\/\/i0.wp.com\/www.expeditionsolutions.ca\/wp-content\/uploads\/2025\/01\/Seadog-512110-Fresh-water-inlet.webp?fit=612%2C612","type":"image\/webp"}],"twitter_card":"summary_large_image","twitter_misc":{"Est. reading time":"1 minute"},"schema":{"@context":"https:\/\/schema.org","@graph":[{"@type":"WebPage","@id":"http:\/\/www.expeditionsolutions.ca\/product\/entree-deau-douce-sea-dog\/","url":"http:\/\/www.expeditionsolutions.ca\/product\/entree-deau-douce-sea-dog\/","name":"Entr\u00e9e d'eau douce Sea Dog - Expedition Solutions","isPartOf":{"@id":"http:\/\/www.expeditionsolutions.ca\/#website"},"primaryImageOfPage":{"@id":"http:\/\/www.expeditionsolutions.ca\/product\/entree-deau-douce-sea-dog\/#primaryimage"},"image":{"@id":"http:\/\/www.expeditionsolutions.ca\/product\/entree-deau-douce-sea-dog\/#primaryimage"},"thumbnailUrl":"https:\/\/i0.wp.com\/www.expeditionsolutions.ca\/wp-content\/uploads\/2025\/01\/Seadog-512110-Fresh-water-inlet.webp?fit=612%2C612&ssl=1","datePublished":"2025-01-25T17:15:37+00:00","dateModified":"2025-10-31T19:52:11+00:00","description":"L'entr\u00e9e d'eau douce en laiton de Sea Dog est con\u00e7ue pour permettre le raccordement \u00e0 un syst\u00e8me d'eau sous pression. 1\/2\" FIPT x 3\/4\"-12 FGHT.","breadcrumb":{"@id":"http:\/\/www.expeditionsolutions.ca\/product\/entree-deau-douce-sea-dog\/#breadcrumb"},"inLanguage":"en-CA","potentialAction":[{"@type":"ReadAction","target":["http:\/\/www.expeditionsolutions.ca\/product\/entree-deau-douce-sea-dog\/"]}]},{"@type":"ImageObject","inLanguage":"en-CA","@id":"http:\/\/www.expeditionsolutions.ca\/product\/entree-deau-douce-sea-dog\/#primaryimage","url":"https:\/\/i0.wp.com\/www.expeditionsolutions.ca\/wp-content\/uploads\/2025\/01\/Seadog-512110-Fresh-water-inlet.webp?fit=612%2C612&ssl=1","contentUrl":"https:\/\/i0.wp.com\/www.expeditionsolutions.ca\/wp-content\/uploads\/2025\/01\/Seadog-512110-Fresh-water-inlet.webp?fit=612%2C612&ssl=1","width":612,"height":612},{"@type":"BreadcrumbList","@id":"http:\/\/www.expeditionsolutions.ca\/product\/entree-deau-douce-sea-dog\/#breadcrumb","itemListElement":[{"@type":"ListItem","position":1,"name":"Accueil","item":"https:\/\/www.expeditionsolutions.ca\/"},{"@type":"ListItem","position":2,"name":"Boutique","item":"https:\/\/www.expeditionsolutions.ca\/shop\/"},{"@type":"ListItem","position":3,"name":"Entr\u00e9e d&rsquo;eau douce Sea Dog"}]},{"@type":"WebSite","@id":"http:\/\/www.expeditionsolutions.ca\/#website","url":"http:\/\/www.expeditionsolutions.ca\/","name":"Expedition Solutions","description":"","publisher":{"@id":"http:\/\/www.expeditionsolutions.ca\/#organization"},"potentialAction":[{"@type":"SearchAction","target":{"@type":"EntryPoint","urlTemplate":"http:\/\/www.expeditionsolutions.ca\/?s={search_term_string}"},"query-input":{"@type":"PropertyValueSpecification","valueRequired":true,"valueName":"search_term_string"}}],"inLanguage":"en-CA"},{"@type":"Organization","@id":"http:\/\/www.expeditionsolutions.ca\/#organization","name":"Expedition Solutions","url":"http:\/\/www.expeditionsolutions.ca\/","logo":{"@type":"ImageObject","inLanguage":"en-CA","@id":"http:\/\/www.expeditionsolutions.ca\/#\/schema\/logo\/image\/","url":"https:\/\/i0.wp.com\/www.expeditionsolutions.ca\/wp-content\/uploads\/2020\/09\/cropped-Logo-Expedition-Solutions-1.png?fit=249%2C86&ssl=1","contentUrl":"https:\/\/i0.wp.com\/www.expeditionsolutions.ca\/wp-content\/uploads\/2020\/09\/cropped-Logo-Expedition-Solutions-1.png?fit=249%2C86&ssl=1","width":249,"height":86,"caption":"Expedition Solutions"},"image":{"@id":"http:\/\/www.expeditionsolutions.ca\/#\/schema\/logo\/image\/"}}]}},"uagb_featured_image_src":{"full":["https:\/\/i0.wp.com\/www.expeditionsolutions.ca\/wp-content\/uploads\/2025\/01\/Seadog-512110-Fresh-water-inlet.webp?fit=612%2C612&ssl=1",612,612,false],"thumbnail":["https:\/\/i0.wp.com\/www.expeditionsolutions.ca\/wp-content\/uploads\/2025\/01\/Seadog-512110-Fresh-water-inlet.webp?resize=150%2C150&ssl=1",150,150,true],"medium":["https:\/\/i0.wp.com\/www.expeditionsolutions.ca\/wp-content\/uploads\/2025\/01\/Seadog-512110-Fresh-water-inlet.webp?fit=300%2C300&ssl=1",300,300,true],"medium_large":["https:\/\/i0.wp.com\/www.expeditionsolutions.ca\/wp-content\/uploads\/2025\/01\/Seadog-512110-Fresh-water-inlet.webp?fit=612%2C612&ssl=1",612,612,true],"large":["https:\/\/i0.wp.com\/www.expeditionsolutions.ca\/wp-content\/uploads\/2025\/01\/Seadog-512110-Fresh-water-inlet.webp?fit=612%2C612&ssl=1",612,612,true],"1536x1536":["https:\/\/i0.wp.com\/www.expeditionsolutions.ca\/wp-content\/uploads\/2025\/01\/Seadog-512110-Fresh-water-inlet.webp?fit=612%2C612&ssl=1",612,612,true],"2048x2048":["https:\/\/i0.wp.com\/www.expeditionsolutions.ca\/wp-content\/uploads\/2025\/01\/Seadog-512110-Fresh-water-inlet.webp?fit=612%2C612&ssl=1",612,612,true],"trp-custom-language-flag":["https:\/\/i0.wp.com\/www.expeditionsolutions.ca\/wp-content\/uploads\/2025\/01\/Seadog-512110-Fresh-water-inlet.webp?fit=12%2C12&ssl=1",12,12,true],"neve-blog":["https:\/\/i0.wp.com\/www.expeditionsolutions.ca\/wp-content\/uploads\/2025\/01\/Seadog-512110-Fresh-water-inlet.webp?resize=612%2C612&ssl=1",612,612,true],"woocommerce_thumbnail":["https:\/\/i0.wp.com\/www.expeditionsolutions.ca\/wp-content\/uploads\/2025\/01\/Seadog-512110-Fresh-water-inlet.webp?resize=300%2C300&ssl=1",300,300,true],"woocommerce_single":["https:\/\/i0.wp.com\/www.expeditionsolutions.ca\/wp-content\/uploads\/2025\/01\/Seadog-512110-Fresh-water-inlet.webp?fit=600%2C600&ssl=1",600,600,true],"woocommerce_gallery_thumbnail":["https:\/\/i0.wp.com\/www.expeditionsolutions.ca\/wp-content\/uploads\/2025\/01\/Seadog-512110-Fresh-water-inlet.webp?resize=100%2C100&ssl=1",100,100,true]},"uagb_author_info":{"display_name":"admin","author_link":"http:\/\/www.expeditionsolutions.ca\/en\/author\/"},"uagb_comment_info":0,"uagb_excerpt":"L&rsquo;entr\u00e9e d&rsquo;eau douce de Sea Dog est con\u00e7ue pour permettre le raccordement \u00e0 un syst\u00e8me d&rsquo;eau sous pression.\u00a0 Livr\u00e9 avec un bouchon \u00e9tanche en plastique noir \u00e0 utiliser lorsqu&rsquo;il n&rsquo;est pas connect\u00e9 \u00e0 l&rsquo;eau. Entr\u00e9e d&rsquo;eau douce Raccord de tuyau pivotant femelle standard. Taille du tuyau : 1\/2&Prime; FIPT x 3\/4&Prime;-12 FGHT. Fabriqu\u00e9 en laiton&hellip;&nbsp;Read&hellip;","jetpack_sharing_enabled":true,"_links":{"self":[{"href":"http:\/\/www.expeditionsolutions.ca\/en\/wp-json\/wp\/v2\/product\/1171","targetHints":{"allow":["GET"]}}],"collection":[{"href":"http:\/\/www.expeditionsolutions.ca\/en\/wp-json\/wp\/v2\/product"}],"about":[{"href":"http:\/\/www.expeditionsolutions.ca\/en\/wp-json\/wp\/v2\/types\/product"}],"wp:featuredmedia":[{"embeddable":true,"href":"http:\/\/www.expeditionsolutions.ca\/en\/wp-json\/wp\/v2\/media\/1173"}],"wp:attachment":[{"href":"http:\/\/www.expeditionsolutions.ca\/en\/wp-json\/wp\/v2\/media?parent=1171"}],"wp:term":[{"taxonomy":"product_brand","embeddable":true,"href":"http:\/\/www.expeditionsolutions.ca\/en\/wp-json\/wp\/v2\/product_brand?post=1171"},{"taxonomy":"product_cat","embeddable":true,"href":"http:\/\/www.expeditionsolutions.ca\/en\/wp-json\/wp\/v2\/product_cat?post=1171"},{"taxonomy":"product_tag","embeddable":true,"href":"http:\/\/www.expeditionsolutions.ca\/en\/wp-json\/wp\/v2\/product_tag?post=1171"}],"curies":[{"name":"wp","href":"https:\/\/api.w.org\/{rel}","templated":true}]}}