{"id":1359,"date":"2025-11-06T20:22:57","date_gmt":"2025-11-06T20:22:57","guid":{"rendered":"https:\/\/www.expeditionsolutions.ca\/?post_type=product&#038;p=1359"},"modified":"2026-04-23T13:16:10","modified_gmt":"2026-04-23T13:16:10","slug":"ford-transit-auxiliary-fuel-port-connector","status":"publish","type":"product","link":"http:\/\/www.expeditionsolutions.ca\/en\/product\/ford-transit-auxiliary-fuel-port-connector\/","title":{"rendered":"Connecteur de port de carburant auxiliaire Ford Transit"},"content":{"rendered":"<p>Connecteur de port de carburant auxiliaire (\u00e0 verrouillage par pression\/Push Lock) Ford #<strong>CK4Z-9B210-A<\/strong><\/p>\n<p>Utilisez ce connecteur pour connecter votre syst\u00e8me de chauffage au port de carburant auxiliaire du r\u00e9servoir d&rsquo;essence <strong>Ford Transit.<\/strong><\/p>\n<ul>\n<li><strong>Ford pi\u00e8ce #CK4Z-9B210-A<\/strong><\/li>\n<li><strong>Type de pi\u00e8ce :<\/strong> Connecteur de port de carburant auxiliaire<\/li>\n<li><strong>Type de carburant :<\/strong> Essence<\/li>\n<li><strong>Style:<\/strong> Raccord \u00e0 verrouillage par pression (Pusk Lock) \u00e0 raccord de tuyau cannel\u00e9<\/li>\n<li><strong>Con\u00e7u pour le Ford Transit \u00e0 essence.<\/strong><\/li>\n<li><strong>Compatible<\/strong> avec les ensembles de chauffage Webasto, General Component et Espar<\/li>\n<li><strong>Installation facile :<\/strong> se clip dans le port de carburant auxiliaire d&rsquo;origine inutilis\u00e9<\/li>\n<li>\u00c0 utiliser avec le <a href=\"https:\/\/www.expeditionsolutions.ca\/en\/product\/webasto-fuel-hose-connector\/\" target=\"_blank\" rel=\"noopener\">Connecteur de tuyau de carburant 90\u00b0 \/ 4.5-7.5 mm<\/a><\/li>\n<\/ul>","protected":false},"excerpt":{"rendered":"<p>Connecteur de port de carburant auxiliaire (\u00e0 verrouillage par pression\/Push Lock) Ford #CK4Z-9B210-A Utilisez ce connecteur pour connecter votre syst\u00e8me de chauffage au port de carburant auxiliaire du r\u00e9servoir d&rsquo;essence Ford Transit. Ford pi\u00e8ce #CK4Z-9B210-A Type de pi\u00e8ce : Connecteur de port de carburant auxiliaire Type de carburant : Essence Style: Raccord \u00e0 verrouillage par&hellip;&nbsp;<a href=\"http:\/\/www.expeditionsolutions.ca\/en\/product\/ford-transit-auxiliary-fuel-port-connector\/\" rel=\"bookmark\">Read More &raquo;<span class=\"screen-reader-text\">Connecteur de port de carburant auxiliaire Ford Transit<\/span><\/a><\/p>","protected":false},"featured_media":1357,"template":"","meta":{"_uag_custom_page_level_css":"","neve_meta_sidebar":"","neve_meta_container":"","neve_meta_enable_content_width":"off","neve_meta_content_width":100,"neve_meta_title_alignment":"","neve_meta_author_avatar":"","neve_post_elements_order":"","neve_meta_disable_header":"","neve_meta_disable_footer":"","neve_meta_disable_title":""},"product_brand":[84,83],"product_cat":[17,105,15,72],"product_tag":[],"class_list":{"0":"post-1359","1":"product","2":"type-product","3":"status-publish","4":"has-post-thumbnail","6":"product_brand-general-components","7":"product_brand-webasto","8":"product_cat-chauffage","9":"product_cat-general-component","10":"product_cat-new-products","11":"product_cat-webasto","12":"product_shipping_class-petits-colis-webasto","14":"first","15":"instock","16":"taxable","17":"shipping-taxable","18":"purchasable","19":"product-type-simple"},"yoast_head":"<!-- This site is optimized with the Yoast SEO plugin v27.5 - https:\/\/yoast.com\/product\/yoast-seo-wordpress\/ -->\n<title>Connecteur de port de carburant auxiliaire Ford Transit - Expedition Solutions<\/title>\n<meta name=\"description\" content=\"Utilisez le connecteur Webasto Fuel Line Push Lock Connector Promaster-Sprinter 5012589A pour connecter votre syst\u00e8me de chauffage au syst\u00e8me d&#039;alimentation d&#039;origine du Ram ProMaster et Mercedes Sprinter.\" \/>\n<meta name=\"robots\" content=\"index, follow, max-snippet:-1, max-image-preview:large, max-video-preview:-1\" \/>\n<link rel=\"canonical\" href=\"https:\/\/www.expeditionsolutions.ca\/en\/product\/ford-transit-auxiliary-fuel-port-connector\/\" \/>\n<meta property=\"og:locale\" content=\"en_US\" \/>\n<meta property=\"og:type\" content=\"article\" \/>\n<meta property=\"og:title\" content=\"Connecteur de port de carburant auxiliaire Ford Transit - Expedition Solutions\" \/>\n<meta property=\"og:description\" content=\"Utilisez le connecteur Webasto Fuel Line Push Lock Connector Promaster-Sprinter 5012589A pour connecter votre syst\u00e8me de chauffage au syst\u00e8me d&#039;alimentation d&#039;origine du Ram ProMaster et Mercedes Sprinter.\" \/>\n<meta property=\"og:url\" content=\"https:\/\/www.expeditionsolutions.ca\/en\/product\/ford-transit-auxiliary-fuel-port-connector\/\" \/>\n<meta property=\"og:site_name\" content=\"Expedition Solutions\" \/>\n<meta property=\"article:modified_time\" content=\"2026-04-23T13:16:10+00:00\" \/>\n<meta property=\"og:image\" content=\"https:\/\/www.expeditionsolutions.ca\/wp-content\/uploads\/2025\/11\/Ford_CK4Z-9B210-A.jpg\" \/>\n\t<meta property=\"og:image:width\" content=\"801\" \/>\n\t<meta property=\"og:image:height\" content=\"801\" \/>\n\t<meta property=\"og:image:type\" content=\"image\/jpeg\" \/>\n<meta name=\"twitter:card\" content=\"summary_large_image\" \/>\n<meta name=\"twitter:label1\" content=\"Est. reading time\" \/>\n\t<meta name=\"twitter:data1\" content=\"1 minute\" \/>\n<script type=\"application\/ld+json\" class=\"yoast-schema-graph\">{\"@context\":\"https:\\\/\\\/schema.org\",\"@graph\":[{\"@type\":\"WebPage\",\"@id\":\"https:\\\/\\\/www.expeditionsolutions.ca\\\/product\\\/ford-transit-auxiliary-fuel-port-connector\\\/\",\"url\":\"https:\\\/\\\/www.expeditionsolutions.ca\\\/product\\\/ford-transit-auxiliary-fuel-port-connector\\\/\",\"name\":\"Connecteur de port de carburant auxiliaire Ford Transit - Expedition Solutions\",\"isPartOf\":{\"@id\":\"http:\\\/\\\/www.expeditionsolutions.ca\\\/#website\"},\"primaryImageOfPage\":{\"@id\":\"https:\\\/\\\/www.expeditionsolutions.ca\\\/product\\\/ford-transit-auxiliary-fuel-port-connector\\\/#primaryimage\"},\"image\":{\"@id\":\"https:\\\/\\\/www.expeditionsolutions.ca\\\/product\\\/ford-transit-auxiliary-fuel-port-connector\\\/#primaryimage\"},\"thumbnailUrl\":\"https:\\\/\\\/i0.wp.com\\\/www.expeditionsolutions.ca\\\/wp-content\\\/uploads\\\/2025\\\/11\\\/Ford_CK4Z-9B210-A.jpg?fit=801%2C801&ssl=1\",\"datePublished\":\"2025-11-06T20:22:57+00:00\",\"dateModified\":\"2026-04-23T13:16:10+00:00\",\"description\":\"Utilisez le connecteur Webasto Fuel Line Push Lock Connector Promaster-Sprinter 5012589A pour connecter votre syst\u00e8me de chauffage au syst\u00e8me d'alimentation d'origine du Ram ProMaster et Mercedes Sprinter.\",\"breadcrumb\":{\"@id\":\"https:\\\/\\\/www.expeditionsolutions.ca\\\/product\\\/ford-transit-auxiliary-fuel-port-connector\\\/#breadcrumb\"},\"inLanguage\":\"en-CA\",\"potentialAction\":[{\"@type\":\"ReadAction\",\"target\":[\"https:\\\/\\\/www.expeditionsolutions.ca\\\/product\\\/ford-transit-auxiliary-fuel-port-connector\\\/\"]}]},{\"@type\":\"ImageObject\",\"inLanguage\":\"en-CA\",\"@id\":\"https:\\\/\\\/www.expeditionsolutions.ca\\\/product\\\/ford-transit-auxiliary-fuel-port-connector\\\/#primaryimage\",\"url\":\"https:\\\/\\\/i0.wp.com\\\/www.expeditionsolutions.ca\\\/wp-content\\\/uploads\\\/2025\\\/11\\\/Ford_CK4Z-9B210-A.jpg?fit=801%2C801&ssl=1\",\"contentUrl\":\"https:\\\/\\\/i0.wp.com\\\/www.expeditionsolutions.ca\\\/wp-content\\\/uploads\\\/2025\\\/11\\\/Ford_CK4Z-9B210-A.jpg?fit=801%2C801&ssl=1\",\"width\":801,\"height\":801},{\"@type\":\"BreadcrumbList\",\"@id\":\"https:\\\/\\\/www.expeditionsolutions.ca\\\/product\\\/ford-transit-auxiliary-fuel-port-connector\\\/#breadcrumb\",\"itemListElement\":[{\"@type\":\"ListItem\",\"position\":1,\"name\":\"Accueil\",\"item\":\"https:\\\/\\\/www.expeditionsolutions.ca\\\/\"},{\"@type\":\"ListItem\",\"position\":2,\"name\":\"Boutique\",\"item\":\"https:\\\/\\\/www.expeditionsolutions.ca\\\/shop\\\/\"},{\"@type\":\"ListItem\",\"position\":3,\"name\":\"Connecteur de port de carburant auxiliaire Ford Transit\"}]},{\"@type\":\"WebSite\",\"@id\":\"http:\\\/\\\/www.expeditionsolutions.ca\\\/#website\",\"url\":\"http:\\\/\\\/www.expeditionsolutions.ca\\\/\",\"name\":\"Expedition Solutions\",\"description\":\"\",\"publisher\":{\"@id\":\"http:\\\/\\\/www.expeditionsolutions.ca\\\/#organization\"},\"potentialAction\":[{\"@type\":\"SearchAction\",\"target\":{\"@type\":\"EntryPoint\",\"urlTemplate\":\"http:\\\/\\\/www.expeditionsolutions.ca\\\/?s={search_term_string}\"},\"query-input\":{\"@type\":\"PropertyValueSpecification\",\"valueRequired\":true,\"valueName\":\"search_term_string\"}}],\"inLanguage\":\"en-CA\"},{\"@type\":\"Organization\",\"@id\":\"http:\\\/\\\/www.expeditionsolutions.ca\\\/#organization\",\"name\":\"Expedition Solutions\",\"url\":\"http:\\\/\\\/www.expeditionsolutions.ca\\\/\",\"logo\":{\"@type\":\"ImageObject\",\"inLanguage\":\"en-CA\",\"@id\":\"http:\\\/\\\/www.expeditionsolutions.ca\\\/#\\\/schema\\\/logo\\\/image\\\/\",\"url\":\"https:\\\/\\\/i0.wp.com\\\/www.expeditionsolutions.ca\\\/wp-content\\\/uploads\\\/2020\\\/09\\\/cropped-Logo-Expedition-Solutions-1.png?fit=249%2C86&ssl=1\",\"contentUrl\":\"https:\\\/\\\/i0.wp.com\\\/www.expeditionsolutions.ca\\\/wp-content\\\/uploads\\\/2020\\\/09\\\/cropped-Logo-Expedition-Solutions-1.png?fit=249%2C86&ssl=1\",\"width\":249,\"height\":86,\"caption\":\"Expedition Solutions\"},\"image\":{\"@id\":\"http:\\\/\\\/www.expeditionsolutions.ca\\\/#\\\/schema\\\/logo\\\/image\\\/\"}}]}<\/script>\n<!-- \/ Yoast SEO plugin. -->","yoast_head_json":{"title":"Connecteur de port de carburant auxiliaire Ford Transit - Expedition Solutions","description":"Utilisez le connecteur Webasto Fuel Line Push Lock Connector Promaster-Sprinter 5012589A pour connecter votre syst\u00e8me de chauffage au syst\u00e8me d'alimentation d'origine du Ram ProMaster et Mercedes Sprinter.","robots":{"index":"index","follow":"follow","max-snippet":"max-snippet:-1","max-image-preview":"max-image-preview:large","max-video-preview":"max-video-preview:-1"},"canonical":"https:\/\/www.expeditionsolutions.ca\/en\/product\/ford-transit-auxiliary-fuel-port-connector\/","og_locale":"en_US","og_type":"article","og_title":"Connecteur de port de carburant auxiliaire Ford Transit - Expedition Solutions","og_description":"Utilisez le connecteur Webasto Fuel Line Push Lock Connector Promaster-Sprinter 5012589A pour connecter votre syst\u00e8me de chauffage au syst\u00e8me d'alimentation d'origine du Ram ProMaster et Mercedes Sprinter.","og_url":"https:\/\/www.expeditionsolutions.ca\/en\/product\/ford-transit-auxiliary-fuel-port-connector\/","og_site_name":"Expedition Solutions","article_modified_time":"2026-04-23T13:16:10+00:00","og_image":[{"width":801,"height":801,"url":"https:\/\/www.expeditionsolutions.ca\/wp-content\/uploads\/2025\/11\/Ford_CK4Z-9B210-A.jpg","type":"image\/jpeg"}],"twitter_card":"summary_large_image","twitter_misc":{"Est. reading time":"1 minute"},"schema":{"@context":"https:\/\/schema.org","@graph":[{"@type":"WebPage","@id":"https:\/\/www.expeditionsolutions.ca\/product\/ford-transit-auxiliary-fuel-port-connector\/","url":"https:\/\/www.expeditionsolutions.ca\/product\/ford-transit-auxiliary-fuel-port-connector\/","name":"Connecteur de port de carburant auxiliaire Ford Transit - Expedition Solutions","isPartOf":{"@id":"http:\/\/www.expeditionsolutions.ca\/#website"},"primaryImageOfPage":{"@id":"https:\/\/www.expeditionsolutions.ca\/product\/ford-transit-auxiliary-fuel-port-connector\/#primaryimage"},"image":{"@id":"https:\/\/www.expeditionsolutions.ca\/product\/ford-transit-auxiliary-fuel-port-connector\/#primaryimage"},"thumbnailUrl":"https:\/\/i0.wp.com\/www.expeditionsolutions.ca\/wp-content\/uploads\/2025\/11\/Ford_CK4Z-9B210-A.jpg?fit=801%2C801&ssl=1","datePublished":"2025-11-06T20:22:57+00:00","dateModified":"2026-04-23T13:16:10+00:00","description":"Utilisez le connecteur Webasto Fuel Line Push Lock Connector Promaster-Sprinter 5012589A pour connecter votre syst\u00e8me de chauffage au syst\u00e8me d'alimentation d'origine du Ram ProMaster et Mercedes Sprinter.","breadcrumb":{"@id":"https:\/\/www.expeditionsolutions.ca\/product\/ford-transit-auxiliary-fuel-port-connector\/#breadcrumb"},"inLanguage":"en-CA","potentialAction":[{"@type":"ReadAction","target":["https:\/\/www.expeditionsolutions.ca\/product\/ford-transit-auxiliary-fuel-port-connector\/"]}]},{"@type":"ImageObject","inLanguage":"en-CA","@id":"https:\/\/www.expeditionsolutions.ca\/product\/ford-transit-auxiliary-fuel-port-connector\/#primaryimage","url":"https:\/\/i0.wp.com\/www.expeditionsolutions.ca\/wp-content\/uploads\/2025\/11\/Ford_CK4Z-9B210-A.jpg?fit=801%2C801&ssl=1","contentUrl":"https:\/\/i0.wp.com\/www.expeditionsolutions.ca\/wp-content\/uploads\/2025\/11\/Ford_CK4Z-9B210-A.jpg?fit=801%2C801&ssl=1","width":801,"height":801},{"@type":"BreadcrumbList","@id":"https:\/\/www.expeditionsolutions.ca\/product\/ford-transit-auxiliary-fuel-port-connector\/#breadcrumb","itemListElement":[{"@type":"ListItem","position":1,"name":"Accueil","item":"https:\/\/www.expeditionsolutions.ca\/"},{"@type":"ListItem","position":2,"name":"Boutique","item":"https:\/\/www.expeditionsolutions.ca\/shop\/"},{"@type":"ListItem","position":3,"name":"Connecteur de port de carburant auxiliaire Ford Transit"}]},{"@type":"WebSite","@id":"http:\/\/www.expeditionsolutions.ca\/#website","url":"http:\/\/www.expeditionsolutions.ca\/","name":"Expedition Solutions","description":"","publisher":{"@id":"http:\/\/www.expeditionsolutions.ca\/#organization"},"potentialAction":[{"@type":"SearchAction","target":{"@type":"EntryPoint","urlTemplate":"http:\/\/www.expeditionsolutions.ca\/?s={search_term_string}"},"query-input":{"@type":"PropertyValueSpecification","valueRequired":true,"valueName":"search_term_string"}}],"inLanguage":"en-CA"},{"@type":"Organization","@id":"http:\/\/www.expeditionsolutions.ca\/#organization","name":"Expedition Solutions","url":"http:\/\/www.expeditionsolutions.ca\/","logo":{"@type":"ImageObject","inLanguage":"en-CA","@id":"http:\/\/www.expeditionsolutions.ca\/#\/schema\/logo\/image\/","url":"https:\/\/i0.wp.com\/www.expeditionsolutions.ca\/wp-content\/uploads\/2020\/09\/cropped-Logo-Expedition-Solutions-1.png?fit=249%2C86&ssl=1","contentUrl":"https:\/\/i0.wp.com\/www.expeditionsolutions.ca\/wp-content\/uploads\/2020\/09\/cropped-Logo-Expedition-Solutions-1.png?fit=249%2C86&ssl=1","width":249,"height":86,"caption":"Expedition Solutions"},"image":{"@id":"http:\/\/www.expeditionsolutions.ca\/#\/schema\/logo\/image\/"}}]}},"uagb_featured_image_src":{"full":["https:\/\/i0.wp.com\/www.expeditionsolutions.ca\/wp-content\/uploads\/2025\/11\/Ford_CK4Z-9B210-A.jpg?fit=801%2C801&ssl=1",801,801,false],"thumbnail":["https:\/\/i0.wp.com\/www.expeditionsolutions.ca\/wp-content\/uploads\/2025\/11\/Ford_CK4Z-9B210-A.jpg?resize=150%2C150&ssl=1",150,150,true],"medium":["https:\/\/i0.wp.com\/www.expeditionsolutions.ca\/wp-content\/uploads\/2025\/11\/Ford_CK4Z-9B210-A.jpg?fit=300%2C300&ssl=1",300,300,true],"medium_large":["https:\/\/i0.wp.com\/www.expeditionsolutions.ca\/wp-content\/uploads\/2025\/11\/Ford_CK4Z-9B210-A.jpg?fit=768%2C768&ssl=1",768,768,true],"large":["https:\/\/i0.wp.com\/www.expeditionsolutions.ca\/wp-content\/uploads\/2025\/11\/Ford_CK4Z-9B210-A.jpg?fit=801%2C801&ssl=1",801,801,true],"1536x1536":["https:\/\/i0.wp.com\/www.expeditionsolutions.ca\/wp-content\/uploads\/2025\/11\/Ford_CK4Z-9B210-A.jpg?fit=801%2C801&ssl=1",801,801,true],"2048x2048":["https:\/\/i0.wp.com\/www.expeditionsolutions.ca\/wp-content\/uploads\/2025\/11\/Ford_CK4Z-9B210-A.jpg?fit=801%2C801&ssl=1",801,801,true],"trp-custom-language-flag":["https:\/\/i0.wp.com\/www.expeditionsolutions.ca\/wp-content\/uploads\/2025\/11\/Ford_CK4Z-9B210-A.jpg?fit=12%2C12&ssl=1",12,12,true],"neve-blog":["https:\/\/i0.wp.com\/www.expeditionsolutions.ca\/wp-content\/uploads\/2025\/11\/Ford_CK4Z-9B210-A.jpg?resize=801%2C620&ssl=1",801,620,true],"woocommerce_thumbnail":["https:\/\/i0.wp.com\/www.expeditionsolutions.ca\/wp-content\/uploads\/2025\/11\/Ford_CK4Z-9B210-A.jpg?resize=300%2C300&ssl=1",300,300,true],"woocommerce_single":["https:\/\/i0.wp.com\/www.expeditionsolutions.ca\/wp-content\/uploads\/2025\/11\/Ford_CK4Z-9B210-A.jpg?fit=600%2C600&ssl=1",600,600,true],"woocommerce_gallery_thumbnail":["https:\/\/i0.wp.com\/www.expeditionsolutions.ca\/wp-content\/uploads\/2025\/11\/Ford_CK4Z-9B210-A.jpg?resize=100%2C100&ssl=1",100,100,true]},"uagb_author_info":{"display_name":"admin","author_link":"http:\/\/www.expeditionsolutions.ca\/en\/author\/"},"uagb_comment_info":0,"uagb_excerpt":"Connecteur de port de carburant auxiliaire (\u00e0 verrouillage par pression\/Push Lock) Ford #CK4Z-9B210-A Utilisez ce connecteur pour connecter votre syst\u00e8me de chauffage au port de carburant auxiliaire du r\u00e9servoir d&rsquo;essence Ford Transit. Ford pi\u00e8ce #CK4Z-9B210-A Type de pi\u00e8ce : Connecteur de port de carburant auxiliaire Type de carburant : Essence Style: Raccord \u00e0 verrouillage par&hellip;&nbsp;Read&hellip;","jetpack_sharing_enabled":true,"_links":{"self":[{"href":"http:\/\/www.expeditionsolutions.ca\/en\/wp-json\/wp\/v2\/product\/1359","targetHints":{"allow":["GET"]}}],"collection":[{"href":"http:\/\/www.expeditionsolutions.ca\/en\/wp-json\/wp\/v2\/product"}],"about":[{"href":"http:\/\/www.expeditionsolutions.ca\/en\/wp-json\/wp\/v2\/types\/product"}],"wp:featuredmedia":[{"embeddable":true,"href":"http:\/\/www.expeditionsolutions.ca\/en\/wp-json\/wp\/v2\/media\/1357"}],"wp:attachment":[{"href":"http:\/\/www.expeditionsolutions.ca\/en\/wp-json\/wp\/v2\/media?parent=1359"}],"wp:term":[{"taxonomy":"product_brand","embeddable":true,"href":"http:\/\/www.expeditionsolutions.ca\/en\/wp-json\/wp\/v2\/product_brand?post=1359"},{"taxonomy":"product_cat","embeddable":true,"href":"http:\/\/www.expeditionsolutions.ca\/en\/wp-json\/wp\/v2\/product_cat?post=1359"},{"taxonomy":"product_tag","embeddable":true,"href":"http:\/\/www.expeditionsolutions.ca\/en\/wp-json\/wp\/v2\/product_tag?post=1359"}],"curies":[{"name":"wp","href":"https:\/\/api.w.org\/{rel}","templated":true}]}}