{"id":499,"date":"2021-03-17T18:44:54","date_gmt":"2021-03-17T18:44:54","guid":{"rendered":"http:\/\/www.expeditionsolutions.ca\/?post_type=product&#038;p=499"},"modified":"2025-10-31T20:18:14","modified_gmt":"2025-10-31T20:18:14","slug":"webasto-silencieux-dechappement-22-mm","status":"publish","type":"product","link":"http:\/\/www.expeditionsolutions.ca\/en\/product\/webasto-silencieux-dechappement-22-mm\/","title":{"rendered":"Webasto Exhaust Silencer \/ Muffler 22mm"},"content":{"rendered":"<h3>Stainless Steel Webasto Exhaust Silencer<\/h3>\n<p>Complete your heating package with a stainless steel muffler.<\/p>\n<ul>\n<li>Suitable for 22mm exhaust pipes (interior dimension).<\/li>\n<li>Compatible with Webasto and General Component heating systems.<\/li>\n<\/ul>\n<p><strong>Webasto part number:<\/strong><\/p>\n<ul>\n<li class=\"p1\">86450C<\/li>\n<li>86450B<\/li>\n<\/ul>\n<p>&nbsp;<\/p>\n<hr \/>","protected":false},"excerpt":{"rendered":"<p>Stainless Steel<\/p>\n<p>Model # 1320895A<\/p>\n<p>&nbsp;<\/p>\n<p><img loading=\"lazy\" decoding=\"async\" class=\"alignnone size-medium wp-image-483\" src=\"http:\/\/www.expeditionsolutions.ca\/wp-content\/uploads\/2020\/09\/webasto-logo-300x64.png\" alt=\"\" width=\"300\" height=\"64\" srcset=\"https:\/\/i0.wp.com\/www.expeditionsolutions.ca\/wp-content\/uploads\/2020\/09\/webasto-logo.png?resize=300%2C64&amp;ssl=1 300w, https:\/\/i0.wp.com\/www.expeditionsolutions.ca\/wp-content\/uploads\/2020\/09\/webasto-logo.png?resize=1024%2C219&amp;ssl=1 1024w, https:\/\/i0.wp.com\/www.expeditionsolutions.ca\/wp-content\/uploads\/2020\/09\/webasto-logo.png?resize=768%2C164&amp;ssl=1 768w, https:\/\/i0.wp.com\/www.expeditionsolutions.ca\/wp-content\/uploads\/2020\/09\/webasto-logo.png?resize=1536%2C328&amp;ssl=1 1536w, https:\/\/i0.wp.com\/www.expeditionsolutions.ca\/wp-content\/uploads\/2020\/09\/webasto-logo.png?resize=2048%2C437&amp;ssl=1 2048w, https:\/\/i0.wp.com\/www.expeditionsolutions.ca\/wp-content\/uploads\/2020\/09\/webasto-logo.png?resize=16%2C3&amp;ssl=1 16w, https:\/\/i0.wp.com\/www.expeditionsolutions.ca\/wp-content\/uploads\/2020\/09\/webasto-logo.png?resize=600%2C128&amp;ssl=1 600w, https:\/\/i0.wp.com\/www.expeditionsolutions.ca\/wp-content\/uploads\/2020\/09\/webasto-logo.png?w=2400&amp;ssl=1 2400w, https:\/\/i0.wp.com\/www.expeditionsolutions.ca\/wp-content\/uploads\/2020\/09\/webasto-logo.png?w=3600&amp;ssl=1 3600w\" sizes=\"auto, (max-width: 300px) 100vw, 300px\" \/><\/p>","protected":false},"featured_media":506,"template":"","meta":{"_uag_custom_page_level_css":"","neve_meta_sidebar":"","neve_meta_container":"","neve_meta_enable_content_width":"off","neve_meta_content_width":100,"neve_meta_title_alignment":"","neve_meta_author_avatar":"","neve_post_elements_order":"","neve_meta_disable_header":"","neve_meta_disable_footer":"","neve_meta_disable_title":""},"product_brand":[83],"product_cat":[17,72],"product_tag":[31,34,32,29,26],"class_list":{"0":"post-499","1":"product","2":"type-product","3":"status-publish","4":"has-post-thumbnail","6":"product_brand-webasto","7":"product_cat-chauffage","8":"product_cat-webasto","9":"product_tag-bison","10":"product_tag-diesel","11":"product_tag-general-components","12":"product_tag-heater","13":"product_tag-webasto","14":"product_shipping_class-petits-colis","16":"first","17":"instock","18":"taxable","19":"shipping-taxable","20":"purchasable","21":"product-type-simple"},"yoast_head":"<!-- This site is optimized with the Yoast SEO plugin v27.3 - https:\/\/yoast.com\/product\/yoast-seo-wordpress\/ -->\n<title>Webasto Silencieux d&#039;\u00e9chappement 22mm - Expedition Solutions<\/title>\n<meta name=\"description\" content=\"Compl\u00e9ter votre ensemble de chauffage avec un silencieux en acier inoxydable. Convient aux tuyaux d&#039;\u00e9chappement de 22 mm (int\u00e9rieur).\" \/>\n<meta name=\"robots\" content=\"index, follow, max-snippet:-1, max-image-preview:large, max-video-preview:-1\" \/>\n<link rel=\"canonical\" href=\"http:\/\/www.expeditionsolutions.ca\/en\/product\/webasto-silencieux-dechappement-22-mm\/\" \/>\n<meta property=\"og:locale\" content=\"en_US\" \/>\n<meta property=\"og:type\" content=\"article\" \/>\n<meta property=\"og:title\" content=\"Webasto Silencieux d&#039;\u00e9chappement 22mm - Expedition Solutions\" \/>\n<meta property=\"og:description\" content=\"Compl\u00e9ter votre ensemble de chauffage avec un silencieux en acier inoxydable. Convient aux tuyaux d&#039;\u00e9chappement de 22 mm (int\u00e9rieur).\" \/>\n<meta property=\"og:url\" content=\"http:\/\/www.expeditionsolutions.ca\/en\/product\/webasto-silencieux-dechappement-22-mm\/\" \/>\n<meta property=\"og:site_name\" content=\"Expedition Solutions\" \/>\n<meta property=\"article:modified_time\" content=\"2025-10-31T20:18:14+00:00\" \/>\n<meta property=\"og:image\" content=\"https:\/\/i0.wp.com\/www.expeditionsolutions.ca\/wp-content\/uploads\/2021\/03\/muffler-webasto-1320895A-800x800-1.jpg?fit=800%2C800\" \/>\n\t<meta property=\"og:image:width\" content=\"800\" \/>\n\t<meta property=\"og:image:height\" content=\"800\" \/>\n\t<meta property=\"og:image:type\" content=\"image\/jpeg\" \/>\n<meta name=\"twitter:card\" content=\"summary_large_image\" \/>\n<meta name=\"twitter:label1\" content=\"Est. reading time\" \/>\n\t<meta name=\"twitter:data1\" content=\"1 minute\" \/>\n<script type=\"application\/ld+json\" class=\"yoast-schema-graph\">{\"@context\":\"https:\\\/\\\/schema.org\",\"@graph\":[{\"@type\":\"WebPage\",\"@id\":\"http:\\\/\\\/www.expeditionsolutions.ca\\\/product\\\/webasto-silencieux-dechappement-22-mm\\\/\",\"url\":\"http:\\\/\\\/www.expeditionsolutions.ca\\\/product\\\/webasto-silencieux-dechappement-22-mm\\\/\",\"name\":\"Webasto Silencieux d'\u00e9chappement 22mm - Expedition Solutions\",\"isPartOf\":{\"@id\":\"http:\\\/\\\/www.expeditionsolutions.ca\\\/#website\"},\"primaryImageOfPage\":{\"@id\":\"http:\\\/\\\/www.expeditionsolutions.ca\\\/product\\\/webasto-silencieux-dechappement-22-mm\\\/#primaryimage\"},\"image\":{\"@id\":\"http:\\\/\\\/www.expeditionsolutions.ca\\\/product\\\/webasto-silencieux-dechappement-22-mm\\\/#primaryimage\"},\"thumbnailUrl\":\"https:\\\/\\\/i0.wp.com\\\/www.expeditionsolutions.ca\\\/wp-content\\\/uploads\\\/2021\\\/03\\\/muffler-webasto-1320895A-800x800-1.jpg?fit=800%2C800&ssl=1\",\"datePublished\":\"2021-03-17T18:44:54+00:00\",\"dateModified\":\"2025-10-31T20:18:14+00:00\",\"description\":\"Compl\u00e9ter votre ensemble de chauffage avec un silencieux en acier inoxydable. Convient aux tuyaux d'\u00e9chappement de 22 mm (int\u00e9rieur).\",\"breadcrumb\":{\"@id\":\"http:\\\/\\\/www.expeditionsolutions.ca\\\/product\\\/webasto-silencieux-dechappement-22-mm\\\/#breadcrumb\"},\"inLanguage\":\"en-CA\",\"potentialAction\":[{\"@type\":\"ReadAction\",\"target\":[\"http:\\\/\\\/www.expeditionsolutions.ca\\\/product\\\/webasto-silencieux-dechappement-22-mm\\\/\"]}]},{\"@type\":\"ImageObject\",\"inLanguage\":\"en-CA\",\"@id\":\"http:\\\/\\\/www.expeditionsolutions.ca\\\/product\\\/webasto-silencieux-dechappement-22-mm\\\/#primaryimage\",\"url\":\"https:\\\/\\\/i0.wp.com\\\/www.expeditionsolutions.ca\\\/wp-content\\\/uploads\\\/2021\\\/03\\\/muffler-webasto-1320895A-800x800-1.jpg?fit=800%2C800&ssl=1\",\"contentUrl\":\"https:\\\/\\\/i0.wp.com\\\/www.expeditionsolutions.ca\\\/wp-content\\\/uploads\\\/2021\\\/03\\\/muffler-webasto-1320895A-800x800-1.jpg?fit=800%2C800&ssl=1\",\"width\":800,\"height\":800},{\"@type\":\"BreadcrumbList\",\"@id\":\"http:\\\/\\\/www.expeditionsolutions.ca\\\/product\\\/webasto-silencieux-dechappement-22-mm\\\/#breadcrumb\",\"itemListElement\":[{\"@type\":\"ListItem\",\"position\":1,\"name\":\"Accueil\",\"item\":\"https:\\\/\\\/www.expeditionsolutions.ca\\\/\"},{\"@type\":\"ListItem\",\"position\":2,\"name\":\"Boutique\",\"item\":\"https:\\\/\\\/www.expeditionsolutions.ca\\\/shop\\\/\"},{\"@type\":\"ListItem\",\"position\":3,\"name\":\"Webasto Silencieux d&rsquo;\u00e9chappement 22mm\"}]},{\"@type\":\"WebSite\",\"@id\":\"http:\\\/\\\/www.expeditionsolutions.ca\\\/#website\",\"url\":\"http:\\\/\\\/www.expeditionsolutions.ca\\\/\",\"name\":\"Expedition Solutions\",\"description\":\"\",\"publisher\":{\"@id\":\"http:\\\/\\\/www.expeditionsolutions.ca\\\/#organization\"},\"potentialAction\":[{\"@type\":\"SearchAction\",\"target\":{\"@type\":\"EntryPoint\",\"urlTemplate\":\"http:\\\/\\\/www.expeditionsolutions.ca\\\/?s={search_term_string}\"},\"query-input\":{\"@type\":\"PropertyValueSpecification\",\"valueRequired\":true,\"valueName\":\"search_term_string\"}}],\"inLanguage\":\"en-CA\"},{\"@type\":\"Organization\",\"@id\":\"http:\\\/\\\/www.expeditionsolutions.ca\\\/#organization\",\"name\":\"Expedition Solutions\",\"url\":\"http:\\\/\\\/www.expeditionsolutions.ca\\\/\",\"logo\":{\"@type\":\"ImageObject\",\"inLanguage\":\"en-CA\",\"@id\":\"http:\\\/\\\/www.expeditionsolutions.ca\\\/#\\\/schema\\\/logo\\\/image\\\/\",\"url\":\"https:\\\/\\\/i0.wp.com\\\/www.expeditionsolutions.ca\\\/wp-content\\\/uploads\\\/2020\\\/09\\\/cropped-Logo-Expedition-Solutions-1.png?fit=249%2C86&ssl=1\",\"contentUrl\":\"https:\\\/\\\/i0.wp.com\\\/www.expeditionsolutions.ca\\\/wp-content\\\/uploads\\\/2020\\\/09\\\/cropped-Logo-Expedition-Solutions-1.png?fit=249%2C86&ssl=1\",\"width\":249,\"height\":86,\"caption\":\"Expedition Solutions\"},\"image\":{\"@id\":\"http:\\\/\\\/www.expeditionsolutions.ca\\\/#\\\/schema\\\/logo\\\/image\\\/\"}}]}<\/script>\n<!-- \/ Yoast SEO plugin. -->","yoast_head_json":{"title":"Webasto Silencieux d'\u00e9chappement 22mm - Expedition Solutions","description":"Compl\u00e9ter votre ensemble de chauffage avec un silencieux en acier inoxydable. Convient aux tuyaux d'\u00e9chappement de 22 mm (int\u00e9rieur).","robots":{"index":"index","follow":"follow","max-snippet":"max-snippet:-1","max-image-preview":"max-image-preview:large","max-video-preview":"max-video-preview:-1"},"canonical":"http:\/\/www.expeditionsolutions.ca\/en\/product\/webasto-silencieux-dechappement-22-mm\/","og_locale":"en_US","og_type":"article","og_title":"Webasto Silencieux d'\u00e9chappement 22mm - Expedition Solutions","og_description":"Compl\u00e9ter votre ensemble de chauffage avec un silencieux en acier inoxydable. Convient aux tuyaux d'\u00e9chappement de 22 mm (int\u00e9rieur).","og_url":"http:\/\/www.expeditionsolutions.ca\/en\/product\/webasto-silencieux-dechappement-22-mm\/","og_site_name":"Expedition Solutions","article_modified_time":"2025-10-31T20:18:14+00:00","og_image":[{"width":800,"height":800,"url":"https:\/\/i0.wp.com\/www.expeditionsolutions.ca\/wp-content\/uploads\/2021\/03\/muffler-webasto-1320895A-800x800-1.jpg?fit=800%2C800","type":"image\/jpeg"}],"twitter_card":"summary_large_image","twitter_misc":{"Est. reading time":"1 minute"},"schema":{"@context":"https:\/\/schema.org","@graph":[{"@type":"WebPage","@id":"http:\/\/www.expeditionsolutions.ca\/product\/webasto-silencieux-dechappement-22-mm\/","url":"http:\/\/www.expeditionsolutions.ca\/product\/webasto-silencieux-dechappement-22-mm\/","name":"Webasto Silencieux d'\u00e9chappement 22mm - Expedition Solutions","isPartOf":{"@id":"http:\/\/www.expeditionsolutions.ca\/#website"},"primaryImageOfPage":{"@id":"http:\/\/www.expeditionsolutions.ca\/product\/webasto-silencieux-dechappement-22-mm\/#primaryimage"},"image":{"@id":"http:\/\/www.expeditionsolutions.ca\/product\/webasto-silencieux-dechappement-22-mm\/#primaryimage"},"thumbnailUrl":"https:\/\/i0.wp.com\/www.expeditionsolutions.ca\/wp-content\/uploads\/2021\/03\/muffler-webasto-1320895A-800x800-1.jpg?fit=800%2C800&ssl=1","datePublished":"2021-03-17T18:44:54+00:00","dateModified":"2025-10-31T20:18:14+00:00","description":"Compl\u00e9ter votre ensemble de chauffage avec un silencieux en acier inoxydable. Convient aux tuyaux d'\u00e9chappement de 22 mm (int\u00e9rieur).","breadcrumb":{"@id":"http:\/\/www.expeditionsolutions.ca\/product\/webasto-silencieux-dechappement-22-mm\/#breadcrumb"},"inLanguage":"en-CA","potentialAction":[{"@type":"ReadAction","target":["http:\/\/www.expeditionsolutions.ca\/product\/webasto-silencieux-dechappement-22-mm\/"]}]},{"@type":"ImageObject","inLanguage":"en-CA","@id":"http:\/\/www.expeditionsolutions.ca\/product\/webasto-silencieux-dechappement-22-mm\/#primaryimage","url":"https:\/\/i0.wp.com\/www.expeditionsolutions.ca\/wp-content\/uploads\/2021\/03\/muffler-webasto-1320895A-800x800-1.jpg?fit=800%2C800&ssl=1","contentUrl":"https:\/\/i0.wp.com\/www.expeditionsolutions.ca\/wp-content\/uploads\/2021\/03\/muffler-webasto-1320895A-800x800-1.jpg?fit=800%2C800&ssl=1","width":800,"height":800},{"@type":"BreadcrumbList","@id":"http:\/\/www.expeditionsolutions.ca\/product\/webasto-silencieux-dechappement-22-mm\/#breadcrumb","itemListElement":[{"@type":"ListItem","position":1,"name":"Accueil","item":"https:\/\/www.expeditionsolutions.ca\/"},{"@type":"ListItem","position":2,"name":"Boutique","item":"https:\/\/www.expeditionsolutions.ca\/shop\/"},{"@type":"ListItem","position":3,"name":"Webasto Silencieux d&rsquo;\u00e9chappement 22mm"}]},{"@type":"WebSite","@id":"http:\/\/www.expeditionsolutions.ca\/#website","url":"http:\/\/www.expeditionsolutions.ca\/","name":"Expedition Solutions","description":"","publisher":{"@id":"http:\/\/www.expeditionsolutions.ca\/#organization"},"potentialAction":[{"@type":"SearchAction","target":{"@type":"EntryPoint","urlTemplate":"http:\/\/www.expeditionsolutions.ca\/?s={search_term_string}"},"query-input":{"@type":"PropertyValueSpecification","valueRequired":true,"valueName":"search_term_string"}}],"inLanguage":"en-CA"},{"@type":"Organization","@id":"http:\/\/www.expeditionsolutions.ca\/#organization","name":"Expedition Solutions","url":"http:\/\/www.expeditionsolutions.ca\/","logo":{"@type":"ImageObject","inLanguage":"en-CA","@id":"http:\/\/www.expeditionsolutions.ca\/#\/schema\/logo\/image\/","url":"https:\/\/i0.wp.com\/www.expeditionsolutions.ca\/wp-content\/uploads\/2020\/09\/cropped-Logo-Expedition-Solutions-1.png?fit=249%2C86&ssl=1","contentUrl":"https:\/\/i0.wp.com\/www.expeditionsolutions.ca\/wp-content\/uploads\/2020\/09\/cropped-Logo-Expedition-Solutions-1.png?fit=249%2C86&ssl=1","width":249,"height":86,"caption":"Expedition Solutions"},"image":{"@id":"http:\/\/www.expeditionsolutions.ca\/#\/schema\/logo\/image\/"}}]}},"uagb_featured_image_src":{"full":["https:\/\/i0.wp.com\/www.expeditionsolutions.ca\/wp-content\/uploads\/2021\/03\/muffler-webasto-1320895A-800x800-1.jpg?fit=800%2C800&ssl=1",800,800,false],"thumbnail":["https:\/\/i0.wp.com\/www.expeditionsolutions.ca\/wp-content\/uploads\/2021\/03\/muffler-webasto-1320895A-800x800-1.jpg?resize=150%2C150&ssl=1",150,150,true],"medium":["https:\/\/i0.wp.com\/www.expeditionsolutions.ca\/wp-content\/uploads\/2021\/03\/muffler-webasto-1320895A-800x800-1.jpg?fit=300%2C300&ssl=1",300,300,true],"medium_large":["https:\/\/i0.wp.com\/www.expeditionsolutions.ca\/wp-content\/uploads\/2021\/03\/muffler-webasto-1320895A-800x800-1.jpg?fit=768%2C768&ssl=1",768,768,true],"large":["https:\/\/i0.wp.com\/www.expeditionsolutions.ca\/wp-content\/uploads\/2021\/03\/muffler-webasto-1320895A-800x800-1.jpg?fit=800%2C800&ssl=1",800,800,true],"1536x1536":["https:\/\/i0.wp.com\/www.expeditionsolutions.ca\/wp-content\/uploads\/2021\/03\/muffler-webasto-1320895A-800x800-1.jpg?fit=800%2C800&ssl=1",800,800,true],"2048x2048":["https:\/\/i0.wp.com\/www.expeditionsolutions.ca\/wp-content\/uploads\/2021\/03\/muffler-webasto-1320895A-800x800-1.jpg?fit=800%2C800&ssl=1",800,800,true],"trp-custom-language-flag":["https:\/\/i0.wp.com\/www.expeditionsolutions.ca\/wp-content\/uploads\/2021\/03\/muffler-webasto-1320895A-800x800-1.jpg?fit=12%2C12&ssl=1",12,12,true],"neve-blog":["https:\/\/i0.wp.com\/www.expeditionsolutions.ca\/wp-content\/uploads\/2021\/03\/muffler-webasto-1320895A-800x800-1.jpg?resize=800%2C620&ssl=1",800,620,true],"woocommerce_thumbnail":["https:\/\/i0.wp.com\/www.expeditionsolutions.ca\/wp-content\/uploads\/2021\/03\/muffler-webasto-1320895A-800x800-1.jpg?resize=300%2C300&ssl=1",300,300,true],"woocommerce_single":["https:\/\/i0.wp.com\/www.expeditionsolutions.ca\/wp-content\/uploads\/2021\/03\/muffler-webasto-1320895A-800x800-1.jpg?fit=600%2C600&ssl=1",600,600,true],"woocommerce_gallery_thumbnail":["https:\/\/i0.wp.com\/www.expeditionsolutions.ca\/wp-content\/uploads\/2021\/03\/muffler-webasto-1320895A-800x800-1.jpg?resize=100%2C100&ssl=1",100,100,true]},"uagb_author_info":{"display_name":"admin","author_link":"http:\/\/www.expeditionsolutions.ca\/en\/author\/"},"uagb_comment_info":0,"uagb_excerpt":"En Acier inoxydable. Mod\u00e8le # 1320895A &nbsp;","jetpack_sharing_enabled":true,"_links":{"self":[{"href":"http:\/\/www.expeditionsolutions.ca\/en\/wp-json\/wp\/v2\/product\/499","targetHints":{"allow":["GET"]}}],"collection":[{"href":"http:\/\/www.expeditionsolutions.ca\/en\/wp-json\/wp\/v2\/product"}],"about":[{"href":"http:\/\/www.expeditionsolutions.ca\/en\/wp-json\/wp\/v2\/types\/product"}],"wp:featuredmedia":[{"embeddable":true,"href":"http:\/\/www.expeditionsolutions.ca\/en\/wp-json\/wp\/v2\/media\/506"}],"wp:attachment":[{"href":"http:\/\/www.expeditionsolutions.ca\/en\/wp-json\/wp\/v2\/media?parent=499"}],"wp:term":[{"taxonomy":"product_brand","embeddable":true,"href":"http:\/\/www.expeditionsolutions.ca\/en\/wp-json\/wp\/v2\/product_brand?post=499"},{"taxonomy":"product_cat","embeddable":true,"href":"http:\/\/www.expeditionsolutions.ca\/en\/wp-json\/wp\/v2\/product_cat?post=499"},{"taxonomy":"product_tag","embeddable":true,"href":"http:\/\/www.expeditionsolutions.ca\/en\/wp-json\/wp\/v2\/product_tag?post=499"}],"curies":[{"name":"wp","href":"https:\/\/api.w.org\/{rel}","templated":true}]}}