{"id":539,"date":"2021-03-23T15:58:50","date_gmt":"2021-03-23T15:58:50","guid":{"rendered":"http:\/\/www.expeditionsolutions.ca\/?post_type=product&#038;p=539"},"modified":"2025-11-13T03:39:50","modified_gmt":"2025-11-13T03:39:50","slug":"webasto-air-top-2000-stc-kit-de-chauffage-diesel-avec-controleur-smartemp-2-0","status":"publish","type":"product","link":"http:\/\/www.expeditionsolutions.ca\/en\/product\/webasto-air-top-2000-stc-kit-de-chauffage-diesel-avec-controleur-smartemp-2-0\/","title":{"rendered":"Webasto AIR TOP 2000 STC &#8211; Kit de chauffage, contr\u00f4leur SMARTEMP 3.0 Bluetooth &#8211; Diesel"},"content":{"rendered":"<p><strong>Les chauffages \u00e0 air Webasto fournissent une puissance de chauffage continue gr\u00e2ce \u00e0 leur modulation progressive.\u00a0<\/strong>Profitez de temp\u00e9ratures pr\u00e9cises et constantes dans votre v\u00e9hicule de loisirs, quelles que soient l\u2019altitude et les conditions m\u00e9t\u00e9orologiques.<\/p>\n<p>Le chauffage est peu bruyant et consomme peu d\u2019\u00e9lectricit\u00e9 et de carburant. Le capteur d\u2019altitude int\u00e9gr\u00e9 assure en permanence une combustion optimale \u00e0 des altitudes allant jusqu\u2019\u00e0 2 200 m, m\u00eame en cas d\u2019une pression d\u2019air et d\u2019un taux d\u2019oxyg\u00e8ne plus faibles.<\/p>\n<h3>AVANTAGES<\/h3>\n<div class=\"wrap wrap-wide space-medium\">\n<div class=\"checklist\">\n<ul>\n<li>Chauffages compacts \u00e0 l\u2019efficacit\u00e9 prouv\u00e9e<\/li>\n<li>Technologie in\u00e9dite et am\u00e9lior\u00e9e notamment au niveau de la dur\u00e9e de vie et du temps de chauffage<\/li>\n<li>Installation facile \u00e0 l\u2019int\u00e9rieur<\/li>\n<li>Temp\u00e9rature ambiante constante, contr\u00f4le continu<\/li>\n<li>Fonction manuelle de compensation de l\u2019altitude possible<\/li>\n<li>Faible consommation, fonctionnement silencieux<\/li>\n<li>Contr\u00f4le intelligent des ventilateurs<\/li>\n<li>Kits d\u2019installation complets<\/li>\n<\/ul>\n<\/div>\n<\/div>\n<div class=\"wrap space-small\">\n<p><strong>Ensemble sp\u00e9cifiques pour r\u00e9pondre aux besoins et aux demandes uniques du march\u00e9 des v\u00e9hicules de loisirs:<\/strong><\/p>\n<ul>\n<li class=\"downloads\">Applications tr\u00e8s peu bruyantes (pompes de dosage tr\u00e8s peu bruyantes, supports anti-vibrations, silencieux d\u2019entr\u00e9e et de sortie d\u2019air)<\/li>\n<li>Ensemble d&rsquo;installation complet, pour une installation simple et rapide<\/li>\n<\/ul>\n<hr \/>\n<h3>Sp\u00e9cifications techniques<\/h3>\n<ul>\n<li class=\"p3\"><strong>Heating Capacity:<\/strong> 3,100 \u2013 7,000 BTU\/h (0.9 \u2013 2.0 kW)<\/li>\n<li class=\"p3\"><strong>Fuel:<\/strong> Diesel<\/li>\n<li class=\"p3\"><strong>Fuel Consumption:<\/strong> 0.03 \u2013 0.06 gal\/h (0.12 \u2013 0.24 l\/h)<\/li>\n<li class=\"p3\"><strong>Rated Voltage:<\/strong> 12 V<\/li>\n<li class=\"p3\"><strong>Operating Voltage Range:<\/strong> 10.5 \u2013 16 or 21 \u2013 32 V<\/li>\n<li class=\"p3\"><strong>Rated Input:<\/strong> 1.25 \u2013 2.45 Amps (14 \u2013 29 Watts)<\/li>\n<li class=\"p3\"><strong>Air Flow:<\/strong> 55 cfm (93 m<span class=\"s1\">3<\/span>\/h)<\/li>\n<li class=\"p3\"><strong>Dimensions (L x W x H):<\/strong> 12.25 x 4.78 x 4.85 in (311 x 120 x 121 mm)<\/li>\n<li class=\"p3\"><strong>Weight:<\/strong> 5.73 lbs (2.6 kg)<\/li>\n<\/ul>\n<hr \/>\n<h3>Ensemble sp\u00e9cifique pour v\u00e9hicules de loisirs qui comprends:<\/h3>\n<ul>\n<li>Unit\u00e9 de chauffage Air Top 2000 avec <span style=\"color: #ff0000;\"><strong>le tout nouveau contr\u00f4leur intelligent SmarTemp 3.0 Bluetooth!<\/strong><\/span><\/li>\n<li>Tous les cables \u00e9lectriques et connexions<\/li>\n<li>Pompe doseuse de carburant avec support de montage anti-vibrations<\/li>\n<li>Conduite de carburant et filtre \u00e0 carburant<\/li>\n<li>Tuyau universel de carburant (pour installation dans le r\u00e9servoir d&rsquo;essence si n\u00e9cessaire)<\/li>\n<li>Tuyau d&rsquo;\u00e9chappement en acier inoxydable (1 m)<\/li>\n<li>Tuyau d&rsquo;admission d&rsquo;air de combustion (1 m)<\/li>\n<li>Conduit d&rsquo;air chaud de 60 mm (1 m) + grille de sortie et d&rsquo;entr\u00e9e d&rsquo;air<\/li>\n<li>Tous les clips et vis n\u00e9cessaires + Plaque de montage au sol<\/li>\n<li>Manuel d&rsquo;utilisation et d&rsquo;installation<\/li>\n<li>Garantie limit\u00e9e de 2 ans \/ 2000 heures<\/li>\n<\/ul>\n<\/div>\n<p><strong><em><span style=\"color: #ff0000;\">Prenez note que nous n&rsquo;offrons malheureusement pas l&rsquo;installation, nous soutenons enti\u00e8rement les installations DIY et serons heureux de pouvoir r\u00e9pondre \u00e0 vos questions.\u00a0<\/span><\/em><\/strong><\/p>\n<p>Nous vous invitons \u00e0 lire davantage au sujet de l&rsquo;installation des syst\u00e8mes de chauffage Webasto sur diff\u00e9rents forums, celui de Van Life Outfitters est tr\u00e8s d\u00e9taill\u00e9 (traduit en fran\u00e7ais) ; <strong><span style=\"color: #0000ff;\"><a style=\"color: #0000ff;\" href=\"https:\/\/www-vanlifeoutfitters-com.translate.goog\/installing-webasto-heater-in-camper-van\/?_x_tr_sl=en&amp;_x_tr_tl=fr&amp;_x_tr_hl=fr&amp;_x_tr_pto=wapp\">installing-webasto-heater-in-camper-van<\/a><\/span><\/strong><\/p>\n<p>Vid\u00e9o d&rsquo;installation en anglais : <a href=\"https:\/\/www.youtube.com\/watch?v=CN929IhHsH0&amp;t=1126s\"><em>Installing a Webasto Heater with Tips<\/em><\/a><\/p>\n<h3><strong>PDF MANUALS<\/strong><\/h3>\n<ul>\n<li style=\"list-style-type: none;\">\n<ul>\n<li><a href=\"https:\/\/www.vanlifeoutfitters.com\/wp-content\/uploads\/2021\/12\/webasto-airtop-2000-stc-installation-manual.pdf\">Guide d&rsquo;installation<\/a><\/li>\n<li><a href=\"https:\/\/www.techwebasto.com\/documentation\/heater\/smartemp-3-faq\/viewdocument\/1582.html\" target=\"_blank\" rel=\"noopener\">SmarTemp 3.0 FAQs<\/a><\/li>\n<li><a href=\"https:\/\/www.techwebasto.com\/documentation\/heater\/smartemp-3-0-installation-operation-manual\/viewdocument\/1580.html\" target=\"_blank\" rel=\"noopener\">SmarTemp 3.0 Installation \/ Operation Manual &#8211; (EN \/ FR)<\/a><\/li>\n<li><a href=\"https:\/\/www.vanlifeoutfitters.com\/wp-content\/uploads\/2021\/02\/Webasto_air_heater_ducting_parts_and_ducting.pdf\">Pi\u00e8ces et accessoires de conduits disponibles sur commande<\/a><\/li>\n<\/ul>\n<\/li>\n<\/ul>\n<div class=\"wrap space-small\">\n<hr \/>\n<p>&nbsp;<\/p>\n<\/div>","protected":false},"excerpt":{"rendered":"<p><strong><span style=\"color: #ff0000;\">NOUVEAU! Contr\u00f4leur intelligent SmarTemp 3.0 avec option Bluetooth vous permettant de contr\u00f4ler votre appareil avec l&rsquo;application mobile.\u00a0<\/span><\/strong><\/p>\n<p><strong>FREE SHIPPING<\/strong><\/p>\n<p><strong>Les chauffages \u00e0 air Webasto fournissent une puissance de chauffage continue gr\u00e2ce \u00e0 leur modulation progressive.\u00a0<\/strong>Profitez de temp\u00e9ratures pr\u00e9cises et constantes dans votre v\u00e9hicule de loisirs, quelles que soient l\u2019altitude et les conditions m\u00e9t\u00e9orologiques.<\/p>\n<ul class=\"ul1\">\n<li class=\"li1\">Puissance de chauffage 3100 &#8211; 7000 BTU \/ h (0,9 &#8211; 2 kW)<\/li>\n<li class=\"li1\">Utilise aussi peu que 1 gallon (3,8 l) de carburant sur une p\u00e9riode de 22h<\/li>\n<li class=\"li1\">Certifi\u00e9 CARB et v\u00e9rifi\u00e9 EPA SmartWay<\/li>\n<li class=\"li1\">Fonctionnement silencieux et faible consommation de carburant<\/li>\n<li class=\"li1\">Diesel, 12 V<\/li>\n<\/ul>\n<p><img loading=\"lazy\" decoding=\"async\" class=\"alignnone size-medium wp-image-483\" src=\"http:\/\/www.expeditionsolutions.ca\/wp-content\/uploads\/2020\/09\/webasto-logo-300x64.png\" alt=\"\" width=\"300\" height=\"64\" srcset=\"https:\/\/i0.wp.com\/www.expeditionsolutions.ca\/wp-content\/uploads\/2020\/09\/webasto-logo.png?resize=300%2C64&amp;ssl=1 300w, https:\/\/i0.wp.com\/www.expeditionsolutions.ca\/wp-content\/uploads\/2020\/09\/webasto-logo.png?resize=1024%2C219&amp;ssl=1 1024w, https:\/\/i0.wp.com\/www.expeditionsolutions.ca\/wp-content\/uploads\/2020\/09\/webasto-logo.png?resize=768%2C164&amp;ssl=1 768w, https:\/\/i0.wp.com\/www.expeditionsolutions.ca\/wp-content\/uploads\/2020\/09\/webasto-logo.png?resize=1536%2C328&amp;ssl=1 1536w, https:\/\/i0.wp.com\/www.expeditionsolutions.ca\/wp-content\/uploads\/2020\/09\/webasto-logo.png?resize=2048%2C437&amp;ssl=1 2048w, https:\/\/i0.wp.com\/www.expeditionsolutions.ca\/wp-content\/uploads\/2020\/09\/webasto-logo.png?resize=16%2C3&amp;ssl=1 16w, https:\/\/i0.wp.com\/www.expeditionsolutions.ca\/wp-content\/uploads\/2020\/09\/webasto-logo.png?resize=600%2C128&amp;ssl=1 600w, https:\/\/i0.wp.com\/www.expeditionsolutions.ca\/wp-content\/uploads\/2020\/09\/webasto-logo.png?w=2400&amp;ssl=1 2400w, https:\/\/i0.wp.com\/www.expeditionsolutions.ca\/wp-content\/uploads\/2020\/09\/webasto-logo.png?w=3600&amp;ssl=1 3600w\" sizes=\"auto, (max-width: 300px) 100vw, 300px\" \/><\/p>","protected":false},"featured_media":540,"template":"","meta":{"_uag_custom_page_level_css":"","neve_meta_sidebar":"","neve_meta_container":"","neve_meta_enable_content_width":"off","neve_meta_content_width":70,"neve_meta_title_alignment":"","neve_meta_author_avatar":"","neve_post_elements_order":"","neve_meta_disable_header":"","neve_meta_disable_footer":"","neve_meta_disable_title":""},"product_brand":[83],"product_cat":[17,72],"product_tag":[],"class_list":{"0":"post-539","1":"product","2":"type-product","3":"status-publish","4":"has-post-thumbnail","6":"product_brand-webasto","7":"product_cat-chauffage","8":"product_cat-webasto","9":"product_shipping_class-colis-lourds","11":"first","12":"instock","13":"taxable","14":"shipping-taxable","15":"purchasable","16":"product-type-simple"},"yoast_head":"<!-- This site is optimized with the Yoast SEO plugin v27.3 - https:\/\/yoast.com\/product\/yoast-seo-wordpress\/ -->\n<title>Webasto AIR TOP 2000 STC Diesel | Expedition Solutions<\/title>\n<meta name=\"description\" content=\"Le Kit de chauffage Webasto AIR TOP 2000 STC diesel avec contr\u00f4leur SMARTEMP 3.0 Bluetooth est peu bruyant et consomme peu d\u2019\u00e9lectricit\u00e9 et de carburant.\" \/>\n<meta name=\"robots\" content=\"index, follow, max-snippet:-1, max-image-preview:large, max-video-preview:-1\" \/>\n<link rel=\"canonical\" href=\"https:\/\/www.expeditionsolutions.ca\/en\/product\/webasto-air-top-2000-stc-kit-de-chauffage-diesel-avec-controleur-smartemp-2-0\/\" \/>\n<meta property=\"og:locale\" content=\"en_US\" \/>\n<meta property=\"og:type\" content=\"article\" \/>\n<meta property=\"og:title\" content=\"Webasto AIR TOP 2000 STC Diesel | Expedition Solutions\" \/>\n<meta property=\"og:description\" content=\"Le Kit de chauffage Webasto AIR TOP 2000 STC diesel avec contr\u00f4leur SMARTEMP 3.0 Bluetooth est peu bruyant et consomme peu d\u2019\u00e9lectricit\u00e9 et de carburant.\" \/>\n<meta property=\"og:url\" content=\"https:\/\/www.expeditionsolutions.ca\/en\/product\/webasto-air-top-2000-stc-kit-de-chauffage-diesel-avec-controleur-smartemp-2-0\/\" \/>\n<meta property=\"og:site_name\" content=\"Expedition Solutions\" \/>\n<meta property=\"article:modified_time\" content=\"2025-11-13T03:39:50+00:00\" \/>\n<meta property=\"og:image\" content=\"https:\/\/www.expeditionsolutions.ca\/wp-content\/uploads\/2021\/03\/webasto-air-top-2000stc.jpg\" \/>\n\t<meta property=\"og:image:width\" content=\"801\" \/>\n\t<meta property=\"og:image:height\" content=\"801\" \/>\n\t<meta property=\"og:image:type\" content=\"image\/jpeg\" \/>\n<meta name=\"twitter:card\" content=\"summary_large_image\" \/>\n<meta name=\"twitter:label1\" content=\"Est. reading time\" \/>\n\t<meta name=\"twitter:data1\" content=\"3 minutes\" \/>\n<script type=\"application\/ld+json\" class=\"yoast-schema-graph\">{\"@context\":\"https:\\\/\\\/schema.org\",\"@graph\":[{\"@type\":\"WebPage\",\"@id\":\"https:\\\/\\\/www.expeditionsolutions.ca\\\/product\\\/webasto-air-top-2000-stc-kit-de-chauffage-diesel-avec-controleur-smartemp-2-0\\\/\",\"url\":\"https:\\\/\\\/www.expeditionsolutions.ca\\\/product\\\/webasto-air-top-2000-stc-kit-de-chauffage-diesel-avec-controleur-smartemp-2-0\\\/\",\"name\":\"Webasto AIR TOP 2000 STC Diesel | Expedition Solutions\",\"isPartOf\":{\"@id\":\"http:\\\/\\\/www.expeditionsolutions.ca\\\/#website\"},\"primaryImageOfPage\":{\"@id\":\"https:\\\/\\\/www.expeditionsolutions.ca\\\/product\\\/webasto-air-top-2000-stc-kit-de-chauffage-diesel-avec-controleur-smartemp-2-0\\\/#primaryimage\"},\"image\":{\"@id\":\"https:\\\/\\\/www.expeditionsolutions.ca\\\/product\\\/webasto-air-top-2000-stc-kit-de-chauffage-diesel-avec-controleur-smartemp-2-0\\\/#primaryimage\"},\"thumbnailUrl\":\"https:\\\/\\\/i0.wp.com\\\/www.expeditionsolutions.ca\\\/wp-content\\\/uploads\\\/2021\\\/03\\\/webasto-air-top-2000stc.jpg?fit=801%2C801&ssl=1\",\"datePublished\":\"2021-03-23T15:58:50+00:00\",\"dateModified\":\"2025-11-13T03:39:50+00:00\",\"description\":\"Le Kit de chauffage Webasto AIR TOP 2000 STC diesel avec contr\u00f4leur SMARTEMP 3.0 Bluetooth est peu bruyant et consomme peu d\u2019\u00e9lectricit\u00e9 et de carburant.\",\"breadcrumb\":{\"@id\":\"https:\\\/\\\/www.expeditionsolutions.ca\\\/product\\\/webasto-air-top-2000-stc-kit-de-chauffage-diesel-avec-controleur-smartemp-2-0\\\/#breadcrumb\"},\"inLanguage\":\"en-CA\",\"potentialAction\":[{\"@type\":\"ReadAction\",\"target\":[\"https:\\\/\\\/www.expeditionsolutions.ca\\\/product\\\/webasto-air-top-2000-stc-kit-de-chauffage-diesel-avec-controleur-smartemp-2-0\\\/\"]}]},{\"@type\":\"ImageObject\",\"inLanguage\":\"en-CA\",\"@id\":\"https:\\\/\\\/www.expeditionsolutions.ca\\\/product\\\/webasto-air-top-2000-stc-kit-de-chauffage-diesel-avec-controleur-smartemp-2-0\\\/#primaryimage\",\"url\":\"https:\\\/\\\/i0.wp.com\\\/www.expeditionsolutions.ca\\\/wp-content\\\/uploads\\\/2021\\\/03\\\/webasto-air-top-2000stc.jpg?fit=801%2C801&ssl=1\",\"contentUrl\":\"https:\\\/\\\/i0.wp.com\\\/www.expeditionsolutions.ca\\\/wp-content\\\/uploads\\\/2021\\\/03\\\/webasto-air-top-2000stc.jpg?fit=801%2C801&ssl=1\",\"width\":801,\"height\":801},{\"@type\":\"BreadcrumbList\",\"@id\":\"https:\\\/\\\/www.expeditionsolutions.ca\\\/product\\\/webasto-air-top-2000-stc-kit-de-chauffage-diesel-avec-controleur-smartemp-2-0\\\/#breadcrumb\",\"itemListElement\":[{\"@type\":\"ListItem\",\"position\":1,\"name\":\"Accueil\",\"item\":\"https:\\\/\\\/www.expeditionsolutions.ca\\\/\"},{\"@type\":\"ListItem\",\"position\":2,\"name\":\"Boutique\",\"item\":\"https:\\\/\\\/www.expeditionsolutions.ca\\\/shop\\\/\"},{\"@type\":\"ListItem\",\"position\":3,\"name\":\"Webasto AIR TOP 2000 STC &#8211; Kit de chauffage, contr\u00f4leur SMARTEMP 3.0 Bluetooth &#8211; Diesel\"}]},{\"@type\":\"WebSite\",\"@id\":\"http:\\\/\\\/www.expeditionsolutions.ca\\\/#website\",\"url\":\"http:\\\/\\\/www.expeditionsolutions.ca\\\/\",\"name\":\"Expedition Solutions\",\"description\":\"\",\"publisher\":{\"@id\":\"http:\\\/\\\/www.expeditionsolutions.ca\\\/#organization\"},\"potentialAction\":[{\"@type\":\"SearchAction\",\"target\":{\"@type\":\"EntryPoint\",\"urlTemplate\":\"http:\\\/\\\/www.expeditionsolutions.ca\\\/?s={search_term_string}\"},\"query-input\":{\"@type\":\"PropertyValueSpecification\",\"valueRequired\":true,\"valueName\":\"search_term_string\"}}],\"inLanguage\":\"en-CA\"},{\"@type\":\"Organization\",\"@id\":\"http:\\\/\\\/www.expeditionsolutions.ca\\\/#organization\",\"name\":\"Expedition Solutions\",\"url\":\"http:\\\/\\\/www.expeditionsolutions.ca\\\/\",\"logo\":{\"@type\":\"ImageObject\",\"inLanguage\":\"en-CA\",\"@id\":\"http:\\\/\\\/www.expeditionsolutions.ca\\\/#\\\/schema\\\/logo\\\/image\\\/\",\"url\":\"https:\\\/\\\/i0.wp.com\\\/www.expeditionsolutions.ca\\\/wp-content\\\/uploads\\\/2020\\\/09\\\/cropped-Logo-Expedition-Solutions-1.png?fit=249%2C86&ssl=1\",\"contentUrl\":\"https:\\\/\\\/i0.wp.com\\\/www.expeditionsolutions.ca\\\/wp-content\\\/uploads\\\/2020\\\/09\\\/cropped-Logo-Expedition-Solutions-1.png?fit=249%2C86&ssl=1\",\"width\":249,\"height\":86,\"caption\":\"Expedition Solutions\"},\"image\":{\"@id\":\"http:\\\/\\\/www.expeditionsolutions.ca\\\/#\\\/schema\\\/logo\\\/image\\\/\"}}]}<\/script>\n<!-- \/ Yoast SEO plugin. -->","yoast_head_json":{"title":"Webasto AIR TOP 2000 STC Diesel | Expedition Solutions","description":"Le Kit de chauffage Webasto AIR TOP 2000 STC diesel avec contr\u00f4leur SMARTEMP 3.0 Bluetooth est peu bruyant et consomme peu d\u2019\u00e9lectricit\u00e9 et de carburant.","robots":{"index":"index","follow":"follow","max-snippet":"max-snippet:-1","max-image-preview":"max-image-preview:large","max-video-preview":"max-video-preview:-1"},"canonical":"https:\/\/www.expeditionsolutions.ca\/en\/product\/webasto-air-top-2000-stc-kit-de-chauffage-diesel-avec-controleur-smartemp-2-0\/","og_locale":"en_US","og_type":"article","og_title":"Webasto AIR TOP 2000 STC Diesel | Expedition Solutions","og_description":"Le Kit de chauffage Webasto AIR TOP 2000 STC diesel avec contr\u00f4leur SMARTEMP 3.0 Bluetooth est peu bruyant et consomme peu d\u2019\u00e9lectricit\u00e9 et de carburant.","og_url":"https:\/\/www.expeditionsolutions.ca\/en\/product\/webasto-air-top-2000-stc-kit-de-chauffage-diesel-avec-controleur-smartemp-2-0\/","og_site_name":"Expedition Solutions","article_modified_time":"2025-11-13T03:39:50+00:00","og_image":[{"width":801,"height":801,"url":"https:\/\/www.expeditionsolutions.ca\/wp-content\/uploads\/2021\/03\/webasto-air-top-2000stc.jpg","type":"image\/jpeg"}],"twitter_card":"summary_large_image","twitter_misc":{"Est. reading time":"3 minutes"},"schema":{"@context":"https:\/\/schema.org","@graph":[{"@type":"WebPage","@id":"https:\/\/www.expeditionsolutions.ca\/product\/webasto-air-top-2000-stc-kit-de-chauffage-diesel-avec-controleur-smartemp-2-0\/","url":"https:\/\/www.expeditionsolutions.ca\/product\/webasto-air-top-2000-stc-kit-de-chauffage-diesel-avec-controleur-smartemp-2-0\/","name":"Webasto AIR TOP 2000 STC Diesel | Expedition Solutions","isPartOf":{"@id":"http:\/\/www.expeditionsolutions.ca\/#website"},"primaryImageOfPage":{"@id":"https:\/\/www.expeditionsolutions.ca\/product\/webasto-air-top-2000-stc-kit-de-chauffage-diesel-avec-controleur-smartemp-2-0\/#primaryimage"},"image":{"@id":"https:\/\/www.expeditionsolutions.ca\/product\/webasto-air-top-2000-stc-kit-de-chauffage-diesel-avec-controleur-smartemp-2-0\/#primaryimage"},"thumbnailUrl":"https:\/\/i0.wp.com\/www.expeditionsolutions.ca\/wp-content\/uploads\/2021\/03\/webasto-air-top-2000stc.jpg?fit=801%2C801&ssl=1","datePublished":"2021-03-23T15:58:50+00:00","dateModified":"2025-11-13T03:39:50+00:00","description":"Le Kit de chauffage Webasto AIR TOP 2000 STC diesel avec contr\u00f4leur SMARTEMP 3.0 Bluetooth est peu bruyant et consomme peu d\u2019\u00e9lectricit\u00e9 et de carburant.","breadcrumb":{"@id":"https:\/\/www.expeditionsolutions.ca\/product\/webasto-air-top-2000-stc-kit-de-chauffage-diesel-avec-controleur-smartemp-2-0\/#breadcrumb"},"inLanguage":"en-CA","potentialAction":[{"@type":"ReadAction","target":["https:\/\/www.expeditionsolutions.ca\/product\/webasto-air-top-2000-stc-kit-de-chauffage-diesel-avec-controleur-smartemp-2-0\/"]}]},{"@type":"ImageObject","inLanguage":"en-CA","@id":"https:\/\/www.expeditionsolutions.ca\/product\/webasto-air-top-2000-stc-kit-de-chauffage-diesel-avec-controleur-smartemp-2-0\/#primaryimage","url":"https:\/\/i0.wp.com\/www.expeditionsolutions.ca\/wp-content\/uploads\/2021\/03\/webasto-air-top-2000stc.jpg?fit=801%2C801&ssl=1","contentUrl":"https:\/\/i0.wp.com\/www.expeditionsolutions.ca\/wp-content\/uploads\/2021\/03\/webasto-air-top-2000stc.jpg?fit=801%2C801&ssl=1","width":801,"height":801},{"@type":"BreadcrumbList","@id":"https:\/\/www.expeditionsolutions.ca\/product\/webasto-air-top-2000-stc-kit-de-chauffage-diesel-avec-controleur-smartemp-2-0\/#breadcrumb","itemListElement":[{"@type":"ListItem","position":1,"name":"Accueil","item":"https:\/\/www.expeditionsolutions.ca\/"},{"@type":"ListItem","position":2,"name":"Boutique","item":"https:\/\/www.expeditionsolutions.ca\/shop\/"},{"@type":"ListItem","position":3,"name":"Webasto AIR TOP 2000 STC &#8211; Kit de chauffage, contr\u00f4leur SMARTEMP 3.0 Bluetooth &#8211; Diesel"}]},{"@type":"WebSite","@id":"http:\/\/www.expeditionsolutions.ca\/#website","url":"http:\/\/www.expeditionsolutions.ca\/","name":"Expedition Solutions","description":"","publisher":{"@id":"http:\/\/www.expeditionsolutions.ca\/#organization"},"potentialAction":[{"@type":"SearchAction","target":{"@type":"EntryPoint","urlTemplate":"http:\/\/www.expeditionsolutions.ca\/?s={search_term_string}"},"query-input":{"@type":"PropertyValueSpecification","valueRequired":true,"valueName":"search_term_string"}}],"inLanguage":"en-CA"},{"@type":"Organization","@id":"http:\/\/www.expeditionsolutions.ca\/#organization","name":"Expedition Solutions","url":"http:\/\/www.expeditionsolutions.ca\/","logo":{"@type":"ImageObject","inLanguage":"en-CA","@id":"http:\/\/www.expeditionsolutions.ca\/#\/schema\/logo\/image\/","url":"https:\/\/i0.wp.com\/www.expeditionsolutions.ca\/wp-content\/uploads\/2020\/09\/cropped-Logo-Expedition-Solutions-1.png?fit=249%2C86&ssl=1","contentUrl":"https:\/\/i0.wp.com\/www.expeditionsolutions.ca\/wp-content\/uploads\/2020\/09\/cropped-Logo-Expedition-Solutions-1.png?fit=249%2C86&ssl=1","width":249,"height":86,"caption":"Expedition Solutions"},"image":{"@id":"http:\/\/www.expeditionsolutions.ca\/#\/schema\/logo\/image\/"}}]}},"uagb_featured_image_src":{"full":["https:\/\/i0.wp.com\/www.expeditionsolutions.ca\/wp-content\/uploads\/2021\/03\/webasto-air-top-2000stc.jpg?fit=801%2C801&ssl=1",801,801,false],"thumbnail":["https:\/\/i0.wp.com\/www.expeditionsolutions.ca\/wp-content\/uploads\/2021\/03\/webasto-air-top-2000stc.jpg?resize=150%2C150&ssl=1",150,150,true],"medium":["https:\/\/i0.wp.com\/www.expeditionsolutions.ca\/wp-content\/uploads\/2021\/03\/webasto-air-top-2000stc.jpg?fit=300%2C300&ssl=1",300,300,true],"medium_large":["https:\/\/i0.wp.com\/www.expeditionsolutions.ca\/wp-content\/uploads\/2021\/03\/webasto-air-top-2000stc.jpg?fit=768%2C768&ssl=1",768,768,true],"large":["https:\/\/i0.wp.com\/www.expeditionsolutions.ca\/wp-content\/uploads\/2021\/03\/webasto-air-top-2000stc.jpg?fit=801%2C801&ssl=1",801,801,true],"1536x1536":["https:\/\/i0.wp.com\/www.expeditionsolutions.ca\/wp-content\/uploads\/2021\/03\/webasto-air-top-2000stc.jpg?fit=801%2C801&ssl=1",801,801,true],"2048x2048":["https:\/\/i0.wp.com\/www.expeditionsolutions.ca\/wp-content\/uploads\/2021\/03\/webasto-air-top-2000stc.jpg?fit=801%2C801&ssl=1",801,801,true],"trp-custom-language-flag":["https:\/\/i0.wp.com\/www.expeditionsolutions.ca\/wp-content\/uploads\/2021\/03\/webasto-air-top-2000stc.jpg?fit=12%2C12&ssl=1",12,12,true],"neve-blog":["https:\/\/i0.wp.com\/www.expeditionsolutions.ca\/wp-content\/uploads\/2021\/03\/webasto-air-top-2000stc.jpg?resize=801%2C620&ssl=1",801,620,true],"woocommerce_thumbnail":["https:\/\/i0.wp.com\/www.expeditionsolutions.ca\/wp-content\/uploads\/2021\/03\/webasto-air-top-2000stc.jpg?resize=300%2C300&ssl=1",300,300,true],"woocommerce_single":["https:\/\/i0.wp.com\/www.expeditionsolutions.ca\/wp-content\/uploads\/2021\/03\/webasto-air-top-2000stc.jpg?fit=600%2C600&ssl=1",600,600,true],"woocommerce_gallery_thumbnail":["https:\/\/i0.wp.com\/www.expeditionsolutions.ca\/wp-content\/uploads\/2021\/03\/webasto-air-top-2000stc.jpg?resize=100%2C100&ssl=1",100,100,true]},"uagb_author_info":{"display_name":"admin","author_link":"http:\/\/www.expeditionsolutions.ca\/en\/author\/"},"uagb_comment_info":0,"uagb_excerpt":"NOUVEAU! Contr\u00f4leur intelligent SmarTemp 3.0 avec option Bluetooth vous permettant de contr\u00f4ler votre appareil avec l'application mobile.\u00a0 LIVRAISON GRATUITE Les chauffages \u00e0 air Webasto fournissent une puissance de chauffage continue gr\u00e2ce \u00e0 leur modulation progressive.\u00a0Profitez de temp\u00e9ratures pr\u00e9cises et constantes dans votre v\u00e9hicule de loisirs, quelles que soient l\u2019altitude et les conditions m\u00e9t\u00e9orologiques. Puissance de&hellip;","jetpack_sharing_enabled":true,"_links":{"self":[{"href":"http:\/\/www.expeditionsolutions.ca\/en\/wp-json\/wp\/v2\/product\/539","targetHints":{"allow":["GET"]}}],"collection":[{"href":"http:\/\/www.expeditionsolutions.ca\/en\/wp-json\/wp\/v2\/product"}],"about":[{"href":"http:\/\/www.expeditionsolutions.ca\/en\/wp-json\/wp\/v2\/types\/product"}],"wp:featuredmedia":[{"embeddable":true,"href":"http:\/\/www.expeditionsolutions.ca\/en\/wp-json\/wp\/v2\/media\/540"}],"wp:attachment":[{"href":"http:\/\/www.expeditionsolutions.ca\/en\/wp-json\/wp\/v2\/media?parent=539"}],"wp:term":[{"taxonomy":"product_brand","embeddable":true,"href":"http:\/\/www.expeditionsolutions.ca\/en\/wp-json\/wp\/v2\/product_brand?post=539"},{"taxonomy":"product_cat","embeddable":true,"href":"http:\/\/www.expeditionsolutions.ca\/en\/wp-json\/wp\/v2\/product_cat?post=539"},{"taxonomy":"product_tag","embeddable":true,"href":"http:\/\/www.expeditionsolutions.ca\/en\/wp-json\/wp\/v2\/product_tag?post=539"}],"curies":[{"name":"wp","href":"https:\/\/api.w.org\/{rel}","templated":true}]}}