{"id":989,"date":"2023-11-17T15:50:57","date_gmt":"2023-11-17T15:50:57","guid":{"rendered":"http:\/\/www.expeditionsolutions.ca\/?post_type=product&#038;p=989"},"modified":"2026-01-23T19:42:34","modified_gmt":"2026-01-23T19:42:34","slug":"bison-2000a-maintenance-kit","status":"publish","type":"product","link":"http:\/\/www.expeditionsolutions.ca\/en\/product\/bison-2000a-maintenance-kit\/","title":{"rendered":"Bison 2000A Maintenance Kit"},"content":{"rendered":"<h3 class=\"woo-sidebar-headline\"><strong><span class=\"sidebar-headline-text\">Product Information<\/span><\/strong><\/h3>\n<h3>Bison 2A Maintenance Kit:<\/h3>\n<p>(Comprends les pi\u00e8ces suivantes: glow pin, burner assembly, burner gasket et blower gasket)<\/p>\n<ul>\n<li><strong>GC6113 \u2013 12V Diesel<\/strong><\/li>\n<li><strong>GC6114 \u2013 24V Diesel<\/strong><\/li>\n<li><strong>GC6115 \u2013 12V Gasoline<\/strong><\/li>\n<\/ul>\n<div class=\"product-description rte\">\n<h3><\/h3>\n<blockquote>\n<h3>Exp\u00e9dition<\/h3>\n<p>La commande sera exp\u00e9di\u00e9e en 3 \u00e0 5 jours ouvrables.<\/p><\/blockquote>\n<p>&nbsp;<\/p>\n<\/div>\n<h2><strong>\ud83d\udd0d En quoi consiste l\u2019entretien d\u2019un chauffage Bison?<\/strong><\/h2>\n<p><strong>Lisez notre article <\/strong>\ud83e\uddf0 <a href=\"https:\/\/www.expeditionsolutions.ca\/en\/touslesarticles\/entretien-essentiel-chauffages-bison-general-component\/\">Entretien essentiel des chauffages Bison de General Component<\/a> pour en savoir plus sur le calendrier officiel d&rsquo;entretien et pourquoi un entretien annuel prot\u00e8ge votre investissement et assure votre s\u00e9curit\u00e9.<\/p>\n<div class=\"product-description rte\">\n<hr \/>\n<p class=\"p1\"><span style=\"color: #ff0000;\"><b><i>Prenez note que nous n&rsquo;offrons malheureusement pas l&rsquo;installation, nous soutenons enti\u00e8rement les installations DIY et serons heureux de pouvoir r\u00e9pondre \u00e0 vos questions.\u00a0<\/i><\/b><\/span><\/p>\n<hr \/>\n<p>&nbsp;<\/p>\n<\/div>","protected":false},"excerpt":{"rendered":"<p>Ce kit d&rsquo;entretien comprend toutes les pi\u00e8ces n\u00e9cessaires \u00e0 l&rsquo;entretien typique du r\u00e9chauffeur d&rsquo;air Bison 2A. Attention : il existe des versions 12V et 24V de ce kit, ainsi que des versions diesel et essence. Lisez ci-dessous pour plus de d\u00e9tails.<\/p>\n<p>&nbsp;<\/p>\n<p><img loading=\"lazy\" decoding=\"async\" class=\"alignnone size-medium wp-image-468\" src=\"http:\/\/www.expeditionsolutions.ca\/wp-content\/uploads\/2020\/09\/GC_logo-300x92.png\" alt=\"\" width=\"300\" height=\"92\" srcset=\"https:\/\/i0.wp.com\/www.expeditionsolutions.ca\/wp-content\/uploads\/2020\/09\/GC_logo.png?resize=300%2C92&amp;ssl=1 300w, https:\/\/i0.wp.com\/www.expeditionsolutions.ca\/wp-content\/uploads\/2020\/09\/GC_logo.png?resize=16%2C5&amp;ssl=1 16w, https:\/\/i0.wp.com\/www.expeditionsolutions.ca\/wp-content\/uploads\/2020\/09\/GC_logo.png?resize=600%2C184&amp;ssl=1 600w, https:\/\/i0.wp.com\/www.expeditionsolutions.ca\/wp-content\/uploads\/2020\/09\/GC_logo.png?w=608&amp;ssl=1 608w\" sizes=\"auto, (max-width: 300px) 100vw, 300px\" \/><\/p>","protected":false},"featured_media":990,"template":"","meta":{"_uag_custom_page_level_css":"","neve_meta_sidebar":"","neve_meta_container":"","neve_meta_enable_content_width":"off","neve_meta_content_width":70,"neve_meta_title_alignment":"","neve_meta_author_avatar":"","neve_post_elements_order":"","neve_meta_disable_header":"","neve_meta_disable_footer":"","neve_meta_disable_title":""},"product_brand":[84],"product_cat":[17,105],"product_tag":[31,30,32,29],"class_list":{"0":"post-989","1":"product","2":"type-product","3":"status-publish","4":"has-post-thumbnail","6":"product_brand-general-components","7":"product_cat-chauffage","8":"product_cat-general-component","9":"product_tag-bison","10":"product_tag-gasoline","11":"product_tag-general-components","12":"product_tag-heater","13":"product_shipping_class-petits-colis","15":"first","16":"instock","17":"featured","18":"taxable","19":"shipping-taxable","20":"purchasable","21":"product-type-variable"},"yoast_head":"<!-- This site is optimized with the Yoast SEO plugin v27.3 - https:\/\/yoast.com\/product\/yoast-seo-wordpress\/ -->\n<title>Bison 2000A Maintenance Kit - Expedition Solutions<\/title>\n<meta name=\"description\" content=\"Le Bison 2000A Maintenance Kit comprend toutes les pi\u00e8ces n\u00e9cessaires \u00e0 l&#039;entretien typique du r\u00e9chauffeur d&#039;air Bison 2A\" \/>\n<meta name=\"robots\" content=\"index, follow, max-snippet:-1, max-image-preview:large, max-video-preview:-1\" \/>\n<link rel=\"canonical\" href=\"https:\/\/www.expeditionsolutions.ca\/en\/product\/bison-2000a-maintenance-kit\/\" \/>\n<meta property=\"og:locale\" content=\"en_US\" \/>\n<meta property=\"og:type\" content=\"article\" \/>\n<meta property=\"og:title\" content=\"Bison 2000A Maintenance Kit - Expedition Solutions\" \/>\n<meta property=\"og:description\" content=\"Le Bison 2000A Maintenance Kit comprend toutes les pi\u00e8ces n\u00e9cessaires \u00e0 l&#039;entretien typique du r\u00e9chauffeur d&#039;air Bison 2A\" \/>\n<meta property=\"og:url\" content=\"https:\/\/www.expeditionsolutions.ca\/en\/product\/bison-2000a-maintenance-kit\/\" \/>\n<meta property=\"og:site_name\" content=\"Expedition Solutions\" \/>\n<meta property=\"article:modified_time\" content=\"2026-01-23T19:42:34+00:00\" \/>\n<meta property=\"og:image\" content=\"https:\/\/www.expeditionsolutions.ca\/wp-content\/uploads\/2023\/11\/bison-2a-service-kit.png\" \/>\n\t<meta property=\"og:image:width\" content=\"1000\" \/>\n\t<meta property=\"og:image:height\" content=\"1000\" \/>\n\t<meta property=\"og:image:type\" content=\"image\/png\" \/>\n<meta name=\"twitter:card\" content=\"summary_large_image\" \/>\n<meta name=\"twitter:label1\" content=\"Est. reading time\" \/>\n\t<meta name=\"twitter:data1\" content=\"1 minute\" \/>\n<script type=\"application\/ld+json\" class=\"yoast-schema-graph\">{\"@context\":\"https:\\\/\\\/schema.org\",\"@graph\":[{\"@type\":\"WebPage\",\"@id\":\"https:\\\/\\\/www.expeditionsolutions.ca\\\/product\\\/bison-2000a-maintenance-kit\\\/\",\"url\":\"https:\\\/\\\/www.expeditionsolutions.ca\\\/product\\\/bison-2000a-maintenance-kit\\\/\",\"name\":\"Bison 2000A Maintenance Kit - Expedition Solutions\",\"isPartOf\":{\"@id\":\"http:\\\/\\\/www.expeditionsolutions.ca\\\/#website\"},\"primaryImageOfPage\":{\"@id\":\"https:\\\/\\\/www.expeditionsolutions.ca\\\/product\\\/bison-2000a-maintenance-kit\\\/#primaryimage\"},\"image\":{\"@id\":\"https:\\\/\\\/www.expeditionsolutions.ca\\\/product\\\/bison-2000a-maintenance-kit\\\/#primaryimage\"},\"thumbnailUrl\":\"https:\\\/\\\/i0.wp.com\\\/www.expeditionsolutions.ca\\\/wp-content\\\/uploads\\\/2023\\\/11\\\/bison-2a-service-kit.png?fit=1000%2C1000&ssl=1\",\"datePublished\":\"2023-11-17T15:50:57+00:00\",\"dateModified\":\"2026-01-23T19:42:34+00:00\",\"description\":\"Le Bison 2000A Maintenance Kit comprend toutes les pi\u00e8ces n\u00e9cessaires \u00e0 l'entretien typique du r\u00e9chauffeur d'air Bison 2A\",\"breadcrumb\":{\"@id\":\"https:\\\/\\\/www.expeditionsolutions.ca\\\/product\\\/bison-2000a-maintenance-kit\\\/#breadcrumb\"},\"inLanguage\":\"en-CA\",\"potentialAction\":[{\"@type\":\"ReadAction\",\"target\":[\"https:\\\/\\\/www.expeditionsolutions.ca\\\/product\\\/bison-2000a-maintenance-kit\\\/\"]}]},{\"@type\":\"ImageObject\",\"inLanguage\":\"en-CA\",\"@id\":\"https:\\\/\\\/www.expeditionsolutions.ca\\\/product\\\/bison-2000a-maintenance-kit\\\/#primaryimage\",\"url\":\"https:\\\/\\\/i0.wp.com\\\/www.expeditionsolutions.ca\\\/wp-content\\\/uploads\\\/2023\\\/11\\\/bison-2a-service-kit.png?fit=1000%2C1000&ssl=1\",\"contentUrl\":\"https:\\\/\\\/i0.wp.com\\\/www.expeditionsolutions.ca\\\/wp-content\\\/uploads\\\/2023\\\/11\\\/bison-2a-service-kit.png?fit=1000%2C1000&ssl=1\",\"width\":1000,\"height\":1000},{\"@type\":\"BreadcrumbList\",\"@id\":\"https:\\\/\\\/www.expeditionsolutions.ca\\\/product\\\/bison-2000a-maintenance-kit\\\/#breadcrumb\",\"itemListElement\":[{\"@type\":\"ListItem\",\"position\":1,\"name\":\"Accueil\",\"item\":\"https:\\\/\\\/www.expeditionsolutions.ca\\\/\"},{\"@type\":\"ListItem\",\"position\":2,\"name\":\"Boutique\",\"item\":\"https:\\\/\\\/www.expeditionsolutions.ca\\\/shop\\\/\"},{\"@type\":\"ListItem\",\"position\":3,\"name\":\"Bison 2000A Maintenance Kit\"}]},{\"@type\":\"WebSite\",\"@id\":\"http:\\\/\\\/www.expeditionsolutions.ca\\\/#website\",\"url\":\"http:\\\/\\\/www.expeditionsolutions.ca\\\/\",\"name\":\"Expedition Solutions\",\"description\":\"\",\"publisher\":{\"@id\":\"http:\\\/\\\/www.expeditionsolutions.ca\\\/#organization\"},\"potentialAction\":[{\"@type\":\"SearchAction\",\"target\":{\"@type\":\"EntryPoint\",\"urlTemplate\":\"http:\\\/\\\/www.expeditionsolutions.ca\\\/?s={search_term_string}\"},\"query-input\":{\"@type\":\"PropertyValueSpecification\",\"valueRequired\":true,\"valueName\":\"search_term_string\"}}],\"inLanguage\":\"en-CA\"},{\"@type\":\"Organization\",\"@id\":\"http:\\\/\\\/www.expeditionsolutions.ca\\\/#organization\",\"name\":\"Expedition Solutions\",\"url\":\"http:\\\/\\\/www.expeditionsolutions.ca\\\/\",\"logo\":{\"@type\":\"ImageObject\",\"inLanguage\":\"en-CA\",\"@id\":\"http:\\\/\\\/www.expeditionsolutions.ca\\\/#\\\/schema\\\/logo\\\/image\\\/\",\"url\":\"https:\\\/\\\/i0.wp.com\\\/www.expeditionsolutions.ca\\\/wp-content\\\/uploads\\\/2020\\\/09\\\/cropped-Logo-Expedition-Solutions-1.png?fit=249%2C86&ssl=1\",\"contentUrl\":\"https:\\\/\\\/i0.wp.com\\\/www.expeditionsolutions.ca\\\/wp-content\\\/uploads\\\/2020\\\/09\\\/cropped-Logo-Expedition-Solutions-1.png?fit=249%2C86&ssl=1\",\"width\":249,\"height\":86,\"caption\":\"Expedition Solutions\"},\"image\":{\"@id\":\"http:\\\/\\\/www.expeditionsolutions.ca\\\/#\\\/schema\\\/logo\\\/image\\\/\"}}]}<\/script>\n<!-- \/ Yoast SEO plugin. -->","yoast_head_json":{"title":"Bison 2000A Maintenance Kit - Expedition Solutions","description":"Le Bison 2000A Maintenance Kit comprend toutes les pi\u00e8ces n\u00e9cessaires \u00e0 l'entretien typique du r\u00e9chauffeur d'air Bison 2A","robots":{"index":"index","follow":"follow","max-snippet":"max-snippet:-1","max-image-preview":"max-image-preview:large","max-video-preview":"max-video-preview:-1"},"canonical":"https:\/\/www.expeditionsolutions.ca\/en\/product\/bison-2000a-maintenance-kit\/","og_locale":"en_US","og_type":"article","og_title":"Bison 2000A Maintenance Kit - Expedition Solutions","og_description":"Le Bison 2000A Maintenance Kit comprend toutes les pi\u00e8ces n\u00e9cessaires \u00e0 l'entretien typique du r\u00e9chauffeur d'air Bison 2A","og_url":"https:\/\/www.expeditionsolutions.ca\/en\/product\/bison-2000a-maintenance-kit\/","og_site_name":"Expedition Solutions","article_modified_time":"2026-01-23T19:42:34+00:00","og_image":[{"width":1000,"height":1000,"url":"https:\/\/www.expeditionsolutions.ca\/wp-content\/uploads\/2023\/11\/bison-2a-service-kit.png","type":"image\/png"}],"twitter_card":"summary_large_image","twitter_misc":{"Est. reading time":"1 minute"},"schema":{"@context":"https:\/\/schema.org","@graph":[{"@type":"WebPage","@id":"https:\/\/www.expeditionsolutions.ca\/product\/bison-2000a-maintenance-kit\/","url":"https:\/\/www.expeditionsolutions.ca\/product\/bison-2000a-maintenance-kit\/","name":"Bison 2000A Maintenance Kit - Expedition Solutions","isPartOf":{"@id":"http:\/\/www.expeditionsolutions.ca\/#website"},"primaryImageOfPage":{"@id":"https:\/\/www.expeditionsolutions.ca\/product\/bison-2000a-maintenance-kit\/#primaryimage"},"image":{"@id":"https:\/\/www.expeditionsolutions.ca\/product\/bison-2000a-maintenance-kit\/#primaryimage"},"thumbnailUrl":"https:\/\/i0.wp.com\/www.expeditionsolutions.ca\/wp-content\/uploads\/2023\/11\/bison-2a-service-kit.png?fit=1000%2C1000&ssl=1","datePublished":"2023-11-17T15:50:57+00:00","dateModified":"2026-01-23T19:42:34+00:00","description":"Le Bison 2000A Maintenance Kit comprend toutes les pi\u00e8ces n\u00e9cessaires \u00e0 l'entretien typique du r\u00e9chauffeur d'air Bison 2A","breadcrumb":{"@id":"https:\/\/www.expeditionsolutions.ca\/product\/bison-2000a-maintenance-kit\/#breadcrumb"},"inLanguage":"en-CA","potentialAction":[{"@type":"ReadAction","target":["https:\/\/www.expeditionsolutions.ca\/product\/bison-2000a-maintenance-kit\/"]}]},{"@type":"ImageObject","inLanguage":"en-CA","@id":"https:\/\/www.expeditionsolutions.ca\/product\/bison-2000a-maintenance-kit\/#primaryimage","url":"https:\/\/i0.wp.com\/www.expeditionsolutions.ca\/wp-content\/uploads\/2023\/11\/bison-2a-service-kit.png?fit=1000%2C1000&ssl=1","contentUrl":"https:\/\/i0.wp.com\/www.expeditionsolutions.ca\/wp-content\/uploads\/2023\/11\/bison-2a-service-kit.png?fit=1000%2C1000&ssl=1","width":1000,"height":1000},{"@type":"BreadcrumbList","@id":"https:\/\/www.expeditionsolutions.ca\/product\/bison-2000a-maintenance-kit\/#breadcrumb","itemListElement":[{"@type":"ListItem","position":1,"name":"Accueil","item":"https:\/\/www.expeditionsolutions.ca\/"},{"@type":"ListItem","position":2,"name":"Boutique","item":"https:\/\/www.expeditionsolutions.ca\/shop\/"},{"@type":"ListItem","position":3,"name":"Bison 2000A Maintenance Kit"}]},{"@type":"WebSite","@id":"http:\/\/www.expeditionsolutions.ca\/#website","url":"http:\/\/www.expeditionsolutions.ca\/","name":"Expedition Solutions","description":"","publisher":{"@id":"http:\/\/www.expeditionsolutions.ca\/#organization"},"potentialAction":[{"@type":"SearchAction","target":{"@type":"EntryPoint","urlTemplate":"http:\/\/www.expeditionsolutions.ca\/?s={search_term_string}"},"query-input":{"@type":"PropertyValueSpecification","valueRequired":true,"valueName":"search_term_string"}}],"inLanguage":"en-CA"},{"@type":"Organization","@id":"http:\/\/www.expeditionsolutions.ca\/#organization","name":"Expedition Solutions","url":"http:\/\/www.expeditionsolutions.ca\/","logo":{"@type":"ImageObject","inLanguage":"en-CA","@id":"http:\/\/www.expeditionsolutions.ca\/#\/schema\/logo\/image\/","url":"https:\/\/i0.wp.com\/www.expeditionsolutions.ca\/wp-content\/uploads\/2020\/09\/cropped-Logo-Expedition-Solutions-1.png?fit=249%2C86&ssl=1","contentUrl":"https:\/\/i0.wp.com\/www.expeditionsolutions.ca\/wp-content\/uploads\/2020\/09\/cropped-Logo-Expedition-Solutions-1.png?fit=249%2C86&ssl=1","width":249,"height":86,"caption":"Expedition Solutions"},"image":{"@id":"http:\/\/www.expeditionsolutions.ca\/#\/schema\/logo\/image\/"}}]}},"uagb_featured_image_src":{"full":["https:\/\/i0.wp.com\/www.expeditionsolutions.ca\/wp-content\/uploads\/2023\/11\/bison-2a-service-kit.png?fit=1000%2C1000&ssl=1",1000,1000,false],"thumbnail":["https:\/\/i0.wp.com\/www.expeditionsolutions.ca\/wp-content\/uploads\/2023\/11\/bison-2a-service-kit.png?resize=150%2C150&ssl=1",150,150,true],"medium":["https:\/\/i0.wp.com\/www.expeditionsolutions.ca\/wp-content\/uploads\/2023\/11\/bison-2a-service-kit.png?fit=300%2C300&ssl=1",300,300,true],"medium_large":["https:\/\/i0.wp.com\/www.expeditionsolutions.ca\/wp-content\/uploads\/2023\/11\/bison-2a-service-kit.png?fit=768%2C768&ssl=1",768,768,true],"large":["https:\/\/i0.wp.com\/www.expeditionsolutions.ca\/wp-content\/uploads\/2023\/11\/bison-2a-service-kit.png?fit=1000%2C1000&ssl=1",1000,1000,true],"1536x1536":["https:\/\/i0.wp.com\/www.expeditionsolutions.ca\/wp-content\/uploads\/2023\/11\/bison-2a-service-kit.png?fit=1000%2C1000&ssl=1",1000,1000,true],"2048x2048":["https:\/\/i0.wp.com\/www.expeditionsolutions.ca\/wp-content\/uploads\/2023\/11\/bison-2a-service-kit.png?fit=1000%2C1000&ssl=1",1000,1000,true],"trp-custom-language-flag":["https:\/\/i0.wp.com\/www.expeditionsolutions.ca\/wp-content\/uploads\/2023\/11\/bison-2a-service-kit.png?fit=12%2C12&ssl=1",12,12,true],"neve-blog":["https:\/\/i0.wp.com\/www.expeditionsolutions.ca\/wp-content\/uploads\/2023\/11\/bison-2a-service-kit.png?resize=930%2C620&ssl=1",930,620,true],"woocommerce_thumbnail":["https:\/\/i0.wp.com\/www.expeditionsolutions.ca\/wp-content\/uploads\/2023\/11\/bison-2a-service-kit.png?resize=300%2C300&ssl=1",300,300,true],"woocommerce_single":["https:\/\/i0.wp.com\/www.expeditionsolutions.ca\/wp-content\/uploads\/2023\/11\/bison-2a-service-kit.png?fit=600%2C600&ssl=1",600,600,true],"woocommerce_gallery_thumbnail":["https:\/\/i0.wp.com\/www.expeditionsolutions.ca\/wp-content\/uploads\/2023\/11\/bison-2a-service-kit.png?resize=100%2C100&ssl=1",100,100,true]},"uagb_author_info":{"display_name":"admin","author_link":"http:\/\/www.expeditionsolutions.ca\/en\/author\/"},"uagb_comment_info":0,"uagb_excerpt":"Ce kit d'entretien comprend toutes les pi\u00e8ces n\u00e9cessaires \u00e0 l'entretien typique du r\u00e9chauffeur d'air Bison 2A. Attention : il existe des versions 12V et 24V de ce kit, ainsi que des versions diesel et essence. Lisez ci-dessous pour plus de d\u00e9tails. &nbsp;","jetpack_sharing_enabled":true,"_links":{"self":[{"href":"http:\/\/www.expeditionsolutions.ca\/en\/wp-json\/wp\/v2\/product\/989","targetHints":{"allow":["GET"]}}],"collection":[{"href":"http:\/\/www.expeditionsolutions.ca\/en\/wp-json\/wp\/v2\/product"}],"about":[{"href":"http:\/\/www.expeditionsolutions.ca\/en\/wp-json\/wp\/v2\/types\/product"}],"wp:featuredmedia":[{"embeddable":true,"href":"http:\/\/www.expeditionsolutions.ca\/en\/wp-json\/wp\/v2\/media\/990"}],"wp:attachment":[{"href":"http:\/\/www.expeditionsolutions.ca\/en\/wp-json\/wp\/v2\/media?parent=989"}],"wp:term":[{"taxonomy":"product_brand","embeddable":true,"href":"http:\/\/www.expeditionsolutions.ca\/en\/wp-json\/wp\/v2\/product_brand?post=989"},{"taxonomy":"product_cat","embeddable":true,"href":"http:\/\/www.expeditionsolutions.ca\/en\/wp-json\/wp\/v2\/product_cat?post=989"},{"taxonomy":"product_tag","embeddable":true,"href":"http:\/\/www.expeditionsolutions.ca\/en\/wp-json\/wp\/v2\/product_tag?post=989"}],"curies":[{"name":"wp","href":"https:\/\/api.w.org\/{rel}","templated":true}]}}