{"id":1016,"date":"2024-04-06T16:54:04","date_gmt":"2024-04-06T16:54:04","guid":{"rendered":"http:\/\/www.expeditionsolutions.ca\/?post_type=product&#038;p=1016"},"modified":"2026-03-23T14:56:11","modified_gmt":"2026-03-23T14:56:11","slug":"capteur-bluetooth-ruuvitag","status":"publish","type":"product","link":"https:\/\/www.expeditionsolutions.ca\/en\/product\/capteur-bluetooth-ruuvitag\/","title":{"rendered":"Capteur Bluetooth RuuviTag 4 en 1"},"content":{"rendered":"<h2>Quatre capteurs dans le m\u00eame appareil<\/h2>\n<p class=\"p1\"><b><i>Un bon choix pour tous vos besoins de mesure dans votre campeur<\/i><\/b><\/p>\n<h3 class=\"p1\">Facile \u00e0 mesurer<\/h3>\n<p class=\"p1\">RuuviTag est un capteur Bluetooth sans fil qui mesure\u00a0<b>la temp\u00e9rature<\/b>\u00a0,\u00a0<b>l&rsquo;humidit\u00e9 de l&rsquo;air<\/b>\u00a0,\u00a0<b>la pression atmosph\u00e9rique<\/b>\u00a0et\u00a0<b>les mouvements<\/b>\u00a0.\u00a0Vous pouvez surveiller les donn\u00e9es en temps r\u00e9el et les courbes historiques directement depuis votre appareil mobile \u00e0 l&rsquo;aide\u00a0de l&rsquo;application mobile Ruuvi Station (Android et iOS).<\/p>\n<p class=\"p1\">Utilisez votre imagination et mesurez presque tout \u00e0 la maison, au camping ou durant vos d\u00e9placements.<\/p>\n<h4 class=\"p1\">TEMP\u00c9RATURE<\/h4>\n<ul>\n<li class=\"p1\">RuuviTag fonctionne dans des conditions froides et chaudes. Cela permet de mesurer m\u00eame dans des conditions difficiles.<br \/>\n<i>Plage de fonctionnement : -40\u00b0C \u00e0 +85\u00b0C (\u00e9lectronique) et la plage de temp\u00e9rature recommand\u00e9e de la batterie standard est de -20\u00b0C \u00e0 +70\u00b0C.<\/i><\/li>\n<\/ul>\n<h4 class=\"p1\">UNIT\u00c9 D&rsquo;HUMIDIT\u00c9<\/h4>\n<ul>\n<li class=\"p1\">Avec RuuviTag, vous pouvez remarquer des changements d&rsquo;humidit\u00e9 dans le temps. Prot\u00e9gez les objets importants et pr\u00e9cieux tels que les instruments de musique, les plantes et les structures de la maison.<i><br \/>\n<\/i><i>Plage d&rsquo;humidit\u00e9\u00a0: 0-95\u00a0%<\/i><\/li>\n<\/ul>\n<h4 class=\"p1\">UNIT\u00c9 DE PRESSION<\/h4>\n<ul>\n<li class=\"p1\">Avec le capteur de pression de RuuviTag, vous pouvez remarquer des changements soudains et pr\u00e9dire, par exemple, l&rsquo;arriv\u00e9e d&rsquo;une temp\u00eate. Il peut \u00e9galement \u00eatre utilis\u00e9 pour observer les changements d\u2019altitude depuis le niveau de la mer jusqu\u2019aux hautes montagnes.<i><br \/>\n<\/i><i>Plage de pression\u00a0: 500-1100hPa<\/i><\/li>\n<\/ul>\n<h4 class=\"p1\">MOUVEMENT<\/h4>\n<ul>\n<li class=\"p1\">RuuviTag sait quand il a \u00e9t\u00e9 d\u00e9plac\u00e9. Vous recevrez une notification lorsque la porte aura \u00e9t\u00e9 ouverte ou que les marchandises auront \u00e9t\u00e9 d\u00e9plac\u00e9es. Veuillez noter que le capteur est tr\u00e8s sensible et qu&rsquo;il n&rsquo;est pas possible de r\u00e9gler la sensibilit\u00e9. La fonctionnalit\u00e9 fonctionne mieux avec Ruuvi Gateway.<\/li>\n<\/ul>\n<h2><\/h2>\n<h2 class=\"p1\"><b>D\u00e9ploiement rapide<\/b><\/h2>\n<p><strong>Tout ce dont vous avez besoin est un smartphone et notre application mobile gratuite avec capteurs. Il n&rsquo;y a pas de frais mensuels permanents pour l&rsquo;utilisation de l&rsquo;application.<\/strong><\/p>\n<h4 class=\"p1\">AJUSTEZ\u00a0LES ALARMES SOUHAIT\u00c9ES<\/h4>\n<ul>\n<li class=\"p1\">Vous recevez des notifications lorsque les valeurs de mesure changent ou qu&rsquo;un mouvement est d\u00e9tect\u00e9.<i><br \/>\n<\/i><i>Remarque\u00a0: des alertes par e-mail sont disponibles pour les utilisateurs de Ruuvi Gateway.<\/i><\/li>\n<\/ul>\n<h4 class=\"p1\">PERSONNALISEZ VOS PROPRES CAPTEURS<\/h4>\n<ul>\n<li class=\"p1\">Nommez les capteurs et d\u00e9finissez les fonds d&rsquo;\u00e9cran que vous aimez.<i><br \/>\n<\/i><i>Remarque\u00a0: les utilisateurs de Ruuvi Gateway peuvent partager leurs capteurs avec d&rsquo;autres.<\/i><\/li>\n<\/ul>\n<h4 class=\"p1\">\u00c9TUDIEZ LES TABLEAUX DE MESURES<\/h4>\n<ul>\n<li class=\"p1\">Utilisez l&rsquo;application mobile pour examiner jusqu&rsquo;\u00e0 10 jours de donn\u00e9es historiques sur la temp\u00e9rature, l&rsquo;humidit\u00e9 et la pression atmosph\u00e9rique. Les donn\u00e9es sont enregistr\u00e9es une fois toutes les 5 minutes. <i>Remarque\u00a0: un historique plus long est disponible pour les utilisateurs de Ruuvi Gateway.<\/i><\/li>\n<\/ul>\n<h3><\/h3>\n<h2 class=\"p3\"><b>Ruuvi et Victron travaillent ensemble pour une meilleure vie en van<\/b><\/h2>\n<p class=\"p3\"><strong>Victron et Ruuvi sont int\u00e9gr\u00e9s ensemble. Qu&rsquo;est-ce que cela signifie?<\/strong><\/p>\n<p class=\"p3\">Vous pouvez lire les lectures des appareils Ruuvi \u00e0 partir du syst\u00e8me de surveillance \u00e0 distance Victron\u00a0! Vous pouvez m\u00eame configurer certaines automatisations en fonction des mesures.<\/p>\n<p class=\"p3\">Si la temp\u00e9rature d\u00e9passe les niveaux optimaux, le refroidisseur peut s&rsquo;activer. Si l&rsquo;humidit\u00e9 atteint des niveaux ind\u00e9sirables, la ventilation commence. L\u2019automatisation simple peut \u00eatre une solution pour tout le monde\u00a0!<\/p>\n<h3><\/h3>\n<h3>Seulement les meilleures pi\u00e8ces<\/h3>\n<p class=\"p1\"><b><i>Le capteur Bluetooth RuuviTag a l&rsquo;air \u00e9l\u00e9gant et propre, mais il peut toujours fonctionner dans des environnements difficiles. Il est con\u00e7u avec passion par les meilleurs ing\u00e9nieurs.<\/i><\/b><\/p>\n<ul class=\"ul1\">\n<li class=\"li4\"><strong>PLUSIEURS ANN\u00c9ES D&rsquo;AUTONOMIE DE LA BATTERIE<\/strong><br \/>\nPile CR2477 rempla\u00e7able par l&rsquo;utilisateur (incluse). Dur\u00e9e de vie 2-3 ans.<\/li>\n<\/ul>\n<ul class=\"ul1\">\n<li class=\"li4\"><strong>HISTORIALOGISTE<\/strong><br \/>\n10 jours de m\u00e9moire historique interne t\u00e9l\u00e9chargeable. Enregistrement une fois toutes les 5 minutes.<\/li>\n<\/ul>\n<ul class=\"ul1\">\n<li class=\"li4\"><strong>LONGUE PORT\u00c9E<\/strong><br \/>\nLa technologie de balise Bluetooth offre une meilleure audition pour les appareils Bluetooth standard.<\/li>\n<\/ul>\n<ul class=\"ul1\">\n<li class=\"li4\"><strong>PAS D&rsquo;APPARIEMENT<\/strong><br \/>\nPuisqu\u2019il n\u2019est pas n\u00e9cessaire de cr\u00e9er une connexion bidirectionnelle, votre t\u00e9l\u00e9phone peut entendre les messages de plusieurs capteurs en m\u00eame temps.<\/li>\n<\/ul>\n<ul class=\"ul1\">\n<li class=\"li4\"><strong>LARGE TEMP\u00c9RATURE DE FONCTIONNEMENT<\/strong><br \/>\nUne large plage de temp\u00e9ratures de fonctionnement de -40\u00b0C \u00e0 +85\u00b0C est obtenue gr\u00e2ce \u00e0 la batterie sp\u00e9ciale de Ruuv (vendue s\u00e9par\u00e9ment). (Standard -20\u00b0C &#8230; +70\u00b0C, inclus.)<\/li>\n<\/ul>\n<ul class=\"ul1\">\n<li class=\"li4\"><strong>R\u00c9SISTANT AUX INTEMP\u00c9RIES<\/strong><br \/>\nR\u00e9siste au froid et \u00e0 la chaleur.<\/li>\n<\/ul>\n<ul class=\"ul1\">\n<li class=\"li4\"><strong>CODE SOURCE OUVERT<\/strong><br \/>\nLe firmware, l\u2019\u00e9lectronique et les applications mobiles sont tous open source.<\/li>\n<\/ul>\n<p>&nbsp;<\/p>\n<h3>VID\u00c9O<\/h3>\n<p class=\"p4\"><b>Measure Your World &#8211; Ruuvi &#8211; RuuviTag Wireless Measuring Made Easy <\/b>:<\/p>\n<p class=\"p4\"><iframe loading=\"lazy\" title=\"YouTube video player\" src=\"https:\/\/www.youtube.com\/embed\/vEJcsYVG2BA?si=9f5hZ1__qPOhSW0w\" width=\"560\" height=\"315\" frameborder=\"0\" allowfullscreen=\"allowfullscreen\"><\/iframe><\/p>\n<div id=\"title\" class=\"style-scope ytd-watch-metadata\">\n<p class=\"style-scope ytd-watch-metadata\"><strong>Monitor Temperature on Victron&rsquo;s Cerbo GX Using Ruuvi Sensors<\/strong><\/p>\n<\/div>\n<p class=\"p1\"><a href=\"https:\/\/youtu.be\/hA6euxouvMM\"><iframe loading=\"lazy\" title=\"YouTube video player\" src=\"https:\/\/www.youtube.com\/embed\/hA6euxouvMM?si=YqusCB8yq2kXJty5\" width=\"560\" height=\"315\" frameborder=\"0\" allowfullscreen=\"allowfullscreen\"><\/iframe><br \/>\n<\/a><\/p>\n<p class=\"p1\"><b>How to Use RuuviTag Sensors to Wirelessly Measure Temperature and More on Victron Cerbo GX\u00a0<\/b><\/p>\n<p><iframe loading=\"lazy\" title=\"YouTube video player\" src=\"https:\/\/www.youtube.com\/embed\/xj_aOZH2lPg?si=uJ3lQRbQxbDV4ZlT\" width=\"560\" height=\"315\" frameborder=\"0\" allowfullscreen=\"allowfullscreen\"><\/iframe><\/p>\n<p class=\"p1\"><b>See Camper\/RV Temperature from Anywhere in the world &amp; get alerts!\u00a0<\/b><\/p>\n<p>In this video, we will show you how to connect a Bluetooth Temperature Sensor to the Cerbo GX. We are using RuuviTags to monitor the temperature of our plumbing enclosure as well as the temperature of the camper van.<\/p>\n<p><iframe loading=\"lazy\" title=\"YouTube video player\" src=\"https:\/\/www.youtube.com\/embed\/Uejlm8VKAhY?si=HJ2dcE6SzsysXIIx\" width=\"560\" height=\"315\" frameborder=\"0\" allowfullscreen=\"allowfullscreen\"><\/iframe><\/p>\n<p>&nbsp;<\/p>\n<p><span class=\"s2\"><b>Technical Specifications :<\/b> <a href=\"https:\/\/ruuvi.com\/i\/u\/ruuvitag-tech-spec-2023-04.pdf\">https:\/\/ruuvi.com\/i\/u\/ruuvitag-tech-spec-2023-04.pdf<\/a><\/span><\/p>\n<p>___________________________________________________________________________<\/p>\n<p>&nbsp;<\/p>","protected":false},"excerpt":{"rendered":"<p class=\"p1\"><strong>Version standard 4 en 1<\/strong> &#8211; Capteur sans fil de temp\u00e9rature, d&rsquo;humidit\u00e9, de pression atmosph\u00e9rique et de mouvement<\/p>\n<p class=\"p1\">Les RuuviTags sont de petits capteurs sans fil (Bluetooth) faciles \u00e0 d\u00e9ployer qui envoient des donn\u00e9es directement \u00e0 votre appareil mobile ou peuvent \u00eatre associ\u00e9s \u00e0 un Victron\u00a0Cerbo GX.<\/p>\n<h3 class=\"p1\"><b>Le meilleur moniteur de temp\u00e9rature dans un v\u00e9hicule r\u00e9cr\u00e9atif<\/b><\/h3>\n<p class=\"p1\"><b>Pourquoi dois-je surveiller la temp\u00e9rature de mon campeur?<\/b><\/p>\n<p class=\"p3\">Il existe plusieurs raisons pour lesquelles vous devriez utiliser des capteurs de temp\u00e9rature dans un campeur. Les cas d&rsquo;utilisation les plus courants sont\u00a0:<\/p>\n<ul>\n<li class=\"p3\">Surveillance de la temp\u00e9rature des r\u00e9frig\u00e9rateurs et des cong\u00e9lateurs du campeur<\/li>\n<li class=\"p3\">Surveillance de la temp\u00e9rature de la cabine du campeur<\/li>\n<li class=\"p3\">Surveillance de la temp\u00e9rature ambiante des animaux de compagnie<\/li>\n<li class=\"p3\">Surveillance de la temp\u00e9rature de la batterie<\/li>\n<li class=\"p3\">Entreposage au froid pendant l&rsquo;hiver<\/li>\n<\/ul>\n<p><img loading=\"lazy\" decoding=\"async\" class=\"alignnone size-medium wp-image-1032\" src=\"http:\/\/www.expeditionsolutions.ca\/wp-content\/uploads\/2024\/04\/RuuviTag-logo-1-300x82.png\" alt=\"\" width=\"300\" height=\"82\" srcset=\"https:\/\/i0.wp.com\/www.expeditionsolutions.ca\/wp-content\/uploads\/2024\/04\/RuuviTag-logo-1.png?resize=300%2C82&amp;ssl=1 300w, https:\/\/i0.wp.com\/www.expeditionsolutions.ca\/wp-content\/uploads\/2024\/04\/RuuviTag-logo-1.png?resize=18%2C5&amp;ssl=1 18w, https:\/\/i0.wp.com\/www.expeditionsolutions.ca\/wp-content\/uploads\/2024\/04\/RuuviTag-logo-1.png?w=539&amp;ssl=1 539w\" sizes=\"auto, (max-width: 300px) 100vw, 300px\" \/><\/p>","protected":false},"featured_media":1017,"template":"","meta":{"_uag_custom_page_level_css":"","neve_meta_sidebar":"","neve_meta_container":"","neve_meta_enable_content_width":"off","neve_meta_content_width":100,"neve_meta_title_alignment":"","neve_meta_author_avatar":"","neve_post_elements_order":"","neve_meta_disable_header":"","neve_meta_disable_footer":"","neve_meta_disable_title":""},"product_brand":[85],"product_cat":[37,15],"product_tag":[74,76,73,77,75],"class_list":{"0":"post-1016","1":"product","2":"type-product","3":"status-publish","4":"has-post-thumbnail","6":"product_brand-ruuvi","7":"product_cat-electrique","8":"product_cat-new-products","9":"product_tag-cerbo-gx","10":"product_tag-ekrano-gx","11":"product_tag-ruuvi","12":"product_tag-ruuvitag","13":"product_tag-victron","14":"product_shipping_class-petits-colis","16":"first","17":"instock","18":"taxable","19":"shipping-taxable","20":"purchasable","21":"product-type-variable"},"yoast_head":"<!-- This site is optimized with the Yoast SEO plugin v27.3 - https:\/\/yoast.com\/product\/yoast-seo-wordpress\/ -->\n<title>Capteur Bluetooth RuuviTag 4 en 1 - Expedition Solutions<\/title>\n<meta name=\"description\" content=\"RuuviTag est un capteur Bluetooth sans fil qui mesure\u00a0la temp\u00e9rature,\u00a0l&#039;humidit\u00e9 de l&#039;air,\u00a0la pression atmosph\u00e9rique\u00a0et\u00a0les mouvements.\" \/>\n<meta name=\"robots\" content=\"index, follow, max-snippet:-1, max-image-preview:large, max-video-preview:-1\" \/>\n<link rel=\"canonical\" href=\"https:\/\/www.expeditionsolutions.ca\/en\/product\/capteur-bluetooth-ruuvitag\/\" \/>\n<meta property=\"og:locale\" content=\"en_US\" \/>\n<meta property=\"og:type\" content=\"article\" \/>\n<meta property=\"og:title\" content=\"Capteur Bluetooth RuuviTag 4 en 1 - Expedition Solutions\" \/>\n<meta property=\"og:description\" content=\"RuuviTag est un capteur Bluetooth sans fil qui mesure\u00a0la temp\u00e9rature,\u00a0l&#039;humidit\u00e9 de l&#039;air,\u00a0la pression atmosph\u00e9rique\u00a0et\u00a0les mouvements.\" \/>\n<meta property=\"og:url\" content=\"https:\/\/www.expeditionsolutions.ca\/en\/product\/capteur-bluetooth-ruuvitag\/\" \/>\n<meta property=\"og:site_name\" content=\"Expedition Solutions\" \/>\n<meta property=\"article:modified_time\" content=\"2026-03-23T14:56:11+00:00\" \/>\n<meta property=\"og:image\" content=\"https:\/\/www.expeditionsolutions.ca\/wp-content\/uploads\/2024\/04\/ruuvitag-product-sensors-en.webp\" \/>\n\t<meta property=\"og:image:width\" content=\"2500\" \/>\n\t<meta property=\"og:image:height\" content=\"2500\" \/>\n\t<meta property=\"og:image:type\" content=\"image\/webp\" \/>\n<meta name=\"twitter:card\" content=\"summary_large_image\" \/>\n<meta name=\"twitter:label1\" content=\"Est. reading time\" \/>\n\t<meta name=\"twitter:data1\" content=\"4 minutes\" \/>\n<script type=\"application\/ld+json\" class=\"yoast-schema-graph\">{\"@context\":\"https:\\\/\\\/schema.org\",\"@graph\":[{\"@type\":\"WebPage\",\"@id\":\"https:\\\/\\\/www.expeditionsolutions.ca\\\/product\\\/capteur-bluetooth-ruuvitag\\\/\",\"url\":\"https:\\\/\\\/www.expeditionsolutions.ca\\\/product\\\/capteur-bluetooth-ruuvitag\\\/\",\"name\":\"Capteur Bluetooth RuuviTag 4 en 1 - Expedition Solutions\",\"isPartOf\":{\"@id\":\"http:\\\/\\\/www.expeditionsolutions.ca\\\/#website\"},\"primaryImageOfPage\":{\"@id\":\"https:\\\/\\\/www.expeditionsolutions.ca\\\/product\\\/capteur-bluetooth-ruuvitag\\\/#primaryimage\"},\"image\":{\"@id\":\"https:\\\/\\\/www.expeditionsolutions.ca\\\/product\\\/capteur-bluetooth-ruuvitag\\\/#primaryimage\"},\"thumbnailUrl\":\"https:\\\/\\\/i0.wp.com\\\/www.expeditionsolutions.ca\\\/wp-content\\\/uploads\\\/2024\\\/04\\\/ruuvitag-product-sensors-en.webp?fit=2500%2C2500&ssl=1\",\"datePublished\":\"2024-04-06T16:54:04+00:00\",\"dateModified\":\"2026-03-23T14:56:11+00:00\",\"description\":\"RuuviTag est un capteur Bluetooth sans fil qui mesure\u00a0la temp\u00e9rature,\u00a0l'humidit\u00e9 de l'air,\u00a0la pression atmosph\u00e9rique\u00a0et\u00a0les mouvements.\",\"breadcrumb\":{\"@id\":\"https:\\\/\\\/www.expeditionsolutions.ca\\\/product\\\/capteur-bluetooth-ruuvitag\\\/#breadcrumb\"},\"inLanguage\":\"en-CA\",\"potentialAction\":[{\"@type\":\"ReadAction\",\"target\":[\"https:\\\/\\\/www.expeditionsolutions.ca\\\/product\\\/capteur-bluetooth-ruuvitag\\\/\"]}]},{\"@type\":\"ImageObject\",\"inLanguage\":\"en-CA\",\"@id\":\"https:\\\/\\\/www.expeditionsolutions.ca\\\/product\\\/capteur-bluetooth-ruuvitag\\\/#primaryimage\",\"url\":\"https:\\\/\\\/i0.wp.com\\\/www.expeditionsolutions.ca\\\/wp-content\\\/uploads\\\/2024\\\/04\\\/ruuvitag-product-sensors-en.webp?fit=2500%2C2500&ssl=1\",\"contentUrl\":\"https:\\\/\\\/i0.wp.com\\\/www.expeditionsolutions.ca\\\/wp-content\\\/uploads\\\/2024\\\/04\\\/ruuvitag-product-sensors-en.webp?fit=2500%2C2500&ssl=1\",\"width\":2500,\"height\":2500},{\"@type\":\"BreadcrumbList\",\"@id\":\"https:\\\/\\\/www.expeditionsolutions.ca\\\/product\\\/capteur-bluetooth-ruuvitag\\\/#breadcrumb\",\"itemListElement\":[{\"@type\":\"ListItem\",\"position\":1,\"name\":\"Accueil\",\"item\":\"https:\\\/\\\/www.expeditionsolutions.ca\\\/\"},{\"@type\":\"ListItem\",\"position\":2,\"name\":\"Boutique\",\"item\":\"https:\\\/\\\/www.expeditionsolutions.ca\\\/shop\\\/\"},{\"@type\":\"ListItem\",\"position\":3,\"name\":\"Capteur Bluetooth RuuviTag 4 en 1\"}]},{\"@type\":\"WebSite\",\"@id\":\"http:\\\/\\\/www.expeditionsolutions.ca\\\/#website\",\"url\":\"http:\\\/\\\/www.expeditionsolutions.ca\\\/\",\"name\":\"Expedition Solutions\",\"description\":\"\",\"publisher\":{\"@id\":\"http:\\\/\\\/www.expeditionsolutions.ca\\\/#organization\"},\"potentialAction\":[{\"@type\":\"SearchAction\",\"target\":{\"@type\":\"EntryPoint\",\"urlTemplate\":\"http:\\\/\\\/www.expeditionsolutions.ca\\\/?s={search_term_string}\"},\"query-input\":{\"@type\":\"PropertyValueSpecification\",\"valueRequired\":true,\"valueName\":\"search_term_string\"}}],\"inLanguage\":\"en-CA\"},{\"@type\":\"Organization\",\"@id\":\"http:\\\/\\\/www.expeditionsolutions.ca\\\/#organization\",\"name\":\"Expedition Solutions\",\"url\":\"http:\\\/\\\/www.expeditionsolutions.ca\\\/\",\"logo\":{\"@type\":\"ImageObject\",\"inLanguage\":\"en-CA\",\"@id\":\"http:\\\/\\\/www.expeditionsolutions.ca\\\/#\\\/schema\\\/logo\\\/image\\\/\",\"url\":\"https:\\\/\\\/i0.wp.com\\\/www.expeditionsolutions.ca\\\/wp-content\\\/uploads\\\/2020\\\/09\\\/cropped-Logo-Expedition-Solutions-1.png?fit=249%2C86&ssl=1\",\"contentUrl\":\"https:\\\/\\\/i0.wp.com\\\/www.expeditionsolutions.ca\\\/wp-content\\\/uploads\\\/2020\\\/09\\\/cropped-Logo-Expedition-Solutions-1.png?fit=249%2C86&ssl=1\",\"width\":249,\"height\":86,\"caption\":\"Expedition Solutions\"},\"image\":{\"@id\":\"http:\\\/\\\/www.expeditionsolutions.ca\\\/#\\\/schema\\\/logo\\\/image\\\/\"}}]}<\/script>\n<!-- \/ Yoast SEO plugin. -->","yoast_head_json":{"title":"Capteur Bluetooth RuuviTag 4 en 1 - Expedition Solutions","description":"RuuviTag est un capteur Bluetooth sans fil qui mesure\u00a0la temp\u00e9rature,\u00a0l'humidit\u00e9 de l'air,\u00a0la pression atmosph\u00e9rique\u00a0et\u00a0les mouvements.","robots":{"index":"index","follow":"follow","max-snippet":"max-snippet:-1","max-image-preview":"max-image-preview:large","max-video-preview":"max-video-preview:-1"},"canonical":"https:\/\/www.expeditionsolutions.ca\/en\/product\/capteur-bluetooth-ruuvitag\/","og_locale":"en_US","og_type":"article","og_title":"Capteur Bluetooth RuuviTag 4 en 1 - Expedition Solutions","og_description":"RuuviTag est un capteur Bluetooth sans fil qui mesure\u00a0la temp\u00e9rature,\u00a0l'humidit\u00e9 de l'air,\u00a0la pression atmosph\u00e9rique\u00a0et\u00a0les mouvements.","og_url":"https:\/\/www.expeditionsolutions.ca\/en\/product\/capteur-bluetooth-ruuvitag\/","og_site_name":"Expedition Solutions","article_modified_time":"2026-03-23T14:56:11+00:00","og_image":[{"width":2500,"height":2500,"url":"https:\/\/www.expeditionsolutions.ca\/wp-content\/uploads\/2024\/04\/ruuvitag-product-sensors-en.webp","type":"image\/webp"}],"twitter_card":"summary_large_image","twitter_misc":{"Est. reading time":"4 minutes"},"schema":{"@context":"https:\/\/schema.org","@graph":[{"@type":"WebPage","@id":"https:\/\/www.expeditionsolutions.ca\/product\/capteur-bluetooth-ruuvitag\/","url":"https:\/\/www.expeditionsolutions.ca\/product\/capteur-bluetooth-ruuvitag\/","name":"Capteur Bluetooth RuuviTag 4 en 1 - Expedition Solutions","isPartOf":{"@id":"http:\/\/www.expeditionsolutions.ca\/#website"},"primaryImageOfPage":{"@id":"https:\/\/www.expeditionsolutions.ca\/product\/capteur-bluetooth-ruuvitag\/#primaryimage"},"image":{"@id":"https:\/\/www.expeditionsolutions.ca\/product\/capteur-bluetooth-ruuvitag\/#primaryimage"},"thumbnailUrl":"https:\/\/i0.wp.com\/www.expeditionsolutions.ca\/wp-content\/uploads\/2024\/04\/ruuvitag-product-sensors-en.webp?fit=2500%2C2500&ssl=1","datePublished":"2024-04-06T16:54:04+00:00","dateModified":"2026-03-23T14:56:11+00:00","description":"RuuviTag est un capteur Bluetooth sans fil qui mesure\u00a0la temp\u00e9rature,\u00a0l'humidit\u00e9 de l'air,\u00a0la pression atmosph\u00e9rique\u00a0et\u00a0les mouvements.","breadcrumb":{"@id":"https:\/\/www.expeditionsolutions.ca\/product\/capteur-bluetooth-ruuvitag\/#breadcrumb"},"inLanguage":"en-CA","potentialAction":[{"@type":"ReadAction","target":["https:\/\/www.expeditionsolutions.ca\/product\/capteur-bluetooth-ruuvitag\/"]}]},{"@type":"ImageObject","inLanguage":"en-CA","@id":"https:\/\/www.expeditionsolutions.ca\/product\/capteur-bluetooth-ruuvitag\/#primaryimage","url":"https:\/\/i0.wp.com\/www.expeditionsolutions.ca\/wp-content\/uploads\/2024\/04\/ruuvitag-product-sensors-en.webp?fit=2500%2C2500&ssl=1","contentUrl":"https:\/\/i0.wp.com\/www.expeditionsolutions.ca\/wp-content\/uploads\/2024\/04\/ruuvitag-product-sensors-en.webp?fit=2500%2C2500&ssl=1","width":2500,"height":2500},{"@type":"BreadcrumbList","@id":"https:\/\/www.expeditionsolutions.ca\/product\/capteur-bluetooth-ruuvitag\/#breadcrumb","itemListElement":[{"@type":"ListItem","position":1,"name":"Accueil","item":"https:\/\/www.expeditionsolutions.ca\/"},{"@type":"ListItem","position":2,"name":"Boutique","item":"https:\/\/www.expeditionsolutions.ca\/shop\/"},{"@type":"ListItem","position":3,"name":"Capteur Bluetooth RuuviTag 4 en 1"}]},{"@type":"WebSite","@id":"http:\/\/www.expeditionsolutions.ca\/#website","url":"http:\/\/www.expeditionsolutions.ca\/","name":"Expedition Solutions","description":"","publisher":{"@id":"http:\/\/www.expeditionsolutions.ca\/#organization"},"potentialAction":[{"@type":"SearchAction","target":{"@type":"EntryPoint","urlTemplate":"http:\/\/www.expeditionsolutions.ca\/?s={search_term_string}"},"query-input":{"@type":"PropertyValueSpecification","valueRequired":true,"valueName":"search_term_string"}}],"inLanguage":"en-CA"},{"@type":"Organization","@id":"http:\/\/www.expeditionsolutions.ca\/#organization","name":"Expedition Solutions","url":"http:\/\/www.expeditionsolutions.ca\/","logo":{"@type":"ImageObject","inLanguage":"en-CA","@id":"http:\/\/www.expeditionsolutions.ca\/#\/schema\/logo\/image\/","url":"https:\/\/i0.wp.com\/www.expeditionsolutions.ca\/wp-content\/uploads\/2020\/09\/cropped-Logo-Expedition-Solutions-1.png?fit=249%2C86&ssl=1","contentUrl":"https:\/\/i0.wp.com\/www.expeditionsolutions.ca\/wp-content\/uploads\/2020\/09\/cropped-Logo-Expedition-Solutions-1.png?fit=249%2C86&ssl=1","width":249,"height":86,"caption":"Expedition Solutions"},"image":{"@id":"http:\/\/www.expeditionsolutions.ca\/#\/schema\/logo\/image\/"}}]}},"uagb_featured_image_src":{"full":["https:\/\/i0.wp.com\/www.expeditionsolutions.ca\/wp-content\/uploads\/2024\/04\/ruuvitag-product-sensors-en.webp?fit=2500%2C2500&ssl=1",2500,2500,false],"thumbnail":["https:\/\/i0.wp.com\/www.expeditionsolutions.ca\/wp-content\/uploads\/2024\/04\/ruuvitag-product-sensors-en.webp?resize=150%2C150&ssl=1",150,150,true],"medium":["https:\/\/i0.wp.com\/www.expeditionsolutions.ca\/wp-content\/uploads\/2024\/04\/ruuvitag-product-sensors-en.webp?fit=300%2C300&ssl=1",300,300,true],"medium_large":["https:\/\/i0.wp.com\/www.expeditionsolutions.ca\/wp-content\/uploads\/2024\/04\/ruuvitag-product-sensors-en.webp?fit=768%2C768&ssl=1",768,768,true],"large":["https:\/\/i0.wp.com\/www.expeditionsolutions.ca\/wp-content\/uploads\/2024\/04\/ruuvitag-product-sensors-en.webp?fit=1024%2C1024&ssl=1",1024,1024,true],"1536x1536":["https:\/\/i0.wp.com\/www.expeditionsolutions.ca\/wp-content\/uploads\/2024\/04\/ruuvitag-product-sensors-en.webp?fit=1536%2C1536&ssl=1",1536,1536,true],"2048x2048":["https:\/\/i0.wp.com\/www.expeditionsolutions.ca\/wp-content\/uploads\/2024\/04\/ruuvitag-product-sensors-en.webp?fit=2048%2C2048&ssl=1",2048,2048,true],"trp-custom-language-flag":["https:\/\/i0.wp.com\/www.expeditionsolutions.ca\/wp-content\/uploads\/2024\/04\/ruuvitag-product-sensors-en.webp?fit=12%2C12&ssl=1",12,12,true],"neve-blog":["https:\/\/i0.wp.com\/www.expeditionsolutions.ca\/wp-content\/uploads\/2024\/04\/ruuvitag-product-sensors-en.webp?resize=930%2C620&ssl=1",930,620,true],"woocommerce_thumbnail":["https:\/\/i0.wp.com\/www.expeditionsolutions.ca\/wp-content\/uploads\/2024\/04\/ruuvitag-product-sensors-en.webp?resize=300%2C300&ssl=1",300,300,true],"woocommerce_single":["https:\/\/i0.wp.com\/www.expeditionsolutions.ca\/wp-content\/uploads\/2024\/04\/ruuvitag-product-sensors-en.webp?fit=600%2C600&ssl=1",600,600,true],"woocommerce_gallery_thumbnail":["https:\/\/i0.wp.com\/www.expeditionsolutions.ca\/wp-content\/uploads\/2024\/04\/ruuvitag-product-sensors-en.webp?resize=100%2C100&ssl=1",100,100,true]},"uagb_author_info":{"display_name":"admin","author_link":"https:\/\/www.expeditionsolutions.ca\/en\/author\/"},"uagb_comment_info":1,"uagb_excerpt":"Version standard 4 en 1 - Capteur sans fil de temp\u00e9rature, d'humidit\u00e9, de pression atmosph\u00e9rique et de mouvement Les RuuviTags sont de petits capteurs sans fil (Bluetooth) faciles \u00e0 d\u00e9ployer qui envoient des donn\u00e9es directement \u00e0 votre appareil mobile ou peuvent \u00eatre associ\u00e9s \u00e0 un Victron\u00a0Cerbo GX. Le meilleur moniteur de temp\u00e9rature dans un v\u00e9hicule&hellip;","jetpack_sharing_enabled":true,"_links":{"self":[{"href":"https:\/\/www.expeditionsolutions.ca\/en\/wp-json\/wp\/v2\/product\/1016","targetHints":{"allow":["GET"]}}],"collection":[{"href":"https:\/\/www.expeditionsolutions.ca\/en\/wp-json\/wp\/v2\/product"}],"about":[{"href":"https:\/\/www.expeditionsolutions.ca\/en\/wp-json\/wp\/v2\/types\/product"}],"wp:featuredmedia":[{"embeddable":true,"href":"https:\/\/www.expeditionsolutions.ca\/en\/wp-json\/wp\/v2\/media\/1017"}],"wp:attachment":[{"href":"https:\/\/www.expeditionsolutions.ca\/en\/wp-json\/wp\/v2\/media?parent=1016"}],"wp:term":[{"taxonomy":"product_brand","embeddable":true,"href":"https:\/\/www.expeditionsolutions.ca\/en\/wp-json\/wp\/v2\/product_brand?post=1016"},{"taxonomy":"product_cat","embeddable":true,"href":"https:\/\/www.expeditionsolutions.ca\/en\/wp-json\/wp\/v2\/product_cat?post=1016"},{"taxonomy":"product_tag","embeddable":true,"href":"https:\/\/www.expeditionsolutions.ca\/en\/wp-json\/wp\/v2\/product_tag?post=1016"}],"curies":[{"name":"wp","href":"https:\/\/api.w.org\/{rel}","templated":true}]}}