{"id":1033,"date":"2024-04-06T18:00:22","date_gmt":"2024-04-06T18:00:22","guid":{"rendered":"http:\/\/www.expeditionsolutions.ca\/?post_type=product&#038;p=1033"},"modified":"2026-03-23T14:56:09","modified_gmt":"2026-03-23T14:56:09","slug":"capteur-bluetooth-ruuvitag-pro-100-waterproof","status":"publish","type":"product","link":"https:\/\/www.expeditionsolutions.ca\/en\/product\/capteur-bluetooth-ruuvitag-pro-100-waterproof\/","title":{"rendered":"Capteur Bluetooth RuuviTag PRO (100% Waterproof)"},"content":{"rendered":"<h2 class=\"p1\"><b>Mesurez comme un pro<\/b><\/h2>\n<p class=\"p2\"><b>Le capteur bluetooth RuuviTag Pro 100% waterproof est id\u00e9al pour une utilisation \u00e0 l&rsquo;ext\u00e9rieur de votre v\u00e9hicule.<\/b><\/p>\n<h3 class=\"p1\"><b>Compteur sans fil pr\u00e9cis et durable pour des conditions polyvalentes<\/b><\/h3>\n<p class=\"p2\">RuuviTag Pro est un capteur sans fil class\u00e9 IP con\u00e7u pour une utilisation exigeante qui mesure la chaleur, l&rsquo;humidit\u00e9, la pression atmosph\u00e9rique et les mouvements.<\/p>\n<p class=\"p2\">Pro est bas\u00e9 sur la conception fiable de RuuviTag, approuv\u00e9e par des milliers de clients professionnels. Ses nouvelles fonctionnalit\u00e9s professionnelles permettent des mesures encore plus pr\u00e9cises dans des conditions encore plus difficiles. RuuviTag Pro est le capteur open source le plus durable du march\u00e9.<\/p>\n<h3 class=\"p2\"><b>D\u00e9ploiement facile<\/b><\/h3>\n<p class=\"p2\">D\u00e9couvrez comment installer RuuviTag Pro et d\u00e9finir les limites d&rsquo;alarme souhait\u00e9es dans l&rsquo;application.<\/p>\n<h3 class=\"p2\"><b>Compl\u00e8tement \u00e9tanche<\/b><\/h3>\n<p class=\"p2\">RuuviTag Pro est con\u00e7u pour des conditions difficiles.<\/p>\n<p class=\"p5\"><b>Le RuuviTag Pro (2in1) certifi\u00e9 IP68<\/b>\u00a0et\u00a0<b>IP69K<\/b>\u00a0offre une protection contre l&rsquo;eau et dispose d&rsquo;un bo\u00eetier compl\u00e8tement \u00e9tanche. Il a \u00e9t\u00e9 test\u00e9 en laboratoire pour fonctionner\u00a0\u00e0 une profondeur de 50 m\u00e8tres pendant 24 heures\u00a0et r\u00e9sister \u00e0 un lavage \u00e0 l&rsquo;eau chaude sous pression \u00e0 80 degr\u00e9s.<\/p>\n<h3 class=\"p2\"><b>Capteur de temp\u00e9rature tr\u00e8s pr\u00e9cis<\/b><\/h3>\n<p class=\"p2\">Le capteur de temp\u00e9rature int\u00e9gr\u00e9 de RuuviTag Pro est tr\u00e8s pr\u00e9cis. Le capteur est con\u00e7u pour r\u00e9pondre aux certifications exigeantes ASTM E1112 et ISO 80601, qui sont des exigences pour des thermom\u00e8tres patients pr\u00e9cis dans les environnements hospitaliers.<\/p>\n<p class=\"p2\">La r\u00e9solution de mesure est de 0,01 \u00b0C et la pr\u00e9cision absolue de mesure est excellente de \u00b10,1 \u00b0C\u00a0dans une large plage de temp\u00e9ratures de -20&#8230;+50 \u00b0C. Et tout cela sans calibrage s\u00e9par\u00e9.<\/p>\n<p class=\"p2\">Tous les capteurs thermiques que nous utilisons sont test\u00e9s en production avec des \u00e9quipements tra\u00e7ables NIST et qui r\u00e9pondent aux normes strictes ISO\/IEC 17025 en termes de pr\u00e9cision.<\/p>\n<h3 class=\"p2\"><b>Fixation facile<\/b><\/h3>\n<p class=\"p2\">RuuviTag Pro dispose de deux trous de montage qui permettent un montage fiable quelle que soit la surface.<\/p>\n<h3 class=\"p2\"><b>Fonctionne de -40 \u00e0 +85 \u00b0C<\/b><\/h3>\n<p class=\"p2\">Le bo\u00eetier et l&rsquo;\u00e9lectronique du RuuviTag Pro sont con\u00e7us pour r\u00e9sister\u00a0au froid et \u00e0 la chaleur. L&rsquo;appareil contient la pile CR2477T sp\u00e9ciale de Ruuv, con\u00e7ue pour les conditions froides et chaudes,\u00a0qui dure 1 \u00e0 2 ans en utilisation normale. De cette mani\u00e8re, le besoin de maintenance du capteur est tr\u00e8s faible.<\/p>\n<ul class=\"ul1\">\n<li class=\"li5\"><strong>UNE TECHNOLOGIE FIABLE<\/strong><br \/>\nBas\u00e9 sur la technologie accept\u00e9e par des milliers de clients professionnels de RuuviTag.<\/li>\n<\/ul>\n<ul class=\"ul1\">\n<li class=\"li5\"><strong>PLUSIEURS CAPTEURS<\/strong><br \/>\nTemp\u00e9rature, humidit\u00e9 de l&rsquo;air, pression atmosph\u00e9rique et acc\u00e9l\u00e9ration.<\/li>\n<\/ul>\n<ul class=\"ul1\">\n<li class=\"li5\"><strong>LARGE PLAGE DE TEMP\u00c9RATURES DE FONCTIONNEMENT<\/strong><br \/>\n-40 &#8230; +85 \u00b0C.<\/li>\n<\/ul>\n<ul class=\"ul1\">\n<li class=\"li5\"><strong>INDICES IP: IP67, IP68 et IP69K<\/strong><\/li>\n<\/ul>\n<ul class=\"ul1\">\n<li class=\"li5\"><strong>CAPTEUR DE TEMP\u00c9RATURE ULTRA PR\u00c9CIS<\/strong><br \/>\nPr\u00e9cision de mesure absolue \u00b10,1 \u00b0C avec une r\u00e9solution de 0,01 \u00b0C.<\/li>\n<\/ul>\n<ul class=\"ul1\">\n<li class=\"li5\"><strong>PR\u00c9CISION DE LA MESURE DE L&rsquo;HUMIDIT\u00c9<\/strong><br \/>\n\u00b12 % (20&#8230;80 % d&rsquo;humidit\u00e9 relative, 25 \u00b0C).<\/li>\n<\/ul>\n<ul class=\"ul1\">\n<li class=\"li5\"><strong>PR\u00c9CISION DE MESURE DE LA PRESSION ATMOSPH\u00c9RIQUE<\/strong><br \/>\nPr\u00e9cision absolue typique \u00b11 hPa.<\/li>\n<\/ul>\n<ul class=\"ul1\">\n<li class=\"li5\"><strong>CODE SOURCE OUVERT<\/strong><br \/>\nLe logiciel et l&rsquo;\u00e9lectronique de l&rsquo;appareil sont enti\u00e8rement open source.<\/li>\n<\/ul>\n<ul class=\"ul1\">\n<li class=\"li5\"><strong>BO\u00ceTIER DURABLE<\/strong><br \/>\nConvient \u00e9galement \u00e0 l&rsquo;industrie, avec de bonnes options de montage.<\/li>\n<\/ul>\n<ul class=\"ul1\">\n<li class=\"li5\"><strong>BATTERIE LONGUE DUR\u00c9E<\/strong><br \/>\nDur\u00e9e 1 \u00e0 2 ans avec pile CR2477T rempla\u00e7able (incluse).<\/li>\n<\/ul>\n<ul class=\"ul1\">\n<li class=\"li5\"><strong>PORT D&rsquo;EXTENSION<\/strong><br \/>\nPort d&rsquo;extension de connecteur \u00e0 vis pour capteurs externes.<\/li>\n<\/ul>\n<p>&nbsp;<\/p>\n<h3>VID\u00c9O<\/h3>\n<p class=\"p5\"><b>Measure Your Environment Like a Pro With RuuviTag Pro\u00a0<\/b><\/p>\n<p><iframe loading=\"lazy\" title=\"YouTube video player\" src=\"https:\/\/www.youtube.com\/embed\/sWtC5xl0l9E?si=3aEzycEenvNG0viN\" width=\"560\" height=\"315\" frameborder=\"0\" allowfullscreen=\"allowfullscreen\"><\/iframe><\/p>\n<div id=\"title\" class=\"style-scope ytd-watch-metadata\">\n<p class=\"style-scope ytd-watch-metadata\"><strong>Monitor Temperature on Victron&rsquo;s Cerbo GX Using Ruuvi Sensors<\/strong><\/p>\n<\/div>\n<p class=\"p1\"><a href=\"https:\/\/youtu.be\/hA6euxouvMM\"><iframe loading=\"lazy\" title=\"YouTube video player\" src=\"https:\/\/www.youtube.com\/embed\/hA6euxouvMM?si=YqusCB8yq2kXJty5\" width=\"560\" height=\"315\" frameborder=\"0\" allowfullscreen=\"allowfullscreen\" data-mce-fragment=\"1\"><\/iframe><br \/>\n<\/a><\/p>\n<p class=\"p1\"><b>How to Use RuuviTag Sensors to Wirelessly Measure Temperature and More on Victron Cerbo GX\u00a0<\/b><\/p>\n<p><iframe loading=\"lazy\" title=\"YouTube video player\" src=\"https:\/\/www.youtube.com\/embed\/xj_aOZH2lPg?si=uJ3lQRbQxbDV4ZlT\" width=\"560\" height=\"315\" frameborder=\"0\" allowfullscreen=\"allowfullscreen\" data-mce-fragment=\"1\"><\/iframe><\/p>\n<p class=\"p1\"><b>See Camper\/RV Temperature from Anywhere in the world &amp; get alerts!\u00a0<\/b><\/p>\n<p>In this video, we will show you how to connect a Bluetooth Temperature Sensor to the Cerbo GX. We are using RuuviTags to monitor the temperature of our plumbing enclosure as well as the temperature of the camper van.<\/p>\n<p><iframe loading=\"lazy\" title=\"YouTube video player\" src=\"https:\/\/www.youtube.com\/embed\/Uejlm8VKAhY?si=HJ2dcE6SzsysXIIx\" width=\"560\" height=\"315\" frameborder=\"0\" allowfullscreen=\"allowfullscreen\" data-mce-fragment=\"1\"><\/iframe><\/p>\n<p>&nbsp;<\/p>\n<p><span class=\"s2\"><b>Technical Specifications :<\/b> <a href=\"https:\/\/ruuvi.com\/i\/u\/ruuvitag-tech-spec-2023-04.pdf\">https:\/\/ruuvi.com\/i\/u\/ruuvitag-tech-spec-2023-04.pdf<\/a><\/span><\/p>\n<p>___________________________________________________________________________<\/p>","protected":false},"excerpt":{"rendered":"<p class=\"p1\">Le Capteur Bluetooth Ruuvitag Pro, version 2-en-1 peut d\u00e9tecter la temp\u00e9rature et les mouvements. Il est certifi\u00e9 IP68 et IP69K et offre donc une protection totale contre l&rsquo;eau gr\u00e2ce \u00e0 son bo\u00eetier enti\u00e8rement \u00e9tanche. Il a \u00e9t\u00e9 test\u00e9 en laboratoire pour fonctionner dans une profondeur d&rsquo;eau allant jusqu&rsquo;\u00e0 50 m\u00e8tres pendant 24 heures et pour tol\u00e9rer une pulv\u00e9risation \u00e0 haute pression avec de l&rsquo;eau \u00e0 80 \u00b0C.<\/p>\n<p class=\"p1\">Les RuuviTags sont de petits capteurs sans fil (Bluetooth) faciles \u00e0 d\u00e9ployer qui envoient des donn\u00e9es directement \u00e0 votre appareil mobile ou peuvent \u00eatre associ\u00e9s \u00e0 un Victron\u00a0Cerbo GX.<\/p>\n<h3 class=\"p1\"><b>Le meilleur moniteur de temp\u00e9rature dans un v\u00e9hicule r\u00e9cr\u00e9atif<\/b><\/h3>\n<p class=\"p1\"><b>Pourquoi dois-je surveiller la temp\u00e9rature de mon campeur?<\/b><\/p>\n<p class=\"p3\">Il existe plusieurs raisons pour lesquelles vous devriez utiliser des capteurs de temp\u00e9rature dans un campeur. Les cas d&rsquo;utilisation les plus courants sont\u00a0:<\/p>\n<ul>\n<li class=\"p3\">Surveillance de la temp\u00e9rature des r\u00e9frig\u00e9rateurs et des cong\u00e9lateurs du campeur<\/li>\n<li class=\"p3\">Surveillance de la temp\u00e9rature de la cabine du campeur<\/li>\n<li class=\"p3\">Surveillance de la temp\u00e9rature ambiante des animaux de compagnie<\/li>\n<li class=\"p3\">Surveillance de la temp\u00e9rature de la batterie<\/li>\n<li>Surveillance de la temp\u00e9rature ext\u00e9rieure<\/li>\n<li class=\"p3\">Entreposage au froid pendant l&rsquo;hiver<\/li>\n<\/ul>\n<h3><\/h3>\n<h3 class=\"p3\"><b>Ruuvi et Victron travaillent ensemble pour une meilleure vie en van<\/b><\/h3>\n<p class=\"p3\"><strong>Victron et Ruuvi sont int\u00e9gr\u00e9s ensemble. Qu&rsquo;est-ce que cela signifie?<\/strong><\/p>\n<p class=\"p3\">Vous pouvez lire les lectures des appareils Ruuvi \u00e0 partir du syst\u00e8me de surveillance \u00e0 distance Victron\u00a0! Vous pouvez m\u00eame configurer certaines automatisations en fonction des mesures.<\/p>\n<p class=\"p3\">Si la temp\u00e9rature d\u00e9passe les niveaux optimaux, le refroidisseur peut s&rsquo;activer. Si l&rsquo;humidit\u00e9 atteint des niveaux ind\u00e9sirables, la ventilation commence. L\u2019automatisation simple peut \u00eatre une solution pour tout le monde\u00a0!<\/p>\n<p><img loading=\"lazy\" decoding=\"async\" class=\"alignnone size-medium wp-image-1032\" src=\"http:\/\/www.expeditionsolutions.ca\/wp-content\/uploads\/2024\/04\/RuuviTag-logo-1-300x82.png\" alt=\"\" width=\"300\" height=\"82\" srcset=\"https:\/\/i0.wp.com\/www.expeditionsolutions.ca\/wp-content\/uploads\/2024\/04\/RuuviTag-logo-1.png?resize=300%2C82&amp;ssl=1 300w, https:\/\/i0.wp.com\/www.expeditionsolutions.ca\/wp-content\/uploads\/2024\/04\/RuuviTag-logo-1.png?resize=18%2C5&amp;ssl=1 18w, https:\/\/i0.wp.com\/www.expeditionsolutions.ca\/wp-content\/uploads\/2024\/04\/RuuviTag-logo-1.png?w=539&amp;ssl=1 539w\" sizes=\"auto, (max-width: 300px) 100vw, 300px\" \/><\/p>","protected":false},"featured_media":1034,"template":"","meta":{"_uag_custom_page_level_css":"","neve_meta_sidebar":"","neve_meta_container":"","neve_meta_enable_content_width":"off","neve_meta_content_width":100,"neve_meta_title_alignment":"","neve_meta_author_avatar":"","neve_post_elements_order":"","neve_meta_disable_header":"","neve_meta_disable_footer":"","neve_meta_disable_title":""},"product_brand":[85],"product_cat":[37,15],"product_tag":[74,76,73,77,75],"class_list":{"0":"post-1033","1":"product","2":"type-product","3":"status-publish","4":"has-post-thumbnail","6":"product_brand-ruuvi","7":"product_cat-electrique","8":"product_cat-new-products","9":"product_tag-cerbo-gx","10":"product_tag-ekrano-gx","11":"product_tag-ruuvi","12":"product_tag-ruuvitag","13":"product_tag-victron","14":"product_shipping_class-petits-colis","16":"first","17":"instock","18":"taxable","19":"shipping-taxable","20":"purchasable","21":"product-type-simple"},"yoast_head":"<!-- This site is optimized with the Yoast SEO plugin v27.3 - https:\/\/yoast.com\/product\/yoast-seo-wordpress\/ -->\n<title>Capteur Bluetooth RuuviTag PRO (100% Waterproof) - Expedition Solutions<\/title>\n<meta name=\"description\" content=\"Le capteur de temp\u00e9rature RuuviTag Pro est id\u00e9al pour une utilisation \u00e0 l&#039;ext\u00e9rieur de votre v\u00e9hicule puisqu&#039;il est 100% Waterproof et certifi\u00e9 IP68.\" \/>\n<meta name=\"robots\" content=\"index, follow, max-snippet:-1, max-image-preview:large, max-video-preview:-1\" \/>\n<link rel=\"canonical\" href=\"https:\/\/www.expeditionsolutions.ca\/en\/product\/capteur-bluetooth-ruuvitag-pro-100-waterproof\/\" \/>\n<meta property=\"og:locale\" content=\"en_US\" \/>\n<meta property=\"og:type\" content=\"article\" \/>\n<meta property=\"og:title\" content=\"Capteur Bluetooth RuuviTag PRO (100% Waterproof) - Expedition Solutions\" \/>\n<meta property=\"og:description\" content=\"Le capteur de temp\u00e9rature RuuviTag Pro est id\u00e9al pour une utilisation \u00e0 l&#039;ext\u00e9rieur de votre v\u00e9hicule puisqu&#039;il est 100% Waterproof et certifi\u00e9 IP68.\" \/>\n<meta property=\"og:url\" content=\"https:\/\/www.expeditionsolutions.ca\/en\/product\/capteur-bluetooth-ruuvitag-pro-100-waterproof\/\" \/>\n<meta property=\"og:site_name\" content=\"Expedition Solutions\" \/>\n<meta property=\"article:modified_time\" content=\"2026-03-23T14:56:09+00:00\" \/>\n<meta property=\"og:image\" content=\"https:\/\/www.expeditionsolutions.ca\/wp-content\/uploads\/2024\/04\/tuote-ruuvitag-pro-2in1-en.webp\" \/>\n\t<meta property=\"og:image:width\" content=\"2500\" \/>\n\t<meta property=\"og:image:height\" content=\"2500\" \/>\n\t<meta property=\"og:image:type\" content=\"image\/webp\" \/>\n<meta name=\"twitter:card\" content=\"summary_large_image\" \/>\n<meta name=\"twitter:label1\" content=\"Est. reading time\" \/>\n\t<meta name=\"twitter:data1\" content=\"4 minutes\" \/>\n<script type=\"application\/ld+json\" class=\"yoast-schema-graph\">{\"@context\":\"https:\\\/\\\/schema.org\",\"@graph\":[{\"@type\":\"WebPage\",\"@id\":\"https:\\\/\\\/www.expeditionsolutions.ca\\\/product\\\/capteur-bluetooth-ruuvitag-pro-100-waterproof\\\/\",\"url\":\"https:\\\/\\\/www.expeditionsolutions.ca\\\/product\\\/capteur-bluetooth-ruuvitag-pro-100-waterproof\\\/\",\"name\":\"Capteur Bluetooth RuuviTag PRO (100% Waterproof) - Expedition Solutions\",\"isPartOf\":{\"@id\":\"http:\\\/\\\/www.expeditionsolutions.ca\\\/#website\"},\"primaryImageOfPage\":{\"@id\":\"https:\\\/\\\/www.expeditionsolutions.ca\\\/product\\\/capteur-bluetooth-ruuvitag-pro-100-waterproof\\\/#primaryimage\"},\"image\":{\"@id\":\"https:\\\/\\\/www.expeditionsolutions.ca\\\/product\\\/capteur-bluetooth-ruuvitag-pro-100-waterproof\\\/#primaryimage\"},\"thumbnailUrl\":\"https:\\\/\\\/i0.wp.com\\\/www.expeditionsolutions.ca\\\/wp-content\\\/uploads\\\/2024\\\/04\\\/tuote-ruuvitag-pro-2in1-en.webp?fit=2500%2C2500&ssl=1\",\"datePublished\":\"2024-04-06T18:00:22+00:00\",\"dateModified\":\"2026-03-23T14:56:09+00:00\",\"description\":\"Le capteur de temp\u00e9rature RuuviTag Pro est id\u00e9al pour une utilisation \u00e0 l'ext\u00e9rieur de votre v\u00e9hicule puisqu'il est 100% Waterproof et certifi\u00e9 IP68.\",\"breadcrumb\":{\"@id\":\"https:\\\/\\\/www.expeditionsolutions.ca\\\/product\\\/capteur-bluetooth-ruuvitag-pro-100-waterproof\\\/#breadcrumb\"},\"inLanguage\":\"en-CA\",\"potentialAction\":[{\"@type\":\"ReadAction\",\"target\":[\"https:\\\/\\\/www.expeditionsolutions.ca\\\/product\\\/capteur-bluetooth-ruuvitag-pro-100-waterproof\\\/\"]}]},{\"@type\":\"ImageObject\",\"inLanguage\":\"en-CA\",\"@id\":\"https:\\\/\\\/www.expeditionsolutions.ca\\\/product\\\/capteur-bluetooth-ruuvitag-pro-100-waterproof\\\/#primaryimage\",\"url\":\"https:\\\/\\\/i0.wp.com\\\/www.expeditionsolutions.ca\\\/wp-content\\\/uploads\\\/2024\\\/04\\\/tuote-ruuvitag-pro-2in1-en.webp?fit=2500%2C2500&ssl=1\",\"contentUrl\":\"https:\\\/\\\/i0.wp.com\\\/www.expeditionsolutions.ca\\\/wp-content\\\/uploads\\\/2024\\\/04\\\/tuote-ruuvitag-pro-2in1-en.webp?fit=2500%2C2500&ssl=1\",\"width\":2500,\"height\":2500},{\"@type\":\"BreadcrumbList\",\"@id\":\"https:\\\/\\\/www.expeditionsolutions.ca\\\/product\\\/capteur-bluetooth-ruuvitag-pro-100-waterproof\\\/#breadcrumb\",\"itemListElement\":[{\"@type\":\"ListItem\",\"position\":1,\"name\":\"Accueil\",\"item\":\"https:\\\/\\\/www.expeditionsolutions.ca\\\/\"},{\"@type\":\"ListItem\",\"position\":2,\"name\":\"Boutique\",\"item\":\"https:\\\/\\\/www.expeditionsolutions.ca\\\/shop\\\/\"},{\"@type\":\"ListItem\",\"position\":3,\"name\":\"Capteur Bluetooth RuuviTag PRO (100% Waterproof)\"}]},{\"@type\":\"WebSite\",\"@id\":\"http:\\\/\\\/www.expeditionsolutions.ca\\\/#website\",\"url\":\"http:\\\/\\\/www.expeditionsolutions.ca\\\/\",\"name\":\"Expedition Solutions\",\"description\":\"\",\"publisher\":{\"@id\":\"http:\\\/\\\/www.expeditionsolutions.ca\\\/#organization\"},\"potentialAction\":[{\"@type\":\"SearchAction\",\"target\":{\"@type\":\"EntryPoint\",\"urlTemplate\":\"http:\\\/\\\/www.expeditionsolutions.ca\\\/?s={search_term_string}\"},\"query-input\":{\"@type\":\"PropertyValueSpecification\",\"valueRequired\":true,\"valueName\":\"search_term_string\"}}],\"inLanguage\":\"en-CA\"},{\"@type\":\"Organization\",\"@id\":\"http:\\\/\\\/www.expeditionsolutions.ca\\\/#organization\",\"name\":\"Expedition Solutions\",\"url\":\"http:\\\/\\\/www.expeditionsolutions.ca\\\/\",\"logo\":{\"@type\":\"ImageObject\",\"inLanguage\":\"en-CA\",\"@id\":\"http:\\\/\\\/www.expeditionsolutions.ca\\\/#\\\/schema\\\/logo\\\/image\\\/\",\"url\":\"https:\\\/\\\/i0.wp.com\\\/www.expeditionsolutions.ca\\\/wp-content\\\/uploads\\\/2020\\\/09\\\/cropped-Logo-Expedition-Solutions-1.png?fit=249%2C86&ssl=1\",\"contentUrl\":\"https:\\\/\\\/i0.wp.com\\\/www.expeditionsolutions.ca\\\/wp-content\\\/uploads\\\/2020\\\/09\\\/cropped-Logo-Expedition-Solutions-1.png?fit=249%2C86&ssl=1\",\"width\":249,\"height\":86,\"caption\":\"Expedition Solutions\"},\"image\":{\"@id\":\"http:\\\/\\\/www.expeditionsolutions.ca\\\/#\\\/schema\\\/logo\\\/image\\\/\"}}]}<\/script>\n<!-- \/ Yoast SEO plugin. -->","yoast_head_json":{"title":"Capteur Bluetooth RuuviTag PRO (100% Waterproof) - Expedition Solutions","description":"Le capteur de temp\u00e9rature RuuviTag Pro est id\u00e9al pour une utilisation \u00e0 l'ext\u00e9rieur de votre v\u00e9hicule puisqu'il est 100% Waterproof et certifi\u00e9 IP68.","robots":{"index":"index","follow":"follow","max-snippet":"max-snippet:-1","max-image-preview":"max-image-preview:large","max-video-preview":"max-video-preview:-1"},"canonical":"https:\/\/www.expeditionsolutions.ca\/en\/product\/capteur-bluetooth-ruuvitag-pro-100-waterproof\/","og_locale":"en_US","og_type":"article","og_title":"Capteur Bluetooth RuuviTag PRO (100% Waterproof) - Expedition Solutions","og_description":"Le capteur de temp\u00e9rature RuuviTag Pro est id\u00e9al pour une utilisation \u00e0 l'ext\u00e9rieur de votre v\u00e9hicule puisqu'il est 100% Waterproof et certifi\u00e9 IP68.","og_url":"https:\/\/www.expeditionsolutions.ca\/en\/product\/capteur-bluetooth-ruuvitag-pro-100-waterproof\/","og_site_name":"Expedition Solutions","article_modified_time":"2026-03-23T14:56:09+00:00","og_image":[{"width":2500,"height":2500,"url":"https:\/\/www.expeditionsolutions.ca\/wp-content\/uploads\/2024\/04\/tuote-ruuvitag-pro-2in1-en.webp","type":"image\/webp"}],"twitter_card":"summary_large_image","twitter_misc":{"Est. reading time":"4 minutes"},"schema":{"@context":"https:\/\/schema.org","@graph":[{"@type":"WebPage","@id":"https:\/\/www.expeditionsolutions.ca\/product\/capteur-bluetooth-ruuvitag-pro-100-waterproof\/","url":"https:\/\/www.expeditionsolutions.ca\/product\/capteur-bluetooth-ruuvitag-pro-100-waterproof\/","name":"Capteur Bluetooth RuuviTag PRO (100% Waterproof) - Expedition Solutions","isPartOf":{"@id":"http:\/\/www.expeditionsolutions.ca\/#website"},"primaryImageOfPage":{"@id":"https:\/\/www.expeditionsolutions.ca\/product\/capteur-bluetooth-ruuvitag-pro-100-waterproof\/#primaryimage"},"image":{"@id":"https:\/\/www.expeditionsolutions.ca\/product\/capteur-bluetooth-ruuvitag-pro-100-waterproof\/#primaryimage"},"thumbnailUrl":"https:\/\/i0.wp.com\/www.expeditionsolutions.ca\/wp-content\/uploads\/2024\/04\/tuote-ruuvitag-pro-2in1-en.webp?fit=2500%2C2500&ssl=1","datePublished":"2024-04-06T18:00:22+00:00","dateModified":"2026-03-23T14:56:09+00:00","description":"Le capteur de temp\u00e9rature RuuviTag Pro est id\u00e9al pour une utilisation \u00e0 l'ext\u00e9rieur de votre v\u00e9hicule puisqu'il est 100% Waterproof et certifi\u00e9 IP68.","breadcrumb":{"@id":"https:\/\/www.expeditionsolutions.ca\/product\/capteur-bluetooth-ruuvitag-pro-100-waterproof\/#breadcrumb"},"inLanguage":"en-CA","potentialAction":[{"@type":"ReadAction","target":["https:\/\/www.expeditionsolutions.ca\/product\/capteur-bluetooth-ruuvitag-pro-100-waterproof\/"]}]},{"@type":"ImageObject","inLanguage":"en-CA","@id":"https:\/\/www.expeditionsolutions.ca\/product\/capteur-bluetooth-ruuvitag-pro-100-waterproof\/#primaryimage","url":"https:\/\/i0.wp.com\/www.expeditionsolutions.ca\/wp-content\/uploads\/2024\/04\/tuote-ruuvitag-pro-2in1-en.webp?fit=2500%2C2500&ssl=1","contentUrl":"https:\/\/i0.wp.com\/www.expeditionsolutions.ca\/wp-content\/uploads\/2024\/04\/tuote-ruuvitag-pro-2in1-en.webp?fit=2500%2C2500&ssl=1","width":2500,"height":2500},{"@type":"BreadcrumbList","@id":"https:\/\/www.expeditionsolutions.ca\/product\/capteur-bluetooth-ruuvitag-pro-100-waterproof\/#breadcrumb","itemListElement":[{"@type":"ListItem","position":1,"name":"Accueil","item":"https:\/\/www.expeditionsolutions.ca\/"},{"@type":"ListItem","position":2,"name":"Boutique","item":"https:\/\/www.expeditionsolutions.ca\/shop\/"},{"@type":"ListItem","position":3,"name":"Capteur Bluetooth RuuviTag PRO (100% Waterproof)"}]},{"@type":"WebSite","@id":"http:\/\/www.expeditionsolutions.ca\/#website","url":"http:\/\/www.expeditionsolutions.ca\/","name":"Expedition Solutions","description":"","publisher":{"@id":"http:\/\/www.expeditionsolutions.ca\/#organization"},"potentialAction":[{"@type":"SearchAction","target":{"@type":"EntryPoint","urlTemplate":"http:\/\/www.expeditionsolutions.ca\/?s={search_term_string}"},"query-input":{"@type":"PropertyValueSpecification","valueRequired":true,"valueName":"search_term_string"}}],"inLanguage":"en-CA"},{"@type":"Organization","@id":"http:\/\/www.expeditionsolutions.ca\/#organization","name":"Expedition Solutions","url":"http:\/\/www.expeditionsolutions.ca\/","logo":{"@type":"ImageObject","inLanguage":"en-CA","@id":"http:\/\/www.expeditionsolutions.ca\/#\/schema\/logo\/image\/","url":"https:\/\/i0.wp.com\/www.expeditionsolutions.ca\/wp-content\/uploads\/2020\/09\/cropped-Logo-Expedition-Solutions-1.png?fit=249%2C86&ssl=1","contentUrl":"https:\/\/i0.wp.com\/www.expeditionsolutions.ca\/wp-content\/uploads\/2020\/09\/cropped-Logo-Expedition-Solutions-1.png?fit=249%2C86&ssl=1","width":249,"height":86,"caption":"Expedition Solutions"},"image":{"@id":"http:\/\/www.expeditionsolutions.ca\/#\/schema\/logo\/image\/"}}]}},"uagb_featured_image_src":{"full":["https:\/\/i0.wp.com\/www.expeditionsolutions.ca\/wp-content\/uploads\/2024\/04\/tuote-ruuvitag-pro-2in1-en.webp?fit=2500%2C2500&ssl=1",2500,2500,false],"thumbnail":["https:\/\/i0.wp.com\/www.expeditionsolutions.ca\/wp-content\/uploads\/2024\/04\/tuote-ruuvitag-pro-2in1-en.webp?resize=150%2C150&ssl=1",150,150,true],"medium":["https:\/\/i0.wp.com\/www.expeditionsolutions.ca\/wp-content\/uploads\/2024\/04\/tuote-ruuvitag-pro-2in1-en.webp?fit=300%2C300&ssl=1",300,300,true],"medium_large":["https:\/\/i0.wp.com\/www.expeditionsolutions.ca\/wp-content\/uploads\/2024\/04\/tuote-ruuvitag-pro-2in1-en.webp?fit=768%2C768&ssl=1",768,768,true],"large":["https:\/\/i0.wp.com\/www.expeditionsolutions.ca\/wp-content\/uploads\/2024\/04\/tuote-ruuvitag-pro-2in1-en.webp?fit=1024%2C1024&ssl=1",1024,1024,true],"1536x1536":["https:\/\/i0.wp.com\/www.expeditionsolutions.ca\/wp-content\/uploads\/2024\/04\/tuote-ruuvitag-pro-2in1-en.webp?fit=1536%2C1536&ssl=1",1536,1536,true],"2048x2048":["https:\/\/i0.wp.com\/www.expeditionsolutions.ca\/wp-content\/uploads\/2024\/04\/tuote-ruuvitag-pro-2in1-en.webp?fit=2048%2C2048&ssl=1",2048,2048,true],"trp-custom-language-flag":["https:\/\/i0.wp.com\/www.expeditionsolutions.ca\/wp-content\/uploads\/2024\/04\/tuote-ruuvitag-pro-2in1-en.webp?fit=12%2C12&ssl=1",12,12,true],"neve-blog":["https:\/\/i0.wp.com\/www.expeditionsolutions.ca\/wp-content\/uploads\/2024\/04\/tuote-ruuvitag-pro-2in1-en.webp?resize=930%2C620&ssl=1",930,620,true],"woocommerce_thumbnail":["https:\/\/i0.wp.com\/www.expeditionsolutions.ca\/wp-content\/uploads\/2024\/04\/tuote-ruuvitag-pro-2in1-en.webp?resize=300%2C300&ssl=1",300,300,true],"woocommerce_single":["https:\/\/i0.wp.com\/www.expeditionsolutions.ca\/wp-content\/uploads\/2024\/04\/tuote-ruuvitag-pro-2in1-en.webp?fit=600%2C600&ssl=1",600,600,true],"woocommerce_gallery_thumbnail":["https:\/\/i0.wp.com\/www.expeditionsolutions.ca\/wp-content\/uploads\/2024\/04\/tuote-ruuvitag-pro-2in1-en.webp?resize=100%2C100&ssl=1",100,100,true]},"uagb_author_info":{"display_name":"admin","author_link":"https:\/\/www.expeditionsolutions.ca\/en\/author\/"},"uagb_comment_info":0,"uagb_excerpt":"Le Capteur Bluetooth Ruuvitag Pro, version 2-en-1 peut d\u00e9tecter la temp\u00e9rature et les mouvements. Il est certifi\u00e9 IP68 et IP69K et offre donc une protection totale contre l'eau gr\u00e2ce \u00e0 son bo\u00eetier enti\u00e8rement \u00e9tanche. Il a \u00e9t\u00e9 test\u00e9 en laboratoire pour fonctionner dans une profondeur d'eau allant jusqu'\u00e0 50 m\u00e8tres pendant 24 heures et pour&hellip;","jetpack_sharing_enabled":true,"_links":{"self":[{"href":"https:\/\/www.expeditionsolutions.ca\/en\/wp-json\/wp\/v2\/product\/1033","targetHints":{"allow":["GET"]}}],"collection":[{"href":"https:\/\/www.expeditionsolutions.ca\/en\/wp-json\/wp\/v2\/product"}],"about":[{"href":"https:\/\/www.expeditionsolutions.ca\/en\/wp-json\/wp\/v2\/types\/product"}],"wp:featuredmedia":[{"embeddable":true,"href":"https:\/\/www.expeditionsolutions.ca\/en\/wp-json\/wp\/v2\/media\/1034"}],"wp:attachment":[{"href":"https:\/\/www.expeditionsolutions.ca\/en\/wp-json\/wp\/v2\/media?parent=1033"}],"wp:term":[{"taxonomy":"product_brand","embeddable":true,"href":"https:\/\/www.expeditionsolutions.ca\/en\/wp-json\/wp\/v2\/product_brand?post=1033"},{"taxonomy":"product_cat","embeddable":true,"href":"https:\/\/www.expeditionsolutions.ca\/en\/wp-json\/wp\/v2\/product_cat?post=1033"},{"taxonomy":"product_tag","embeddable":true,"href":"https:\/\/www.expeditionsolutions.ca\/en\/wp-json\/wp\/v2\/product_tag?post=1033"}],"curies":[{"name":"wp","href":"https:\/\/api.w.org\/{rel}","templated":true}]}}