{"id":1233,"date":"2025-02-07T22:57:16","date_gmt":"2025-02-07T22:57:16","guid":{"rendered":"https:\/\/www.expeditionsolutions.ca\/?post_type=product&#038;p=1233"},"modified":"2025-10-31T19:50:46","modified_gmt":"2025-10-31T19:50:46","slug":"multiplus-ii-12-3000-120-50-120v-ul","status":"publish","type":"product","link":"https:\/\/www.expeditionsolutions.ca\/en\/product\/multiplus-ii-12-3000-120-50-120v-ul\/","title":{"rendered":"MultiPlus-II 12\/3000\/120-50 120V (UL) Convertisseur\/Chargeur"},"content":{"rendered":"<h3>Entr\u00e9e et sortie de 120\/240 V ou entr\u00e9e et sortie de 120 V (toujours sortie de 120 V en mode onduleur)<\/h3>\n<p>L\u2019entr\u00e9e CA peut \u00eatre aliment\u00e9e depuis une source de 120\/240 V \u00e0 phase divis\u00e9e, ou une source de 120 V monophas\u00e9e. Lorsqu\u2019une source CA est disponible, le MultiPlus s\u2019alimentera \u00e0 travers la source CA jusqu\u2019\u00e0 sa sortie. La sortie sera donc le miroir de l\u2019entr\u00e9e CA. L\u2019onduleur\/chargeur se raccorde au neutre et \u00e0 la ligne d\u2019entr\u00e9e pr\u00e9f\u00e9r\u00e9e (L1). La puissance n\u00e9cessaire \u00e0 la recharge des batteries sera donc tir\u00e9e de la ligne L1. Le MultiPlus commute en mode Onduleur lorsqu\u2019aucune source CA n\u2019est disponible. La sortie de l\u2019onduleur est monophas\u00e9e de 120 V. En mode onduleur, le MultiPlus connecte ensemble les deux lignes de sortie (L1 et L2) pour fournir 120 VCA aux charges de chaque ligne. Toute charge de 240 V sera donc aliment\u00e9e uniquement lorsque le MultiPlus est lui-m\u00eame aliment\u00e9 par une source divis\u00e9e CA. Cela \u00e9vite que des charges lourdes telles que des chauffe-eaux ou des climatiseurs de 240 V ne d\u00e9chargent la batterie.<\/p>\n<h3>PowerControl et PowerAssist \u2013 Am\u00e9lioration de la capacit\u00e9 du r\u00e9seau ou d&rsquo;un g\u00e9n\u00e9rateur<\/h3>\n<p>Il est possible de param\u00e9trer un courant maximal pour le g\u00e9n\u00e9rateur ou le r\u00e9seau. Le MultiPlus prend alors en compte les autres charges CA et il n&rsquo;utilisera que l&rsquo;exc\u00e9dent pour la charge, \u00e9vitant ainsi toute surcharge de l&rsquo;alimentation du r\u00e9seau ou du g\u00e9n\u00e9rateur (Fonction PowerControl). La fonction PowerAssist donne une dimension suppl\u00e9mentaire au principe du PowerControl Si une forte demande de puissance de pointe est souvent requise pour une courte dur\u00e9e, le MultiPlus-II compensera le manque de puissance du g\u00e9n\u00e9rateur, du quai ou du r\u00e9seau par l&rsquo;\u00e9nergie provenant de la batterie. Et lorsque la demande diminue, l&rsquo;exc\u00e9dent de puissance est utilis\u00e9 pour recharger la batterie (uniquement disponible sur l\u2019entr\u00e9e L1).<\/p>\n<h3>Deux sorties CA<\/h3>\n<p>La sortie principale a une fonction d\u2019alimentation ininterrompue. En cas de d\u00e9faillance du r\u00e9seau ou de d\u00e9connexion de la puissance de quai ou du g\u00e9n\u00e9rateur, le MultiPlus prend la suite de l&rsquo;alimentation des charges de 120 V connect\u00e9es. Le temps de transfert de la sortie L1 est inf\u00e9rieur \u00e0 18 millisecondes afin que les ordinateurs et les autres \u00e9quipements \u00e9lectroniques puissent continuer de fonctionner sans interruption. Le temps de transfert de la sortie L2 est sup\u00e9rieur : d\u2019environ 40 millisecondes. La deuxi\u00e8me sortie (auxiliaire) n\u2019est sous tension que lorsque l&rsquo;alimentation CA est disponible sur l&rsquo;entr\u00e9e du MultiPlus. Des charges qui ne devraient pas d\u00e9charger la batterie peuvent \u00eatre connect\u00e9es \u00e0 cette sortie.<\/p>\n<h3>Puissance d\u00e9multipli\u00e9e gr\u00e2ce au fonctionnement en parall\u00e8le et en triphas\u00e9<\/h3>\n<p>Jusqu&rsquo;\u00e0 6 Multi peuvent fonctionner en parall\u00e8le pour obtenir davantage de puissance en sortie. En plus de la connexion en parall\u00e8le, trois unit\u00e9s d&rsquo;un m\u00eame mod\u00e8le peuvent \u00eatre configur\u00e9es pour une sortie triphas\u00e9e. Avec des configurations multiphas\u00e9es, la ligne L2 est d\u00e9sactiv\u00e9e sur toutes les unit\u00e9s.<\/p>\n<h3>Configuration, suivi et contr\u00f4le du syst\u00e8me sur site<\/h3>\n<p>Les param\u00e8tres peuvent \u00eatre modifi\u00e9s en quelques minutes gr\u00e2ce au logiciel VEConfigure (un ordinateur de bureau ou portable et une interface MK3-USB sont n\u00e9cessaires). Plusieurs options de contr\u00f4le et de supervision sont disponibles : Cerbo GX, Color Control GX, Venus GX, CANvu GX, ordinateur de bureau ou portable, Bluetooth (avec une cl\u00e9 \u00e9lectronique VE.Bus Smart en option), Contr\u00f4leur de batterie, Tableau de commande num\u00e9rique Multi Control.<\/p>\n<h3>Configuration et supervision \u00e0 distance<\/h3>\n<p>Installez un Cerbo GX ou un autre produit GX pour la connexion \u00e0 Internet. Les donn\u00e9es d&rsquo;exploitation peuvent \u00eatre conserv\u00e9es et affich\u00e9es sur notre site Web gratuit VRM (Victron Remote Management). Si des syst\u00e8mes sont connect\u00e9s par Ethernet, il est possible d&rsquo;y acc\u00e9der et de modifier leur configuration.<\/p>\n<h3>PDF MANUALS<\/h3>\n<p><a href=\"https:\/\/www.victronenergy.fr\/upload\/documents\/Datasheet-MultiPlus-II-3kVA-2x120V-FR.pdf\" target=\"_blank\" rel=\"noopener\">Convertisseur \/ Chargeur MultiPlus<\/a><\/p>\n<p>&nbsp;<\/p>","protected":false},"excerpt":{"rendered":"<p>Le MultiPlus, comme son nom l&rsquo;indique, est un onduleur et un chargeur combin\u00e9s dans un seul bo\u00eetier \u00e9l\u00e9gant. Ses nombreuses fonctionnalit\u00e9s comprennent un v\u00e9ritable onduleur \u00e0 onde sinuso\u00efdale, une charge adaptative, la technologie hybride PowerAssist, ainsi que de multiples fonctions d&rsquo;int\u00e9gration syst\u00e8me.<\/p>\n<p><img loading=\"lazy\" decoding=\"async\" class=\"alignnone size-medium wp-image-617\" src=\"http:\/\/www.expeditionsolutions.ca\/wp-content\/uploads\/2021\/03\/logo-victron-energy-600-300x94.jpg\" alt=\"\" width=\"300\" height=\"94\" srcset=\"https:\/\/i0.wp.com\/www.expeditionsolutions.ca\/wp-content\/uploads\/2021\/03\/logo-victron-energy-600.jpg?resize=300%2C94&amp;ssl=1 300w, https:\/\/i0.wp.com\/www.expeditionsolutions.ca\/wp-content\/uploads\/2021\/03\/logo-victron-energy-600.jpg?resize=16%2C5&amp;ssl=1 16w, https:\/\/i0.wp.com\/www.expeditionsolutions.ca\/wp-content\/uploads\/2021\/03\/logo-victron-energy-600.jpg?w=600&amp;ssl=1 600w\" sizes=\"auto, (max-width: 300px) 100vw, 300px\" \/><\/p>","protected":false},"featured_media":1237,"template":"","meta":{"_uag_custom_page_level_css":"","neve_meta_sidebar":"","neve_meta_container":"","neve_meta_enable_content_width":"off","neve_meta_content_width":70,"neve_meta_title_alignment":"","neve_meta_author_avatar":"","neve_post_elements_order":"","neve_meta_disable_header":"","neve_meta_disable_footer":"","neve_meta_disable_title":""},"product_brand":[86],"product_cat":[37],"product_tag":[],"class_list":{"0":"post-1233","1":"product","2":"type-product","3":"status-publish","4":"has-post-thumbnail","6":"product_brand-victron-energy","7":"product_cat-electrique","8":"product_shipping_class-colis-lourds","10":"first","11":"instock","12":"taxable","13":"shipping-taxable","14":"purchasable","15":"product-type-simple"},"yoast_head":"<!-- This site is optimized with the Yoast SEO plugin v27.3 - https:\/\/yoast.com\/product\/yoast-seo-wordpress\/ -->\n<title>MultiPlus-II 12\/3000\/120-50 120V (UL) Convertisseur\/Chargeur - Expedition Solutions<\/title>\n<meta name=\"description\" content=\"Le MultiPius rassemble un convertisseur sinusoidal puissant, un chargeur \u00e0 technologie de charge adaptative et un commutateur de transfert CA ultra rapide.\" \/>\n<meta name=\"robots\" content=\"index, follow, max-snippet:-1, max-image-preview:large, max-video-preview:-1\" \/>\n<link rel=\"canonical\" href=\"http:\/\/www.expeditionsolutions.ca\/en\/product\/multiplus-ii-12-3000-120-50-120v-ul\/\" \/>\n<meta property=\"og:locale\" content=\"en_US\" \/>\n<meta property=\"og:type\" content=\"article\" \/>\n<meta property=\"og:title\" content=\"MultiPlus-II 12\/3000\/120-50 120V (UL) Convertisseur\/Chargeur - Expedition Solutions\" \/>\n<meta property=\"og:description\" content=\"Le MultiPius rassemble un convertisseur sinusoidal puissant, un chargeur \u00e0 technologie de charge adaptative et un commutateur de transfert CA ultra rapide.\" \/>\n<meta property=\"og:url\" content=\"http:\/\/www.expeditionsolutions.ca\/en\/product\/multiplus-ii-12-3000-120-50-120v-ul\/\" \/>\n<meta property=\"og:site_name\" content=\"Expedition Solutions\" \/>\n<meta property=\"article:modified_time\" content=\"2025-10-31T19:50:46+00:00\" \/>\n<meta property=\"og:image\" content=\"https:\/\/i0.wp.com\/www.expeditionsolutions.ca\/wp-content\/uploads\/2025\/02\/PMP122305100_MultiPlus-II-12_3000_120-50_2x120V.jpg?fit=1441%2C1441\" \/>\n\t<meta property=\"og:image:width\" content=\"1441\" \/>\n\t<meta property=\"og:image:height\" content=\"1441\" \/>\n\t<meta property=\"og:image:type\" content=\"image\/jpeg\" \/>\n<meta name=\"twitter:card\" content=\"summary_large_image\" \/>\n<meta name=\"twitter:label1\" content=\"Est. reading time\" \/>\n\t<meta name=\"twitter:data1\" content=\"4 minutes\" \/>\n<script type=\"application\/ld+json\" class=\"yoast-schema-graph\">{\"@context\":\"https:\\\/\\\/schema.org\",\"@graph\":[{\"@type\":\"WebPage\",\"@id\":\"http:\\\/\\\/www.expeditionsolutions.ca\\\/product\\\/multiplus-ii-12-3000-120-50-120v-ul\\\/\",\"url\":\"http:\\\/\\\/www.expeditionsolutions.ca\\\/product\\\/multiplus-ii-12-3000-120-50-120v-ul\\\/\",\"name\":\"MultiPlus-II 12\\\/3000\\\/120-50 120V (UL) Convertisseur\\\/Chargeur - Expedition Solutions\",\"isPartOf\":{\"@id\":\"http:\\\/\\\/www.expeditionsolutions.ca\\\/#website\"},\"primaryImageOfPage\":{\"@id\":\"http:\\\/\\\/www.expeditionsolutions.ca\\\/product\\\/multiplus-ii-12-3000-120-50-120v-ul\\\/#primaryimage\"},\"image\":{\"@id\":\"http:\\\/\\\/www.expeditionsolutions.ca\\\/product\\\/multiplus-ii-12-3000-120-50-120v-ul\\\/#primaryimage\"},\"thumbnailUrl\":\"https:\\\/\\\/i0.wp.com\\\/www.expeditionsolutions.ca\\\/wp-content\\\/uploads\\\/2025\\\/02\\\/PMP122305100_MultiPlus-II-12_3000_120-50_2x120V.jpg?fit=1441%2C1441&ssl=1\",\"datePublished\":\"2025-02-07T22:57:16+00:00\",\"dateModified\":\"2025-10-31T19:50:46+00:00\",\"description\":\"Le MultiPius rassemble un convertisseur sinusoidal puissant, un chargeur \u00e0 technologie de charge adaptative et un commutateur de transfert CA ultra rapide.\",\"breadcrumb\":{\"@id\":\"http:\\\/\\\/www.expeditionsolutions.ca\\\/product\\\/multiplus-ii-12-3000-120-50-120v-ul\\\/#breadcrumb\"},\"inLanguage\":\"en-CA\",\"potentialAction\":[{\"@type\":\"ReadAction\",\"target\":[\"http:\\\/\\\/www.expeditionsolutions.ca\\\/product\\\/multiplus-ii-12-3000-120-50-120v-ul\\\/\"]}]},{\"@type\":\"ImageObject\",\"inLanguage\":\"en-CA\",\"@id\":\"http:\\\/\\\/www.expeditionsolutions.ca\\\/product\\\/multiplus-ii-12-3000-120-50-120v-ul\\\/#primaryimage\",\"url\":\"https:\\\/\\\/i0.wp.com\\\/www.expeditionsolutions.ca\\\/wp-content\\\/uploads\\\/2025\\\/02\\\/PMP122305100_MultiPlus-II-12_3000_120-50_2x120V.jpg?fit=1441%2C1441&ssl=1\",\"contentUrl\":\"https:\\\/\\\/i0.wp.com\\\/www.expeditionsolutions.ca\\\/wp-content\\\/uploads\\\/2025\\\/02\\\/PMP122305100_MultiPlus-II-12_3000_120-50_2x120V.jpg?fit=1441%2C1441&ssl=1\",\"width\":1441,\"height\":1441},{\"@type\":\"BreadcrumbList\",\"@id\":\"http:\\\/\\\/www.expeditionsolutions.ca\\\/product\\\/multiplus-ii-12-3000-120-50-120v-ul\\\/#breadcrumb\",\"itemListElement\":[{\"@type\":\"ListItem\",\"position\":1,\"name\":\"Accueil\",\"item\":\"https:\\\/\\\/www.expeditionsolutions.ca\\\/\"},{\"@type\":\"ListItem\",\"position\":2,\"name\":\"Boutique\",\"item\":\"https:\\\/\\\/www.expeditionsolutions.ca\\\/shop\\\/\"},{\"@type\":\"ListItem\",\"position\":3,\"name\":\"MultiPlus-II 12\\\/3000\\\/120-50 120V (UL) Convertisseur\\\/Chargeur\"}]},{\"@type\":\"WebSite\",\"@id\":\"http:\\\/\\\/www.expeditionsolutions.ca\\\/#website\",\"url\":\"http:\\\/\\\/www.expeditionsolutions.ca\\\/\",\"name\":\"Expedition Solutions\",\"description\":\"\",\"publisher\":{\"@id\":\"http:\\\/\\\/www.expeditionsolutions.ca\\\/#organization\"},\"potentialAction\":[{\"@type\":\"SearchAction\",\"target\":{\"@type\":\"EntryPoint\",\"urlTemplate\":\"http:\\\/\\\/www.expeditionsolutions.ca\\\/?s={search_term_string}\"},\"query-input\":{\"@type\":\"PropertyValueSpecification\",\"valueRequired\":true,\"valueName\":\"search_term_string\"}}],\"inLanguage\":\"en-CA\"},{\"@type\":\"Organization\",\"@id\":\"http:\\\/\\\/www.expeditionsolutions.ca\\\/#organization\",\"name\":\"Expedition Solutions\",\"url\":\"http:\\\/\\\/www.expeditionsolutions.ca\\\/\",\"logo\":{\"@type\":\"ImageObject\",\"inLanguage\":\"en-CA\",\"@id\":\"http:\\\/\\\/www.expeditionsolutions.ca\\\/#\\\/schema\\\/logo\\\/image\\\/\",\"url\":\"https:\\\/\\\/i0.wp.com\\\/www.expeditionsolutions.ca\\\/wp-content\\\/uploads\\\/2020\\\/09\\\/cropped-Logo-Expedition-Solutions-1.png?fit=249%2C86&ssl=1\",\"contentUrl\":\"https:\\\/\\\/i0.wp.com\\\/www.expeditionsolutions.ca\\\/wp-content\\\/uploads\\\/2020\\\/09\\\/cropped-Logo-Expedition-Solutions-1.png?fit=249%2C86&ssl=1\",\"width\":249,\"height\":86,\"caption\":\"Expedition Solutions\"},\"image\":{\"@id\":\"http:\\\/\\\/www.expeditionsolutions.ca\\\/#\\\/schema\\\/logo\\\/image\\\/\"}}]}<\/script>\n<!-- \/ Yoast SEO plugin. -->","yoast_head_json":{"title":"MultiPlus-II 12\/3000\/120-50 120V (UL) Convertisseur\/Chargeur - Expedition Solutions","description":"Le MultiPius rassemble un convertisseur sinusoidal puissant, un chargeur \u00e0 technologie de charge adaptative et un commutateur de transfert CA ultra rapide.","robots":{"index":"index","follow":"follow","max-snippet":"max-snippet:-1","max-image-preview":"max-image-preview:large","max-video-preview":"max-video-preview:-1"},"canonical":"http:\/\/www.expeditionsolutions.ca\/en\/product\/multiplus-ii-12-3000-120-50-120v-ul\/","og_locale":"en_US","og_type":"article","og_title":"MultiPlus-II 12\/3000\/120-50 120V (UL) Convertisseur\/Chargeur - Expedition Solutions","og_description":"Le MultiPius rassemble un convertisseur sinusoidal puissant, un chargeur \u00e0 technologie de charge adaptative et un commutateur de transfert CA ultra rapide.","og_url":"http:\/\/www.expeditionsolutions.ca\/en\/product\/multiplus-ii-12-3000-120-50-120v-ul\/","og_site_name":"Expedition Solutions","article_modified_time":"2025-10-31T19:50:46+00:00","og_image":[{"width":1441,"height":1441,"url":"https:\/\/i0.wp.com\/www.expeditionsolutions.ca\/wp-content\/uploads\/2025\/02\/PMP122305100_MultiPlus-II-12_3000_120-50_2x120V.jpg?fit=1441%2C1441","type":"image\/jpeg"}],"twitter_card":"summary_large_image","twitter_misc":{"Est. reading time":"4 minutes"},"schema":{"@context":"https:\/\/schema.org","@graph":[{"@type":"WebPage","@id":"http:\/\/www.expeditionsolutions.ca\/product\/multiplus-ii-12-3000-120-50-120v-ul\/","url":"http:\/\/www.expeditionsolutions.ca\/product\/multiplus-ii-12-3000-120-50-120v-ul\/","name":"MultiPlus-II 12\/3000\/120-50 120V (UL) Convertisseur\/Chargeur - Expedition Solutions","isPartOf":{"@id":"http:\/\/www.expeditionsolutions.ca\/#website"},"primaryImageOfPage":{"@id":"http:\/\/www.expeditionsolutions.ca\/product\/multiplus-ii-12-3000-120-50-120v-ul\/#primaryimage"},"image":{"@id":"http:\/\/www.expeditionsolutions.ca\/product\/multiplus-ii-12-3000-120-50-120v-ul\/#primaryimage"},"thumbnailUrl":"https:\/\/i0.wp.com\/www.expeditionsolutions.ca\/wp-content\/uploads\/2025\/02\/PMP122305100_MultiPlus-II-12_3000_120-50_2x120V.jpg?fit=1441%2C1441&ssl=1","datePublished":"2025-02-07T22:57:16+00:00","dateModified":"2025-10-31T19:50:46+00:00","description":"Le MultiPius rassemble un convertisseur sinusoidal puissant, un chargeur \u00e0 technologie de charge adaptative et un commutateur de transfert CA ultra rapide.","breadcrumb":{"@id":"http:\/\/www.expeditionsolutions.ca\/product\/multiplus-ii-12-3000-120-50-120v-ul\/#breadcrumb"},"inLanguage":"en-CA","potentialAction":[{"@type":"ReadAction","target":["http:\/\/www.expeditionsolutions.ca\/product\/multiplus-ii-12-3000-120-50-120v-ul\/"]}]},{"@type":"ImageObject","inLanguage":"en-CA","@id":"http:\/\/www.expeditionsolutions.ca\/product\/multiplus-ii-12-3000-120-50-120v-ul\/#primaryimage","url":"https:\/\/i0.wp.com\/www.expeditionsolutions.ca\/wp-content\/uploads\/2025\/02\/PMP122305100_MultiPlus-II-12_3000_120-50_2x120V.jpg?fit=1441%2C1441&ssl=1","contentUrl":"https:\/\/i0.wp.com\/www.expeditionsolutions.ca\/wp-content\/uploads\/2025\/02\/PMP122305100_MultiPlus-II-12_3000_120-50_2x120V.jpg?fit=1441%2C1441&ssl=1","width":1441,"height":1441},{"@type":"BreadcrumbList","@id":"http:\/\/www.expeditionsolutions.ca\/product\/multiplus-ii-12-3000-120-50-120v-ul\/#breadcrumb","itemListElement":[{"@type":"ListItem","position":1,"name":"Accueil","item":"https:\/\/www.expeditionsolutions.ca\/"},{"@type":"ListItem","position":2,"name":"Boutique","item":"https:\/\/www.expeditionsolutions.ca\/shop\/"},{"@type":"ListItem","position":3,"name":"MultiPlus-II 12\/3000\/120-50 120V (UL) Convertisseur\/Chargeur"}]},{"@type":"WebSite","@id":"http:\/\/www.expeditionsolutions.ca\/#website","url":"http:\/\/www.expeditionsolutions.ca\/","name":"Expedition Solutions","description":"","publisher":{"@id":"http:\/\/www.expeditionsolutions.ca\/#organization"},"potentialAction":[{"@type":"SearchAction","target":{"@type":"EntryPoint","urlTemplate":"http:\/\/www.expeditionsolutions.ca\/?s={search_term_string}"},"query-input":{"@type":"PropertyValueSpecification","valueRequired":true,"valueName":"search_term_string"}}],"inLanguage":"en-CA"},{"@type":"Organization","@id":"http:\/\/www.expeditionsolutions.ca\/#organization","name":"Expedition Solutions","url":"http:\/\/www.expeditionsolutions.ca\/","logo":{"@type":"ImageObject","inLanguage":"en-CA","@id":"http:\/\/www.expeditionsolutions.ca\/#\/schema\/logo\/image\/","url":"https:\/\/i0.wp.com\/www.expeditionsolutions.ca\/wp-content\/uploads\/2020\/09\/cropped-Logo-Expedition-Solutions-1.png?fit=249%2C86&ssl=1","contentUrl":"https:\/\/i0.wp.com\/www.expeditionsolutions.ca\/wp-content\/uploads\/2020\/09\/cropped-Logo-Expedition-Solutions-1.png?fit=249%2C86&ssl=1","width":249,"height":86,"caption":"Expedition Solutions"},"image":{"@id":"http:\/\/www.expeditionsolutions.ca\/#\/schema\/logo\/image\/"}}]}},"uagb_featured_image_src":{"full":["https:\/\/i0.wp.com\/www.expeditionsolutions.ca\/wp-content\/uploads\/2025\/02\/PMP122305100_MultiPlus-II-12_3000_120-50_2x120V.jpg?fit=1441%2C1441&ssl=1",1441,1441,false],"thumbnail":["https:\/\/i0.wp.com\/www.expeditionsolutions.ca\/wp-content\/uploads\/2025\/02\/PMP122305100_MultiPlus-II-12_3000_120-50_2x120V.jpg?resize=150%2C150&ssl=1",150,150,true],"medium":["https:\/\/i0.wp.com\/www.expeditionsolutions.ca\/wp-content\/uploads\/2025\/02\/PMP122305100_MultiPlus-II-12_3000_120-50_2x120V.jpg?fit=300%2C300&ssl=1",300,300,true],"medium_large":["https:\/\/i0.wp.com\/www.expeditionsolutions.ca\/wp-content\/uploads\/2025\/02\/PMP122305100_MultiPlus-II-12_3000_120-50_2x120V.jpg?fit=768%2C768&ssl=1",768,768,true],"large":["https:\/\/i0.wp.com\/www.expeditionsolutions.ca\/wp-content\/uploads\/2025\/02\/PMP122305100_MultiPlus-II-12_3000_120-50_2x120V.jpg?fit=1024%2C1024&ssl=1",1024,1024,true],"1536x1536":["https:\/\/i0.wp.com\/www.expeditionsolutions.ca\/wp-content\/uploads\/2025\/02\/PMP122305100_MultiPlus-II-12_3000_120-50_2x120V.jpg?fit=1441%2C1441&ssl=1",1441,1441,true],"2048x2048":["https:\/\/i0.wp.com\/www.expeditionsolutions.ca\/wp-content\/uploads\/2025\/02\/PMP122305100_MultiPlus-II-12_3000_120-50_2x120V.jpg?fit=1441%2C1441&ssl=1",1441,1441,true],"trp-custom-language-flag":["https:\/\/i0.wp.com\/www.expeditionsolutions.ca\/wp-content\/uploads\/2025\/02\/PMP122305100_MultiPlus-II-12_3000_120-50_2x120V.jpg?fit=12%2C12&ssl=1",12,12,true],"neve-blog":["https:\/\/i0.wp.com\/www.expeditionsolutions.ca\/wp-content\/uploads\/2025\/02\/PMP122305100_MultiPlus-II-12_3000_120-50_2x120V.jpg?resize=930%2C620&ssl=1",930,620,true],"woocommerce_thumbnail":["https:\/\/i0.wp.com\/www.expeditionsolutions.ca\/wp-content\/uploads\/2025\/02\/PMP122305100_MultiPlus-II-12_3000_120-50_2x120V.jpg?resize=300%2C300&ssl=1",300,300,true],"woocommerce_single":["https:\/\/i0.wp.com\/www.expeditionsolutions.ca\/wp-content\/uploads\/2025\/02\/PMP122305100_MultiPlus-II-12_3000_120-50_2x120V.jpg?fit=600%2C600&ssl=1",600,600,true],"woocommerce_gallery_thumbnail":["https:\/\/i0.wp.com\/www.expeditionsolutions.ca\/wp-content\/uploads\/2025\/02\/PMP122305100_MultiPlus-II-12_3000_120-50_2x120V.jpg?resize=100%2C100&ssl=1",100,100,true]},"uagb_author_info":{"display_name":"admin","author_link":"https:\/\/www.expeditionsolutions.ca\/en\/author\/"},"uagb_comment_info":0,"uagb_excerpt":"Le MultiPlus, comme son nom l'indique, est un onduleur et un chargeur combin\u00e9s dans un seul bo\u00eetier \u00e9l\u00e9gant. Ses nombreuses fonctionnalit\u00e9s comprennent un v\u00e9ritable onduleur \u00e0 onde sinuso\u00efdale, une charge adaptative, la technologie hybride PowerAssist, ainsi que de multiples fonctions d'int\u00e9gration syst\u00e8me.","jetpack_sharing_enabled":true,"_links":{"self":[{"href":"https:\/\/www.expeditionsolutions.ca\/en\/wp-json\/wp\/v2\/product\/1233","targetHints":{"allow":["GET"]}}],"collection":[{"href":"https:\/\/www.expeditionsolutions.ca\/en\/wp-json\/wp\/v2\/product"}],"about":[{"href":"https:\/\/www.expeditionsolutions.ca\/en\/wp-json\/wp\/v2\/types\/product"}],"wp:featuredmedia":[{"embeddable":true,"href":"https:\/\/www.expeditionsolutions.ca\/en\/wp-json\/wp\/v2\/media\/1237"}],"wp:attachment":[{"href":"https:\/\/www.expeditionsolutions.ca\/en\/wp-json\/wp\/v2\/media?parent=1233"}],"wp:term":[{"taxonomy":"product_brand","embeddable":true,"href":"https:\/\/www.expeditionsolutions.ca\/en\/wp-json\/wp\/v2\/product_brand?post=1233"},{"taxonomy":"product_cat","embeddable":true,"href":"https:\/\/www.expeditionsolutions.ca\/en\/wp-json\/wp\/v2\/product_cat?post=1233"},{"taxonomy":"product_tag","embeddable":true,"href":"https:\/\/www.expeditionsolutions.ca\/en\/wp-json\/wp\/v2\/product_tag?post=1233"}],"curies":[{"name":"wp","href":"https:\/\/api.w.org\/{rel}","templated":true}]}}