{"id":1238,"date":"2025-02-07T23:14:21","date_gmt":"2025-02-07T23:14:21","guid":{"rendered":"https:\/\/www.expeditionsolutions.ca\/?post_type=product&#038;p=1238"},"modified":"2025-10-31T19:50:35","modified_gmt":"2025-10-31T19:50:35","slug":"multiplus-ii-12-3000-120-50-120v-ul-2","status":"publish","type":"product","link":"https:\/\/www.expeditionsolutions.ca\/en\/product\/multiplus-ii-12-3000-120-50-120v-ul-2\/","title":{"rendered":"MultiPlus 12\/2000\/80-50 120V VE.Bus (UL) Convertisseur\/Chargeur"},"content":{"rendered":"<h3 class=\"productDetails__block-title\"><span class=\"productDetails__block-title-content\">Fonction unique PowerAssist<\/span><\/h3>\n<div class=\"productDetails__block-description\"><span lang=\"FR\">Le MultiPlus emp\u00eachera la surcharge d&rsquo;une source CA limit\u00e9e, telle qu&rsquo;une connexion de quai ou de g\u00e9n\u00e9rateur. Le processus de charge de la batterie sera d&rsquo;abord automatiquement r\u00e9duit\u00a0; dans le cas contraire, une surcharge se produirait. Ensuite, la sortie d&rsquo;un g\u00e9n\u00e9rateur ou de l&rsquo;alimentation de quai sera stimul\u00e9e en extrayant la puissance de la batterie.<\/span><\/div>\n<div>\n<h3><\/h3>\n<h3 class=\"productDetails__block-title\"><span class=\"productDetails__block-title-content\">Puissance CA ininterrompue (Fonction UPS)<\/span><\/h3>\n<div class=\"productDetails__block-description\"><span lang=\"FR\">En cas de coupure secteur ou de d\u00e9connexion du quai ou du g\u00e9n\u00e9rateur, le convertisseur du Multi s&rsquo;active automatiquement et il reprend l&rsquo;alimentation des charges connect\u00e9es. Ce transfert est si rapide (moins de 20\u00a0millisecondes) que le fonctionnement des ordinateurs ou des autres \u00e9quipements \u00e9lectroniques ne sera pas perturb\u00e9.<\/span><\/div>\n<div>\n<h3><\/h3>\n<h3 class=\"productDetails__block-title\"><span class=\"productDetails__block-title-content\">Puissance virtuellement illimit\u00e9e gr\u00e2ce au fonctionnement en parall\u00e8le<\/span><\/h3>\n<div class=\"productDetails__block-description\"><span lang=\"FR\">Jusqu&rsquo;\u00e0 6\u00a0unit\u00e9s peuvent fonctionner en parall\u00e8le pour obtenir plus de puissance en sortie. Un fonctionnement triphas\u00e9 ou en phase divis\u00e9e est \u00e9galement possible.\u00a0<\/span><\/div>\n<div>\n<h3><\/h3>\n<h3 class=\"productDetails__block-title\"><span class=\"productDetails__block-title-content\">Remote Monitoring and Control<\/span><\/h3>\n<div class=\"productDetails__block-description\"><span lang=\"FR\">Lorsqu&rsquo;il est associ\u00e9 \u00e0 un appareil GX (par ex. un Cerbo GX), vous pouvez superviser et contr\u00f4ler votre MultiPlus et votre syst\u00e8me ou syst\u00e8mes, soit localement (LAN), soit \u00e0 distance (par Internet) depuis n&rsquo;importe o\u00f9 dans le monde par le biais de l&rsquo;application gratuite VRM et du site Web gratuit VRM. Vous pouvez y acc\u00e9der depuis un t\u00e9l\u00e9phone, une tablette, un ordinateur portable ou un PC fonctionnant avec diff\u00e9rents syst\u00e8mes d&rsquo;exploitation. Le niveau de contr\u00f4le de votre syst\u00e8me est infini, que ce soit pour effectuer des r\u00e9glages sur votre MultiPlus ou pour lancer un d\u00e9marrage automatique de votre g\u00e9n\u00e9rateur de secours, et bien plus encore&#8230;\u00a0<\/span><\/div>\n<\/div>\n<\/div>\n<\/div>\n<h3><\/h3>\n<h3>PDF MANUALS<\/h3>\n<p><a href=\"https:\/\/www.victronenergy.fr\/upload\/documents\/Datasheet-MultiPlus-II-3kVA-2x120V-FR.pdf\" target=\"_blank\" rel=\"noopener\">Convertisseur \/ Chargeur MultiPlus<\/a><\/p>\n<p>&nbsp;<\/p>","protected":false},"excerpt":{"rendered":"<p>Le MultiPlus, comme son nom l&rsquo;indique, est un onduleur et un chargeur combin\u00e9s dans un seul bo\u00eetier \u00e9l\u00e9gant. Ses nombreuses fonctionnalit\u00e9s comprennent un v\u00e9ritable onduleur \u00e0 onde sinuso\u00efdale, une charge adaptative, la technologie hybride PowerAssist, ainsi que de multiples fonctions d&rsquo;int\u00e9gration syst\u00e8me.<\/p>\n<div class=\"hidden-xs\">\n<div class=\"productDetail__content-subheader\">\n<p>Approuv\u00e9 UL\/CSA<\/p>\n<\/div>\n<\/div>\n<p><img loading=\"lazy\" decoding=\"async\" class=\"alignnone size-medium wp-image-617\" src=\"http:\/\/www.expeditionsolutions.ca\/wp-content\/uploads\/2021\/03\/logo-victron-energy-600-300x94.jpg\" alt=\"\" width=\"300\" height=\"94\" srcset=\"https:\/\/i0.wp.com\/www.expeditionsolutions.ca\/wp-content\/uploads\/2021\/03\/logo-victron-energy-600.jpg?resize=300%2C94&amp;ssl=1 300w, https:\/\/i0.wp.com\/www.expeditionsolutions.ca\/wp-content\/uploads\/2021\/03\/logo-victron-energy-600.jpg?resize=16%2C5&amp;ssl=1 16w, https:\/\/i0.wp.com\/www.expeditionsolutions.ca\/wp-content\/uploads\/2021\/03\/logo-victron-energy-600.jpg?w=600&amp;ssl=1 600w\" sizes=\"auto, (max-width: 300px) 100vw, 300px\" \/><\/p>","protected":false},"featured_media":1240,"template":"","meta":{"_uag_custom_page_level_css":"","neve_meta_sidebar":"","neve_meta_container":"","neve_meta_enable_content_width":"off","neve_meta_content_width":70,"neve_meta_title_alignment":"","neve_meta_author_avatar":"","neve_post_elements_order":"","neve_meta_disable_header":"","neve_meta_disable_footer":"","neve_meta_disable_title":""},"product_brand":[86],"product_cat":[37],"product_tag":[],"class_list":{"0":"post-1238","1":"product","2":"type-product","3":"status-publish","4":"has-post-thumbnail","6":"product_brand-victron-energy","7":"product_cat-electrique","8":"product_shipping_class-colis-lourds","10":"first","11":"instock","12":"taxable","13":"shipping-taxable","14":"purchasable","15":"product-type-simple"},"yoast_head":"<!-- This site is optimized with the Yoast SEO plugin v27.3 - https:\/\/yoast.com\/product\/yoast-seo-wordpress\/ -->\n<title>MultiPlus 12\/2000\/80-50 120V VE.Bus (UL) - Expedition Solutions<\/title>\n<meta name=\"description\" content=\"Le MultiPius rassemble un convertisseur sinusoidal puissant, un chargeur \u00e0 technologie de charge adaptative et un commutateur de transfert CA ultra rapide.\" \/>\n<meta name=\"robots\" content=\"index, follow, max-snippet:-1, max-image-preview:large, max-video-preview:-1\" \/>\n<link rel=\"canonical\" href=\"http:\/\/www.expeditionsolutions.ca\/en\/product\/multiplus-ii-12-3000-120-50-120v-ul-2\/\" \/>\n<meta property=\"og:locale\" content=\"en_US\" \/>\n<meta property=\"og:type\" content=\"article\" \/>\n<meta property=\"og:title\" content=\"MultiPlus 12\/2000\/80-50 120V VE.Bus (UL) - Expedition Solutions\" \/>\n<meta property=\"og:description\" content=\"Le MultiPius rassemble un convertisseur sinusoidal puissant, un chargeur \u00e0 technologie de charge adaptative et un commutateur de transfert CA ultra rapide.\" \/>\n<meta property=\"og:url\" content=\"http:\/\/www.expeditionsolutions.ca\/en\/product\/multiplus-ii-12-3000-120-50-120v-ul-2\/\" \/>\n<meta property=\"og:site_name\" content=\"Expedition Solutions\" \/>\n<meta property=\"article:modified_time\" content=\"2025-10-31T19:50:35+00:00\" \/>\n<meta property=\"og:image\" content=\"https:\/\/i0.wp.com\/www.expeditionsolutions.ca\/wp-content\/uploads\/2025\/02\/PMP122200100_MultiPlus-12-2000VA-80-120V-front-copie.jpg?fit=1152%2C1152\" \/>\n\t<meta property=\"og:image:width\" content=\"1152\" \/>\n\t<meta property=\"og:image:height\" content=\"1152\" \/>\n\t<meta property=\"og:image:type\" content=\"image\/jpeg\" \/>\n<meta name=\"twitter:card\" content=\"summary_large_image\" \/>\n<meta name=\"twitter:label1\" content=\"Est. reading time\" \/>\n\t<meta name=\"twitter:data1\" content=\"2 minutes\" \/>\n<script type=\"application\/ld+json\" class=\"yoast-schema-graph\">{\"@context\":\"https:\\\/\\\/schema.org\",\"@graph\":[{\"@type\":\"WebPage\",\"@id\":\"http:\\\/\\\/www.expeditionsolutions.ca\\\/en\\\/product\\\/multiplus-ii-12-3000-120-50-120v-ul-2\\\/\",\"url\":\"http:\\\/\\\/www.expeditionsolutions.ca\\\/en\\\/product\\\/multiplus-ii-12-3000-120-50-120v-ul-2\\\/\",\"name\":\"MultiPlus 12\\\/2000\\\/80-50 120V VE.Bus (UL) - Expedition Solutions\",\"isPartOf\":{\"@id\":\"http:\\\/\\\/www.expeditionsolutions.ca\\\/#website\"},\"primaryImageOfPage\":{\"@id\":\"http:\\\/\\\/www.expeditionsolutions.ca\\\/en\\\/product\\\/multiplus-ii-12-3000-120-50-120v-ul-2\\\/#primaryimage\"},\"image\":{\"@id\":\"http:\\\/\\\/www.expeditionsolutions.ca\\\/en\\\/product\\\/multiplus-ii-12-3000-120-50-120v-ul-2\\\/#primaryimage\"},\"thumbnailUrl\":\"https:\\\/\\\/i0.wp.com\\\/www.expeditionsolutions.ca\\\/wp-content\\\/uploads\\\/2025\\\/02\\\/PMP122200100_MultiPlus-12-2000VA-80-120V-front-copie.jpg?fit=1152%2C1152&ssl=1\",\"datePublished\":\"2025-02-07T23:14:21+00:00\",\"dateModified\":\"2025-10-31T19:50:35+00:00\",\"description\":\"Le MultiPius rassemble un convertisseur sinusoidal puissant, un chargeur \u00e0 technologie de charge adaptative et un commutateur de transfert CA ultra rapide.\",\"breadcrumb\":{\"@id\":\"http:\\\/\\\/www.expeditionsolutions.ca\\\/en\\\/product\\\/multiplus-ii-12-3000-120-50-120v-ul-2\\\/#breadcrumb\"},\"inLanguage\":\"en-CA\",\"potentialAction\":[{\"@type\":\"ReadAction\",\"target\":[\"http:\\\/\\\/www.expeditionsolutions.ca\\\/en\\\/product\\\/multiplus-ii-12-3000-120-50-120v-ul-2\\\/\"]}]},{\"@type\":\"ImageObject\",\"inLanguage\":\"en-CA\",\"@id\":\"http:\\\/\\\/www.expeditionsolutions.ca\\\/en\\\/product\\\/multiplus-ii-12-3000-120-50-120v-ul-2\\\/#primaryimage\",\"url\":\"https:\\\/\\\/i0.wp.com\\\/www.expeditionsolutions.ca\\\/wp-content\\\/uploads\\\/2025\\\/02\\\/PMP122200100_MultiPlus-12-2000VA-80-120V-front-copie.jpg?fit=1152%2C1152&ssl=1\",\"contentUrl\":\"https:\\\/\\\/i0.wp.com\\\/www.expeditionsolutions.ca\\\/wp-content\\\/uploads\\\/2025\\\/02\\\/PMP122200100_MultiPlus-12-2000VA-80-120V-front-copie.jpg?fit=1152%2C1152&ssl=1\",\"width\":1152,\"height\":1152},{\"@type\":\"BreadcrumbList\",\"@id\":\"http:\\\/\\\/www.expeditionsolutions.ca\\\/en\\\/product\\\/multiplus-ii-12-3000-120-50-120v-ul-2\\\/#breadcrumb\",\"itemListElement\":[{\"@type\":\"ListItem\",\"position\":1,\"name\":\"Accueil\",\"item\":\"https:\\\/\\\/www.expeditionsolutions.ca\\\/\"},{\"@type\":\"ListItem\",\"position\":2,\"name\":\"Boutique\",\"item\":\"https:\\\/\\\/www.expeditionsolutions.ca\\\/shop\\\/\"},{\"@type\":\"ListItem\",\"position\":3,\"name\":\"MultiPlus 12\\\/2000\\\/80-50 120V VE.Bus (UL) Convertisseur\\\/Chargeur\"}]},{\"@type\":\"WebSite\",\"@id\":\"http:\\\/\\\/www.expeditionsolutions.ca\\\/#website\",\"url\":\"http:\\\/\\\/www.expeditionsolutions.ca\\\/\",\"name\":\"Expedition Solutions\",\"description\":\"\",\"publisher\":{\"@id\":\"http:\\\/\\\/www.expeditionsolutions.ca\\\/#organization\"},\"potentialAction\":[{\"@type\":\"SearchAction\",\"target\":{\"@type\":\"EntryPoint\",\"urlTemplate\":\"http:\\\/\\\/www.expeditionsolutions.ca\\\/?s={search_term_string}\"},\"query-input\":{\"@type\":\"PropertyValueSpecification\",\"valueRequired\":true,\"valueName\":\"search_term_string\"}}],\"inLanguage\":\"en-CA\"},{\"@type\":\"Organization\",\"@id\":\"http:\\\/\\\/www.expeditionsolutions.ca\\\/#organization\",\"name\":\"Expedition Solutions\",\"url\":\"http:\\\/\\\/www.expeditionsolutions.ca\\\/\",\"logo\":{\"@type\":\"ImageObject\",\"inLanguage\":\"en-CA\",\"@id\":\"http:\\\/\\\/www.expeditionsolutions.ca\\\/#\\\/schema\\\/logo\\\/image\\\/\",\"url\":\"https:\\\/\\\/i0.wp.com\\\/www.expeditionsolutions.ca\\\/wp-content\\\/uploads\\\/2020\\\/09\\\/cropped-Logo-Expedition-Solutions-1.png?fit=249%2C86&ssl=1\",\"contentUrl\":\"https:\\\/\\\/i0.wp.com\\\/www.expeditionsolutions.ca\\\/wp-content\\\/uploads\\\/2020\\\/09\\\/cropped-Logo-Expedition-Solutions-1.png?fit=249%2C86&ssl=1\",\"width\":249,\"height\":86,\"caption\":\"Expedition Solutions\"},\"image\":{\"@id\":\"http:\\\/\\\/www.expeditionsolutions.ca\\\/#\\\/schema\\\/logo\\\/image\\\/\"}}]}<\/script>\n<!-- \/ Yoast SEO plugin. -->","yoast_head_json":{"title":"MultiPlus 12\/2000\/80-50 120V VE.Bus (UL) - Expedition Solutions","description":"Le MultiPius rassemble un convertisseur sinusoidal puissant, un chargeur \u00e0 technologie de charge adaptative et un commutateur de transfert CA ultra rapide.","robots":{"index":"index","follow":"follow","max-snippet":"max-snippet:-1","max-image-preview":"max-image-preview:large","max-video-preview":"max-video-preview:-1"},"canonical":"http:\/\/www.expeditionsolutions.ca\/en\/product\/multiplus-ii-12-3000-120-50-120v-ul-2\/","og_locale":"en_US","og_type":"article","og_title":"MultiPlus 12\/2000\/80-50 120V VE.Bus (UL) - Expedition Solutions","og_description":"Le MultiPius rassemble un convertisseur sinusoidal puissant, un chargeur \u00e0 technologie de charge adaptative et un commutateur de transfert CA ultra rapide.","og_url":"http:\/\/www.expeditionsolutions.ca\/en\/product\/multiplus-ii-12-3000-120-50-120v-ul-2\/","og_site_name":"Expedition Solutions","article_modified_time":"2025-10-31T19:50:35+00:00","og_image":[{"width":1152,"height":1152,"url":"https:\/\/i0.wp.com\/www.expeditionsolutions.ca\/wp-content\/uploads\/2025\/02\/PMP122200100_MultiPlus-12-2000VA-80-120V-front-copie.jpg?fit=1152%2C1152","type":"image\/jpeg"}],"twitter_card":"summary_large_image","twitter_misc":{"Est. reading time":"2 minutes"},"schema":{"@context":"https:\/\/schema.org","@graph":[{"@type":"WebPage","@id":"http:\/\/www.expeditionsolutions.ca\/en\/product\/multiplus-ii-12-3000-120-50-120v-ul-2\/","url":"http:\/\/www.expeditionsolutions.ca\/en\/product\/multiplus-ii-12-3000-120-50-120v-ul-2\/","name":"MultiPlus 12\/2000\/80-50 120V VE.Bus (UL) - Expedition Solutions","isPartOf":{"@id":"http:\/\/www.expeditionsolutions.ca\/#website"},"primaryImageOfPage":{"@id":"http:\/\/www.expeditionsolutions.ca\/en\/product\/multiplus-ii-12-3000-120-50-120v-ul-2\/#primaryimage"},"image":{"@id":"http:\/\/www.expeditionsolutions.ca\/en\/product\/multiplus-ii-12-3000-120-50-120v-ul-2\/#primaryimage"},"thumbnailUrl":"https:\/\/i0.wp.com\/www.expeditionsolutions.ca\/wp-content\/uploads\/2025\/02\/PMP122200100_MultiPlus-12-2000VA-80-120V-front-copie.jpg?fit=1152%2C1152&ssl=1","datePublished":"2025-02-07T23:14:21+00:00","dateModified":"2025-10-31T19:50:35+00:00","description":"Le MultiPius rassemble un convertisseur sinusoidal puissant, un chargeur \u00e0 technologie de charge adaptative et un commutateur de transfert CA ultra rapide.","breadcrumb":{"@id":"http:\/\/www.expeditionsolutions.ca\/en\/product\/multiplus-ii-12-3000-120-50-120v-ul-2\/#breadcrumb"},"inLanguage":"en-CA","potentialAction":[{"@type":"ReadAction","target":["http:\/\/www.expeditionsolutions.ca\/en\/product\/multiplus-ii-12-3000-120-50-120v-ul-2\/"]}]},{"@type":"ImageObject","inLanguage":"en-CA","@id":"http:\/\/www.expeditionsolutions.ca\/en\/product\/multiplus-ii-12-3000-120-50-120v-ul-2\/#primaryimage","url":"https:\/\/i0.wp.com\/www.expeditionsolutions.ca\/wp-content\/uploads\/2025\/02\/PMP122200100_MultiPlus-12-2000VA-80-120V-front-copie.jpg?fit=1152%2C1152&ssl=1","contentUrl":"https:\/\/i0.wp.com\/www.expeditionsolutions.ca\/wp-content\/uploads\/2025\/02\/PMP122200100_MultiPlus-12-2000VA-80-120V-front-copie.jpg?fit=1152%2C1152&ssl=1","width":1152,"height":1152},{"@type":"BreadcrumbList","@id":"http:\/\/www.expeditionsolutions.ca\/en\/product\/multiplus-ii-12-3000-120-50-120v-ul-2\/#breadcrumb","itemListElement":[{"@type":"ListItem","position":1,"name":"Accueil","item":"https:\/\/www.expeditionsolutions.ca\/"},{"@type":"ListItem","position":2,"name":"Boutique","item":"https:\/\/www.expeditionsolutions.ca\/shop\/"},{"@type":"ListItem","position":3,"name":"MultiPlus 12\/2000\/80-50 120V VE.Bus (UL) Convertisseur\/Chargeur"}]},{"@type":"WebSite","@id":"http:\/\/www.expeditionsolutions.ca\/#website","url":"http:\/\/www.expeditionsolutions.ca\/","name":"Expedition Solutions","description":"","publisher":{"@id":"http:\/\/www.expeditionsolutions.ca\/#organization"},"potentialAction":[{"@type":"SearchAction","target":{"@type":"EntryPoint","urlTemplate":"http:\/\/www.expeditionsolutions.ca\/?s={search_term_string}"},"query-input":{"@type":"PropertyValueSpecification","valueRequired":true,"valueName":"search_term_string"}}],"inLanguage":"en-CA"},{"@type":"Organization","@id":"http:\/\/www.expeditionsolutions.ca\/#organization","name":"Expedition Solutions","url":"http:\/\/www.expeditionsolutions.ca\/","logo":{"@type":"ImageObject","inLanguage":"en-CA","@id":"http:\/\/www.expeditionsolutions.ca\/#\/schema\/logo\/image\/","url":"https:\/\/i0.wp.com\/www.expeditionsolutions.ca\/wp-content\/uploads\/2020\/09\/cropped-Logo-Expedition-Solutions-1.png?fit=249%2C86&ssl=1","contentUrl":"https:\/\/i0.wp.com\/www.expeditionsolutions.ca\/wp-content\/uploads\/2020\/09\/cropped-Logo-Expedition-Solutions-1.png?fit=249%2C86&ssl=1","width":249,"height":86,"caption":"Expedition Solutions"},"image":{"@id":"http:\/\/www.expeditionsolutions.ca\/#\/schema\/logo\/image\/"}}]}},"uagb_featured_image_src":{"full":["https:\/\/i0.wp.com\/www.expeditionsolutions.ca\/wp-content\/uploads\/2025\/02\/PMP122200100_MultiPlus-12-2000VA-80-120V-front-copie.jpg?fit=1152%2C1152&ssl=1",1152,1152,false],"thumbnail":["https:\/\/i0.wp.com\/www.expeditionsolutions.ca\/wp-content\/uploads\/2025\/02\/PMP122200100_MultiPlus-12-2000VA-80-120V-front-copie.jpg?resize=150%2C150&ssl=1",150,150,true],"medium":["https:\/\/i0.wp.com\/www.expeditionsolutions.ca\/wp-content\/uploads\/2025\/02\/PMP122200100_MultiPlus-12-2000VA-80-120V-front-copie.jpg?fit=300%2C300&ssl=1",300,300,true],"medium_large":["https:\/\/i0.wp.com\/www.expeditionsolutions.ca\/wp-content\/uploads\/2025\/02\/PMP122200100_MultiPlus-12-2000VA-80-120V-front-copie.jpg?fit=768%2C768&ssl=1",768,768,true],"large":["https:\/\/i0.wp.com\/www.expeditionsolutions.ca\/wp-content\/uploads\/2025\/02\/PMP122200100_MultiPlus-12-2000VA-80-120V-front-copie.jpg?fit=1024%2C1024&ssl=1",1024,1024,true],"1536x1536":["https:\/\/i0.wp.com\/www.expeditionsolutions.ca\/wp-content\/uploads\/2025\/02\/PMP122200100_MultiPlus-12-2000VA-80-120V-front-copie.jpg?fit=1152%2C1152&ssl=1",1152,1152,true],"2048x2048":["https:\/\/i0.wp.com\/www.expeditionsolutions.ca\/wp-content\/uploads\/2025\/02\/PMP122200100_MultiPlus-12-2000VA-80-120V-front-copie.jpg?fit=1152%2C1152&ssl=1",1152,1152,true],"trp-custom-language-flag":["https:\/\/i0.wp.com\/www.expeditionsolutions.ca\/wp-content\/uploads\/2025\/02\/PMP122200100_MultiPlus-12-2000VA-80-120V-front-copie.jpg?fit=12%2C12&ssl=1",12,12,true],"neve-blog":["https:\/\/i0.wp.com\/www.expeditionsolutions.ca\/wp-content\/uploads\/2025\/02\/PMP122200100_MultiPlus-12-2000VA-80-120V-front-copie.jpg?resize=930%2C620&ssl=1",930,620,true],"woocommerce_thumbnail":["https:\/\/i0.wp.com\/www.expeditionsolutions.ca\/wp-content\/uploads\/2025\/02\/PMP122200100_MultiPlus-12-2000VA-80-120V-front-copie.jpg?resize=300%2C300&ssl=1",300,300,true],"woocommerce_single":["https:\/\/i0.wp.com\/www.expeditionsolutions.ca\/wp-content\/uploads\/2025\/02\/PMP122200100_MultiPlus-12-2000VA-80-120V-front-copie.jpg?fit=600%2C600&ssl=1",600,600,true],"woocommerce_gallery_thumbnail":["https:\/\/i0.wp.com\/www.expeditionsolutions.ca\/wp-content\/uploads\/2025\/02\/PMP122200100_MultiPlus-12-2000VA-80-120V-front-copie.jpg?resize=100%2C100&ssl=1",100,100,true]},"uagb_author_info":{"display_name":"admin","author_link":"https:\/\/www.expeditionsolutions.ca\/en\/author\/"},"uagb_comment_info":0,"uagb_excerpt":"Le MultiPlus, comme son nom l'indique, est un onduleur et un chargeur combin\u00e9s dans un seul bo\u00eetier \u00e9l\u00e9gant. Ses nombreuses fonctionnalit\u00e9s comprennent un v\u00e9ritable onduleur \u00e0 onde sinuso\u00efdale, une charge adaptative, la technologie hybride PowerAssist, ainsi que de multiples fonctions d'int\u00e9gration syst\u00e8me. Approuv\u00e9 UL\/CSA","jetpack_sharing_enabled":true,"_links":{"self":[{"href":"https:\/\/www.expeditionsolutions.ca\/en\/wp-json\/wp\/v2\/product\/1238","targetHints":{"allow":["GET"]}}],"collection":[{"href":"https:\/\/www.expeditionsolutions.ca\/en\/wp-json\/wp\/v2\/product"}],"about":[{"href":"https:\/\/www.expeditionsolutions.ca\/en\/wp-json\/wp\/v2\/types\/product"}],"wp:featuredmedia":[{"embeddable":true,"href":"https:\/\/www.expeditionsolutions.ca\/en\/wp-json\/wp\/v2\/media\/1240"}],"wp:attachment":[{"href":"https:\/\/www.expeditionsolutions.ca\/en\/wp-json\/wp\/v2\/media?parent=1238"}],"wp:term":[{"taxonomy":"product_brand","embeddable":true,"href":"https:\/\/www.expeditionsolutions.ca\/en\/wp-json\/wp\/v2\/product_brand?post=1238"},{"taxonomy":"product_cat","embeddable":true,"href":"https:\/\/www.expeditionsolutions.ca\/en\/wp-json\/wp\/v2\/product_cat?post=1238"},{"taxonomy":"product_tag","embeddable":true,"href":"https:\/\/www.expeditionsolutions.ca\/en\/wp-json\/wp\/v2\/product_tag?post=1238"}],"curies":[{"name":"wp","href":"https:\/\/api.w.org\/{rel}","templated":true}]}}