{"id":1356,"date":"2025-11-06T19:11:41","date_gmt":"2025-11-06T19:11:41","guid":{"rendered":"https:\/\/www.expeditionsolutions.ca\/?post_type=product&#038;p=1356"},"modified":"2026-02-13T15:54:02","modified_gmt":"2026-02-13T15:54:02","slug":"bison-2000a-kit-ford-transit-essence-gc0643","status":"publish","type":"product","link":"https:\/\/www.expeditionsolutions.ca\/en\/product\/bison-2000a-kit-ford-transit-essence-gc0643\/","title":{"rendered":"Bison 2000A &#8211; Kit Ford Transit &#8211; Essence GC0643"},"content":{"rendered":"<p class=\"woo-sidebar-headline\"><span style=\"font-family: -apple-system, BlinkMacSystemFont, 'Segoe UI', Roboto, Oxygen-Sans, Ubuntu, Cantarell, 'Helvetica Neue', sans-serif; font-size: 16px;\">Cet ensemble de chauffage inclus tout le mat\u00e9riel n\u00e9cessaire pour une installation compl\u00e8te sur un v\u00e9hicule <strong>Ford Transit \u00e0 essence.<\/strong><\/span><\/p>\n<h3 class=\"woo-sidebar-headline\"><strong><span class=\"sidebar-headline-text\">L&rsquo;ensemble sp\u00e9cialement con\u00e7u pour le Ford Transit inclus les items suivants:\u00a0<\/span><\/strong><\/h3>\n<ul class=\"custom-attributes\">\n<li class=\"\">\n<p class=\"p1\"><strong>GC0643<\/strong> &#8211; <a href=\"https:\/\/www.expeditionsolutions.ca\/en\/product\/bison-2000a-air-heater-kit-with-digital-controller\/\" target=\"_blank\" rel=\"noopener\">Ensemble de chauffage Bison 2000A \u2013 Essence<span class=\"Apple-converted-space\">\u00a0 <\/span>\u2013 2kw (12v) avec contr\u00f4leur Bluetooth<\/a> <strong>(Valeur de 1 099,00$)<\/strong><\/p>\n<\/li>\n<li>\n<p class=\"p1\"><b>GC0097<\/b> &#8211; <a href=\"https:\/\/www.expeditionsolutions.ca\/en\/product\/external-temp-sensor\/\" target=\"_blank\" rel=\"noopener\">Capteur de temp\u00e9rature externe Bison<\/a> <strong>(Valeur de 44,95$)<\/strong><\/p>\n<\/li>\n<li>\n<p class=\"p1\"><b>GC0559<\/b> &#8211; <a href=\"https:\/\/www.expeditionsolutions.ca\/en\/product\/webasto-fuel-hose-connector\/\" target=\"_blank\" rel=\"noopener\">Connecteur de tuyau de carburant<\/a> <strong>(Valeur de 39,95$)<\/strong><\/p>\n<\/li>\n<li>\n<p class=\"p1\"><b>CK4Z-9B210-A<\/b> &#8211; <a href=\"https:\/\/www.expeditionsolutions.ca\/en\/?post_type=product&amp;p=1359&amp;preview=true\" target=\"_blank\" rel=\"noopener\">Connecteur de port de carburant auxiliaire pour Ford Transit \u00e0 essence<\/a><strong> (Valeur de 49,50$)<\/strong><\/p>\n<\/li>\n<\/ul>\n<h3 class=\"woo-sidebar-headline\"><strong><span class=\"sidebar-headline-text\">Une valeur total de 1 233,40$\u00a0<\/span><\/strong><\/h3>\n<p>&nbsp;<\/p>\n<h3>Exp\u00e9dition<\/h3>\n<p>Prenez note que la livraison pour cet ensemble est gratuite. La commande sera exp\u00e9di\u00e9e en 1 \u00e0 5 jours ouvrables.<\/p>\n<p>&nbsp;<\/p>\n<div class=\"product-description rte\">\n<h3><strong>PDF MANUALS<\/strong><\/h3>\n<ul>\n<li><span style=\"color: #0000ff;\"><a style=\"color: #0000ff;\" href=\"http:\/\/www.expeditionsolutions.ca\/wp-content\/uploads\/2024\/04\/New-OLED-Controller-2024-01.pdf\" target=\"_blank\" rel=\"noopener\">Digital Timer \u2013 Quick Start Guide (1 MB).<\/a><\/span><\/li>\n<li><span style=\"color: #0000ff;\"><a style=\"color: #0000ff;\" href=\"http:\/\/www.expeditionsolutions.ca\/wp-content\/uploads\/2020\/10\/BISON-2000A-Owners-Manual.pdf\" target=\"_blank\" rel=\"noopener\">Manuel d&rsquo;installation EN (1 MB).<\/a><\/span><\/li>\n<li><a href=\"https:\/\/generalcomponents.ca\/e978ghfw4hy58394834hrf\/Bison%20&amp;%20Walrus%20Error%20Codes.pdf\" target=\"_blank\" rel=\"noopener\">AIR HEATER FAULT CODES<\/a><\/li>\n<\/ul>\n<\/div>\n<div class=\"product-description rte\">\n<hr \/>\n<p class=\"p1\"><span style=\"color: #ff0000;\"><b><i>Prenez note que nous n&rsquo;offrons malheureusement pas l&rsquo;installation, nous soutenons enti\u00e8rement les installations DIY et serons heureux de pouvoir r\u00e9pondre \u00e0 vos questions.\u00a0<\/i><\/b><\/span><\/p>\n<p class=\"p1\"><b><span style=\"color: #ff0000;\">\u2192\u2192<\/span> Vous faites l&rsquo;installation par vous m\u00eame? <span style=\"color: #ff0000;\">\u2190\u2190<\/span>\u00a0<\/b><a href=\"https:\/\/www.expeditionsolutions.ca\/wp-content\/uploads\/2021\/11\/DIY-install-Warning.pdf\"><span class=\"s1\"><b>LISEZ D&rsquo;ABORD CE \u00bbMANUEL\u00ab !<\/b><\/span><\/a><\/p>\n<hr \/>\n<p>&nbsp;<\/p>\n<\/div>","protected":false},"excerpt":{"rendered":"<p><strong>FREE SHIPPING<\/strong><\/p>\n<p><span style=\"font-family: -apple-system, BlinkMacSystemFont, 'Segoe UI', Roboto, Oxygen-Sans, Ubuntu, Cantarell, 'Helvetica Neue', sans-serif; font-size: 16px;\">Cet ensemble de chauffage <strong>Bison 2000A<\/strong> inclus tout le mat\u00e9riel n\u00e9cessaire pour une installation compl\u00e8te sur un v\u00e9hicule <strong>Ford Transit\u00a0<\/strong><\/span><\/p>\n<h5 class=\"woo-sidebar-headline\"><strong><span class=\"sidebar-headline-text\">Une valeur total de 1 233,40$\u00a0<\/span><\/strong><\/h5>\n<p><strong>2kW\/6 800 BTU<br \/>\n<span style=\"color: #ff0000;\"><span class=\"attribute-label\"><span class=\"attribute-label-text\">Fuel<\/span>: <\/span><span class=\"attribute-value\">ESSENCE<\/span><\/span><\/strong><\/p>\n<p>&nbsp;<\/p>\n<p><img loading=\"lazy\" decoding=\"async\" class=\"alignnone size-medium wp-image-468\" src=\"http:\/\/www.expeditionsolutions.ca\/wp-content\/uploads\/2020\/09\/GC_logo-300x92.png\" alt=\"\" width=\"300\" height=\"92\" srcset=\"https:\/\/i0.wp.com\/www.expeditionsolutions.ca\/wp-content\/uploads\/2020\/09\/GC_logo.png?resize=300%2C92&amp;ssl=1 300w, https:\/\/i0.wp.com\/www.expeditionsolutions.ca\/wp-content\/uploads\/2020\/09\/GC_logo.png?resize=16%2C5&amp;ssl=1 16w, https:\/\/i0.wp.com\/www.expeditionsolutions.ca\/wp-content\/uploads\/2020\/09\/GC_logo.png?resize=600%2C184&amp;ssl=1 600w, https:\/\/i0.wp.com\/www.expeditionsolutions.ca\/wp-content\/uploads\/2020\/09\/GC_logo.png?w=608&amp;ssl=1 608w\" sizes=\"auto, (max-width: 300px) 100vw, 300px\" \/><\/p>","protected":false},"featured_media":1358,"template":"","meta":{"_uag_custom_page_level_css":"","neve_meta_sidebar":"","neve_meta_container":"","neve_meta_enable_content_width":"off","neve_meta_content_width":70,"neve_meta_title_alignment":"","neve_meta_author_avatar":"","neve_post_elements_order":"","neve_meta_disable_header":"","neve_meta_disable_footer":"","neve_meta_disable_title":""},"product_brand":[84],"product_cat":[17,105,15,50],"product_tag":[31,33,30,32,29,26],"class_list":{"0":"post-1356","1":"product","2":"type-product","3":"status-publish","4":"has-post-thumbnail","6":"product_brand-general-components","7":"product_cat-chauffage","8":"product_cat-general-component","9":"product_cat-new-products","10":"product_cat-promotion","11":"product_tag-bison","12":"product_tag-digital-controller","13":"product_tag-gasoline","14":"product_tag-general-components","15":"product_tag-heater","16":"product_tag-webasto","17":"product_shipping_class-livraison-gratuite-produits","19":"first","20":"instock","21":"sale","22":"featured","23":"taxable","24":"shipping-taxable","25":"purchasable","26":"product-type-simple"},"yoast_head":"<!-- This site is optimized with the Yoast SEO plugin v27.3 - https:\/\/yoast.com\/product\/yoast-seo-wordpress\/ -->\n<title>Bison 2000A Essence GC0643 - Expedition Solutions<\/title>\n<meta name=\"description\" content=\"L&#039;ensemble de chauffage \u00e0 air puls\u00e9 Bison 2000A Essence GC0643 avec contr\u00f4leur Bluetooth est puissant, silencieux et tr\u00e8s efficace.\" \/>\n<meta name=\"robots\" content=\"index, follow, max-snippet:-1, max-image-preview:large, max-video-preview:-1\" \/>\n<link rel=\"canonical\" href=\"https:\/\/www.expeditionsolutions.ca\/en\/product\/bison-2000a-kit-ford-transit-essence-gc0643\/\" \/>\n<meta property=\"og:locale\" content=\"en_US\" \/>\n<meta property=\"og:type\" content=\"article\" \/>\n<meta property=\"og:title\" content=\"Bison 2000A Essence GC0643 - Expedition Solutions\" \/>\n<meta property=\"og:description\" content=\"L&#039;ensemble de chauffage \u00e0 air puls\u00e9 Bison 2000A Essence GC0643 avec contr\u00f4leur Bluetooth est puissant, silencieux et tr\u00e8s efficace.\" \/>\n<meta property=\"og:url\" content=\"https:\/\/www.expeditionsolutions.ca\/en\/product\/bison-2000a-kit-ford-transit-essence-gc0643\/\" \/>\n<meta property=\"og:site_name\" content=\"Expedition Solutions\" \/>\n<meta property=\"article:modified_time\" content=\"2026-02-13T15:54:02+00:00\" \/>\n<meta property=\"og:image\" content=\"https:\/\/www.expeditionsolutions.ca\/wp-content\/uploads\/2025\/11\/GC0641-Bison2000-digital-Ford.jpg\" \/>\n\t<meta property=\"og:image:width\" content=\"1000\" \/>\n\t<meta property=\"og:image:height\" content=\"1000\" \/>\n\t<meta property=\"og:image:type\" content=\"image\/jpeg\" \/>\n<meta name=\"twitter:card\" content=\"summary_large_image\" \/>\n<meta name=\"twitter:label1\" content=\"Est. reading time\" \/>\n\t<meta name=\"twitter:data1\" content=\"2 minutes\" \/>\n<script type=\"application\/ld+json\" class=\"yoast-schema-graph\">{\"@context\":\"https:\\\/\\\/schema.org\",\"@graph\":[{\"@type\":\"WebPage\",\"@id\":\"https:\\\/\\\/www.expeditionsolutions.ca\\\/product\\\/bison-2000a-kit-ford-transit-essence-gc0643\\\/\",\"url\":\"https:\\\/\\\/www.expeditionsolutions.ca\\\/product\\\/bison-2000a-kit-ford-transit-essence-gc0643\\\/\",\"name\":\"Bison 2000A Essence GC0643 - Expedition Solutions\",\"isPartOf\":{\"@id\":\"http:\\\/\\\/www.expeditionsolutions.ca\\\/#website\"},\"primaryImageOfPage\":{\"@id\":\"https:\\\/\\\/www.expeditionsolutions.ca\\\/product\\\/bison-2000a-kit-ford-transit-essence-gc0643\\\/#primaryimage\"},\"image\":{\"@id\":\"https:\\\/\\\/www.expeditionsolutions.ca\\\/product\\\/bison-2000a-kit-ford-transit-essence-gc0643\\\/#primaryimage\"},\"thumbnailUrl\":\"https:\\\/\\\/i0.wp.com\\\/www.expeditionsolutions.ca\\\/wp-content\\\/uploads\\\/2025\\\/11\\\/GC0641-Bison2000-digital-Ford.jpg?fit=1000%2C1000&ssl=1\",\"datePublished\":\"2025-11-06T19:11:41+00:00\",\"dateModified\":\"2026-02-13T15:54:02+00:00\",\"description\":\"L'ensemble de chauffage \u00e0 air puls\u00e9 Bison 2000A Essence GC0643 avec contr\u00f4leur Bluetooth est puissant, silencieux et tr\u00e8s efficace.\",\"breadcrumb\":{\"@id\":\"https:\\\/\\\/www.expeditionsolutions.ca\\\/product\\\/bison-2000a-kit-ford-transit-essence-gc0643\\\/#breadcrumb\"},\"inLanguage\":\"en-CA\",\"potentialAction\":[{\"@type\":\"ReadAction\",\"target\":[\"https:\\\/\\\/www.expeditionsolutions.ca\\\/product\\\/bison-2000a-kit-ford-transit-essence-gc0643\\\/\"]}]},{\"@type\":\"ImageObject\",\"inLanguage\":\"en-CA\",\"@id\":\"https:\\\/\\\/www.expeditionsolutions.ca\\\/product\\\/bison-2000a-kit-ford-transit-essence-gc0643\\\/#primaryimage\",\"url\":\"https:\\\/\\\/i0.wp.com\\\/www.expeditionsolutions.ca\\\/wp-content\\\/uploads\\\/2025\\\/11\\\/GC0641-Bison2000-digital-Ford.jpg?fit=1000%2C1000&ssl=1\",\"contentUrl\":\"https:\\\/\\\/i0.wp.com\\\/www.expeditionsolutions.ca\\\/wp-content\\\/uploads\\\/2025\\\/11\\\/GC0641-Bison2000-digital-Ford.jpg?fit=1000%2C1000&ssl=1\",\"width\":1000,\"height\":1000},{\"@type\":\"BreadcrumbList\",\"@id\":\"https:\\\/\\\/www.expeditionsolutions.ca\\\/product\\\/bison-2000a-kit-ford-transit-essence-gc0643\\\/#breadcrumb\",\"itemListElement\":[{\"@type\":\"ListItem\",\"position\":1,\"name\":\"Accueil\",\"item\":\"https:\\\/\\\/www.expeditionsolutions.ca\\\/\"},{\"@type\":\"ListItem\",\"position\":2,\"name\":\"Boutique\",\"item\":\"https:\\\/\\\/www.expeditionsolutions.ca\\\/shop\\\/\"},{\"@type\":\"ListItem\",\"position\":3,\"name\":\"Bison 2000A &#8211; Kit Ford Transit &#8211; Essence GC0643\"}]},{\"@type\":\"WebSite\",\"@id\":\"http:\\\/\\\/www.expeditionsolutions.ca\\\/#website\",\"url\":\"http:\\\/\\\/www.expeditionsolutions.ca\\\/\",\"name\":\"Expedition Solutions\",\"description\":\"\",\"publisher\":{\"@id\":\"http:\\\/\\\/www.expeditionsolutions.ca\\\/#organization\"},\"potentialAction\":[{\"@type\":\"SearchAction\",\"target\":{\"@type\":\"EntryPoint\",\"urlTemplate\":\"http:\\\/\\\/www.expeditionsolutions.ca\\\/?s={search_term_string}\"},\"query-input\":{\"@type\":\"PropertyValueSpecification\",\"valueRequired\":true,\"valueName\":\"search_term_string\"}}],\"inLanguage\":\"en-CA\"},{\"@type\":\"Organization\",\"@id\":\"http:\\\/\\\/www.expeditionsolutions.ca\\\/#organization\",\"name\":\"Expedition Solutions\",\"url\":\"http:\\\/\\\/www.expeditionsolutions.ca\\\/\",\"logo\":{\"@type\":\"ImageObject\",\"inLanguage\":\"en-CA\",\"@id\":\"http:\\\/\\\/www.expeditionsolutions.ca\\\/#\\\/schema\\\/logo\\\/image\\\/\",\"url\":\"https:\\\/\\\/i0.wp.com\\\/www.expeditionsolutions.ca\\\/wp-content\\\/uploads\\\/2020\\\/09\\\/cropped-Logo-Expedition-Solutions-1.png?fit=249%2C86&ssl=1\",\"contentUrl\":\"https:\\\/\\\/i0.wp.com\\\/www.expeditionsolutions.ca\\\/wp-content\\\/uploads\\\/2020\\\/09\\\/cropped-Logo-Expedition-Solutions-1.png?fit=249%2C86&ssl=1\",\"width\":249,\"height\":86,\"caption\":\"Expedition Solutions\"},\"image\":{\"@id\":\"http:\\\/\\\/www.expeditionsolutions.ca\\\/#\\\/schema\\\/logo\\\/image\\\/\"}}]}<\/script>\n<!-- \/ Yoast SEO plugin. -->","yoast_head_json":{"title":"Bison 2000A Essence GC0643 - Expedition Solutions","description":"L'ensemble de chauffage \u00e0 air puls\u00e9 Bison 2000A Essence GC0643 avec contr\u00f4leur Bluetooth est puissant, silencieux et tr\u00e8s efficace.","robots":{"index":"index","follow":"follow","max-snippet":"max-snippet:-1","max-image-preview":"max-image-preview:large","max-video-preview":"max-video-preview:-1"},"canonical":"https:\/\/www.expeditionsolutions.ca\/en\/product\/bison-2000a-kit-ford-transit-essence-gc0643\/","og_locale":"en_US","og_type":"article","og_title":"Bison 2000A Essence GC0643 - Expedition Solutions","og_description":"L'ensemble de chauffage \u00e0 air puls\u00e9 Bison 2000A Essence GC0643 avec contr\u00f4leur Bluetooth est puissant, silencieux et tr\u00e8s efficace.","og_url":"https:\/\/www.expeditionsolutions.ca\/en\/product\/bison-2000a-kit-ford-transit-essence-gc0643\/","og_site_name":"Expedition Solutions","article_modified_time":"2026-02-13T15:54:02+00:00","og_image":[{"width":1000,"height":1000,"url":"https:\/\/www.expeditionsolutions.ca\/wp-content\/uploads\/2025\/11\/GC0641-Bison2000-digital-Ford.jpg","type":"image\/jpeg"}],"twitter_card":"summary_large_image","twitter_misc":{"Est. reading time":"2 minutes"},"schema":{"@context":"https:\/\/schema.org","@graph":[{"@type":"WebPage","@id":"https:\/\/www.expeditionsolutions.ca\/product\/bison-2000a-kit-ford-transit-essence-gc0643\/","url":"https:\/\/www.expeditionsolutions.ca\/product\/bison-2000a-kit-ford-transit-essence-gc0643\/","name":"Bison 2000A Essence GC0643 - Expedition Solutions","isPartOf":{"@id":"http:\/\/www.expeditionsolutions.ca\/#website"},"primaryImageOfPage":{"@id":"https:\/\/www.expeditionsolutions.ca\/product\/bison-2000a-kit-ford-transit-essence-gc0643\/#primaryimage"},"image":{"@id":"https:\/\/www.expeditionsolutions.ca\/product\/bison-2000a-kit-ford-transit-essence-gc0643\/#primaryimage"},"thumbnailUrl":"https:\/\/i0.wp.com\/www.expeditionsolutions.ca\/wp-content\/uploads\/2025\/11\/GC0641-Bison2000-digital-Ford.jpg?fit=1000%2C1000&ssl=1","datePublished":"2025-11-06T19:11:41+00:00","dateModified":"2026-02-13T15:54:02+00:00","description":"L'ensemble de chauffage \u00e0 air puls\u00e9 Bison 2000A Essence GC0643 avec contr\u00f4leur Bluetooth est puissant, silencieux et tr\u00e8s efficace.","breadcrumb":{"@id":"https:\/\/www.expeditionsolutions.ca\/product\/bison-2000a-kit-ford-transit-essence-gc0643\/#breadcrumb"},"inLanguage":"en-CA","potentialAction":[{"@type":"ReadAction","target":["https:\/\/www.expeditionsolutions.ca\/product\/bison-2000a-kit-ford-transit-essence-gc0643\/"]}]},{"@type":"ImageObject","inLanguage":"en-CA","@id":"https:\/\/www.expeditionsolutions.ca\/product\/bison-2000a-kit-ford-transit-essence-gc0643\/#primaryimage","url":"https:\/\/i0.wp.com\/www.expeditionsolutions.ca\/wp-content\/uploads\/2025\/11\/GC0641-Bison2000-digital-Ford.jpg?fit=1000%2C1000&ssl=1","contentUrl":"https:\/\/i0.wp.com\/www.expeditionsolutions.ca\/wp-content\/uploads\/2025\/11\/GC0641-Bison2000-digital-Ford.jpg?fit=1000%2C1000&ssl=1","width":1000,"height":1000},{"@type":"BreadcrumbList","@id":"https:\/\/www.expeditionsolutions.ca\/product\/bison-2000a-kit-ford-transit-essence-gc0643\/#breadcrumb","itemListElement":[{"@type":"ListItem","position":1,"name":"Accueil","item":"https:\/\/www.expeditionsolutions.ca\/"},{"@type":"ListItem","position":2,"name":"Boutique","item":"https:\/\/www.expeditionsolutions.ca\/shop\/"},{"@type":"ListItem","position":3,"name":"Bison 2000A &#8211; Kit Ford Transit &#8211; Essence GC0643"}]},{"@type":"WebSite","@id":"http:\/\/www.expeditionsolutions.ca\/#website","url":"http:\/\/www.expeditionsolutions.ca\/","name":"Expedition Solutions","description":"","publisher":{"@id":"http:\/\/www.expeditionsolutions.ca\/#organization"},"potentialAction":[{"@type":"SearchAction","target":{"@type":"EntryPoint","urlTemplate":"http:\/\/www.expeditionsolutions.ca\/?s={search_term_string}"},"query-input":{"@type":"PropertyValueSpecification","valueRequired":true,"valueName":"search_term_string"}}],"inLanguage":"en-CA"},{"@type":"Organization","@id":"http:\/\/www.expeditionsolutions.ca\/#organization","name":"Expedition Solutions","url":"http:\/\/www.expeditionsolutions.ca\/","logo":{"@type":"ImageObject","inLanguage":"en-CA","@id":"http:\/\/www.expeditionsolutions.ca\/#\/schema\/logo\/image\/","url":"https:\/\/i0.wp.com\/www.expeditionsolutions.ca\/wp-content\/uploads\/2020\/09\/cropped-Logo-Expedition-Solutions-1.png?fit=249%2C86&ssl=1","contentUrl":"https:\/\/i0.wp.com\/www.expeditionsolutions.ca\/wp-content\/uploads\/2020\/09\/cropped-Logo-Expedition-Solutions-1.png?fit=249%2C86&ssl=1","width":249,"height":86,"caption":"Expedition Solutions"},"image":{"@id":"http:\/\/www.expeditionsolutions.ca\/#\/schema\/logo\/image\/"}}]}},"uagb_featured_image_src":{"full":["https:\/\/i0.wp.com\/www.expeditionsolutions.ca\/wp-content\/uploads\/2025\/11\/GC0641-Bison2000-digital-Ford.jpg?fit=1000%2C1000&ssl=1",1000,1000,false],"thumbnail":["https:\/\/i0.wp.com\/www.expeditionsolutions.ca\/wp-content\/uploads\/2025\/11\/GC0641-Bison2000-digital-Ford.jpg?resize=150%2C150&ssl=1",150,150,true],"medium":["https:\/\/i0.wp.com\/www.expeditionsolutions.ca\/wp-content\/uploads\/2025\/11\/GC0641-Bison2000-digital-Ford.jpg?fit=300%2C300&ssl=1",300,300,true],"medium_large":["https:\/\/i0.wp.com\/www.expeditionsolutions.ca\/wp-content\/uploads\/2025\/11\/GC0641-Bison2000-digital-Ford.jpg?fit=768%2C768&ssl=1",768,768,true],"large":["https:\/\/i0.wp.com\/www.expeditionsolutions.ca\/wp-content\/uploads\/2025\/11\/GC0641-Bison2000-digital-Ford.jpg?fit=1000%2C1000&ssl=1",1000,1000,true],"1536x1536":["https:\/\/i0.wp.com\/www.expeditionsolutions.ca\/wp-content\/uploads\/2025\/11\/GC0641-Bison2000-digital-Ford.jpg?fit=1000%2C1000&ssl=1",1000,1000,true],"2048x2048":["https:\/\/i0.wp.com\/www.expeditionsolutions.ca\/wp-content\/uploads\/2025\/11\/GC0641-Bison2000-digital-Ford.jpg?fit=1000%2C1000&ssl=1",1000,1000,true],"trp-custom-language-flag":["https:\/\/i0.wp.com\/www.expeditionsolutions.ca\/wp-content\/uploads\/2025\/11\/GC0641-Bison2000-digital-Ford.jpg?fit=12%2C12&ssl=1",12,12,true],"neve-blog":["https:\/\/i0.wp.com\/www.expeditionsolutions.ca\/wp-content\/uploads\/2025\/11\/GC0641-Bison2000-digital-Ford.jpg?resize=930%2C620&ssl=1",930,620,true],"woocommerce_thumbnail":["https:\/\/i0.wp.com\/www.expeditionsolutions.ca\/wp-content\/uploads\/2025\/11\/GC0641-Bison2000-digital-Ford.jpg?resize=300%2C300&ssl=1",300,300,true],"woocommerce_single":["https:\/\/i0.wp.com\/www.expeditionsolutions.ca\/wp-content\/uploads\/2025\/11\/GC0641-Bison2000-digital-Ford.jpg?fit=600%2C600&ssl=1",600,600,true],"woocommerce_gallery_thumbnail":["https:\/\/i0.wp.com\/www.expeditionsolutions.ca\/wp-content\/uploads\/2025\/11\/GC0641-Bison2000-digital-Ford.jpg?resize=100%2C100&ssl=1",100,100,true]},"uagb_author_info":{"display_name":"admin","author_link":"https:\/\/www.expeditionsolutions.ca\/en\/author\/"},"uagb_comment_info":0,"uagb_excerpt":"LIVRAISON GRATUITE Cet ensemble de chauffage Bison 2000A inclus tout le mat\u00e9riel n\u00e9cessaire pour une installation compl\u00e8te sur un v\u00e9hicule Ford Transit\u00a0 Une valeur total de 1 233,40$\u00a0 2kW\/6 800 BTU Carburant: ESSENCE &nbsp;","jetpack_sharing_enabled":true,"_links":{"self":[{"href":"https:\/\/www.expeditionsolutions.ca\/en\/wp-json\/wp\/v2\/product\/1356","targetHints":{"allow":["GET"]}}],"collection":[{"href":"https:\/\/www.expeditionsolutions.ca\/en\/wp-json\/wp\/v2\/product"}],"about":[{"href":"https:\/\/www.expeditionsolutions.ca\/en\/wp-json\/wp\/v2\/types\/product"}],"wp:featuredmedia":[{"embeddable":true,"href":"https:\/\/www.expeditionsolutions.ca\/en\/wp-json\/wp\/v2\/media\/1358"}],"wp:attachment":[{"href":"https:\/\/www.expeditionsolutions.ca\/en\/wp-json\/wp\/v2\/media?parent=1356"}],"wp:term":[{"taxonomy":"product_brand","embeddable":true,"href":"https:\/\/www.expeditionsolutions.ca\/en\/wp-json\/wp\/v2\/product_brand?post=1356"},{"taxonomy":"product_cat","embeddable":true,"href":"https:\/\/www.expeditionsolutions.ca\/en\/wp-json\/wp\/v2\/product_cat?post=1356"},{"taxonomy":"product_tag","embeddable":true,"href":"https:\/\/www.expeditionsolutions.ca\/en\/wp-json\/wp\/v2\/product_tag?post=1356"}],"curies":[{"name":"wp","href":"https:\/\/api.w.org\/{rel}","templated":true}]}}