{"id":406,"date":"2021-01-12T03:16:42","date_gmt":"2021-01-12T03:16:42","guid":{"rendered":"http:\/\/www.expeditionsolutions.ca\/?post_type=product&#038;p=406"},"modified":"2025-10-31T20:09:52","modified_gmt":"2025-10-31T20:09:52","slug":"victron-bmv-712-smart-battery-monitor","status":"publish","type":"product","link":"https:\/\/www.expeditionsolutions.ca\/en\/product\/victron-bmv-712-smart-battery-monitor\/","title":{"rendered":"Moniteur de batterie BMV-712 Smart-Victron Energy"},"content":{"rendered":"<h3><strong>Bluetooth int\u00e9gr\u00e9<\/strong><\/h3>\n<ul>\n<li>Gr\u00e2ce \u00e0 son dispositif Bluetooth int\u00e9gr\u00e9, le BMV Smart est pr\u00eat pour aborder l&rsquo;\u00e8re de l&rsquo;Internet des objets.<\/li>\n<li>Gr\u00e2ce \u00e0 la mise en place de la fonction Bluetooth dans la plupart des produits Victron Energy, lacommunication sans fil entre les produits permettra de simplifier l&rsquo;installation du syst\u00e8me et d&rsquo;am\u00e9liorer le rendement.<\/li>\n<\/ul>\n<h3><strong>T\u00e9l\u00e9charger l&rsquo;application Victron Bluetooth<\/strong><\/h3>\n<p>Utilisez un Smartphone ou un autre dispositif avec une connexion Bluetooth afin de :<\/p>\n<ul>\n<li>personnaliser vos param\u00e8tres,<\/li>\n<li>surveiller toutes les donn\u00e9es cruciales sur un seul \u00e9cran,<\/li>\n<li>voir l&rsquo;historique des donn\u00e9es,<\/li>\n<li>et afin de mettre \u00e0 jour le logiciel lorsque de nouvelles fonctions sont disponibles.<\/li>\n<\/ul>\n<h3><strong>Installation tr\u00e8s simple<\/strong><\/h3>\n<ul>\n<li>Toutes les connexions \u00e9lectriques se font par connexion rapide sur la carte de circuit imprim\u00e9 (PCB) du shunt.<\/li>\n<li>Le shunt est raccord\u00e9 au contr\u00f4leur avec un c\u00e2ble t\u00e9l\u00e9phonique standard RJ12. Inclus : c\u00e2ble RJ12 (10 m)et c\u00e2ble de batterie avec fusible (2 m). Aucun autre composant n&rsquo;est n\u00e9cessaire.<\/li>\n<li>Les autres pi\u00e8ces fournies sont un afficheur avec \u00e9cran reactangulaire, une bague de fixation pour le montage arri\u00e8re, et les vis n\u00e9cessaires au montage avant.<\/li>\n<\/ul>\n<h3><strong>Tr\u00e8s faible appel de courant depuis la batterie<\/strong><\/h3>\n<ul>\n<li>Consommation de courant : 0,7 Ah par mois (1 mA) @12 V et 0,6 Ah par mois (0,8 mA) @ 24 V<\/li>\n<\/ul>\n<h3><strong style=\"font-family: -apple-system, BlinkMacSystemFont, 'Segoe UI', Roboto, Oxygen-Sans, Ubuntu, Cantarell, 'Helvetica Neue', sans-serif;\">Relais d&rsquo;alarme bistable<\/strong><\/h3>\n<ul>\n<li>Il emp\u00eache l&rsquo;augmentation de l&rsquo;appel de courant en cas d&rsquo;alarme.<\/li>\n<\/ul>\n<h3><strong>Autres fonctions<\/strong><\/h3>\n<ul>\n<li style=\"list-style-type: none;\">\n<ul>\n<li>Tension de batterie, courant, puissance, amp\u00e8res-heures consomm\u00e9s et \u00e9tat de charge<\/li>\n<li>Autonomie restante selon la consommation en cours<\/li>\n<li>Alarme visuelle et audible programmable :<\/li>\n<li>Relais programmable pour \u00e9teindre les charges non cruciales, ou pour d\u00e9marrer un g\u00e9n\u00e9rateur le cas \u00e9ch\u00e9ant.<\/li>\n<li>Un shunt de connexion rapide de 500 A et un kit de connexion<\/li>\n<li>Possibilit\u00e9 de shunt ayant une capacit\u00e9 de jusqu&rsquo;\u00e0 10 000 A.<\/li>\n<li>Port de communication VE.Direct<\/li>\n<li>Enregistrement de nombreux \u00e9v\u00e8nements historiques pouvant \u00eatre utilis\u00e9s pour \u00e9valuer les mod\u00e8les d&rsquo;utilisation et l&rsquo;\u00e9tat de la batterie.<\/li>\n<li>Large plage de tension d&rsquo;alimentation : 6,5 \u2013 70 V<\/li>\n<li>R\u00e9solution de mesures de courant \u00e9lev\u00e9 : 10 mA (0,01 A)<\/li>\n<li>Une entr\u00e9e suppl\u00e9mentaire pour mesurer la tension (d&rsquo;une seconde batterie), la temp\u00e9rature ou la tension m\u00e9diane, et le param\u00e9trage des relais et alarmes correspondants.<\/li>\n<\/ul>\n<\/li>\n<\/ul>\n<p><strong><a href=\"https:\/\/www.victronenergy.fr\/upload\/documents\/Datasheet-BMV-712-Smart-FR.pdf\" target=\"_blank\" rel=\"noopener\">Cliquez ici pour les donn\u00e9es techniques<\/a><\/strong><\/p>\n<p><strong><a href=\"https:\/\/www.victronenergy.com\/upload\/documents\/Datasheet-BMV-712-Smart-EN.pdf\" target=\"_blank\" rel=\"noopener noreferrer\">Download datasheet for more information.<\/a><\/strong><\/p>\n<p><strong><a href=\"https:\/\/www.victronenergy.com\/upload\/documents\/BMV-712-quick-installation-guide.pdf\" target=\"_blank\" rel=\"noopener noreferrer\">Guide d&rsquo;installation rapide<\/a><\/strong><\/p>\n<p><strong><a href=\"https:\/\/www.victronenergy.fr\/upload\/documents\/Manual-BMV-700-700H-702-712-EN-NL-FR-DE-ES-SE.pdf?fbclid=IwAR20u9pz8hOfqK1-Syh7m-H8-yC_FpJgPAPbbd5-aNeHHLNLoXLlB_9LJOo\" target=\"_blank\" rel=\"noopener noreferrer\">Manuel complet<\/a><\/strong><\/p>\n<p><strong><a href=\"https:\/\/youtu.be\/2vA-EjSSBVA\" target=\"_blank\" rel=\"noopener noreferrer\">Vid\u00e9o Youtube : Introduction to the BMV-712 Smart<\/a><\/strong><\/p>\n<p>&nbsp;<\/p>\n<hr \/>\n<p>&nbsp;<\/p>","protected":false},"excerpt":{"rendered":"<p>Gr\u00e2ce \u00e0 son dispositif Bluetooth int\u00e9gr\u00e9, le BMV Smart est pr\u00eat pour aborder l&rsquo;\u00e8re de l&rsquo;Internet des objets. Gr\u00e2ce \u00e0 la mise en place de la fonction Bluetooth dans la plupart des produits Victron Energy, la communication sans fil entre les produits permettra de simplifier l&rsquo;installation du syst\u00e8me et d&rsquo;am\u00e9liorer le rendement.<\/p>\n<p><img loading=\"lazy\" decoding=\"async\" class=\"alignnone size-medium wp-image-617\" src=\"http:\/\/www.expeditionsolutions.ca\/wp-content\/uploads\/2021\/03\/logo-victron-energy-600-300x94.jpg\" alt=\"\" width=\"300\" height=\"94\" srcset=\"https:\/\/i0.wp.com\/www.expeditionsolutions.ca\/wp-content\/uploads\/2021\/03\/logo-victron-energy-600.jpg?resize=300%2C94&amp;ssl=1 300w, https:\/\/i0.wp.com\/www.expeditionsolutions.ca\/wp-content\/uploads\/2021\/03\/logo-victron-energy-600.jpg?resize=16%2C5&amp;ssl=1 16w, https:\/\/i0.wp.com\/www.expeditionsolutions.ca\/wp-content\/uploads\/2021\/03\/logo-victron-energy-600.jpg?w=600&amp;ssl=1 600w\" sizes=\"auto, (max-width: 300px) 100vw, 300px\" \/><\/p>","protected":false},"featured_media":408,"template":"","meta":{"_uag_custom_page_level_css":"","neve_meta_sidebar":"","neve_meta_container":"","neve_meta_enable_content_width":"off","neve_meta_content_width":100,"neve_meta_title_alignment":"","neve_meta_author_avatar":"","neve_post_elements_order":"","neve_meta_disable_header":"","neve_meta_disable_footer":"","neve_meta_disable_title":""},"product_brand":[],"product_cat":[37],"product_tag":[48,49,47],"class_list":{"0":"post-406","1":"product","2":"type-product","3":"status-publish","4":"has-post-thumbnail","6":"product_cat-electrique","7":"product_tag-battery-monitor","8":"product_tag-solar-system","9":"product_tag-victron-energy","10":"product_shipping_class-petits-colis","12":"first","13":"onbackorder","14":"taxable","15":"shipping-taxable","16":"purchasable","17":"product-type-simple"},"yoast_head":"<!-- This site is optimized with the Yoast SEO plugin v27.3 - https:\/\/yoast.com\/product\/yoast-seo-wordpress\/ -->\n<title>Moniteur de batterie BMV-712 Smart-Victron Energy - Expedition Solutions<\/title>\n<meta name=\"robots\" content=\"index, follow, max-snippet:-1, max-image-preview:large, max-video-preview:-1\" \/>\n<link rel=\"canonical\" href=\"http:\/\/www.expeditionsolutions.ca\/en\/product\/victron-bmv-712-smart-battery-monitor\/\" \/>\n<meta property=\"og:locale\" content=\"en_US\" \/>\n<meta property=\"og:type\" content=\"article\" \/>\n<meta property=\"og:title\" content=\"Moniteur de batterie BMV-712 Smart-Victron Energy - Expedition Solutions\" \/>\n<meta property=\"og:description\" content=\"Gr\u00e2ce \u00e0 son dispositif Bluetooth int\u00e9gr\u00e9, le BMV Smart est pr\u00eat pour aborder l&#039;\u00e8re de l&#039;Internet des objets. Gr\u00e2ce \u00e0 la mise en place de la fonction Bluetooth dans la plupart des produits Victron Energy, la communication sans fil entre les produits permettra de simplifier l&#039;installation du syst\u00e8me et d&#039;am\u00e9liorer le rendement.\" \/>\n<meta property=\"og:url\" content=\"http:\/\/www.expeditionsolutions.ca\/en\/product\/victron-bmv-712-smart-battery-monitor\/\" \/>\n<meta property=\"og:site_name\" content=\"Expedition Solutions\" \/>\n<meta property=\"article:modified_time\" content=\"2025-10-31T20:09:52+00:00\" \/>\n<meta property=\"og:image\" content=\"https:\/\/i0.wp.com\/www.expeditionsolutions.ca\/wp-content\/uploads\/2021\/01\/Victron-BMV-712-Smart.png?fit=1036%2C1000\" \/>\n\t<meta property=\"og:image:width\" content=\"1036\" \/>\n\t<meta property=\"og:image:height\" content=\"1000\" \/>\n\t<meta property=\"og:image:type\" content=\"image\/png\" \/>\n<meta name=\"twitter:card\" content=\"summary_large_image\" \/>\n<meta name=\"twitter:label1\" content=\"Est. reading time\" \/>\n\t<meta name=\"twitter:data1\" content=\"3 minutes\" \/>\n<script type=\"application\/ld+json\" class=\"yoast-schema-graph\">{\"@context\":\"https:\\\/\\\/schema.org\",\"@graph\":[{\"@type\":\"WebPage\",\"@id\":\"http:\\\/\\\/www.expeditionsolutions.ca\\\/product\\\/victron-bmv-712-smart-battery-monitor\\\/\",\"url\":\"http:\\\/\\\/www.expeditionsolutions.ca\\\/product\\\/victron-bmv-712-smart-battery-monitor\\\/\",\"name\":\"Moniteur de batterie BMV-712 Smart-Victron Energy - Expedition Solutions\",\"isPartOf\":{\"@id\":\"http:\\\/\\\/www.expeditionsolutions.ca\\\/#website\"},\"primaryImageOfPage\":{\"@id\":\"http:\\\/\\\/www.expeditionsolutions.ca\\\/product\\\/victron-bmv-712-smart-battery-monitor\\\/#primaryimage\"},\"image\":{\"@id\":\"http:\\\/\\\/www.expeditionsolutions.ca\\\/product\\\/victron-bmv-712-smart-battery-monitor\\\/#primaryimage\"},\"thumbnailUrl\":\"https:\\\/\\\/i0.wp.com\\\/www.expeditionsolutions.ca\\\/wp-content\\\/uploads\\\/2021\\\/01\\\/Victron-BMV-712-Smart.png?fit=1036%2C1000&ssl=1\",\"datePublished\":\"2021-01-12T03:16:42+00:00\",\"dateModified\":\"2025-10-31T20:09:52+00:00\",\"breadcrumb\":{\"@id\":\"http:\\\/\\\/www.expeditionsolutions.ca\\\/product\\\/victron-bmv-712-smart-battery-monitor\\\/#breadcrumb\"},\"inLanguage\":\"en-CA\",\"potentialAction\":[{\"@type\":\"ReadAction\",\"target\":[\"http:\\\/\\\/www.expeditionsolutions.ca\\\/product\\\/victron-bmv-712-smart-battery-monitor\\\/\"]}]},{\"@type\":\"ImageObject\",\"inLanguage\":\"en-CA\",\"@id\":\"http:\\\/\\\/www.expeditionsolutions.ca\\\/product\\\/victron-bmv-712-smart-battery-monitor\\\/#primaryimage\",\"url\":\"https:\\\/\\\/i0.wp.com\\\/www.expeditionsolutions.ca\\\/wp-content\\\/uploads\\\/2021\\\/01\\\/Victron-BMV-712-Smart.png?fit=1036%2C1000&ssl=1\",\"contentUrl\":\"https:\\\/\\\/i0.wp.com\\\/www.expeditionsolutions.ca\\\/wp-content\\\/uploads\\\/2021\\\/01\\\/Victron-BMV-712-Smart.png?fit=1036%2C1000&ssl=1\",\"width\":1036,\"height\":1000},{\"@type\":\"BreadcrumbList\",\"@id\":\"http:\\\/\\\/www.expeditionsolutions.ca\\\/product\\\/victron-bmv-712-smart-battery-monitor\\\/#breadcrumb\",\"itemListElement\":[{\"@type\":\"ListItem\",\"position\":1,\"name\":\"Accueil\",\"item\":\"https:\\\/\\\/www.expeditionsolutions.ca\\\/\"},{\"@type\":\"ListItem\",\"position\":2,\"name\":\"Boutique\",\"item\":\"https:\\\/\\\/www.expeditionsolutions.ca\\\/shop\\\/\"},{\"@type\":\"ListItem\",\"position\":3,\"name\":\"Moniteur de batterie BMV-712 Smart-Victron Energy\"}]},{\"@type\":\"WebSite\",\"@id\":\"http:\\\/\\\/www.expeditionsolutions.ca\\\/#website\",\"url\":\"http:\\\/\\\/www.expeditionsolutions.ca\\\/\",\"name\":\"Expedition Solutions\",\"description\":\"\",\"publisher\":{\"@id\":\"http:\\\/\\\/www.expeditionsolutions.ca\\\/#organization\"},\"potentialAction\":[{\"@type\":\"SearchAction\",\"target\":{\"@type\":\"EntryPoint\",\"urlTemplate\":\"http:\\\/\\\/www.expeditionsolutions.ca\\\/?s={search_term_string}\"},\"query-input\":{\"@type\":\"PropertyValueSpecification\",\"valueRequired\":true,\"valueName\":\"search_term_string\"}}],\"inLanguage\":\"en-CA\"},{\"@type\":\"Organization\",\"@id\":\"http:\\\/\\\/www.expeditionsolutions.ca\\\/#organization\",\"name\":\"Expedition Solutions\",\"url\":\"http:\\\/\\\/www.expeditionsolutions.ca\\\/\",\"logo\":{\"@type\":\"ImageObject\",\"inLanguage\":\"en-CA\",\"@id\":\"http:\\\/\\\/www.expeditionsolutions.ca\\\/#\\\/schema\\\/logo\\\/image\\\/\",\"url\":\"https:\\\/\\\/i0.wp.com\\\/www.expeditionsolutions.ca\\\/wp-content\\\/uploads\\\/2020\\\/09\\\/cropped-Logo-Expedition-Solutions-1.png?fit=249%2C86&ssl=1\",\"contentUrl\":\"https:\\\/\\\/i0.wp.com\\\/www.expeditionsolutions.ca\\\/wp-content\\\/uploads\\\/2020\\\/09\\\/cropped-Logo-Expedition-Solutions-1.png?fit=249%2C86&ssl=1\",\"width\":249,\"height\":86,\"caption\":\"Expedition Solutions\"},\"image\":{\"@id\":\"http:\\\/\\\/www.expeditionsolutions.ca\\\/#\\\/schema\\\/logo\\\/image\\\/\"}}]}<\/script>\n<!-- \/ Yoast SEO plugin. -->","yoast_head_json":{"title":"Moniteur de batterie BMV-712 Smart-Victron Energy - Expedition Solutions","robots":{"index":"index","follow":"follow","max-snippet":"max-snippet:-1","max-image-preview":"max-image-preview:large","max-video-preview":"max-video-preview:-1"},"canonical":"http:\/\/www.expeditionsolutions.ca\/en\/product\/victron-bmv-712-smart-battery-monitor\/","og_locale":"en_US","og_type":"article","og_title":"Moniteur de batterie BMV-712 Smart-Victron Energy - Expedition Solutions","og_description":"Gr\u00e2ce \u00e0 son dispositif Bluetooth int\u00e9gr\u00e9, le BMV Smart est pr\u00eat pour aborder l'\u00e8re de l'Internet des objets. Gr\u00e2ce \u00e0 la mise en place de la fonction Bluetooth dans la plupart des produits Victron Energy, la communication sans fil entre les produits permettra de simplifier l'installation du syst\u00e8me et d'am\u00e9liorer le rendement.","og_url":"http:\/\/www.expeditionsolutions.ca\/en\/product\/victron-bmv-712-smart-battery-monitor\/","og_site_name":"Expedition Solutions","article_modified_time":"2025-10-31T20:09:52+00:00","og_image":[{"width":1036,"height":1000,"url":"https:\/\/i0.wp.com\/www.expeditionsolutions.ca\/wp-content\/uploads\/2021\/01\/Victron-BMV-712-Smart.png?fit=1036%2C1000","type":"image\/png"}],"twitter_card":"summary_large_image","twitter_misc":{"Est. reading time":"3 minutes"},"schema":{"@context":"https:\/\/schema.org","@graph":[{"@type":"WebPage","@id":"http:\/\/www.expeditionsolutions.ca\/product\/victron-bmv-712-smart-battery-monitor\/","url":"http:\/\/www.expeditionsolutions.ca\/product\/victron-bmv-712-smart-battery-monitor\/","name":"Moniteur de batterie BMV-712 Smart-Victron Energy - Expedition Solutions","isPartOf":{"@id":"http:\/\/www.expeditionsolutions.ca\/#website"},"primaryImageOfPage":{"@id":"http:\/\/www.expeditionsolutions.ca\/product\/victron-bmv-712-smart-battery-monitor\/#primaryimage"},"image":{"@id":"http:\/\/www.expeditionsolutions.ca\/product\/victron-bmv-712-smart-battery-monitor\/#primaryimage"},"thumbnailUrl":"https:\/\/i0.wp.com\/www.expeditionsolutions.ca\/wp-content\/uploads\/2021\/01\/Victron-BMV-712-Smart.png?fit=1036%2C1000&ssl=1","datePublished":"2021-01-12T03:16:42+00:00","dateModified":"2025-10-31T20:09:52+00:00","breadcrumb":{"@id":"http:\/\/www.expeditionsolutions.ca\/product\/victron-bmv-712-smart-battery-monitor\/#breadcrumb"},"inLanguage":"en-CA","potentialAction":[{"@type":"ReadAction","target":["http:\/\/www.expeditionsolutions.ca\/product\/victron-bmv-712-smart-battery-monitor\/"]}]},{"@type":"ImageObject","inLanguage":"en-CA","@id":"http:\/\/www.expeditionsolutions.ca\/product\/victron-bmv-712-smart-battery-monitor\/#primaryimage","url":"https:\/\/i0.wp.com\/www.expeditionsolutions.ca\/wp-content\/uploads\/2021\/01\/Victron-BMV-712-Smart.png?fit=1036%2C1000&ssl=1","contentUrl":"https:\/\/i0.wp.com\/www.expeditionsolutions.ca\/wp-content\/uploads\/2021\/01\/Victron-BMV-712-Smart.png?fit=1036%2C1000&ssl=1","width":1036,"height":1000},{"@type":"BreadcrumbList","@id":"http:\/\/www.expeditionsolutions.ca\/product\/victron-bmv-712-smart-battery-monitor\/#breadcrumb","itemListElement":[{"@type":"ListItem","position":1,"name":"Accueil","item":"https:\/\/www.expeditionsolutions.ca\/"},{"@type":"ListItem","position":2,"name":"Boutique","item":"https:\/\/www.expeditionsolutions.ca\/shop\/"},{"@type":"ListItem","position":3,"name":"Moniteur de batterie BMV-712 Smart-Victron Energy"}]},{"@type":"WebSite","@id":"http:\/\/www.expeditionsolutions.ca\/#website","url":"http:\/\/www.expeditionsolutions.ca\/","name":"Expedition Solutions","description":"","publisher":{"@id":"http:\/\/www.expeditionsolutions.ca\/#organization"},"potentialAction":[{"@type":"SearchAction","target":{"@type":"EntryPoint","urlTemplate":"http:\/\/www.expeditionsolutions.ca\/?s={search_term_string}"},"query-input":{"@type":"PropertyValueSpecification","valueRequired":true,"valueName":"search_term_string"}}],"inLanguage":"en-CA"},{"@type":"Organization","@id":"http:\/\/www.expeditionsolutions.ca\/#organization","name":"Expedition Solutions","url":"http:\/\/www.expeditionsolutions.ca\/","logo":{"@type":"ImageObject","inLanguage":"en-CA","@id":"http:\/\/www.expeditionsolutions.ca\/#\/schema\/logo\/image\/","url":"https:\/\/i0.wp.com\/www.expeditionsolutions.ca\/wp-content\/uploads\/2020\/09\/cropped-Logo-Expedition-Solutions-1.png?fit=249%2C86&ssl=1","contentUrl":"https:\/\/i0.wp.com\/www.expeditionsolutions.ca\/wp-content\/uploads\/2020\/09\/cropped-Logo-Expedition-Solutions-1.png?fit=249%2C86&ssl=1","width":249,"height":86,"caption":"Expedition Solutions"},"image":{"@id":"http:\/\/www.expeditionsolutions.ca\/#\/schema\/logo\/image\/"}}]}},"uagb_featured_image_src":{"full":["https:\/\/i0.wp.com\/www.expeditionsolutions.ca\/wp-content\/uploads\/2021\/01\/Victron-BMV-712-Smart.png?fit=1036%2C1000&ssl=1",1036,1000,false],"thumbnail":["https:\/\/i0.wp.com\/www.expeditionsolutions.ca\/wp-content\/uploads\/2021\/01\/Victron-BMV-712-Smart.png?resize=150%2C150&ssl=1",150,150,true],"medium":["https:\/\/i0.wp.com\/www.expeditionsolutions.ca\/wp-content\/uploads\/2021\/01\/Victron-BMV-712-Smart.png?fit=300%2C290&ssl=1",300,290,true],"medium_large":["https:\/\/i0.wp.com\/www.expeditionsolutions.ca\/wp-content\/uploads\/2021\/01\/Victron-BMV-712-Smart.png?fit=768%2C741&ssl=1",768,741,true],"large":["https:\/\/i0.wp.com\/www.expeditionsolutions.ca\/wp-content\/uploads\/2021\/01\/Victron-BMV-712-Smart.png?fit=1024%2C988&ssl=1",1024,988,true],"1536x1536":["https:\/\/i0.wp.com\/www.expeditionsolutions.ca\/wp-content\/uploads\/2021\/01\/Victron-BMV-712-Smart.png?fit=1036%2C1000&ssl=1",1036,1000,true],"2048x2048":["https:\/\/i0.wp.com\/www.expeditionsolutions.ca\/wp-content\/uploads\/2021\/01\/Victron-BMV-712-Smart.png?fit=1036%2C1000&ssl=1",1036,1000,true],"trp-custom-language-flag":["https:\/\/i0.wp.com\/www.expeditionsolutions.ca\/wp-content\/uploads\/2021\/01\/Victron-BMV-712-Smart.png?fit=12%2C12&ssl=1",12,12,true],"neve-blog":["https:\/\/i0.wp.com\/www.expeditionsolutions.ca\/wp-content\/uploads\/2021\/01\/Victron-BMV-712-Smart.png?resize=930%2C620&ssl=1",930,620,true],"woocommerce_thumbnail":["https:\/\/i0.wp.com\/www.expeditionsolutions.ca\/wp-content\/uploads\/2021\/01\/Victron-BMV-712-Smart.png?resize=300%2C300&ssl=1",300,300,true],"woocommerce_single":["https:\/\/i0.wp.com\/www.expeditionsolutions.ca\/wp-content\/uploads\/2021\/01\/Victron-BMV-712-Smart.png?fit=600%2C579&ssl=1",600,579,true],"woocommerce_gallery_thumbnail":["https:\/\/i0.wp.com\/www.expeditionsolutions.ca\/wp-content\/uploads\/2021\/01\/Victron-BMV-712-Smart.png?resize=100%2C100&ssl=1",100,100,true]},"uagb_author_info":{"display_name":"admin","author_link":"https:\/\/www.expeditionsolutions.ca\/en\/author\/"},"uagb_comment_info":0,"uagb_excerpt":"Gr\u00e2ce \u00e0 son dispositif Bluetooth int\u00e9gr\u00e9, le BMV Smart est pr\u00eat pour aborder l'\u00e8re de l'Internet des objets. Gr\u00e2ce \u00e0 la mise en place de la fonction Bluetooth dans la plupart des produits Victron Energy, la communication sans fil entre les produits permettra de simplifier l'installation du syst\u00e8me et d'am\u00e9liorer le rendement.","jetpack_sharing_enabled":true,"_links":{"self":[{"href":"https:\/\/www.expeditionsolutions.ca\/en\/wp-json\/wp\/v2\/product\/406","targetHints":{"allow":["GET"]}}],"collection":[{"href":"https:\/\/www.expeditionsolutions.ca\/en\/wp-json\/wp\/v2\/product"}],"about":[{"href":"https:\/\/www.expeditionsolutions.ca\/en\/wp-json\/wp\/v2\/types\/product"}],"wp:featuredmedia":[{"embeddable":true,"href":"https:\/\/www.expeditionsolutions.ca\/en\/wp-json\/wp\/v2\/media\/408"}],"wp:attachment":[{"href":"https:\/\/www.expeditionsolutions.ca\/en\/wp-json\/wp\/v2\/media?parent=406"}],"wp:term":[{"taxonomy":"product_brand","embeddable":true,"href":"https:\/\/www.expeditionsolutions.ca\/en\/wp-json\/wp\/v2\/product_brand?post=406"},{"taxonomy":"product_cat","embeddable":true,"href":"https:\/\/www.expeditionsolutions.ca\/en\/wp-json\/wp\/v2\/product_cat?post=406"},{"taxonomy":"product_tag","embeddable":true,"href":"https:\/\/www.expeditionsolutions.ca\/en\/wp-json\/wp\/v2\/product_tag?post=406"}],"curies":[{"name":"wp","href":"https:\/\/api.w.org\/{rel}","templated":true}]}}