{"id":411,"date":"2021-01-12T03:41:30","date_gmt":"2021-01-12T03:41:30","guid":{"rendered":"http:\/\/www.expeditionsolutions.ca\/?post_type=product&#038;p=411"},"modified":"2025-10-31T20:09:42","modified_gmt":"2025-10-31T20:09:42","slug":"st-blade-fuse-block-12-circuits-with-negative-bus-and-cover-5026","status":"publish","type":"product","link":"https:\/\/www.expeditionsolutions.ca\/en\/product\/st-blade-fuse-block-12-circuits-with-negative-bus-and-cover-5026\/","title":{"rendered":"Blue Sea ST Blade Fuse Block &#8211; 12 Circuits #5026"},"content":{"rendered":"<p>ST Blade ATO\/ATC fuse blocks consolidate branch circuits and eliminate the tangle of in-line fuses for electronics and other appliances. Their robust design makes them ideal for marine and vehicle DC electrical systems.<\/p>\n<p>All buses and fuse clips are tin plated copper for corrosion resistance and optimal electrical conductivity.<\/p>\n<p>All ST Blade fuse blocks utilize a specialized fuse clip that is designed to hold fuses in place in the harshest conditions.<\/p>\n<p>All fasteners are stainless steel. Screws contain a captive star lock washer for a faster more secure installation. Studs utilize flange nuts for a simpler and safer installation. Fuses sold separately.<\/p>\n<p><strong>Consolidates branch circuits and in-line fuses<\/strong><\/p>\n<ul>\n<li>Positive distribution bus with #10-32 stud<\/li>\n<li>Can be used for 24-hour circuits<\/li>\n<li>Models available with or without a cover<\/li>\n<li>Cover satisfies ABYC\/USCG requirements for insulation, incorporates an easy to open push button latch providing easy access to fuses, storage for two spare fuses, and label recesses that accept Blue Sea Systems\u00a0\u00bb Small Format Labels for circuit identification<\/li>\n<li>Fuse blocks with covers include 20 write-on circuit labels<\/li>\n<li>Tin-plated copper buses and fuse clips<\/li>\n<li>Accepts ring or snap fork type terminals<\/li>\n<li>Accepts ATO\u00ae and ATC\u00ae fast acting blade fuses<\/li>\n<li>Fuses sold separately<\/li>\n<\/ul>","protected":false},"excerpt":{"rendered":"<p>ST Blade ATO\/ATC fuse blocks consolidate branch circuits and eliminate the tangle of in-line fuses for electronics and other appliances. Their robust design makes them ideal for marine and vehicle DC electrical systems.<\/p>","protected":false},"featured_media":415,"template":"","meta":{"_uag_custom_page_level_css":"","neve_meta_sidebar":"","neve_meta_container":"","neve_meta_enable_content_width":"off","neve_meta_content_width":70,"neve_meta_title_alignment":"","neve_meta_author_avatar":"","neve_post_elements_order":"","neve_meta_disable_header":"","neve_meta_disable_footer":"","neve_meta_disable_title":""},"product_brand":[86],"product_cat":[37],"product_tag":[],"class_list":{"0":"post-411","1":"product","2":"type-product","3":"status-publish","4":"has-post-thumbnail","6":"product_brand-victron-energy","7":"product_cat-electrique","8":"product_shipping_class-petits-colis","10":"first","11":"instock","12":"taxable","13":"shipping-taxable","14":"purchasable","15":"product-type-simple"},"yoast_head":"<!-- This site is optimized with the Yoast SEO plugin v27.3 - https:\/\/yoast.com\/product\/yoast-seo-wordpress\/ -->\n<title>Blue Sea ST Blade Fuse Block - 12 Circuits #5026<\/title>\n<meta name=\"description\" content=\"La conception robuste des ST Blade Fuse Block #5026 les rend id\u00e9ales pour les syst\u00e8mes \u00e9lectriques CC marins et automobiles.\" \/>\n<meta name=\"robots\" content=\"index, follow, max-snippet:-1, max-image-preview:large, max-video-preview:-1\" \/>\n<link rel=\"canonical\" href=\"http:\/\/www.expeditionsolutions.ca\/en\/product\/st-blade-fuse-block-12-circuits-with-negative-bus-and-cover-5026\/\" \/>\n<meta property=\"og:locale\" content=\"en_US\" \/>\n<meta property=\"og:type\" content=\"article\" \/>\n<meta property=\"og:title\" content=\"Blue Sea ST Blade Fuse Block - 12 Circuits #5026\" \/>\n<meta property=\"og:description\" content=\"La conception robuste des ST Blade Fuse Block #5026 les rend id\u00e9ales pour les syst\u00e8mes \u00e9lectriques CC marins et automobiles.\" \/>\n<meta property=\"og:url\" content=\"http:\/\/www.expeditionsolutions.ca\/en\/product\/st-blade-fuse-block-12-circuits-with-negative-bus-and-cover-5026\/\" \/>\n<meta property=\"og:site_name\" content=\"Expedition Solutions\" \/>\n<meta property=\"article:modified_time\" content=\"2025-10-31T20:09:42+00:00\" \/>\n<meta property=\"og:image\" content=\"https:\/\/i0.wp.com\/www.expeditionsolutions.ca\/wp-content\/uploads\/2021\/01\/FuseBlock-5026.jpg?fit=2400%2C2199\" \/>\n\t<meta property=\"og:image:width\" content=\"2400\" \/>\n\t<meta property=\"og:image:height\" content=\"2199\" \/>\n\t<meta property=\"og:image:type\" content=\"image\/jpeg\" \/>\n<meta name=\"twitter:card\" content=\"summary_large_image\" \/>\n<meta name=\"twitter:label1\" content=\"Est. reading time\" \/>\n\t<meta name=\"twitter:data1\" content=\"2 minutes\" \/>\n<script type=\"application\/ld+json\" class=\"yoast-schema-graph\">{\"@context\":\"https:\\\/\\\/schema.org\",\"@graph\":[{\"@type\":\"WebPage\",\"@id\":\"http:\\\/\\\/www.expeditionsolutions.ca\\\/en\\\/product\\\/st-blade-fuse-block-12-circuits-with-negative-bus-and-cover-5026\\\/\",\"url\":\"http:\\\/\\\/www.expeditionsolutions.ca\\\/en\\\/product\\\/st-blade-fuse-block-12-circuits-with-negative-bus-and-cover-5026\\\/\",\"name\":\"Blue Sea ST Blade Fuse Block - 12 Circuits #5026\",\"isPartOf\":{\"@id\":\"http:\\\/\\\/www.expeditionsolutions.ca\\\/#website\"},\"primaryImageOfPage\":{\"@id\":\"http:\\\/\\\/www.expeditionsolutions.ca\\\/en\\\/product\\\/st-blade-fuse-block-12-circuits-with-negative-bus-and-cover-5026\\\/#primaryimage\"},\"image\":{\"@id\":\"http:\\\/\\\/www.expeditionsolutions.ca\\\/en\\\/product\\\/st-blade-fuse-block-12-circuits-with-negative-bus-and-cover-5026\\\/#primaryimage\"},\"thumbnailUrl\":\"https:\\\/\\\/i0.wp.com\\\/www.expeditionsolutions.ca\\\/wp-content\\\/uploads\\\/2021\\\/01\\\/FuseBlock-5026.jpg?fit=2400%2C2199&ssl=1\",\"datePublished\":\"2021-01-12T03:41:30+00:00\",\"dateModified\":\"2025-10-31T20:09:42+00:00\",\"description\":\"La conception robuste des ST Blade Fuse Block #5026 les rend id\u00e9ales pour les syst\u00e8mes \u00e9lectriques CC marins et automobiles.\",\"breadcrumb\":{\"@id\":\"http:\\\/\\\/www.expeditionsolutions.ca\\\/en\\\/product\\\/st-blade-fuse-block-12-circuits-with-negative-bus-and-cover-5026\\\/#breadcrumb\"},\"inLanguage\":\"en-CA\",\"potentialAction\":[{\"@type\":\"ReadAction\",\"target\":[\"http:\\\/\\\/www.expeditionsolutions.ca\\\/en\\\/product\\\/st-blade-fuse-block-12-circuits-with-negative-bus-and-cover-5026\\\/\"]}]},{\"@type\":\"ImageObject\",\"inLanguage\":\"en-CA\",\"@id\":\"http:\\\/\\\/www.expeditionsolutions.ca\\\/en\\\/product\\\/st-blade-fuse-block-12-circuits-with-negative-bus-and-cover-5026\\\/#primaryimage\",\"url\":\"https:\\\/\\\/i0.wp.com\\\/www.expeditionsolutions.ca\\\/wp-content\\\/uploads\\\/2021\\\/01\\\/FuseBlock-5026.jpg?fit=2400%2C2199&ssl=1\",\"contentUrl\":\"https:\\\/\\\/i0.wp.com\\\/www.expeditionsolutions.ca\\\/wp-content\\\/uploads\\\/2021\\\/01\\\/FuseBlock-5026.jpg?fit=2400%2C2199&ssl=1\",\"width\":2400,\"height\":2199},{\"@type\":\"BreadcrumbList\",\"@id\":\"http:\\\/\\\/www.expeditionsolutions.ca\\\/en\\\/product\\\/st-blade-fuse-block-12-circuits-with-negative-bus-and-cover-5026\\\/#breadcrumb\",\"itemListElement\":[{\"@type\":\"ListItem\",\"position\":1,\"name\":\"Accueil\",\"item\":\"https:\\\/\\\/www.expeditionsolutions.ca\\\/\"},{\"@type\":\"ListItem\",\"position\":2,\"name\":\"Boutique\",\"item\":\"https:\\\/\\\/www.expeditionsolutions.ca\\\/shop\\\/\"},{\"@type\":\"ListItem\",\"position\":3,\"name\":\"Blue Sea ST Blade Fuse Block &#8211; 12 Circuits #5026\"}]},{\"@type\":\"WebSite\",\"@id\":\"http:\\\/\\\/www.expeditionsolutions.ca\\\/#website\",\"url\":\"http:\\\/\\\/www.expeditionsolutions.ca\\\/\",\"name\":\"Expedition Solutions\",\"description\":\"\",\"publisher\":{\"@id\":\"http:\\\/\\\/www.expeditionsolutions.ca\\\/#organization\"},\"potentialAction\":[{\"@type\":\"SearchAction\",\"target\":{\"@type\":\"EntryPoint\",\"urlTemplate\":\"http:\\\/\\\/www.expeditionsolutions.ca\\\/?s={search_term_string}\"},\"query-input\":{\"@type\":\"PropertyValueSpecification\",\"valueRequired\":true,\"valueName\":\"search_term_string\"}}],\"inLanguage\":\"en-CA\"},{\"@type\":\"Organization\",\"@id\":\"http:\\\/\\\/www.expeditionsolutions.ca\\\/#organization\",\"name\":\"Expedition Solutions\",\"url\":\"http:\\\/\\\/www.expeditionsolutions.ca\\\/\",\"logo\":{\"@type\":\"ImageObject\",\"inLanguage\":\"en-CA\",\"@id\":\"http:\\\/\\\/www.expeditionsolutions.ca\\\/#\\\/schema\\\/logo\\\/image\\\/\",\"url\":\"https:\\\/\\\/i0.wp.com\\\/www.expeditionsolutions.ca\\\/wp-content\\\/uploads\\\/2020\\\/09\\\/cropped-Logo-Expedition-Solutions-1.png?fit=249%2C86&ssl=1\",\"contentUrl\":\"https:\\\/\\\/i0.wp.com\\\/www.expeditionsolutions.ca\\\/wp-content\\\/uploads\\\/2020\\\/09\\\/cropped-Logo-Expedition-Solutions-1.png?fit=249%2C86&ssl=1\",\"width\":249,\"height\":86,\"caption\":\"Expedition Solutions\"},\"image\":{\"@id\":\"http:\\\/\\\/www.expeditionsolutions.ca\\\/#\\\/schema\\\/logo\\\/image\\\/\"}}]}<\/script>\n<!-- \/ Yoast SEO plugin. -->","yoast_head_json":{"title":"Blue Sea ST Blade Fuse Block - 12 Circuits #5026","description":"La conception robuste des ST Blade Fuse Block #5026 les rend id\u00e9ales pour les syst\u00e8mes \u00e9lectriques CC marins et automobiles.","robots":{"index":"index","follow":"follow","max-snippet":"max-snippet:-1","max-image-preview":"max-image-preview:large","max-video-preview":"max-video-preview:-1"},"canonical":"http:\/\/www.expeditionsolutions.ca\/en\/product\/st-blade-fuse-block-12-circuits-with-negative-bus-and-cover-5026\/","og_locale":"en_US","og_type":"article","og_title":"Blue Sea ST Blade Fuse Block - 12 Circuits #5026","og_description":"La conception robuste des ST Blade Fuse Block #5026 les rend id\u00e9ales pour les syst\u00e8mes \u00e9lectriques CC marins et automobiles.","og_url":"http:\/\/www.expeditionsolutions.ca\/en\/product\/st-blade-fuse-block-12-circuits-with-negative-bus-and-cover-5026\/","og_site_name":"Expedition Solutions","article_modified_time":"2025-10-31T20:09:42+00:00","og_image":[{"width":2400,"height":2199,"url":"https:\/\/i0.wp.com\/www.expeditionsolutions.ca\/wp-content\/uploads\/2021\/01\/FuseBlock-5026.jpg?fit=2400%2C2199","type":"image\/jpeg"}],"twitter_card":"summary_large_image","twitter_misc":{"Est. reading time":"2 minutes"},"schema":{"@context":"https:\/\/schema.org","@graph":[{"@type":"WebPage","@id":"http:\/\/www.expeditionsolutions.ca\/en\/product\/st-blade-fuse-block-12-circuits-with-negative-bus-and-cover-5026\/","url":"http:\/\/www.expeditionsolutions.ca\/en\/product\/st-blade-fuse-block-12-circuits-with-negative-bus-and-cover-5026\/","name":"Blue Sea ST Blade Fuse Block - 12 Circuits #5026","isPartOf":{"@id":"http:\/\/www.expeditionsolutions.ca\/#website"},"primaryImageOfPage":{"@id":"http:\/\/www.expeditionsolutions.ca\/en\/product\/st-blade-fuse-block-12-circuits-with-negative-bus-and-cover-5026\/#primaryimage"},"image":{"@id":"http:\/\/www.expeditionsolutions.ca\/en\/product\/st-blade-fuse-block-12-circuits-with-negative-bus-and-cover-5026\/#primaryimage"},"thumbnailUrl":"https:\/\/i0.wp.com\/www.expeditionsolutions.ca\/wp-content\/uploads\/2021\/01\/FuseBlock-5026.jpg?fit=2400%2C2199&ssl=1","datePublished":"2021-01-12T03:41:30+00:00","dateModified":"2025-10-31T20:09:42+00:00","description":"La conception robuste des ST Blade Fuse Block #5026 les rend id\u00e9ales pour les syst\u00e8mes \u00e9lectriques CC marins et automobiles.","breadcrumb":{"@id":"http:\/\/www.expeditionsolutions.ca\/en\/product\/st-blade-fuse-block-12-circuits-with-negative-bus-and-cover-5026\/#breadcrumb"},"inLanguage":"en-CA","potentialAction":[{"@type":"ReadAction","target":["http:\/\/www.expeditionsolutions.ca\/en\/product\/st-blade-fuse-block-12-circuits-with-negative-bus-and-cover-5026\/"]}]},{"@type":"ImageObject","inLanguage":"en-CA","@id":"http:\/\/www.expeditionsolutions.ca\/en\/product\/st-blade-fuse-block-12-circuits-with-negative-bus-and-cover-5026\/#primaryimage","url":"https:\/\/i0.wp.com\/www.expeditionsolutions.ca\/wp-content\/uploads\/2021\/01\/FuseBlock-5026.jpg?fit=2400%2C2199&ssl=1","contentUrl":"https:\/\/i0.wp.com\/www.expeditionsolutions.ca\/wp-content\/uploads\/2021\/01\/FuseBlock-5026.jpg?fit=2400%2C2199&ssl=1","width":2400,"height":2199},{"@type":"BreadcrumbList","@id":"http:\/\/www.expeditionsolutions.ca\/en\/product\/st-blade-fuse-block-12-circuits-with-negative-bus-and-cover-5026\/#breadcrumb","itemListElement":[{"@type":"ListItem","position":1,"name":"Accueil","item":"https:\/\/www.expeditionsolutions.ca\/"},{"@type":"ListItem","position":2,"name":"Boutique","item":"https:\/\/www.expeditionsolutions.ca\/shop\/"},{"@type":"ListItem","position":3,"name":"Blue Sea ST Blade Fuse Block &#8211; 12 Circuits #5026"}]},{"@type":"WebSite","@id":"http:\/\/www.expeditionsolutions.ca\/#website","url":"http:\/\/www.expeditionsolutions.ca\/","name":"Expedition Solutions","description":"","publisher":{"@id":"http:\/\/www.expeditionsolutions.ca\/#organization"},"potentialAction":[{"@type":"SearchAction","target":{"@type":"EntryPoint","urlTemplate":"http:\/\/www.expeditionsolutions.ca\/?s={search_term_string}"},"query-input":{"@type":"PropertyValueSpecification","valueRequired":true,"valueName":"search_term_string"}}],"inLanguage":"en-CA"},{"@type":"Organization","@id":"http:\/\/www.expeditionsolutions.ca\/#organization","name":"Expedition Solutions","url":"http:\/\/www.expeditionsolutions.ca\/","logo":{"@type":"ImageObject","inLanguage":"en-CA","@id":"http:\/\/www.expeditionsolutions.ca\/#\/schema\/logo\/image\/","url":"https:\/\/i0.wp.com\/www.expeditionsolutions.ca\/wp-content\/uploads\/2020\/09\/cropped-Logo-Expedition-Solutions-1.png?fit=249%2C86&ssl=1","contentUrl":"https:\/\/i0.wp.com\/www.expeditionsolutions.ca\/wp-content\/uploads\/2020\/09\/cropped-Logo-Expedition-Solutions-1.png?fit=249%2C86&ssl=1","width":249,"height":86,"caption":"Expedition Solutions"},"image":{"@id":"http:\/\/www.expeditionsolutions.ca\/#\/schema\/logo\/image\/"}}]}},"uagb_featured_image_src":{"full":["https:\/\/i0.wp.com\/www.expeditionsolutions.ca\/wp-content\/uploads\/2021\/01\/FuseBlock-5026.jpg?fit=2400%2C2199&ssl=1",2400,2199,false],"thumbnail":["https:\/\/i0.wp.com\/www.expeditionsolutions.ca\/wp-content\/uploads\/2021\/01\/FuseBlock-5026.jpg?resize=150%2C150&ssl=1",150,150,true],"medium":["https:\/\/i0.wp.com\/www.expeditionsolutions.ca\/wp-content\/uploads\/2021\/01\/FuseBlock-5026.jpg?fit=300%2C275&ssl=1",300,275,true],"medium_large":["https:\/\/i0.wp.com\/www.expeditionsolutions.ca\/wp-content\/uploads\/2021\/01\/FuseBlock-5026.jpg?fit=768%2C704&ssl=1",768,704,true],"large":["https:\/\/i0.wp.com\/www.expeditionsolutions.ca\/wp-content\/uploads\/2021\/01\/FuseBlock-5026.jpg?fit=1024%2C938&ssl=1",1024,938,true],"1536x1536":["https:\/\/i0.wp.com\/www.expeditionsolutions.ca\/wp-content\/uploads\/2021\/01\/FuseBlock-5026.jpg?fit=1536%2C1407&ssl=1",1536,1407,true],"2048x2048":["https:\/\/i0.wp.com\/www.expeditionsolutions.ca\/wp-content\/uploads\/2021\/01\/FuseBlock-5026.jpg?fit=2048%2C1876&ssl=1",2048,1876,true],"trp-custom-language-flag":["https:\/\/i0.wp.com\/www.expeditionsolutions.ca\/wp-content\/uploads\/2021\/01\/FuseBlock-5026.jpg?fit=13%2C12&ssl=1",13,12,true],"neve-blog":["https:\/\/i0.wp.com\/www.expeditionsolutions.ca\/wp-content\/uploads\/2021\/01\/FuseBlock-5026.jpg?resize=930%2C620&ssl=1",930,620,true],"woocommerce_thumbnail":["https:\/\/i0.wp.com\/www.expeditionsolutions.ca\/wp-content\/uploads\/2021\/01\/FuseBlock-5026.jpg?resize=300%2C300&ssl=1",300,300,true],"woocommerce_single":["https:\/\/i0.wp.com\/www.expeditionsolutions.ca\/wp-content\/uploads\/2021\/01\/FuseBlock-5026.jpg?fit=600%2C550&ssl=1",600,550,true],"woocommerce_gallery_thumbnail":["https:\/\/i0.wp.com\/www.expeditionsolutions.ca\/wp-content\/uploads\/2021\/01\/FuseBlock-5026.jpg?resize=100%2C100&ssl=1",100,100,true]},"uagb_author_info":{"display_name":"admin","author_link":"https:\/\/www.expeditionsolutions.ca\/en\/author\/"},"uagb_comment_info":4,"uagb_excerpt":"ST Blade ATO\/ATC fuse blocks consolidate branch circuits and eliminate the tangle of in-line fuses for electronics and other appliances. Their robust design makes them ideal for marine and vehicle DC electrical systems.","jetpack_sharing_enabled":true,"_links":{"self":[{"href":"https:\/\/www.expeditionsolutions.ca\/en\/wp-json\/wp\/v2\/product\/411","targetHints":{"allow":["GET"]}}],"collection":[{"href":"https:\/\/www.expeditionsolutions.ca\/en\/wp-json\/wp\/v2\/product"}],"about":[{"href":"https:\/\/www.expeditionsolutions.ca\/en\/wp-json\/wp\/v2\/types\/product"}],"wp:featuredmedia":[{"embeddable":true,"href":"https:\/\/www.expeditionsolutions.ca\/en\/wp-json\/wp\/v2\/media\/415"}],"wp:attachment":[{"href":"https:\/\/www.expeditionsolutions.ca\/en\/wp-json\/wp\/v2\/media?parent=411"}],"wp:term":[{"taxonomy":"product_brand","embeddable":true,"href":"https:\/\/www.expeditionsolutions.ca\/en\/wp-json\/wp\/v2\/product_brand?post=411"},{"taxonomy":"product_cat","embeddable":true,"href":"https:\/\/www.expeditionsolutions.ca\/en\/wp-json\/wp\/v2\/product_cat?post=411"},{"taxonomy":"product_tag","embeddable":true,"href":"https:\/\/www.expeditionsolutions.ca\/en\/wp-json\/wp\/v2\/product_tag?post=411"}],"curies":[{"name":"wp","href":"https:\/\/api.w.org\/{rel}","templated":true}]}}