{"id":416,"date":"2021-01-12T03:54:34","date_gmt":"2021-01-12T03:54:34","guid":{"rendered":"http:\/\/www.expeditionsolutions.ca\/?post_type=product&#038;p=416"},"modified":"2025-10-31T20:09:29","modified_gmt":"2025-10-31T20:09:29","slug":"smartsolar-mppt-100-30-50","status":"publish","type":"product","link":"https:\/\/www.expeditionsolutions.ca\/en\/product\/smartsolar-mppt-100-30-50\/","title":{"rendered":"Contr\u00f4leurs de charge solaire SmartSolar MPPT 100\/50 de Victron Energy"},"content":{"rendered":"<p>A solar charger gathers energy from your solar panels, and stores it in your batteries. Using the latest, fastest technology, SmartSolar maximises this energy-harvest, driving it intelligently to achieve full charge in the shortest possible time. SmartSolar maintains battery health, extending its life.<\/p>\n<p>The SmartSolar charge controller will even recharge a severely depleted battery. It can operate with a battery voltage as low as 0 Volts, provided the cells are not permanently sulphated or otherwise damaged.<\/p>\n<h3>MPPT: Ultra Fast Maximum Power Point Tracking<\/h3>\n<div class=\"productDetails__block-content\">\n<div class=\"productDetails__block-description\">\n<p>By constantly monitoring the voltage and current output of your solar (PV) panels, MPPT technology ensures that every drop of available power is rinsed out of your panels, and harvested for storage. The advantage of this is most noticeable when the sky is partially clouded, and light intensity is constantly changing.<\/p>\n<\/div>\n<\/div>\n<h3 class=\"productDetails__block-title\"><span class=\"productDetails__block-title-content\">Remote Monitoring and Control<\/span><\/h3>\n<p>Remotely control and monitor the extensive features of your SmartSolar MPPT charger with built-in bluetooth by pairing it with your smartphone or other device via VictronConnect. If your installation is connected to the internet Victron Remote Management Portal (<a href=\"https:\/\/vrm.victronenergy.com\/landingpage\">VRM<\/a>) provides access to the full power of your MPPT, anytime, anywhere; both services are free to use. For remote installations - even when there is no internet connection nearby - you may be able to monitor your MPPT by connecting the\u00a0<a href=\"https:\/\/www.victronenergy.com\/panel-systems-remote-monitoring\/globallink-520\">GlobalLink 520<\/a>.<\/p>\n<h3>VictronConnect<\/h3>\n<p>VictronConnect lets you get live status information and configure any Victron products which either have Bluetooth built-in, or are connected to a VE.Direct Bluetooth Smart Dongle.<\/p>\n<h3 class=\"p1\">Bluetooth Smart built-in<\/h3>\n<p class=\"p2\">La solution sans fil pour configurer, surveiller, mettre \u00e0 jour et synchroniser les contr\u00f4leurs de charge SmartSolar.<\/p>\n<h3 class=\"p1\">The wireless solution to set-up, monitor, update and synchronise SmartSolar Charge Controllers.<\/h3>\n<p class=\"p3\"><span class=\"s1\">For a wired data connection to <\/span>a Color Control GX, other GX products, PC or other devices<\/p>\n<h3 class=\"p1\">Ultrafast Maximum Power Point Tracking (MPPT)<\/h3>\n<p class=\"p2\">Especially in case of a clouded sky, when light intensity is changing continuously, an ultra-fast MPPT controller will improve energy harvest by up to 30% compared to PWM charge controllers and by up to 10% compared to slower\nMPPT controllers.<\/p>\n<h3 class=\"p1\">Advanced Maximum Power Point Detection in case of partial shading conditions<\/h3>\n<p class=\"p2\">If partial shading occurs, two or more maximum power points may be present on the power-voltage curve.<br \/>\nConventional MPPTs tend to lock to a local MPP, which may not be the optimum MPP.<br \/>\nThe innovative BlueSolar algorithm will always maximize energy harvest by locking to the optimum MPP.<\/p>\n<h3 class=\"p1\">Outstanding conversion efficiency<\/h3>\n<p class=\"p2\">No cooling fan. Maximum efficiency exceeds 98%.<br \/>\nThe full output current up to 40\u00b0C (104\u00b0F).<\/p>\n<h3 class=\"p1\">Flexible charge algorithm<\/h3>\n<p class=\"p2\">Fully programmable charge algorithm (see the software page on our website), and eight pre-programmed algorithms, selectable with a rotary switch (see manual for details).<\/p>\n<h3 class=\"p1\">Extensive electronic protection<\/h3>\n<ul>\n<li class=\"p2\">Over-temperature protection and power derating when temperature is high.<\/li>\n<li class=\"p2\">PV short circuit and PV reverse polarity protection.<\/li>\n<li class=\"p2\">PV reverse current protection.<\/li>\n<\/ul>\n<h3 class=\"p1\">Internal temperature sensor<\/h3>\n<p class=\"p2\">Compensates absorption and float charge voltage for temperature.<\/p>\n<h3 class=\"p1\">Optional external battery voltage and temperature sensing via Bluetooth<\/h3>\n<p class=\"p2\">A Smart Battery Sense or a BMV-712 Smart Battery Monitor can be used to communicate battery voltage and temperature to one or more SmartSolar Charge Controllers.<\/p>\n<h3 class=\"p1\">Fully discharged battery recovery function<\/h3>\n<p class=\"p2\">Will initiate charging even if the battery has been discharged to zero volts.<br \/>\nWill reconnect to a fully discharged Li-ion battery with integrated disconnect function.<\/p>\n<h3><strong>MANUALS PDF<\/strong><\/h3>\n<p><a href=\"http:\/\/www.expeditionsolutions.ca\/wp-content\/uploads\/2021\/02\/Datasheet-SmartSolar-charge-controller-MPPT-100-30-100-50-FR.pdf\" target=\"_blank\" rel=\"noopener\">http:\/\/www.expeditionsolutions.ca\/wp-content\/uploads\/2021\/02\/Datasheet-SmartSolar-charge-controller-MPPT-100-30-100-50-EN.pdf<\/a><\/p>\n<p><a href=\"http:\/\/www.expeditionsolutions.ca\/wp-content\/uploads\/2021\/02\/Datasheet-BlueSolar-and-SmartSolar-charge-controller-overview-FR.pdf\" target=\"_blank\" rel=\"noopener noreferrer\">http:\/\/www.expeditionsolutions.ca\/wp-content\/uploads\/2021\/02\/Datasheet-BlueSolar-and-SmartSolar-charge-controller-overview-EN-.pdf<\/a><\/p>\n<p><a href=\"http:\/\/www.expeditionsolutions.ca\/wp-content\/uploads\/2021\/02\/Manual-SmartSolar-charge-controller-MPPT-100-30-100-50-EN-NL-FR-DE-ES-SE-.pdf\" target=\"_blank\" rel=\"noopener noreferrer\">SmartSolar charge controllers Manual<\/a><\/p>","protected":false},"excerpt":{"rendered":"<p>A solar charger gathers energy from your solar panels, and stores it in your batteries. Using the latest, fastest technology, SmartSolar maximises this energy-harvest, driving it intelligently to achieve full charge in the shortest possible time. SmartSolar maintains battery health, extending its life.<\/p>\n<p><strong>100\/30 Nominal PV Power at 12V: Up to 440W of solar<\/strong><\/p>\n<p><strong>100\/50 Nominal PV Power at 12V: Up to 700W of solar<\/strong><\/p>\n<p><img loading=\"lazy\" decoding=\"async\" class=\"alignnone size-medium wp-image-461\" src=\"http:\/\/www.expeditionsolutions.ca\/wp-content\/uploads\/2021\/02\/logo-victron-energy-marque-300x94.jpg\" alt=\"Victron-energy\" width=\"300\" height=\"94\" srcset=\"https:\/\/i0.wp.com\/www.expeditionsolutions.ca\/wp-content\/uploads\/2021\/02\/logo-victron-energy-marque.jpg?resize=300%2C94&amp;ssl=1 300w, https:\/\/i0.wp.com\/www.expeditionsolutions.ca\/wp-content\/uploads\/2021\/02\/logo-victron-energy-marque.jpg?resize=16%2C5&amp;ssl=1 16w, https:\/\/i0.wp.com\/www.expeditionsolutions.ca\/wp-content\/uploads\/2021\/02\/logo-victron-energy-marque.jpg?resize=600%2C188&amp;ssl=1 600w, https:\/\/i0.wp.com\/www.expeditionsolutions.ca\/wp-content\/uploads\/2021\/02\/logo-victron-energy-marque.jpg?w=720&amp;ssl=1 720w\" sizes=\"auto, (max-width: 300px) 100vw, 300px\" \/><\/p>","protected":false},"featured_media":467,"template":"","meta":{"_uag_custom_page_level_css":"","neve_meta_sidebar":"","neve_meta_container":"","neve_meta_enable_content_width":"off","neve_meta_content_width":70,"neve_meta_title_alignment":"","neve_meta_author_avatar":"","neve_post_elements_order":"","neve_meta_disable_header":"","neve_meta_disable_footer":"","neve_meta_disable_title":""},"product_brand":[86],"product_cat":[37],"product_tag":[],"class_list":{"0":"post-416","1":"product","2":"type-product","3":"status-publish","4":"has-post-thumbnail","6":"product_brand-victron-energy","7":"product_cat-electrique","8":"product_shipping_class-petits-colis","10":"first","11":"onbackorder","12":"taxable","13":"shipping-taxable","14":"purchasable","15":"product-type-variable","16":"has-default-attributes"},"yoast_head":"<!-- This site is optimized with the Yoast SEO plugin v27.3 - https:\/\/yoast.com\/product\/yoast-seo-wordpress\/ -->\n<title>Contr\u00f4leurs de charge solaire SmartSolar MPPT 100\/50 de Victron Energy<\/title>\n<meta name=\"description\" content=\"Contr\u00f4leurs de charge solaire SmartSolar MPPT 100\/50 r\u00e9cup\u00e8re l&#039;\u00e9nergie provenant de vos panneaux solaires et la stocke dans vos batteries.\" \/>\n<meta name=\"robots\" content=\"index, follow, max-snippet:-1, max-image-preview:large, max-video-preview:-1\" \/>\n<link rel=\"canonical\" href=\"http:\/\/www.expeditionsolutions.ca\/en\/product\/smartsolar-mppt-100-30-50\/\" \/>\n<meta property=\"og:locale\" content=\"en_US\" \/>\n<meta property=\"og:type\" content=\"article\" \/>\n<meta property=\"og:title\" content=\"Contr\u00f4leurs de charge solaire SmartSolar MPPT 100\/50 de Victron Energy\" \/>\n<meta property=\"og:description\" content=\"Contr\u00f4leurs de charge solaire SmartSolar MPPT 100\/50 r\u00e9cup\u00e8re l&#039;\u00e9nergie provenant de vos panneaux solaires et la stocke dans vos batteries.\" \/>\n<meta property=\"og:url\" content=\"http:\/\/www.expeditionsolutions.ca\/en\/product\/smartsolar-mppt-100-30-50\/\" \/>\n<meta property=\"og:site_name\" content=\"Expedition Solutions\" \/>\n<meta property=\"article:modified_time\" content=\"2025-10-31T20:09:29+00:00\" \/>\n<meta property=\"og:image\" content=\"https:\/\/i0.wp.com\/www.expeditionsolutions.ca\/wp-content\/uploads\/2021\/01\/SmartSolar-MPPT-100-50-1.jpg?fit=2400%2C1594\" \/>\n\t<meta property=\"og:image:width\" content=\"2400\" \/>\n\t<meta property=\"og:image:height\" content=\"1594\" \/>\n\t<meta property=\"og:image:type\" content=\"image\/jpeg\" \/>\n<meta name=\"twitter:card\" content=\"summary_large_image\" \/>\n<meta name=\"twitter:label1\" content=\"Est. reading time\" \/>\n\t<meta name=\"twitter:data1\" content=\"4 minutes\" \/>\n<script type=\"application\/ld+json\" class=\"yoast-schema-graph\">{\"@context\":\"https:\\\/\\\/schema.org\",\"@graph\":[{\"@type\":\"WebPage\",\"@id\":\"http:\\\/\\\/www.expeditionsolutions.ca\\\/en\\\/product\\\/smartsolar-mppt-100-30-50\\\/\",\"url\":\"http:\\\/\\\/www.expeditionsolutions.ca\\\/en\\\/product\\\/smartsolar-mppt-100-30-50\\\/\",\"name\":\"Contr\u00f4leurs de charge solaire SmartSolar MPPT 100\\\/50 de Victron Energy\",\"isPartOf\":{\"@id\":\"http:\\\/\\\/www.expeditionsolutions.ca\\\/#website\"},\"primaryImageOfPage\":{\"@id\":\"http:\\\/\\\/www.expeditionsolutions.ca\\\/en\\\/product\\\/smartsolar-mppt-100-30-50\\\/#primaryimage\"},\"image\":{\"@id\":\"http:\\\/\\\/www.expeditionsolutions.ca\\\/en\\\/product\\\/smartsolar-mppt-100-30-50\\\/#primaryimage\"},\"thumbnailUrl\":\"https:\\\/\\\/i0.wp.com\\\/www.expeditionsolutions.ca\\\/wp-content\\\/uploads\\\/2021\\\/01\\\/SmartSolar-MPPT-100-50-1.jpg?fit=2400%2C1594&ssl=1\",\"datePublished\":\"2021-01-12T03:54:34+00:00\",\"dateModified\":\"2025-10-31T20:09:29+00:00\",\"description\":\"Contr\u00f4leurs de charge solaire SmartSolar MPPT 100\\\/50 r\u00e9cup\u00e8re l'\u00e9nergie provenant de vos panneaux solaires et la stocke dans vos batteries.\",\"breadcrumb\":{\"@id\":\"http:\\\/\\\/www.expeditionsolutions.ca\\\/en\\\/product\\\/smartsolar-mppt-100-30-50\\\/#breadcrumb\"},\"inLanguage\":\"en-CA\",\"potentialAction\":[{\"@type\":\"ReadAction\",\"target\":[\"http:\\\/\\\/www.expeditionsolutions.ca\\\/en\\\/product\\\/smartsolar-mppt-100-30-50\\\/\"]}]},{\"@type\":\"ImageObject\",\"inLanguage\":\"en-CA\",\"@id\":\"http:\\\/\\\/www.expeditionsolutions.ca\\\/en\\\/product\\\/smartsolar-mppt-100-30-50\\\/#primaryimage\",\"url\":\"https:\\\/\\\/i0.wp.com\\\/www.expeditionsolutions.ca\\\/wp-content\\\/uploads\\\/2021\\\/01\\\/SmartSolar-MPPT-100-50-1.jpg?fit=2400%2C1594&ssl=1\",\"contentUrl\":\"https:\\\/\\\/i0.wp.com\\\/www.expeditionsolutions.ca\\\/wp-content\\\/uploads\\\/2021\\\/01\\\/SmartSolar-MPPT-100-50-1.jpg?fit=2400%2C1594&ssl=1\",\"width\":2400,\"height\":1594},{\"@type\":\"BreadcrumbList\",\"@id\":\"http:\\\/\\\/www.expeditionsolutions.ca\\\/en\\\/product\\\/smartsolar-mppt-100-30-50\\\/#breadcrumb\",\"itemListElement\":[{\"@type\":\"ListItem\",\"position\":1,\"name\":\"Accueil\",\"item\":\"https:\\\/\\\/www.expeditionsolutions.ca\\\/\"},{\"@type\":\"ListItem\",\"position\":2,\"name\":\"Boutique\",\"item\":\"https:\\\/\\\/www.expeditionsolutions.ca\\\/shop\\\/\"},{\"@type\":\"ListItem\",\"position\":3,\"name\":\"Contr\u00f4leurs de charge solaire SmartSolar MPPT 100\\\/50 de Victron Energy\"}]},{\"@type\":\"WebSite\",\"@id\":\"http:\\\/\\\/www.expeditionsolutions.ca\\\/#website\",\"url\":\"http:\\\/\\\/www.expeditionsolutions.ca\\\/\",\"name\":\"Expedition Solutions\",\"description\":\"\",\"publisher\":{\"@id\":\"http:\\\/\\\/www.expeditionsolutions.ca\\\/#organization\"},\"potentialAction\":[{\"@type\":\"SearchAction\",\"target\":{\"@type\":\"EntryPoint\",\"urlTemplate\":\"http:\\\/\\\/www.expeditionsolutions.ca\\\/?s={search_term_string}\"},\"query-input\":{\"@type\":\"PropertyValueSpecification\",\"valueRequired\":true,\"valueName\":\"search_term_string\"}}],\"inLanguage\":\"en-CA\"},{\"@type\":\"Organization\",\"@id\":\"http:\\\/\\\/www.expeditionsolutions.ca\\\/#organization\",\"name\":\"Expedition Solutions\",\"url\":\"http:\\\/\\\/www.expeditionsolutions.ca\\\/\",\"logo\":{\"@type\":\"ImageObject\",\"inLanguage\":\"en-CA\",\"@id\":\"http:\\\/\\\/www.expeditionsolutions.ca\\\/#\\\/schema\\\/logo\\\/image\\\/\",\"url\":\"https:\\\/\\\/i0.wp.com\\\/www.expeditionsolutions.ca\\\/wp-content\\\/uploads\\\/2020\\\/09\\\/cropped-Logo-Expedition-Solutions-1.png?fit=249%2C86&ssl=1\",\"contentUrl\":\"https:\\\/\\\/i0.wp.com\\\/www.expeditionsolutions.ca\\\/wp-content\\\/uploads\\\/2020\\\/09\\\/cropped-Logo-Expedition-Solutions-1.png?fit=249%2C86&ssl=1\",\"width\":249,\"height\":86,\"caption\":\"Expedition Solutions\"},\"image\":{\"@id\":\"http:\\\/\\\/www.expeditionsolutions.ca\\\/#\\\/schema\\\/logo\\\/image\\\/\"}}]}<\/script>\n<!-- \/ Yoast SEO plugin. -->","yoast_head_json":{"title":"Contr\u00f4leurs de charge solaire SmartSolar MPPT 100\/50 de Victron Energy","description":"Contr\u00f4leurs de charge solaire SmartSolar MPPT 100\/50 r\u00e9cup\u00e8re l'\u00e9nergie provenant de vos panneaux solaires et la stocke dans vos batteries.","robots":{"index":"index","follow":"follow","max-snippet":"max-snippet:-1","max-image-preview":"max-image-preview:large","max-video-preview":"max-video-preview:-1"},"canonical":"http:\/\/www.expeditionsolutions.ca\/en\/product\/smartsolar-mppt-100-30-50\/","og_locale":"en_US","og_type":"article","og_title":"Contr\u00f4leurs de charge solaire SmartSolar MPPT 100\/50 de Victron Energy","og_description":"Contr\u00f4leurs de charge solaire SmartSolar MPPT 100\/50 r\u00e9cup\u00e8re l'\u00e9nergie provenant de vos panneaux solaires et la stocke dans vos batteries.","og_url":"http:\/\/www.expeditionsolutions.ca\/en\/product\/smartsolar-mppt-100-30-50\/","og_site_name":"Expedition Solutions","article_modified_time":"2025-10-31T20:09:29+00:00","og_image":[{"width":2400,"height":1594,"url":"https:\/\/i0.wp.com\/www.expeditionsolutions.ca\/wp-content\/uploads\/2021\/01\/SmartSolar-MPPT-100-50-1.jpg?fit=2400%2C1594","type":"image\/jpeg"}],"twitter_card":"summary_large_image","twitter_misc":{"Est. reading time":"4 minutes"},"schema":{"@context":"https:\/\/schema.org","@graph":[{"@type":"WebPage","@id":"http:\/\/www.expeditionsolutions.ca\/en\/product\/smartsolar-mppt-100-30-50\/","url":"http:\/\/www.expeditionsolutions.ca\/en\/product\/smartsolar-mppt-100-30-50\/","name":"Contr\u00f4leurs de charge solaire SmartSolar MPPT 100\/50 de Victron Energy","isPartOf":{"@id":"http:\/\/www.expeditionsolutions.ca\/#website"},"primaryImageOfPage":{"@id":"http:\/\/www.expeditionsolutions.ca\/en\/product\/smartsolar-mppt-100-30-50\/#primaryimage"},"image":{"@id":"http:\/\/www.expeditionsolutions.ca\/en\/product\/smartsolar-mppt-100-30-50\/#primaryimage"},"thumbnailUrl":"https:\/\/i0.wp.com\/www.expeditionsolutions.ca\/wp-content\/uploads\/2021\/01\/SmartSolar-MPPT-100-50-1.jpg?fit=2400%2C1594&ssl=1","datePublished":"2021-01-12T03:54:34+00:00","dateModified":"2025-10-31T20:09:29+00:00","description":"Contr\u00f4leurs de charge solaire SmartSolar MPPT 100\/50 r\u00e9cup\u00e8re l'\u00e9nergie provenant de vos panneaux solaires et la stocke dans vos batteries.","breadcrumb":{"@id":"http:\/\/www.expeditionsolutions.ca\/en\/product\/smartsolar-mppt-100-30-50\/#breadcrumb"},"inLanguage":"en-CA","potentialAction":[{"@type":"ReadAction","target":["http:\/\/www.expeditionsolutions.ca\/en\/product\/smartsolar-mppt-100-30-50\/"]}]},{"@type":"ImageObject","inLanguage":"en-CA","@id":"http:\/\/www.expeditionsolutions.ca\/en\/product\/smartsolar-mppt-100-30-50\/#primaryimage","url":"https:\/\/i0.wp.com\/www.expeditionsolutions.ca\/wp-content\/uploads\/2021\/01\/SmartSolar-MPPT-100-50-1.jpg?fit=2400%2C1594&ssl=1","contentUrl":"https:\/\/i0.wp.com\/www.expeditionsolutions.ca\/wp-content\/uploads\/2021\/01\/SmartSolar-MPPT-100-50-1.jpg?fit=2400%2C1594&ssl=1","width":2400,"height":1594},{"@type":"BreadcrumbList","@id":"http:\/\/www.expeditionsolutions.ca\/en\/product\/smartsolar-mppt-100-30-50\/#breadcrumb","itemListElement":[{"@type":"ListItem","position":1,"name":"Accueil","item":"https:\/\/www.expeditionsolutions.ca\/"},{"@type":"ListItem","position":2,"name":"Boutique","item":"https:\/\/www.expeditionsolutions.ca\/shop\/"},{"@type":"ListItem","position":3,"name":"Contr\u00f4leurs de charge solaire SmartSolar MPPT 100\/50 de Victron Energy"}]},{"@type":"WebSite","@id":"http:\/\/www.expeditionsolutions.ca\/#website","url":"http:\/\/www.expeditionsolutions.ca\/","name":"Expedition Solutions","description":"","publisher":{"@id":"http:\/\/www.expeditionsolutions.ca\/#organization"},"potentialAction":[{"@type":"SearchAction","target":{"@type":"EntryPoint","urlTemplate":"http:\/\/www.expeditionsolutions.ca\/?s={search_term_string}"},"query-input":{"@type":"PropertyValueSpecification","valueRequired":true,"valueName":"search_term_string"}}],"inLanguage":"en-CA"},{"@type":"Organization","@id":"http:\/\/www.expeditionsolutions.ca\/#organization","name":"Expedition Solutions","url":"http:\/\/www.expeditionsolutions.ca\/","logo":{"@type":"ImageObject","inLanguage":"en-CA","@id":"http:\/\/www.expeditionsolutions.ca\/#\/schema\/logo\/image\/","url":"https:\/\/i0.wp.com\/www.expeditionsolutions.ca\/wp-content\/uploads\/2020\/09\/cropped-Logo-Expedition-Solutions-1.png?fit=249%2C86&ssl=1","contentUrl":"https:\/\/i0.wp.com\/www.expeditionsolutions.ca\/wp-content\/uploads\/2020\/09\/cropped-Logo-Expedition-Solutions-1.png?fit=249%2C86&ssl=1","width":249,"height":86,"caption":"Expedition Solutions"},"image":{"@id":"http:\/\/www.expeditionsolutions.ca\/#\/schema\/logo\/image\/"}}]}},"uagb_featured_image_src":{"full":["https:\/\/i0.wp.com\/www.expeditionsolutions.ca\/wp-content\/uploads\/2021\/01\/SmartSolar-MPPT-100-50-1.jpg?fit=2400%2C1594&ssl=1",2400,1594,false],"thumbnail":["https:\/\/i0.wp.com\/www.expeditionsolutions.ca\/wp-content\/uploads\/2021\/01\/SmartSolar-MPPT-100-50-1.jpg?resize=150%2C150&ssl=1",150,150,true],"medium":["https:\/\/i0.wp.com\/www.expeditionsolutions.ca\/wp-content\/uploads\/2021\/01\/SmartSolar-MPPT-100-50-1.jpg?fit=300%2C199&ssl=1",300,199,true],"medium_large":["https:\/\/i0.wp.com\/www.expeditionsolutions.ca\/wp-content\/uploads\/2021\/01\/SmartSolar-MPPT-100-50-1.jpg?fit=768%2C510&ssl=1",768,510,true],"large":["https:\/\/i0.wp.com\/www.expeditionsolutions.ca\/wp-content\/uploads\/2021\/01\/SmartSolar-MPPT-100-50-1.jpg?fit=1024%2C680&ssl=1",1024,680,true],"1536x1536":["https:\/\/i0.wp.com\/www.expeditionsolutions.ca\/wp-content\/uploads\/2021\/01\/SmartSolar-MPPT-100-50-1.jpg?fit=1536%2C1020&ssl=1",1536,1020,true],"2048x2048":["https:\/\/i0.wp.com\/www.expeditionsolutions.ca\/wp-content\/uploads\/2021\/01\/SmartSolar-MPPT-100-50-1.jpg?fit=2048%2C1360&ssl=1",2048,1360,true],"trp-custom-language-flag":["https:\/\/i0.wp.com\/www.expeditionsolutions.ca\/wp-content\/uploads\/2021\/01\/SmartSolar-MPPT-100-50-1.jpg?fit=16%2C12&ssl=1",16,12,true],"neve-blog":["https:\/\/i0.wp.com\/www.expeditionsolutions.ca\/wp-content\/uploads\/2021\/01\/SmartSolar-MPPT-100-50-1.jpg?resize=930%2C620&ssl=1",930,620,true],"woocommerce_thumbnail":["https:\/\/i0.wp.com\/www.expeditionsolutions.ca\/wp-content\/uploads\/2021\/01\/SmartSolar-MPPT-100-50-1.jpg?resize=300%2C300&ssl=1",300,300,true],"woocommerce_single":["https:\/\/i0.wp.com\/www.expeditionsolutions.ca\/wp-content\/uploads\/2021\/01\/SmartSolar-MPPT-100-50-1.jpg?fit=600%2C399&ssl=1",600,399,true],"woocommerce_gallery_thumbnail":["https:\/\/i0.wp.com\/www.expeditionsolutions.ca\/wp-content\/uploads\/2021\/01\/SmartSolar-MPPT-100-50-1.jpg?resize=100%2C100&ssl=1",100,100,true]},"uagb_author_info":{"display_name":"admin","author_link":"https:\/\/www.expeditionsolutions.ca\/en\/author\/"},"uagb_comment_info":0,"uagb_excerpt":"Un chargeur solaire r\u00e9cup\u00e8re l'\u00e9nergie provenant de vos panneaux solaires, et il la stocke dans vos batteries. Utilisant la technologie la plus r\u00e9cente et la plus rapide, le SmartSolar maximise cette \u00ab r\u00e9colte \u00bb d'\u00e9nergie, en la g\u00e9rant intelligemment de mani\u00e8re \u00e0 obtenir une pleine charge le plus rapidement possible. Le SmartSolar maintient votre batterie&hellip;","jetpack_sharing_enabled":true,"_links":{"self":[{"href":"https:\/\/www.expeditionsolutions.ca\/en\/wp-json\/wp\/v2\/product\/416","targetHints":{"allow":["GET"]}}],"collection":[{"href":"https:\/\/www.expeditionsolutions.ca\/en\/wp-json\/wp\/v2\/product"}],"about":[{"href":"https:\/\/www.expeditionsolutions.ca\/en\/wp-json\/wp\/v2\/types\/product"}],"wp:featuredmedia":[{"embeddable":true,"href":"https:\/\/www.expeditionsolutions.ca\/en\/wp-json\/wp\/v2\/media\/467"}],"wp:attachment":[{"href":"https:\/\/www.expeditionsolutions.ca\/en\/wp-json\/wp\/v2\/media?parent=416"}],"wp:term":[{"taxonomy":"product_brand","embeddable":true,"href":"https:\/\/www.expeditionsolutions.ca\/en\/wp-json\/wp\/v2\/product_brand?post=416"},{"taxonomy":"product_cat","embeddable":true,"href":"https:\/\/www.expeditionsolutions.ca\/en\/wp-json\/wp\/v2\/product_cat?post=416"},{"taxonomy":"product_tag","embeddable":true,"href":"https:\/\/www.expeditionsolutions.ca\/en\/wp-json\/wp\/v2\/product_tag?post=416"}],"curies":[{"name":"wp","href":"https:\/\/api.w.org\/{rel}","templated":true}]}}