{"id":450,"date":"2024-03-31T17:22:41","date_gmt":"2024-03-31T17:22:41","guid":{"rendered":"http:\/\/www.expeditionsolutions.ca\/?post_type=product&#038;p=450"},"modified":"2025-10-31T19:53:35","modified_gmt":"2025-10-31T19:53:35","slug":"chargeur-orion-tr-smart-cc-cc-dc-dc-isole","status":"publish","type":"product","link":"https:\/\/www.expeditionsolutions.ca\/en\/product\/chargeur-orion-tr-smart-cc-cc-dc-dc-isole\/","title":{"rendered":"Orion XS Chargeur DC-DC 12-12V 50A (700w)"},"content":{"rendered":"<h3>L&rsquo;Orion XS, con\u00e7u de A \u00e0 Z, red\u00e9finit la charge DC-DC de batterie \u00e0 batterie. Id\u00e9al pour les syst\u00e8mes \u00e0 double batterie charg\u00e9s par un alternateur intelligent.<\/h3>\n<p>Cet appareil garantit non seulement des performances de haut niveau, mais garantit \u00e9galement la s\u00e9curit\u00e9 de votre syst\u00e8me.<\/p>\n<p>Restez en charge gr\u00e2ce aux courants d&rsquo;entr\u00e9e et de sortie configurables et soyez assur\u00e9 que votre Orion XS fonctionnera \u00e0 pleine capacit\u00e9 jusqu&rsquo;\u00e0 40 \u00b0C. La technologie de circuit imprim\u00e9 en aluminium efficace \u00e0 98,5 % signifie moins de chaleur, sans avoir besoin de ventilateurs.<\/p>\n<p>En tant que partie int\u00e9grante de votre syst\u00e8me Victron, l&rsquo;Orion XS offre des capacit\u00e9s compl\u00e8tes de surveillance et de contr\u00f4le (\u00e0 distance), vous donnant le contr\u00f4le complet de votre appareil et de votre syst\u00e8me.<\/p>\n<h2>Caract\u00e9ristiques<\/h2>\n<h4 class=\"font-title text-[34px] leading-[37px] md:text-[56px] md:leading-[62px] text-white \"><span class=\"inline-block w-full h-full\">La puissance d&rsquo;un syst\u00e8me vraiment intelligent<br \/>\n<\/span><span class=\"inline-block w-full h-full\">Chargeur DC\/DC<\/span><\/h4>\n<ul>\n<li><strong><span class=\"inline-block w-full h-full\">En parall\u00e8le pour augmenter le courant de sortie<br \/>\n<\/span><\/strong>Un nombre illimit\u00e9 d&rsquo;appareils Orion XS peuvent \u00eatre connect\u00e9s en parall\u00e8le. Facilite la mise \u00e0 l&rsquo;\u00e9chelle du courant de sortie pour r\u00e9pondre aux exigences de votre syst\u00e8me.<\/li>\n<li><strong><span class=\"inline-block w-full h-full\">Compatibilit\u00e9 avec les alternateurs intelligents<br \/>\n<\/span><\/strong><span class=\"inline-block w-full h-full\">Gr\u00e2ce \u00e0 sa d\u00e9tection int\u00e9gr\u00e9e du moteur en marche, l&rsquo;Orion XS garantit que le chargeur n&rsquo;est aliment\u00e9 que lorsque le moteur est en marche. Il permet \u00e9galement de r\u00e9cup\u00e9rer un courant de charge appropri\u00e9 \u00e0 partir d&rsquo;alternateurs intelligents tels que ceux que l&rsquo;on trouve dans les moteurs Euro 5 et Euro 6.<\/span><\/li>\n<li><strong>Algorithme de charge adaptative<br \/>\n<\/strong>L&rsquo;Orion XS comprend des algorithmes de charge personnalisables et 8 modes de batterie pr\u00e9d\u00e9finis. Pour les batteries au plomb, ces r\u00e9glages garantissent des temps d\u2019absorption optimaux pour les d\u00e9charges superficielles et profondes.<\/li>\n<li><strong>Protection \u00e9lectronique compl\u00e8te<br \/>\n<\/strong>L&rsquo;Orion XS est \u00e9quip\u00e9 d&rsquo;une protection \u00e9lectronique compl\u00e8te contre les surcharges, les courts-circuits et les temp\u00e9ratures excessives. Il r\u00e9duira automatiquement la puissance de sortie lorsque la temp\u00e9rature maximale du produit sera atteinte.<\/li>\n<li><strong>Arr\u00eat \u00e0 basse temp\u00e9rature et protection contre les sous-tensions<br \/>\n<\/strong>Pour \u00e9viter d&rsquo;endommager les batteries au lithium, le chargeur s&rsquo;\u00e9teint automatiquement \u00e0 basse temp\u00e9rature et lorsque la tension d&rsquo;entr\u00e9e tombe en dessous d&rsquo;une valeur de verrouillage configurable par l&rsquo;utilisateur, prot\u00e9geant ainsi la batterie de d\u00e9marrage d&rsquo;une d\u00e9charge profonde.<\/li>\n<li><strong><span class=\"inline-block w-full h-full\">Poussi\u00e8re et \u00e9tanch\u00e9it\u00e9<br \/>\n<\/span><\/strong>L&rsquo;Orion XS est con\u00e7u pour r\u00e9sister \u00e0 la poussi\u00e8re et \u00e0 la pollution de l&rsquo;eau et a une classification IP65.<\/li>\n<li><\/li>\n<\/ul>\n<div class=\"flex flex-row justify-between items-center h-14 md:items-start md:h-auto md:mb-1 lg:mb-2\">\n<div class=\"overflow-hidden\">\n<div class=\"pt-4 md:pt-0 md:h-full\">\n<div class=\"mt-4 pb-10 md:pb-0 md:mt-0 md:h-full\">\n<h2 class=\"font-title text-[28px] leading-[31px] md:text-[40px] md:leading-[44px] text-black lg:max-w-[27rem]\"><span class=\"inline-block w-full h-full\">L&rsquo;intelligence n&rsquo;a jamais eu l&rsquo;air\u00a0<span class=\"text-victronBlue\">si simple<\/span><\/span><\/h2>\n<\/div>\n<\/div>\n<\/div>\n<\/div>\n<div class=\"overflow-hidden\">\n<div class=\"pt-4 md:pt-0 md:h-full\">\n<div class=\"mt-4 pb-10 md:pb-0 md:mt-0 md:h-full\">\n<div class=\"overflow-hidden\">\n<div class=\"pt-4 md:pt-0 md:h-full\">\n<p class=\"mt-4 pb-10 md:pb-0 md:mt-0 md:h-full\">Gr\u00e2ce \u00e0 ses nombreuses fonctions automatis\u00e9es de s\u00e9curit\u00e9 et d&rsquo;efficacit\u00e9, l&rsquo;Orion XS est vraiment un ajout intelligent \u00e0 tout v\u00e9hicule ou syst\u00e8me marin dot\u00e9 de deux batteries. Cela ne veut pas dire qu&rsquo;il doit \u00eatre compliqu\u00e9. Nous avons veill\u00e9 \u00e0 ce que l&rsquo;int\u00e9gration et le contr\u00f4le soient aussi simples que possible.<\/p>\n<\/div>\n<\/div>\n<\/div>\n<\/div>\n<\/div>\n<h2><img data-recalc-dims=\"1\" loading=\"lazy\" decoding=\"async\" class=\"alignnone wp-image-1047 size-large\" src=\"https:\/\/i0.wp.com\/www.expeditionsolutions.ca\/wp-content\/uploads\/2021\/02\/videoframe_1602-1024x576.png?resize=1024%2C576\" alt=\"\" width=\"1024\" height=\"576\" srcset=\"https:\/\/i0.wp.com\/www.expeditionsolutions.ca\/wp-content\/uploads\/2021\/02\/videoframe_1602.png?resize=1024%2C576&amp;ssl=1 1024w, https:\/\/i0.wp.com\/www.expeditionsolutions.ca\/wp-content\/uploads\/2021\/02\/videoframe_1602.png?resize=300%2C169&amp;ssl=1 300w, https:\/\/i0.wp.com\/www.expeditionsolutions.ca\/wp-content\/uploads\/2021\/02\/videoframe_1602.png?resize=768%2C432&amp;ssl=1 768w, https:\/\/i0.wp.com\/www.expeditionsolutions.ca\/wp-content\/uploads\/2021\/02\/videoframe_1602.png?resize=1536%2C864&amp;ssl=1 1536w, https:\/\/i0.wp.com\/www.expeditionsolutions.ca\/wp-content\/uploads\/2021\/02\/videoframe_1602.png?resize=18%2C10&amp;ssl=1 18w, https:\/\/i0.wp.com\/www.expeditionsolutions.ca\/wp-content\/uploads\/2021\/02\/videoframe_1602.png?resize=600%2C338&amp;ssl=1 600w, https:\/\/i0.wp.com\/www.expeditionsolutions.ca\/wp-content\/uploads\/2021\/02\/videoframe_1602.png?w=1920&amp;ssl=1 1920w\" sizes=\"auto, (max-width: 1024px) 100vw, 1024px\" \/><\/h2>\n<h2>MANUELS:<\/h2>\n<div>\n<p class=\"title\"><a href=\"https:\/\/www.victronenergy.com\/media\/pg\/Orion_XS_12-12-50A_DC-DC_battery_charger\/fr\/index-fr.html\"><strong>FR: Manuel &#8211; <span class=\"phrase\">Orion XS 12\/12-50A DC-DC battery charger<\/span><\/strong><\/a><\/p>\n<p><a href=\"https:\/\/www.victronenergy.com\/media\/pg\/Orion_XS_12-12-50A_DC-DC_battery_charger\/en\/index-en.html\"><strong>EN: Manual &#8211; <span class=\"phrase\">Orion XS 12\/12-50A DC-DC battery charger<\/span><\/strong><\/a><\/p>\n<\/div>\n<p>&nbsp;<\/p>\n<div class=\"nv-iframe-embed\"><iframe loading=\"lazy\" title=\"Victron Orion XS\" width=\"1200\" height=\"675\" src=\"https:\/\/www.youtube.com\/embed\/IPoOsygaVAE?feature=oembed\" frameborder=\"0\" allow=\"accelerometer; autoplay; clipboard-write; encrypted-media; gyroscope; picture-in-picture; web-share\" referrerpolicy=\"strict-origin-when-cross-origin\" allowfullscreen><\/iframe><\/div>\n<p>&nbsp;<\/p>\n<hr \/>\n<p>&nbsp;<\/p>\n","protected":false},"excerpt":{"rendered":"<h2>Alimenter les aventures<\/h2>\n<h5>L&rsquo;Orion XS, con\u00e7u de A \u00e0 Z, red\u00e9finit la charge DC-DC de batterie \u00e0 batterie. Id\u00e9al pour les syst\u00e8mes \u00e0 double batterie charg\u00e9s par un alternateur intelligent.<\/h5>\n<p><img loading=\"lazy\" decoding=\"async\" class=\"alignnone wp-image-1048 size-large\" src=\"http:\/\/www.expeditionsolutions.ca\/wp-content\/uploads\/2021\/02\/Orionxs-spec-1024x286.png\" alt=\"\" width=\"1024\" height=\"286\" srcset=\"https:\/\/i0.wp.com\/www.expeditionsolutions.ca\/wp-content\/uploads\/2021\/02\/Orionxs-spec.png?resize=1024%2C286&amp;ssl=1 1024w, https:\/\/i0.wp.com\/www.expeditionsolutions.ca\/wp-content\/uploads\/2021\/02\/Orionxs-spec.png?resize=300%2C84&amp;ssl=1 300w, https:\/\/i0.wp.com\/www.expeditionsolutions.ca\/wp-content\/uploads\/2021\/02\/Orionxs-spec.png?resize=768%2C215&amp;ssl=1 768w, https:\/\/i0.wp.com\/www.expeditionsolutions.ca\/wp-content\/uploads\/2021\/02\/Orionxs-spec.png?resize=18%2C5&amp;ssl=1 18w, https:\/\/i0.wp.com\/www.expeditionsolutions.ca\/wp-content\/uploads\/2021\/02\/Orionxs-spec.png?resize=600%2C168&amp;ssl=1 600w, https:\/\/i0.wp.com\/www.expeditionsolutions.ca\/wp-content\/uploads\/2021\/02\/Orionxs-spec.png?w=1274&amp;ssl=1 1274w\" sizes=\"auto, (max-width: 1024px) 100vw, 1024px\" \/><\/p>\n<p><img loading=\"lazy\" decoding=\"async\" class=\"alignnone size-medium wp-image-461\" src=\"http:\/\/www.expeditionsolutions.ca\/wp-content\/uploads\/2021\/02\/logo-victron-energy-marque-300x94.jpg\" alt=\"Victron-energy\" width=\"300\" height=\"94\" srcset=\"https:\/\/i0.wp.com\/www.expeditionsolutions.ca\/wp-content\/uploads\/2021\/02\/logo-victron-energy-marque.jpg?resize=300%2C94&amp;ssl=1 300w, https:\/\/i0.wp.com\/www.expeditionsolutions.ca\/wp-content\/uploads\/2021\/02\/logo-victron-energy-marque.jpg?resize=16%2C5&amp;ssl=1 16w, https:\/\/i0.wp.com\/www.expeditionsolutions.ca\/wp-content\/uploads\/2021\/02\/logo-victron-energy-marque.jpg?resize=600%2C188&amp;ssl=1 600w, https:\/\/i0.wp.com\/www.expeditionsolutions.ca\/wp-content\/uploads\/2021\/02\/logo-victron-energy-marque.jpg?w=720&amp;ssl=1 720w\" sizes=\"auto, (max-width: 300px) 100vw, 300px\" \/><\/p>","protected":false},"featured_media":1043,"template":"","meta":{"_uag_custom_page_level_css":"","neve_meta_sidebar":"","neve_meta_container":"","neve_meta_enable_content_width":"off","neve_meta_content_width":70,"neve_meta_title_alignment":"","neve_meta_author_avatar":"","neve_post_elements_order":"","neve_meta_disable_header":"","neve_meta_disable_footer":"","neve_meta_disable_title":""},"product_brand":[86],"product_cat":[37,15],"product_tag":[78,75],"class_list":{"0":"post-450","1":"product","2":"type-product","3":"status-publish","4":"has-post-thumbnail","6":"product_brand-victron-energy","7":"product_cat-electrique","8":"product_cat-new-products","9":"product_tag-charger","10":"product_tag-victron","11":"product_shipping_class-petits-colis","13":"first","14":"onbackorder","15":"taxable","16":"shipping-taxable","17":"purchasable","18":"product-type-simple"},"yoast_head":"<!-- This site is optimized with the Yoast SEO plugin v27.3 - https:\/\/yoast.com\/product\/yoast-seo-wordpress\/ -->\n<title>Orion XS Chargeur DC-DC 12-12V 50A (700w) - Expedition Solutions<\/title>\n<meta name=\"description\" content=\"L&#039;Orion XS red\u00e9finit la charge DC-DC de batterie \u00e0 batterie. Id\u00e9al pour les syst\u00e8mes \u00e0 double batterie charg\u00e9s par un alternateur intelligent.\" \/>\n<meta name=\"robots\" content=\"index, follow, max-snippet:-1, max-image-preview:large, max-video-preview:-1\" \/>\n<link rel=\"canonical\" href=\"http:\/\/www.expeditionsolutions.ca\/en\/product\/chargeur-orion-tr-smart-cc-cc-dc-dc-isole\/\" \/>\n<meta property=\"og:locale\" content=\"en_US\" \/>\n<meta property=\"og:type\" content=\"article\" \/>\n<meta property=\"og:title\" content=\"Orion XS Chargeur DC-DC 12-12V 50A (700w) - Expedition Solutions\" \/>\n<meta property=\"og:description\" content=\"L&#039;Orion XS red\u00e9finit la charge DC-DC de batterie \u00e0 batterie. Id\u00e9al pour les syst\u00e8mes \u00e0 double batterie charg\u00e9s par un alternateur intelligent.\" \/>\n<meta property=\"og:url\" content=\"http:\/\/www.expeditionsolutions.ca\/en\/product\/chargeur-orion-tr-smart-cc-cc-dc-dc-isole\/\" \/>\n<meta property=\"og:site_name\" content=\"Expedition Solutions\" \/>\n<meta property=\"article:modified_time\" content=\"2025-10-31T19:53:35+00:00\" \/>\n<meta property=\"og:image\" content=\"https:\/\/i0.wp.com\/www.expeditionsolutions.ca\/wp-content\/uploads\/2021\/02\/orionxs-top-md-86b3686f.webp?fit=652%2C740\" \/>\n\t<meta property=\"og:image:width\" content=\"652\" \/>\n\t<meta property=\"og:image:height\" content=\"740\" \/>\n\t<meta property=\"og:image:type\" content=\"image\/webp\" \/>\n<meta name=\"twitter:card\" content=\"summary_large_image\" \/>\n<meta name=\"twitter:label1\" content=\"Est. reading time\" \/>\n\t<meta name=\"twitter:data1\" content=\"3 minutes\" \/>\n<script type=\"application\/ld+json\" class=\"yoast-schema-graph\">{\"@context\":\"https:\\\/\\\/schema.org\",\"@graph\":[{\"@type\":\"WebPage\",\"@id\":\"http:\\\/\\\/www.expeditionsolutions.ca\\\/en\\\/product\\\/chargeur-orion-tr-smart-cc-cc-dc-dc-isole\\\/\",\"url\":\"http:\\\/\\\/www.expeditionsolutions.ca\\\/en\\\/product\\\/chargeur-orion-tr-smart-cc-cc-dc-dc-isole\\\/\",\"name\":\"Orion XS Chargeur DC-DC 12-12V 50A (700w) - Expedition Solutions\",\"isPartOf\":{\"@id\":\"http:\\\/\\\/www.expeditionsolutions.ca\\\/#website\"},\"primaryImageOfPage\":{\"@id\":\"http:\\\/\\\/www.expeditionsolutions.ca\\\/en\\\/product\\\/chargeur-orion-tr-smart-cc-cc-dc-dc-isole\\\/#primaryimage\"},\"image\":{\"@id\":\"http:\\\/\\\/www.expeditionsolutions.ca\\\/en\\\/product\\\/chargeur-orion-tr-smart-cc-cc-dc-dc-isole\\\/#primaryimage\"},\"thumbnailUrl\":\"https:\\\/\\\/i0.wp.com\\\/www.expeditionsolutions.ca\\\/wp-content\\\/uploads\\\/2021\\\/02\\\/orionxs-top-md-86b3686f.webp?fit=652%2C740&ssl=1\",\"datePublished\":\"2024-03-31T17:22:41+00:00\",\"dateModified\":\"2025-10-31T19:53:35+00:00\",\"description\":\"L'Orion XS red\u00e9finit la charge DC-DC de batterie \u00e0 batterie. Id\u00e9al pour les syst\u00e8mes \u00e0 double batterie charg\u00e9s par un alternateur intelligent.\",\"breadcrumb\":{\"@id\":\"http:\\\/\\\/www.expeditionsolutions.ca\\\/en\\\/product\\\/chargeur-orion-tr-smart-cc-cc-dc-dc-isole\\\/#breadcrumb\"},\"inLanguage\":\"en-CA\",\"potentialAction\":[{\"@type\":\"ReadAction\",\"target\":[\"http:\\\/\\\/www.expeditionsolutions.ca\\\/en\\\/product\\\/chargeur-orion-tr-smart-cc-cc-dc-dc-isole\\\/\"]}]},{\"@type\":\"ImageObject\",\"inLanguage\":\"en-CA\",\"@id\":\"http:\\\/\\\/www.expeditionsolutions.ca\\\/en\\\/product\\\/chargeur-orion-tr-smart-cc-cc-dc-dc-isole\\\/#primaryimage\",\"url\":\"https:\\\/\\\/i0.wp.com\\\/www.expeditionsolutions.ca\\\/wp-content\\\/uploads\\\/2021\\\/02\\\/orionxs-top-md-86b3686f.webp?fit=652%2C740&ssl=1\",\"contentUrl\":\"https:\\\/\\\/i0.wp.com\\\/www.expeditionsolutions.ca\\\/wp-content\\\/uploads\\\/2021\\\/02\\\/orionxs-top-md-86b3686f.webp?fit=652%2C740&ssl=1\",\"width\":652,\"height\":740},{\"@type\":\"BreadcrumbList\",\"@id\":\"http:\\\/\\\/www.expeditionsolutions.ca\\\/en\\\/product\\\/chargeur-orion-tr-smart-cc-cc-dc-dc-isole\\\/#breadcrumb\",\"itemListElement\":[{\"@type\":\"ListItem\",\"position\":1,\"name\":\"Accueil\",\"item\":\"https:\\\/\\\/www.expeditionsolutions.ca\\\/\"},{\"@type\":\"ListItem\",\"position\":2,\"name\":\"Boutique\",\"item\":\"https:\\\/\\\/www.expeditionsolutions.ca\\\/shop\\\/\"},{\"@type\":\"ListItem\",\"position\":3,\"name\":\"Orion XS Chargeur DC-DC 12-12V 50A (700w)\"}]},{\"@type\":\"WebSite\",\"@id\":\"http:\\\/\\\/www.expeditionsolutions.ca\\\/#website\",\"url\":\"http:\\\/\\\/www.expeditionsolutions.ca\\\/\",\"name\":\"Expedition Solutions\",\"description\":\"\",\"publisher\":{\"@id\":\"http:\\\/\\\/www.expeditionsolutions.ca\\\/#organization\"},\"potentialAction\":[{\"@type\":\"SearchAction\",\"target\":{\"@type\":\"EntryPoint\",\"urlTemplate\":\"http:\\\/\\\/www.expeditionsolutions.ca\\\/?s={search_term_string}\"},\"query-input\":{\"@type\":\"PropertyValueSpecification\",\"valueRequired\":true,\"valueName\":\"search_term_string\"}}],\"inLanguage\":\"en-CA\"},{\"@type\":\"Organization\",\"@id\":\"http:\\\/\\\/www.expeditionsolutions.ca\\\/#organization\",\"name\":\"Expedition Solutions\",\"url\":\"http:\\\/\\\/www.expeditionsolutions.ca\\\/\",\"logo\":{\"@type\":\"ImageObject\",\"inLanguage\":\"en-CA\",\"@id\":\"http:\\\/\\\/www.expeditionsolutions.ca\\\/#\\\/schema\\\/logo\\\/image\\\/\",\"url\":\"https:\\\/\\\/i0.wp.com\\\/www.expeditionsolutions.ca\\\/wp-content\\\/uploads\\\/2020\\\/09\\\/cropped-Logo-Expedition-Solutions-1.png?fit=249%2C86&ssl=1\",\"contentUrl\":\"https:\\\/\\\/i0.wp.com\\\/www.expeditionsolutions.ca\\\/wp-content\\\/uploads\\\/2020\\\/09\\\/cropped-Logo-Expedition-Solutions-1.png?fit=249%2C86&ssl=1\",\"width\":249,\"height\":86,\"caption\":\"Expedition Solutions\"},\"image\":{\"@id\":\"http:\\\/\\\/www.expeditionsolutions.ca\\\/#\\\/schema\\\/logo\\\/image\\\/\"}}]}<\/script>\n<!-- \/ Yoast SEO plugin. -->","yoast_head_json":{"title":"Orion XS Chargeur DC-DC 12-12V 50A (700w) - Expedition Solutions","description":"L'Orion XS red\u00e9finit la charge DC-DC de batterie \u00e0 batterie. Id\u00e9al pour les syst\u00e8mes \u00e0 double batterie charg\u00e9s par un alternateur intelligent.","robots":{"index":"index","follow":"follow","max-snippet":"max-snippet:-1","max-image-preview":"max-image-preview:large","max-video-preview":"max-video-preview:-1"},"canonical":"http:\/\/www.expeditionsolutions.ca\/en\/product\/chargeur-orion-tr-smart-cc-cc-dc-dc-isole\/","og_locale":"en_US","og_type":"article","og_title":"Orion XS Chargeur DC-DC 12-12V 50A (700w) - Expedition Solutions","og_description":"L'Orion XS red\u00e9finit la charge DC-DC de batterie \u00e0 batterie. Id\u00e9al pour les syst\u00e8mes \u00e0 double batterie charg\u00e9s par un alternateur intelligent.","og_url":"http:\/\/www.expeditionsolutions.ca\/en\/product\/chargeur-orion-tr-smart-cc-cc-dc-dc-isole\/","og_site_name":"Expedition Solutions","article_modified_time":"2025-10-31T19:53:35+00:00","og_image":[{"width":652,"height":740,"url":"https:\/\/i0.wp.com\/www.expeditionsolutions.ca\/wp-content\/uploads\/2021\/02\/orionxs-top-md-86b3686f.webp?fit=652%2C740","type":"image\/webp"}],"twitter_card":"summary_large_image","twitter_misc":{"Est. reading time":"3 minutes"},"schema":{"@context":"https:\/\/schema.org","@graph":[{"@type":"WebPage","@id":"http:\/\/www.expeditionsolutions.ca\/en\/product\/chargeur-orion-tr-smart-cc-cc-dc-dc-isole\/","url":"http:\/\/www.expeditionsolutions.ca\/en\/product\/chargeur-orion-tr-smart-cc-cc-dc-dc-isole\/","name":"Orion XS Chargeur DC-DC 12-12V 50A (700w) - Expedition Solutions","isPartOf":{"@id":"http:\/\/www.expeditionsolutions.ca\/#website"},"primaryImageOfPage":{"@id":"http:\/\/www.expeditionsolutions.ca\/en\/product\/chargeur-orion-tr-smart-cc-cc-dc-dc-isole\/#primaryimage"},"image":{"@id":"http:\/\/www.expeditionsolutions.ca\/en\/product\/chargeur-orion-tr-smart-cc-cc-dc-dc-isole\/#primaryimage"},"thumbnailUrl":"https:\/\/i0.wp.com\/www.expeditionsolutions.ca\/wp-content\/uploads\/2021\/02\/orionxs-top-md-86b3686f.webp?fit=652%2C740&ssl=1","datePublished":"2024-03-31T17:22:41+00:00","dateModified":"2025-10-31T19:53:35+00:00","description":"L'Orion XS red\u00e9finit la charge DC-DC de batterie \u00e0 batterie. Id\u00e9al pour les syst\u00e8mes \u00e0 double batterie charg\u00e9s par un alternateur intelligent.","breadcrumb":{"@id":"http:\/\/www.expeditionsolutions.ca\/en\/product\/chargeur-orion-tr-smart-cc-cc-dc-dc-isole\/#breadcrumb"},"inLanguage":"en-CA","potentialAction":[{"@type":"ReadAction","target":["http:\/\/www.expeditionsolutions.ca\/en\/product\/chargeur-orion-tr-smart-cc-cc-dc-dc-isole\/"]}]},{"@type":"ImageObject","inLanguage":"en-CA","@id":"http:\/\/www.expeditionsolutions.ca\/en\/product\/chargeur-orion-tr-smart-cc-cc-dc-dc-isole\/#primaryimage","url":"https:\/\/i0.wp.com\/www.expeditionsolutions.ca\/wp-content\/uploads\/2021\/02\/orionxs-top-md-86b3686f.webp?fit=652%2C740&ssl=1","contentUrl":"https:\/\/i0.wp.com\/www.expeditionsolutions.ca\/wp-content\/uploads\/2021\/02\/orionxs-top-md-86b3686f.webp?fit=652%2C740&ssl=1","width":652,"height":740},{"@type":"BreadcrumbList","@id":"http:\/\/www.expeditionsolutions.ca\/en\/product\/chargeur-orion-tr-smart-cc-cc-dc-dc-isole\/#breadcrumb","itemListElement":[{"@type":"ListItem","position":1,"name":"Accueil","item":"https:\/\/www.expeditionsolutions.ca\/"},{"@type":"ListItem","position":2,"name":"Boutique","item":"https:\/\/www.expeditionsolutions.ca\/shop\/"},{"@type":"ListItem","position":3,"name":"Orion XS Chargeur DC-DC 12-12V 50A (700w)"}]},{"@type":"WebSite","@id":"http:\/\/www.expeditionsolutions.ca\/#website","url":"http:\/\/www.expeditionsolutions.ca\/","name":"Expedition Solutions","description":"","publisher":{"@id":"http:\/\/www.expeditionsolutions.ca\/#organization"},"potentialAction":[{"@type":"SearchAction","target":{"@type":"EntryPoint","urlTemplate":"http:\/\/www.expeditionsolutions.ca\/?s={search_term_string}"},"query-input":{"@type":"PropertyValueSpecification","valueRequired":true,"valueName":"search_term_string"}}],"inLanguage":"en-CA"},{"@type":"Organization","@id":"http:\/\/www.expeditionsolutions.ca\/#organization","name":"Expedition Solutions","url":"http:\/\/www.expeditionsolutions.ca\/","logo":{"@type":"ImageObject","inLanguage":"en-CA","@id":"http:\/\/www.expeditionsolutions.ca\/#\/schema\/logo\/image\/","url":"https:\/\/i0.wp.com\/www.expeditionsolutions.ca\/wp-content\/uploads\/2020\/09\/cropped-Logo-Expedition-Solutions-1.png?fit=249%2C86&ssl=1","contentUrl":"https:\/\/i0.wp.com\/www.expeditionsolutions.ca\/wp-content\/uploads\/2020\/09\/cropped-Logo-Expedition-Solutions-1.png?fit=249%2C86&ssl=1","width":249,"height":86,"caption":"Expedition Solutions"},"image":{"@id":"http:\/\/www.expeditionsolutions.ca\/#\/schema\/logo\/image\/"}}]}},"uagb_featured_image_src":{"full":["https:\/\/i0.wp.com\/www.expeditionsolutions.ca\/wp-content\/uploads\/2021\/02\/orionxs-top-md-86b3686f.webp?fit=652%2C740&ssl=1",652,740,false],"thumbnail":["https:\/\/i0.wp.com\/www.expeditionsolutions.ca\/wp-content\/uploads\/2021\/02\/orionxs-top-md-86b3686f.webp?resize=150%2C150&ssl=1",150,150,true],"medium":["https:\/\/i0.wp.com\/www.expeditionsolutions.ca\/wp-content\/uploads\/2021\/02\/orionxs-top-md-86b3686f.webp?fit=264%2C300&ssl=1",264,300,true],"medium_large":["https:\/\/i0.wp.com\/www.expeditionsolutions.ca\/wp-content\/uploads\/2021\/02\/orionxs-top-md-86b3686f.webp?fit=652%2C740&ssl=1",652,740,true],"large":["https:\/\/i0.wp.com\/www.expeditionsolutions.ca\/wp-content\/uploads\/2021\/02\/orionxs-top-md-86b3686f.webp?fit=652%2C740&ssl=1",652,740,true],"1536x1536":["https:\/\/i0.wp.com\/www.expeditionsolutions.ca\/wp-content\/uploads\/2021\/02\/orionxs-top-md-86b3686f.webp?fit=652%2C740&ssl=1",652,740,true],"2048x2048":["https:\/\/i0.wp.com\/www.expeditionsolutions.ca\/wp-content\/uploads\/2021\/02\/orionxs-top-md-86b3686f.webp?fit=652%2C740&ssl=1",652,740,true],"trp-custom-language-flag":["https:\/\/i0.wp.com\/www.expeditionsolutions.ca\/wp-content\/uploads\/2021\/02\/orionxs-top-md-86b3686f.webp?fit=11%2C12&ssl=1",11,12,true],"neve-blog":["https:\/\/i0.wp.com\/www.expeditionsolutions.ca\/wp-content\/uploads\/2021\/02\/orionxs-top-md-86b3686f.webp?resize=652%2C620&ssl=1",652,620,true],"woocommerce_thumbnail":["https:\/\/i0.wp.com\/www.expeditionsolutions.ca\/wp-content\/uploads\/2021\/02\/orionxs-top-md-86b3686f.webp?resize=300%2C300&ssl=1",300,300,true],"woocommerce_single":["https:\/\/i0.wp.com\/www.expeditionsolutions.ca\/wp-content\/uploads\/2021\/02\/orionxs-top-md-86b3686f.webp?fit=600%2C681&ssl=1",600,681,true],"woocommerce_gallery_thumbnail":["https:\/\/i0.wp.com\/www.expeditionsolutions.ca\/wp-content\/uploads\/2021\/02\/orionxs-top-md-86b3686f.webp?resize=100%2C100&ssl=1",100,100,true]},"uagb_author_info":{"display_name":"admin","author_link":"https:\/\/www.expeditionsolutions.ca\/en\/author\/"},"uagb_comment_info":0,"uagb_excerpt":"Alimenter les aventures L'Orion XS, con\u00e7u de A \u00e0 Z, red\u00e9finit la charge DC-DC de batterie \u00e0 batterie. Id\u00e9al pour les syst\u00e8mes \u00e0 double batterie charg\u00e9s par un alternateur intelligent.","jetpack_sharing_enabled":true,"_links":{"self":[{"href":"https:\/\/www.expeditionsolutions.ca\/en\/wp-json\/wp\/v2\/product\/450","targetHints":{"allow":["GET"]}}],"collection":[{"href":"https:\/\/www.expeditionsolutions.ca\/en\/wp-json\/wp\/v2\/product"}],"about":[{"href":"https:\/\/www.expeditionsolutions.ca\/en\/wp-json\/wp\/v2\/types\/product"}],"wp:featuredmedia":[{"embeddable":true,"href":"https:\/\/www.expeditionsolutions.ca\/en\/wp-json\/wp\/v2\/media\/1043"}],"wp:attachment":[{"href":"https:\/\/www.expeditionsolutions.ca\/en\/wp-json\/wp\/v2\/media?parent=450"}],"wp:term":[{"taxonomy":"product_brand","embeddable":true,"href":"https:\/\/www.expeditionsolutions.ca\/en\/wp-json\/wp\/v2\/product_brand?post=450"},{"taxonomy":"product_cat","embeddable":true,"href":"https:\/\/www.expeditionsolutions.ca\/en\/wp-json\/wp\/v2\/product_cat?post=450"},{"taxonomy":"product_tag","embeddable":true,"href":"https:\/\/www.expeditionsolutions.ca\/en\/wp-json\/wp\/v2\/product_tag?post=450"}],"curies":[{"name":"wp","href":"https:\/\/api.w.org\/{rel}","templated":true}]}}