{"id":707,"date":"2021-04-06T18:59:41","date_gmt":"2021-04-06T18:59:41","guid":{"rendered":"http:\/\/www.expeditionsolutions.ca\/?post_type=product&#038;p=707"},"modified":"2025-10-31T20:03:35","modified_gmt":"2025-10-31T20:03:35","slug":"victron-multiplus-12-3000-120-convertisseur-chargeur","status":"publish","type":"product","link":"https:\/\/www.expeditionsolutions.ca\/en\/product\/victron-multiplus-12-3000-120-convertisseur-chargeur\/","title":{"rendered":"Victron MultiPlus 12\/3000\/120 Convertisseur\/Chargeur"},"content":{"rendered":"<h3>Multifonctions, avec une gestion intelligente de l&rsquo;\u00e9nergie<\/h3>\n<p>Le MultiPlus rassemble dans un seul boitier compact un convertisseur sinusoidal puissant, un chargeur sophistiqu\u00e9 \u00e0 technologie de charge adaptative et un commutateur de transfert CA ultra rapide. En plus de ces fonctions de base, le MultiPlus offre de nombreuses caract\u00e9ristiques avanc\u00e9es decries ci-dessous.<\/p>\n<h3>Deux sorties CA<\/h3>\n<p>La sortie principale \u00e0 une fonction d&rsquo;alimentation ininterrompue. En cas de d\u00e9faillance du r\u00e9seau ou de d\u00e9connection de Ia puissance de quai ou du groupe, le MultiPlus prend Ia suite de l&rsquo;alimentation des charges connect\u00e9es. Ce transfer est si rapide (moins de 20 millisecondes) que le fonctionnement d&rsquo;ordinateurs ou d&rsquo;autres \u00e9quipements \u00e9lectroniques sensibles raccord\u00e9s ne sera pas perturb\u00e9.<br \/>\nLa deuxi\u00e8me sortie n&rsquo;est sous tension que lorsque l&rsquo;alimentation CA est disponible sur l&rsquo;entree du MultiPlus. Des charges qui ne d\u00e9chargeraient pas Ia batterie, com me un chauffe-eau ou air climatiser par exemple, peuvent \u00eatre connect\u00e9es a cette sortie.<\/p>\n<h3>PowerControl : s&rsquo;adapter aux limites d&rsquo;un groupe, du quai ou du secteur<\/h3>\n<p>Le MultiPlus comporte un chargeur de batteries tr\u00e8s puissant qui demande de fortes intensit\u00e9s aux branchements de quai extern ou du g\u00e9n\u00e9rateur (pr\u00e8s de 20 A par MultiPlus de 3 kVA a 120 VCA). Le tableau de commande Multi Control permet de limiter Ia puissance \u00e0 fournir par le quai ou par le groupe \u00e9lectrog\u00e8ne. Le MultiPlus prend alors en compte les autres charges CA et n&rsquo;utilisera que l&rsquo;excedent pour Ia charge, \u00e9vitant ainsi toute surcharge de l&rsquo;alimentation du quai ou du groupe \u00e9lectrog\u00e8ne.<\/p>\n<h3>Power Assist- Davantage de puissance fournie par le quai ou le groupe<\/h3>\n<p>Cette fonction donne une dimension suppl\u00e9mentaire au principe du PowerControl En permettant au MultiPlus de completer Ia capacit\u00e9 de Ia source alternative. En cas d&rsquo;une demande de puissance de pointe, souvent requise pour une courte dur\u00e9e, le MultiPlus s&rsquo;assurera qu&rsquo;une puissance de g\u00e9n\u00e9rateur ou de quai insuffisante sera compens\u00e9e par une puissance compl\u00e9mentaire depuis Ia batterie. Et lorsque Ia demande diminue, l&rsquo;excedent de puissance est utilise pour recharger les batteries.<\/p>\n<h3>Charge adaptive en quatre \u00e9tapes et chargement de deux bancs de batteries<\/h3>\n<p>La sortie principale fournit une charge puissante au syst\u00e8me de batteries grace \u00e0 un logiciel perfectionn\u00e9 de \u00ab\u00a0charge adaptive\u00a0\u00bb. Le logiciel ajuste les trois \u00e9tapes du processus automatique pour s&rsquo;adapter a l&rsquo;\u00e9tat de Ia batterie, et il en rajoute une quatri\u00e8me pour les longues p\u00e9riodes de chargement \u00ab\u00a0float\u00a0\u00bb\u00b7 Le processus de charge adaptative est d\u00e9taill\u00e9 dans Ia fiche technique du Chargeur Phoenix et sur le site Web de Victron, \u00e0 Ia section Informations techniques. De plus, le MultiPlus chargera une deuxi\u00e8me batterie en utilisant une sortie de charge de compensation prevue pour un moteur principal ou une batterie de d\u00e9marrage du g\u00e9n\u00e9rateur.<\/p>\n<h3>PDF MANUALS<\/h3>\n<p><a href=\"https:\/\/www.victronenergy.com\/upload\/documents\/Datasheet-MultiPlus-inverter-charger--800VA-5kVA-FR.pdf\" target=\"_blank\" rel=\"noopener\">Convertisseur \/ Chargeur MultiPlus<\/a><\/p>\n<p>&nbsp;<\/p>","protected":false},"excerpt":{"rendered":"<p>Le MultiPlus rassemble dans un seul boitier compact un convertisseur sinusoidal puissant, un chargeur sophistiqu\u00e9 \u00e0 technologie de charge adaptative et un commutateur de transfert CA ultra rapide. En plus de ces fonctions de base, le MultiPlus offre de nombreuses caract\u00e9ristiques avanc\u00e9es decries ci-dessous.<\/p>\n<p><img loading=\"lazy\" decoding=\"async\" class=\"alignnone size-medium wp-image-617\" src=\"http:\/\/www.expeditionsolutions.ca\/wp-content\/uploads\/2021\/03\/logo-victron-energy-600-300x94.jpg\" alt=\"\" width=\"300\" height=\"94\" srcset=\"https:\/\/i0.wp.com\/www.expeditionsolutions.ca\/wp-content\/uploads\/2021\/03\/logo-victron-energy-600.jpg?resize=300%2C94&amp;ssl=1 300w, https:\/\/i0.wp.com\/www.expeditionsolutions.ca\/wp-content\/uploads\/2021\/03\/logo-victron-energy-600.jpg?resize=16%2C5&amp;ssl=1 16w, https:\/\/i0.wp.com\/www.expeditionsolutions.ca\/wp-content\/uploads\/2021\/03\/logo-victron-energy-600.jpg?w=600&amp;ssl=1 600w\" sizes=\"auto, (max-width: 300px) 100vw, 300px\" \/><\/p>\n<p>Codes de produits: PMP123021102 ou PMP122301102 (UL Certified)<\/p>","protected":false},"featured_media":725,"template":"","meta":{"_uag_custom_page_level_css":"","neve_meta_sidebar":"","neve_meta_container":"","neve_meta_enable_content_width":"off","neve_meta_content_width":70,"neve_meta_title_alignment":"","neve_meta_author_avatar":"","neve_post_elements_order":"","neve_meta_disable_header":"","neve_meta_disable_footer":"","neve_meta_disable_title":""},"product_brand":[86],"product_cat":[37],"product_tag":[],"class_list":{"0":"post-707","1":"product","2":"type-product","3":"status-publish","4":"has-post-thumbnail","6":"product_brand-victron-energy","7":"product_cat-electrique","8":"product_shipping_class-colis-lourds","10":"first","11":"outofstock","12":"taxable","13":"shipping-taxable","14":"purchasable","15":"product-type-variable"},"yoast_head":"<!-- This site is optimized with the Yoast SEO plugin v27.3 - https:\/\/yoast.com\/product\/yoast-seo-wordpress\/ -->\n<title>Victron MultiPlus 12\/3000\/120 Convertisseur\/Chargeur - Expedition Solutions<\/title>\n<meta name=\"description\" content=\"Le MultiPius rassemble dans un seul boitier compact un convertisseur sinusoidal puissant, un chargeur sophistiqu\u00e9 \u00e0 technologie de charge adaptative et un commutateur de transfert CA ultra rapide.\" \/>\n<meta name=\"robots\" content=\"index, follow, max-snippet:-1, max-image-preview:large, max-video-preview:-1\" \/>\n<link rel=\"canonical\" href=\"http:\/\/www.expeditionsolutions.ca\/en\/product\/victron-multiplus-12-3000-120-convertisseur-chargeur\/\" \/>\n<meta property=\"og:locale\" content=\"en_US\" \/>\n<meta property=\"og:type\" content=\"article\" \/>\n<meta property=\"og:title\" content=\"Victron MultiPlus 12\/3000\/120 Convertisseur\/Chargeur - Expedition Solutions\" \/>\n<meta property=\"og:description\" content=\"Le MultiPius rassemble dans un seul boitier compact un convertisseur sinusoidal puissant, un chargeur sophistiqu\u00e9 \u00e0 technologie de charge adaptative et un commutateur de transfert CA ultra rapide.\" \/>\n<meta property=\"og:url\" content=\"http:\/\/www.expeditionsolutions.ca\/en\/product\/victron-multiplus-12-3000-120-convertisseur-chargeur\/\" \/>\n<meta property=\"og:site_name\" content=\"Expedition Solutions\" \/>\n<meta property=\"article:modified_time\" content=\"2025-10-31T20:03:35+00:00\" \/>\n<meta property=\"og:image\" content=\"https:\/\/i0.wp.com\/www.expeditionsolutions.ca\/wp-content\/uploads\/2021\/04\/multiplus-12-3000-120-50_front_300dpi_1_720x.jpeg?fit=1080%2C956\" \/>\n\t<meta property=\"og:image:width\" content=\"1080\" \/>\n\t<meta property=\"og:image:height\" content=\"956\" \/>\n\t<meta property=\"og:image:type\" content=\"image\/jpeg\" \/>\n<meta name=\"twitter:card\" content=\"summary_large_image\" \/>\n<meta name=\"twitter:label1\" content=\"Est. reading time\" \/>\n\t<meta name=\"twitter:data1\" content=\"3 minutes\" \/>\n<script type=\"application\/ld+json\" class=\"yoast-schema-graph\">{\"@context\":\"https:\\\/\\\/schema.org\",\"@graph\":[{\"@type\":\"WebPage\",\"@id\":\"http:\\\/\\\/www.expeditionsolutions.ca\\\/product\\\/victron-multiplus-12-3000-120-convertisseur-chargeur\\\/\",\"url\":\"http:\\\/\\\/www.expeditionsolutions.ca\\\/product\\\/victron-multiplus-12-3000-120-convertisseur-chargeur\\\/\",\"name\":\"Victron MultiPlus 12\\\/3000\\\/120 Convertisseur\\\/Chargeur - Expedition Solutions\",\"isPartOf\":{\"@id\":\"http:\\\/\\\/www.expeditionsolutions.ca\\\/#website\"},\"primaryImageOfPage\":{\"@id\":\"http:\\\/\\\/www.expeditionsolutions.ca\\\/product\\\/victron-multiplus-12-3000-120-convertisseur-chargeur\\\/#primaryimage\"},\"image\":{\"@id\":\"http:\\\/\\\/www.expeditionsolutions.ca\\\/product\\\/victron-multiplus-12-3000-120-convertisseur-chargeur\\\/#primaryimage\"},\"thumbnailUrl\":\"https:\\\/\\\/i0.wp.com\\\/www.expeditionsolutions.ca\\\/wp-content\\\/uploads\\\/2021\\\/04\\\/multiplus-12-3000-120-50_front_300dpi_1_720x.jpeg?fit=1080%2C956&ssl=1\",\"datePublished\":\"2021-04-06T18:59:41+00:00\",\"dateModified\":\"2025-10-31T20:03:35+00:00\",\"description\":\"Le MultiPius rassemble dans un seul boitier compact un convertisseur sinusoidal puissant, un chargeur sophistiqu\u00e9 \u00e0 technologie de charge adaptative et un commutateur de transfert CA ultra rapide.\",\"breadcrumb\":{\"@id\":\"http:\\\/\\\/www.expeditionsolutions.ca\\\/product\\\/victron-multiplus-12-3000-120-convertisseur-chargeur\\\/#breadcrumb\"},\"inLanguage\":\"en-CA\",\"potentialAction\":[{\"@type\":\"ReadAction\",\"target\":[\"http:\\\/\\\/www.expeditionsolutions.ca\\\/product\\\/victron-multiplus-12-3000-120-convertisseur-chargeur\\\/\"]}]},{\"@type\":\"ImageObject\",\"inLanguage\":\"en-CA\",\"@id\":\"http:\\\/\\\/www.expeditionsolutions.ca\\\/product\\\/victron-multiplus-12-3000-120-convertisseur-chargeur\\\/#primaryimage\",\"url\":\"https:\\\/\\\/i0.wp.com\\\/www.expeditionsolutions.ca\\\/wp-content\\\/uploads\\\/2021\\\/04\\\/multiplus-12-3000-120-50_front_300dpi_1_720x.jpeg?fit=1080%2C956&ssl=1\",\"contentUrl\":\"https:\\\/\\\/i0.wp.com\\\/www.expeditionsolutions.ca\\\/wp-content\\\/uploads\\\/2021\\\/04\\\/multiplus-12-3000-120-50_front_300dpi_1_720x.jpeg?fit=1080%2C956&ssl=1\",\"width\":1080,\"height\":956},{\"@type\":\"BreadcrumbList\",\"@id\":\"http:\\\/\\\/www.expeditionsolutions.ca\\\/product\\\/victron-multiplus-12-3000-120-convertisseur-chargeur\\\/#breadcrumb\",\"itemListElement\":[{\"@type\":\"ListItem\",\"position\":1,\"name\":\"Accueil\",\"item\":\"https:\\\/\\\/www.expeditionsolutions.ca\\\/\"},{\"@type\":\"ListItem\",\"position\":2,\"name\":\"Boutique\",\"item\":\"https:\\\/\\\/www.expeditionsolutions.ca\\\/shop\\\/\"},{\"@type\":\"ListItem\",\"position\":3,\"name\":\"Victron MultiPlus 12\\\/3000\\\/120 Convertisseur\\\/Chargeur\"}]},{\"@type\":\"WebSite\",\"@id\":\"http:\\\/\\\/www.expeditionsolutions.ca\\\/#website\",\"url\":\"http:\\\/\\\/www.expeditionsolutions.ca\\\/\",\"name\":\"Expedition Solutions\",\"description\":\"\",\"publisher\":{\"@id\":\"http:\\\/\\\/www.expeditionsolutions.ca\\\/#organization\"},\"potentialAction\":[{\"@type\":\"SearchAction\",\"target\":{\"@type\":\"EntryPoint\",\"urlTemplate\":\"http:\\\/\\\/www.expeditionsolutions.ca\\\/?s={search_term_string}\"},\"query-input\":{\"@type\":\"PropertyValueSpecification\",\"valueRequired\":true,\"valueName\":\"search_term_string\"}}],\"inLanguage\":\"en-CA\"},{\"@type\":\"Organization\",\"@id\":\"http:\\\/\\\/www.expeditionsolutions.ca\\\/#organization\",\"name\":\"Expedition Solutions\",\"url\":\"http:\\\/\\\/www.expeditionsolutions.ca\\\/\",\"logo\":{\"@type\":\"ImageObject\",\"inLanguage\":\"en-CA\",\"@id\":\"http:\\\/\\\/www.expeditionsolutions.ca\\\/#\\\/schema\\\/logo\\\/image\\\/\",\"url\":\"https:\\\/\\\/i0.wp.com\\\/www.expeditionsolutions.ca\\\/wp-content\\\/uploads\\\/2020\\\/09\\\/cropped-Logo-Expedition-Solutions-1.png?fit=249%2C86&ssl=1\",\"contentUrl\":\"https:\\\/\\\/i0.wp.com\\\/www.expeditionsolutions.ca\\\/wp-content\\\/uploads\\\/2020\\\/09\\\/cropped-Logo-Expedition-Solutions-1.png?fit=249%2C86&ssl=1\",\"width\":249,\"height\":86,\"caption\":\"Expedition Solutions\"},\"image\":{\"@id\":\"http:\\\/\\\/www.expeditionsolutions.ca\\\/#\\\/schema\\\/logo\\\/image\\\/\"}}]}<\/script>\n<!-- \/ Yoast SEO plugin. -->","yoast_head_json":{"title":"Victron MultiPlus 12\/3000\/120 Convertisseur\/Chargeur - Expedition Solutions","description":"Le MultiPius rassemble dans un seul boitier compact un convertisseur sinusoidal puissant, un chargeur sophistiqu\u00e9 \u00e0 technologie de charge adaptative et un commutateur de transfert CA ultra rapide.","robots":{"index":"index","follow":"follow","max-snippet":"max-snippet:-1","max-image-preview":"max-image-preview:large","max-video-preview":"max-video-preview:-1"},"canonical":"http:\/\/www.expeditionsolutions.ca\/en\/product\/victron-multiplus-12-3000-120-convertisseur-chargeur\/","og_locale":"en_US","og_type":"article","og_title":"Victron MultiPlus 12\/3000\/120 Convertisseur\/Chargeur - Expedition Solutions","og_description":"Le MultiPius rassemble dans un seul boitier compact un convertisseur sinusoidal puissant, un chargeur sophistiqu\u00e9 \u00e0 technologie de charge adaptative et un commutateur de transfert CA ultra rapide.","og_url":"http:\/\/www.expeditionsolutions.ca\/en\/product\/victron-multiplus-12-3000-120-convertisseur-chargeur\/","og_site_name":"Expedition Solutions","article_modified_time":"2025-10-31T20:03:35+00:00","og_image":[{"width":1080,"height":956,"url":"https:\/\/i0.wp.com\/www.expeditionsolutions.ca\/wp-content\/uploads\/2021\/04\/multiplus-12-3000-120-50_front_300dpi_1_720x.jpeg?fit=1080%2C956","type":"image\/jpeg"}],"twitter_card":"summary_large_image","twitter_misc":{"Est. reading time":"3 minutes"},"schema":{"@context":"https:\/\/schema.org","@graph":[{"@type":"WebPage","@id":"http:\/\/www.expeditionsolutions.ca\/product\/victron-multiplus-12-3000-120-convertisseur-chargeur\/","url":"http:\/\/www.expeditionsolutions.ca\/product\/victron-multiplus-12-3000-120-convertisseur-chargeur\/","name":"Victron MultiPlus 12\/3000\/120 Convertisseur\/Chargeur - Expedition Solutions","isPartOf":{"@id":"http:\/\/www.expeditionsolutions.ca\/#website"},"primaryImageOfPage":{"@id":"http:\/\/www.expeditionsolutions.ca\/product\/victron-multiplus-12-3000-120-convertisseur-chargeur\/#primaryimage"},"image":{"@id":"http:\/\/www.expeditionsolutions.ca\/product\/victron-multiplus-12-3000-120-convertisseur-chargeur\/#primaryimage"},"thumbnailUrl":"https:\/\/i0.wp.com\/www.expeditionsolutions.ca\/wp-content\/uploads\/2021\/04\/multiplus-12-3000-120-50_front_300dpi_1_720x.jpeg?fit=1080%2C956&ssl=1","datePublished":"2021-04-06T18:59:41+00:00","dateModified":"2025-10-31T20:03:35+00:00","description":"Le MultiPius rassemble dans un seul boitier compact un convertisseur sinusoidal puissant, un chargeur sophistiqu\u00e9 \u00e0 technologie de charge adaptative et un commutateur de transfert CA ultra rapide.","breadcrumb":{"@id":"http:\/\/www.expeditionsolutions.ca\/product\/victron-multiplus-12-3000-120-convertisseur-chargeur\/#breadcrumb"},"inLanguage":"en-CA","potentialAction":[{"@type":"ReadAction","target":["http:\/\/www.expeditionsolutions.ca\/product\/victron-multiplus-12-3000-120-convertisseur-chargeur\/"]}]},{"@type":"ImageObject","inLanguage":"en-CA","@id":"http:\/\/www.expeditionsolutions.ca\/product\/victron-multiplus-12-3000-120-convertisseur-chargeur\/#primaryimage","url":"https:\/\/i0.wp.com\/www.expeditionsolutions.ca\/wp-content\/uploads\/2021\/04\/multiplus-12-3000-120-50_front_300dpi_1_720x.jpeg?fit=1080%2C956&ssl=1","contentUrl":"https:\/\/i0.wp.com\/www.expeditionsolutions.ca\/wp-content\/uploads\/2021\/04\/multiplus-12-3000-120-50_front_300dpi_1_720x.jpeg?fit=1080%2C956&ssl=1","width":1080,"height":956},{"@type":"BreadcrumbList","@id":"http:\/\/www.expeditionsolutions.ca\/product\/victron-multiplus-12-3000-120-convertisseur-chargeur\/#breadcrumb","itemListElement":[{"@type":"ListItem","position":1,"name":"Accueil","item":"https:\/\/www.expeditionsolutions.ca\/"},{"@type":"ListItem","position":2,"name":"Boutique","item":"https:\/\/www.expeditionsolutions.ca\/shop\/"},{"@type":"ListItem","position":3,"name":"Victron MultiPlus 12\/3000\/120 Convertisseur\/Chargeur"}]},{"@type":"WebSite","@id":"http:\/\/www.expeditionsolutions.ca\/#website","url":"http:\/\/www.expeditionsolutions.ca\/","name":"Expedition Solutions","description":"","publisher":{"@id":"http:\/\/www.expeditionsolutions.ca\/#organization"},"potentialAction":[{"@type":"SearchAction","target":{"@type":"EntryPoint","urlTemplate":"http:\/\/www.expeditionsolutions.ca\/?s={search_term_string}"},"query-input":{"@type":"PropertyValueSpecification","valueRequired":true,"valueName":"search_term_string"}}],"inLanguage":"en-CA"},{"@type":"Organization","@id":"http:\/\/www.expeditionsolutions.ca\/#organization","name":"Expedition Solutions","url":"http:\/\/www.expeditionsolutions.ca\/","logo":{"@type":"ImageObject","inLanguage":"en-CA","@id":"http:\/\/www.expeditionsolutions.ca\/#\/schema\/logo\/image\/","url":"https:\/\/i0.wp.com\/www.expeditionsolutions.ca\/wp-content\/uploads\/2020\/09\/cropped-Logo-Expedition-Solutions-1.png?fit=249%2C86&ssl=1","contentUrl":"https:\/\/i0.wp.com\/www.expeditionsolutions.ca\/wp-content\/uploads\/2020\/09\/cropped-Logo-Expedition-Solutions-1.png?fit=249%2C86&ssl=1","width":249,"height":86,"caption":"Expedition Solutions"},"image":{"@id":"http:\/\/www.expeditionsolutions.ca\/#\/schema\/logo\/image\/"}}]}},"uagb_featured_image_src":{"full":["https:\/\/i0.wp.com\/www.expeditionsolutions.ca\/wp-content\/uploads\/2021\/04\/multiplus-12-3000-120-50_front_300dpi_1_720x.jpeg?fit=1080%2C956&ssl=1",1080,956,false],"thumbnail":["https:\/\/i0.wp.com\/www.expeditionsolutions.ca\/wp-content\/uploads\/2021\/04\/multiplus-12-3000-120-50_front_300dpi_1_720x.jpeg?resize=150%2C150&ssl=1",150,150,true],"medium":["https:\/\/i0.wp.com\/www.expeditionsolutions.ca\/wp-content\/uploads\/2021\/04\/multiplus-12-3000-120-50_front_300dpi_1_720x.jpeg?fit=300%2C266&ssl=1",300,266,true],"medium_large":["https:\/\/i0.wp.com\/www.expeditionsolutions.ca\/wp-content\/uploads\/2021\/04\/multiplus-12-3000-120-50_front_300dpi_1_720x.jpeg?fit=768%2C680&ssl=1",768,680,true],"large":["https:\/\/i0.wp.com\/www.expeditionsolutions.ca\/wp-content\/uploads\/2021\/04\/multiplus-12-3000-120-50_front_300dpi_1_720x.jpeg?fit=1024%2C906&ssl=1",1024,906,true],"1536x1536":["https:\/\/i0.wp.com\/www.expeditionsolutions.ca\/wp-content\/uploads\/2021\/04\/multiplus-12-3000-120-50_front_300dpi_1_720x.jpeg?fit=1080%2C956&ssl=1",1080,956,true],"2048x2048":["https:\/\/i0.wp.com\/www.expeditionsolutions.ca\/wp-content\/uploads\/2021\/04\/multiplus-12-3000-120-50_front_300dpi_1_720x.jpeg?fit=1080%2C956&ssl=1",1080,956,true],"trp-custom-language-flag":["https:\/\/i0.wp.com\/www.expeditionsolutions.ca\/wp-content\/uploads\/2021\/04\/multiplus-12-3000-120-50_front_300dpi_1_720x.jpeg?fit=14%2C12&ssl=1",14,12,true],"neve-blog":["https:\/\/i0.wp.com\/www.expeditionsolutions.ca\/wp-content\/uploads\/2021\/04\/multiplus-12-3000-120-50_front_300dpi_1_720x.jpeg?resize=930%2C620&ssl=1",930,620,true],"woocommerce_thumbnail":["https:\/\/i0.wp.com\/www.expeditionsolutions.ca\/wp-content\/uploads\/2021\/04\/multiplus-12-3000-120-50_front_300dpi_1_720x.jpeg?resize=300%2C300&ssl=1",300,300,true],"woocommerce_single":["https:\/\/i0.wp.com\/www.expeditionsolutions.ca\/wp-content\/uploads\/2021\/04\/multiplus-12-3000-120-50_front_300dpi_1_720x.jpeg?fit=600%2C531&ssl=1",600,531,true],"woocommerce_gallery_thumbnail":["https:\/\/i0.wp.com\/www.expeditionsolutions.ca\/wp-content\/uploads\/2021\/04\/multiplus-12-3000-120-50_front_300dpi_1_720x.jpeg?resize=100%2C100&ssl=1",100,100,true]},"uagb_author_info":{"display_name":"Justin Lafrance","author_link":"https:\/\/www.expeditionsolutions.ca\/en\/author\/"},"uagb_comment_info":0,"uagb_excerpt":"Le MultiPlus rassemble dans un seul boitier compact un convertisseur sinusoidal puissant, un chargeur sophistiqu\u00e9 \u00e0 technologie de charge adaptative et un commutateur de transfert CA ultra rapide. En plus de ces fonctions de base, le MultiPlus offre de nombreuses caract\u00e9ristiques avanc\u00e9es decries ci-dessous. Codes de produits: PMP123021102 ou PMP122301102 (UL Certified)","jetpack_sharing_enabled":true,"_links":{"self":[{"href":"https:\/\/www.expeditionsolutions.ca\/en\/wp-json\/wp\/v2\/product\/707","targetHints":{"allow":["GET"]}}],"collection":[{"href":"https:\/\/www.expeditionsolutions.ca\/en\/wp-json\/wp\/v2\/product"}],"about":[{"href":"https:\/\/www.expeditionsolutions.ca\/en\/wp-json\/wp\/v2\/types\/product"}],"wp:featuredmedia":[{"embeddable":true,"href":"https:\/\/www.expeditionsolutions.ca\/en\/wp-json\/wp\/v2\/media\/725"}],"wp:attachment":[{"href":"https:\/\/www.expeditionsolutions.ca\/en\/wp-json\/wp\/v2\/media?parent=707"}],"wp:term":[{"taxonomy":"product_brand","embeddable":true,"href":"https:\/\/www.expeditionsolutions.ca\/en\/wp-json\/wp\/v2\/product_brand?post=707"},{"taxonomy":"product_cat","embeddable":true,"href":"https:\/\/www.expeditionsolutions.ca\/en\/wp-json\/wp\/v2\/product_cat?post=707"},{"taxonomy":"product_tag","embeddable":true,"href":"https:\/\/www.expeditionsolutions.ca\/en\/wp-json\/wp\/v2\/product_tag?post=707"}],"curies":[{"name":"wp","href":"https:\/\/api.w.org\/{rel}","templated":true}]}}