{"id":784,"date":"2022-02-21T02:13:06","date_gmt":"2022-02-21T02:13:06","guid":{"rendered":"http:\/\/www.expeditionsolutions.ca\/?post_type=product&#038;p=784"},"modified":"2025-12-02T02:16:36","modified_gmt":"2025-12-02T02:16:36","slug":"batterie-12v-300ah-volthium-autochauffante","status":"publish","type":"product","link":"https:\/\/www.expeditionsolutions.ca\/en\/product\/batterie-12v-300ah-volthium-autochauffante\/","title":{"rendered":"BATTERIE 12V 300Ah Volthium \u2013 AUTOCHAUFFANTE (DUAL)"},"content":{"rendered":"<p>La\u00a0<strong>Batterie 12V 300AH Volthium \u2013 AUTOCHAUFFANTE (DUAL) LiFePO4 en ABS au format 8D<\/strong>\u00a0 est fabriqu\u00e9e sp\u00e9cialement pour la client\u00e8le de bateaux, voiliers, V\u00e9hicules motoris\u00e9s et applications industrielles.<\/p>\n<p>La batterie est con\u00e7ue pour les\u00a0<strong>banques de stockage \u00e9nerg\u00e9tique allant de 3kWh \u00e0 20 kWh<\/strong>.<\/p>\n<p>Ces batteries ont la particularit\u00e9 d\u2019avoir une\u00a0<strong>chambre accessible et r\u00e9serv\u00e9e pour le BMS<\/strong>. Ce qui les rend\u00a0<strong>r\u00e9parable<\/strong>\u00a0en cas de besoin, et\u00a0<strong>permet de prolonger la dur\u00e9e de vie des cellules<\/strong>\u00a0en limitant la transmission de chaleurs \u00e0 celles-ci. De plus, une chambre priv\u00e9e permet d\u2019<strong>augmenter la plage de temp\u00e9rature utilisable de ces batteries<\/strong>.<\/p>\n<p>Cette nouvelle g\u00e9n\u00e9ration de batteries est aussi munie d\u2019un bouton en acier inoxydable, qui permet de d\u00e9sactiver la d\u00e9charge, tout en laissant la recharge activ\u00e9e. Extr\u00eamement pratique lorsque vous voulez laisser les batteries branch\u00e9es au syst\u00e8me solaire lors du remisage, tout en \u00e9liminant la crainte que celles-ci se soient vid\u00e9es par des d\u00e9charges parasites.<\/p>\n<p>Cette toute nouvelle batterie, dont le caisson est exclusif \u00e0 Volthium dispose de\u00a0<strong>2x ports RJ45<\/strong>, dont les pins sont plaqu\u00e9s en or, permettant la\u00a0<strong>communication sur le protocole RS485<\/strong>. Cette connectique sert \u00e9galement \u00e0 transmettre l\u2019information interne des batteries \u00e0 l\u2019<strong>environnement de Victron<\/strong>\u00a0(sur leur protocole VE.CAN). Pour cela, procurez-vous l\u2019<a href=\"https:\/\/volthium.com\/fr\/product\/combo-dongle-victron\/\">accessoire HUB de Volthium<\/a>, une autre exclusivit\u00e9 d\u00e9coulant de notre d\u00e9veloppement interne et exclusif.<\/p>\n<p>De plus, la connectique RJ45 vous permet d\u2019ajouter l\u2019<a href=\"https:\/\/volthium.com\/fr\/product\/dongle-bluetooth\/\">\u00e9metteur bluetooth Volthium<\/a>, pouvant prendre en charge la gestion de jusqu&rsquo;\u00e0 4 batteries lorsqu&rsquo;il est jumel\u00e9 au HUB.<\/p>\n<p>Non seulement cet accumulateur LiFePO4 r\u00e9siste aux vibrations, mais il dispose d\u2019une plage de d\u00e9charge sup\u00e9rieure \u00e0 la comp\u00e9tition. En effet, cette batterie\u00a0<strong>peut \u00eatre d\u00e9charg\u00e9e jusqu\u2019\u00e0 -25 degr\u00e9s<\/strong>, au lieu de -20 degr\u00e9s pour la comp\u00e9tition. Et gr\u00e2ce \u00e0 sa fonctionnalit\u00e9 autochauffante, elle\u00a0<strong>peut \u00eatre recharg\u00e9e jusqu\u2019\u00e0 -40 degr\u00e9s<\/strong>. Cette innovation est possible d\u00fb au fait que les cellules dans les batteries Volthium proviennent de l\u2019industrie automobile.<\/p>\n<p><strong>Double Technologie Auto-Chauffante exclusive<\/strong><\/p>\n<p>Sachez que la batterie est munie de deux syst\u00e8mes de chauffage interne. Le traditionnel syst\u00e8me intelligent se met en fonction quand vous appliquez une recharge \u00e0 la batterie alors que sa temp\u00e9rature est sous z\u00e9ro degr\u00e9 celsius. Le second syst\u00e8me, dit manuel ; se d\u00e9clenche quant \u00e0 lui, lorsque vous appliquez une tension sur le connecteur positif H+ (M6) de la batterie. Ce syst\u00e8me de chauffage, dit manuel; n\u2019est aucunement automatis\u00e9. Si vous raccordez le terminal positif de la batterie (M8) vers le connecteur H+ (M6) de la batterie avec un petit bout de c\u00e2ble, celui-ci se d\u00e9clenchera en utilisant l\u2019\u00e9nergie de la batterie.<br \/>\n* Attention, il est n\u00e9cessaire d\u2019utiliser un minuteur pour \u00e9viter d\u2019oublier le chauffage en fonction.<br \/>\n* Le syst\u00e8me de chauffage manuel est r\u00e9serv\u00e9 aux professionnels et fonctionne jusqu\u2019\u00e0 -25 seulement.<\/p>\n<p><strong>Garantie<\/strong>\u00a010ans, dur\u00e9e de vie utile autour de 15 ans et plus.<\/p>\n<p><strong>Moyenne d\u2019op\u00e9ration<\/strong>\u00a0au-del\u00e0 de 6000 cycles.<\/p>\n<p><strong>Certifications\u00a0:<\/strong>\u00a0Assemblage complet\u00a0: UL1973 &amp; ABYC | Cellules UL1642, UL1973, IEC62619, IEC62660, CSA UL9540A.<\/p>\n<p>__________<\/p>\n<h5><strong>BMS :<\/strong><\/h5>\n<p>Le c\u0153ur (\u00ab core \u00bb) du BMS est produit par la compagnie am\u00e9ricaine Texas Intrument. Ce fabricant de microcontr\u00f4leurs BMS est reconnu mondialement dans le domaine des automobiles \u00e9lectriques, en plus d&rsquo;\u00eatre connu pour sa collaboration de longue date avec la Nasa et l&rsquo;arm\u00e9e am\u00e9ricaine.\u00a0 La programmation et les protocoles de communication sont enti\u00e8rement d\u00e9velopp\u00e9s par nos ing\u00e9nieurs, au Qu\u00e9bec.<\/p>\n<h5><strong>Cellules\u00a0:<\/strong><\/h5>\n<p>La qualit\u00e9 des cellules LFP est primordiale. En effet, c\u2019est elle qui vous assure d\u2019avoir un produit durable et dont les performances \u00e0 long terme seront fid\u00e8les.<\/p>\n<p>Les batteries de stockage solaire en ABS 24V sont \u00e9quip\u00e9es de cellules prismatiques GRADE A+, fabriqu\u00e9es par Volkswagen Group.<\/p>\n<h5><strong>Ing\u00e9nierie\u00a0:<\/strong><\/h5>\n<p>V\u00e9ritable pilier, rassemblant la force de chacune des pi\u00e8ces composant le produit. L\u2019ing\u00e9nierie chez nous se distingue par le choix des meilleures composantes de chacune des industries, dans l\u2019objectif d\u2019obtenir le meilleur produit final, \u00e9volutif aux besoins futurs et impossible \u00e0 concurrencer. L\u2019int\u00e9gration continue de nouveaux protocoles de communication, jumel\u00e9e au d\u00e9veloppement sur mesure instaur\u00e9 pour les clients, en plus d\u2019int\u00e9grer des technologies parfaitement adapt\u00e9es \u00e0 notre environnement canadien fait de Volthium une r\u00e9f\u00e9rence en ce qui a trait \u00e0 la qualit\u00e9 de la conception.<\/p>\n<p>__________<\/p>\n<h4>PRINCIPALES CARACT\u00c9RISTIQUES<\/h4>\n<ul>\n<li>Double syst\u00e8me auto-chauffant (Automatique \/ intelligent + Manuel)<\/li>\n<li>Acc\u00e8s au BMS (chambre r\u00e9serv\u00e9e)<\/li>\n<li>Interrupteur permettant de d\u00e9sactiver la d\u00e9charge tout en gardant la charge possible<\/li>\n<li>Port de communication RJ45 (compatible avec accessoires Volthium-Victron)<\/li>\n<li>D\u00e9charge possible jusqu\u2019\u00e0 -25 degr\u00e9s<\/li>\n<li>Garantie limit\u00e9e de 10 ans<\/li>\n<li>Courant continu de d\u00e9charge de 150A (<strong>250A<\/strong>\u00a0pendant 45 min)<\/li>\n<li>Peak 300A (3sec)<\/li>\n<li>Jusqu&rsquo;\u00e0 4 batteries en s\u00e9rie (jusqu&rsquo;\u00e0 51.2V)<\/li>\n<li>Protection contre la charge au froid<\/li>\n<li>Ing\u00e9nierie qu\u00e9b\u00e9coise<\/li>\n<li>Poids de 73 livres<\/li>\n<\/ul>\n<h4>INCLUS<\/h4>\n<ul>\n<li>1 X BATTERIE 12V 300Ah Volthium \u2013 AUTOCHAUFFANTE (DUAL)<\/li>\n<\/ul>","protected":false},"excerpt":{"rendered":"<div class=\"wpb_wrapper documents_wrapper\">\n<p><b>Toutes les commandes de batteries sont exp\u00e9di\u00e9es gratuitement\u00a0au Canada, \u00e0 l\u2019exception de certaines r\u00e9gions \u00e9loign\u00e9es.<\/b><\/p>\n<p>Les livraisons se compl\u00e8tent dans un d\u00e9lais de 3-7 jours en fonction de l&rsquo;adresse d&rsquo;exp\u00e9dition. Signature requise.<\/p>\n<\/div>\n<div class=\"wpb_wrapper documents_wrapper\">\n<div class=\"sc-textbox rounded-corners shadow-box\">\n<p class=\"sc-textbox-title\"><strong>Documents<\/strong><\/p>\n<div class=\"sc-textbox-content\">\n<div class=\"wpb_text_column wpb_content_element\">\n<div class=\"wpb_wrapper\">\n<div class=\"sc-list sc-list-color-5\">\n<ul>\n<li><a href=\"https:\/\/volthium.com\/wp-content\/uploads\/2021\/05\/12V300A-ABS-2022-3.pdf\" target=\"_blank\" rel=\"noopener\">Fiche technique<\/a><\/li>\n<\/ul>\n<\/div>\n<\/div>\n<\/div>\n<\/div>\n<\/div>\n<\/div>","protected":false},"featured_media":947,"template":"","meta":{"_uag_custom_page_level_css":"","neve_meta_sidebar":"","neve_meta_container":"","neve_meta_enable_content_width":"off","neve_meta_content_width":70,"neve_meta_title_alignment":"","neve_meta_author_avatar":"","neve_post_elements_order":"","neve_meta_disable_header":"","neve_meta_disable_footer":"","neve_meta_disable_title":""},"product_brand":[90],"product_cat":[37,68],"product_tag":[],"class_list":{"0":"post-784","1":"product","2":"type-product","3":"status-publish","4":"has-post-thumbnail","6":"product_brand-volthium","7":"product_cat-electrique","8":"product_cat-volthium","9":"product_shipping_class-livraison-gratuite-produits","11":"first","12":"onbackorder","13":"taxable","14":"shipping-taxable","15":"purchasable","16":"product-type-simple"},"yoast_head":"<!-- This site is optimized with the Yoast SEO plugin v27.3 - https:\/\/yoast.com\/product\/yoast-seo-wordpress\/ -->\n<title>BATTERIE 12V 300Ah Volthium \u2013 AUTOCHAUFFANTE (DUAL) - Expedition Solutions<\/title>\n<meta name=\"description\" content=\"La\u00a0Batterie 12V300AH LiFePO4 en ABS au format 8D\u00a0de Volthium est fabriqu\u00e9e sp\u00e9cialement pour la client\u00e8le de v\u00e9hicules motoris\u00e9s.\" \/>\n<meta name=\"robots\" content=\"index, follow, max-snippet:-1, max-image-preview:large, max-video-preview:-1\" \/>\n<link rel=\"canonical\" href=\"https:\/\/www.expeditionsolutions.ca\/en\/product\/batterie-12v-300ah-volthium-autochauffante\/\" \/>\n<meta property=\"og:locale\" content=\"en_US\" \/>\n<meta property=\"og:type\" content=\"article\" \/>\n<meta property=\"og:title\" content=\"BATTERIE 12V 300Ah Volthium \u2013 AUTOCHAUFFANTE (DUAL) - Expedition Solutions\" \/>\n<meta property=\"og:description\" content=\"La\u00a0Batterie 12V300AH LiFePO4 en ABS au format 8D\u00a0de Volthium est fabriqu\u00e9e sp\u00e9cialement pour la client\u00e8le de v\u00e9hicules motoris\u00e9s.\" \/>\n<meta property=\"og:url\" content=\"https:\/\/www.expeditionsolutions.ca\/en\/product\/batterie-12v-300ah-volthium-autochauffante\/\" \/>\n<meta property=\"og:site_name\" content=\"Expedition Solutions\" \/>\n<meta property=\"article:modified_time\" content=\"2025-12-02T02:16:36+00:00\" \/>\n<meta property=\"og:image\" content=\"https:\/\/www.expeditionsolutions.ca\/wp-content\/uploads\/2022\/02\/12V300Ah-H-3.jpg\" \/>\n\t<meta property=\"og:image:width\" content=\"2000\" \/>\n\t<meta property=\"og:image:height\" content=\"2000\" \/>\n\t<meta property=\"og:image:type\" content=\"image\/jpeg\" \/>\n<meta name=\"twitter:card\" content=\"summary_large_image\" \/>\n<meta name=\"twitter:label1\" content=\"Est. reading time\" \/>\n\t<meta name=\"twitter:data1\" content=\"5 minutes\" \/>\n<script type=\"application\/ld+json\" class=\"yoast-schema-graph\">{\"@context\":\"https:\\\/\\\/schema.org\",\"@graph\":[{\"@type\":\"WebPage\",\"@id\":\"https:\\\/\\\/www.expeditionsolutions.ca\\\/product\\\/batterie-12v-300ah-volthium-autochauffante\\\/\",\"url\":\"https:\\\/\\\/www.expeditionsolutions.ca\\\/product\\\/batterie-12v-300ah-volthium-autochauffante\\\/\",\"name\":\"BATTERIE 12V 300Ah Volthium \u2013 AUTOCHAUFFANTE (DUAL) - Expedition Solutions\",\"isPartOf\":{\"@id\":\"http:\\\/\\\/www.expeditionsolutions.ca\\\/#website\"},\"primaryImageOfPage\":{\"@id\":\"https:\\\/\\\/www.expeditionsolutions.ca\\\/product\\\/batterie-12v-300ah-volthium-autochauffante\\\/#primaryimage\"},\"image\":{\"@id\":\"https:\\\/\\\/www.expeditionsolutions.ca\\\/product\\\/batterie-12v-300ah-volthium-autochauffante\\\/#primaryimage\"},\"thumbnailUrl\":\"https:\\\/\\\/i0.wp.com\\\/www.expeditionsolutions.ca\\\/wp-content\\\/uploads\\\/2022\\\/02\\\/12V300Ah-H-3.jpg?fit=2000%2C2000&ssl=1\",\"datePublished\":\"2022-02-21T02:13:06+00:00\",\"dateModified\":\"2025-12-02T02:16:36+00:00\",\"description\":\"La\u00a0Batterie 12V300AH LiFePO4 en ABS au format 8D\u00a0de Volthium est fabriqu\u00e9e sp\u00e9cialement pour la client\u00e8le de v\u00e9hicules motoris\u00e9s.\",\"breadcrumb\":{\"@id\":\"https:\\\/\\\/www.expeditionsolutions.ca\\\/product\\\/batterie-12v-300ah-volthium-autochauffante\\\/#breadcrumb\"},\"inLanguage\":\"en-CA\",\"potentialAction\":[{\"@type\":\"ReadAction\",\"target\":[\"https:\\\/\\\/www.expeditionsolutions.ca\\\/product\\\/batterie-12v-300ah-volthium-autochauffante\\\/\"]}]},{\"@type\":\"ImageObject\",\"inLanguage\":\"en-CA\",\"@id\":\"https:\\\/\\\/www.expeditionsolutions.ca\\\/product\\\/batterie-12v-300ah-volthium-autochauffante\\\/#primaryimage\",\"url\":\"https:\\\/\\\/i0.wp.com\\\/www.expeditionsolutions.ca\\\/wp-content\\\/uploads\\\/2022\\\/02\\\/12V300Ah-H-3.jpg?fit=2000%2C2000&ssl=1\",\"contentUrl\":\"https:\\\/\\\/i0.wp.com\\\/www.expeditionsolutions.ca\\\/wp-content\\\/uploads\\\/2022\\\/02\\\/12V300Ah-H-3.jpg?fit=2000%2C2000&ssl=1\",\"width\":2000,\"height\":2000},{\"@type\":\"BreadcrumbList\",\"@id\":\"https:\\\/\\\/www.expeditionsolutions.ca\\\/product\\\/batterie-12v-300ah-volthium-autochauffante\\\/#breadcrumb\",\"itemListElement\":[{\"@type\":\"ListItem\",\"position\":1,\"name\":\"Accueil\",\"item\":\"https:\\\/\\\/www.expeditionsolutions.ca\\\/\"},{\"@type\":\"ListItem\",\"position\":2,\"name\":\"Boutique\",\"item\":\"https:\\\/\\\/www.expeditionsolutions.ca\\\/shop\\\/\"},{\"@type\":\"ListItem\",\"position\":3,\"name\":\"BATTERIE 12V 300Ah Volthium \u2013 AUTOCHAUFFANTE (DUAL)\"}]},{\"@type\":\"WebSite\",\"@id\":\"http:\\\/\\\/www.expeditionsolutions.ca\\\/#website\",\"url\":\"http:\\\/\\\/www.expeditionsolutions.ca\\\/\",\"name\":\"Expedition Solutions\",\"description\":\"\",\"publisher\":{\"@id\":\"http:\\\/\\\/www.expeditionsolutions.ca\\\/#organization\"},\"potentialAction\":[{\"@type\":\"SearchAction\",\"target\":{\"@type\":\"EntryPoint\",\"urlTemplate\":\"http:\\\/\\\/www.expeditionsolutions.ca\\\/?s={search_term_string}\"},\"query-input\":{\"@type\":\"PropertyValueSpecification\",\"valueRequired\":true,\"valueName\":\"search_term_string\"}}],\"inLanguage\":\"en-CA\"},{\"@type\":\"Organization\",\"@id\":\"http:\\\/\\\/www.expeditionsolutions.ca\\\/#organization\",\"name\":\"Expedition Solutions\",\"url\":\"http:\\\/\\\/www.expeditionsolutions.ca\\\/\",\"logo\":{\"@type\":\"ImageObject\",\"inLanguage\":\"en-CA\",\"@id\":\"http:\\\/\\\/www.expeditionsolutions.ca\\\/#\\\/schema\\\/logo\\\/image\\\/\",\"url\":\"https:\\\/\\\/i0.wp.com\\\/www.expeditionsolutions.ca\\\/wp-content\\\/uploads\\\/2020\\\/09\\\/cropped-Logo-Expedition-Solutions-1.png?fit=249%2C86&ssl=1\",\"contentUrl\":\"https:\\\/\\\/i0.wp.com\\\/www.expeditionsolutions.ca\\\/wp-content\\\/uploads\\\/2020\\\/09\\\/cropped-Logo-Expedition-Solutions-1.png?fit=249%2C86&ssl=1\",\"width\":249,\"height\":86,\"caption\":\"Expedition Solutions\"},\"image\":{\"@id\":\"http:\\\/\\\/www.expeditionsolutions.ca\\\/#\\\/schema\\\/logo\\\/image\\\/\"}}]}<\/script>\n<!-- \/ Yoast SEO plugin. -->","yoast_head_json":{"title":"BATTERIE 12V 300Ah Volthium \u2013 AUTOCHAUFFANTE (DUAL) - Expedition Solutions","description":"La\u00a0Batterie 12V300AH LiFePO4 en ABS au format 8D\u00a0de Volthium est fabriqu\u00e9e sp\u00e9cialement pour la client\u00e8le de v\u00e9hicules motoris\u00e9s.","robots":{"index":"index","follow":"follow","max-snippet":"max-snippet:-1","max-image-preview":"max-image-preview:large","max-video-preview":"max-video-preview:-1"},"canonical":"https:\/\/www.expeditionsolutions.ca\/en\/product\/batterie-12v-300ah-volthium-autochauffante\/","og_locale":"en_US","og_type":"article","og_title":"BATTERIE 12V 300Ah Volthium \u2013 AUTOCHAUFFANTE (DUAL) - Expedition Solutions","og_description":"La\u00a0Batterie 12V300AH LiFePO4 en ABS au format 8D\u00a0de Volthium est fabriqu\u00e9e sp\u00e9cialement pour la client\u00e8le de v\u00e9hicules motoris\u00e9s.","og_url":"https:\/\/www.expeditionsolutions.ca\/en\/product\/batterie-12v-300ah-volthium-autochauffante\/","og_site_name":"Expedition Solutions","article_modified_time":"2025-12-02T02:16:36+00:00","og_image":[{"width":2000,"height":2000,"url":"https:\/\/www.expeditionsolutions.ca\/wp-content\/uploads\/2022\/02\/12V300Ah-H-3.jpg","type":"image\/jpeg"}],"twitter_card":"summary_large_image","twitter_misc":{"Est. reading time":"5 minutes"},"schema":{"@context":"https:\/\/schema.org","@graph":[{"@type":"WebPage","@id":"https:\/\/www.expeditionsolutions.ca\/product\/batterie-12v-300ah-volthium-autochauffante\/","url":"https:\/\/www.expeditionsolutions.ca\/product\/batterie-12v-300ah-volthium-autochauffante\/","name":"BATTERIE 12V 300Ah Volthium \u2013 AUTOCHAUFFANTE (DUAL) - Expedition Solutions","isPartOf":{"@id":"http:\/\/www.expeditionsolutions.ca\/#website"},"primaryImageOfPage":{"@id":"https:\/\/www.expeditionsolutions.ca\/product\/batterie-12v-300ah-volthium-autochauffante\/#primaryimage"},"image":{"@id":"https:\/\/www.expeditionsolutions.ca\/product\/batterie-12v-300ah-volthium-autochauffante\/#primaryimage"},"thumbnailUrl":"https:\/\/i0.wp.com\/www.expeditionsolutions.ca\/wp-content\/uploads\/2022\/02\/12V300Ah-H-3.jpg?fit=2000%2C2000&ssl=1","datePublished":"2022-02-21T02:13:06+00:00","dateModified":"2025-12-02T02:16:36+00:00","description":"La\u00a0Batterie 12V300AH LiFePO4 en ABS au format 8D\u00a0de Volthium est fabriqu\u00e9e sp\u00e9cialement pour la client\u00e8le de v\u00e9hicules motoris\u00e9s.","breadcrumb":{"@id":"https:\/\/www.expeditionsolutions.ca\/product\/batterie-12v-300ah-volthium-autochauffante\/#breadcrumb"},"inLanguage":"en-CA","potentialAction":[{"@type":"ReadAction","target":["https:\/\/www.expeditionsolutions.ca\/product\/batterie-12v-300ah-volthium-autochauffante\/"]}]},{"@type":"ImageObject","inLanguage":"en-CA","@id":"https:\/\/www.expeditionsolutions.ca\/product\/batterie-12v-300ah-volthium-autochauffante\/#primaryimage","url":"https:\/\/i0.wp.com\/www.expeditionsolutions.ca\/wp-content\/uploads\/2022\/02\/12V300Ah-H-3.jpg?fit=2000%2C2000&ssl=1","contentUrl":"https:\/\/i0.wp.com\/www.expeditionsolutions.ca\/wp-content\/uploads\/2022\/02\/12V300Ah-H-3.jpg?fit=2000%2C2000&ssl=1","width":2000,"height":2000},{"@type":"BreadcrumbList","@id":"https:\/\/www.expeditionsolutions.ca\/product\/batterie-12v-300ah-volthium-autochauffante\/#breadcrumb","itemListElement":[{"@type":"ListItem","position":1,"name":"Accueil","item":"https:\/\/www.expeditionsolutions.ca\/"},{"@type":"ListItem","position":2,"name":"Boutique","item":"https:\/\/www.expeditionsolutions.ca\/shop\/"},{"@type":"ListItem","position":3,"name":"BATTERIE 12V 300Ah Volthium \u2013 AUTOCHAUFFANTE (DUAL)"}]},{"@type":"WebSite","@id":"http:\/\/www.expeditionsolutions.ca\/#website","url":"http:\/\/www.expeditionsolutions.ca\/","name":"Expedition Solutions","description":"","publisher":{"@id":"http:\/\/www.expeditionsolutions.ca\/#organization"},"potentialAction":[{"@type":"SearchAction","target":{"@type":"EntryPoint","urlTemplate":"http:\/\/www.expeditionsolutions.ca\/?s={search_term_string}"},"query-input":{"@type":"PropertyValueSpecification","valueRequired":true,"valueName":"search_term_string"}}],"inLanguage":"en-CA"},{"@type":"Organization","@id":"http:\/\/www.expeditionsolutions.ca\/#organization","name":"Expedition Solutions","url":"http:\/\/www.expeditionsolutions.ca\/","logo":{"@type":"ImageObject","inLanguage":"en-CA","@id":"http:\/\/www.expeditionsolutions.ca\/#\/schema\/logo\/image\/","url":"https:\/\/i0.wp.com\/www.expeditionsolutions.ca\/wp-content\/uploads\/2020\/09\/cropped-Logo-Expedition-Solutions-1.png?fit=249%2C86&ssl=1","contentUrl":"https:\/\/i0.wp.com\/www.expeditionsolutions.ca\/wp-content\/uploads\/2020\/09\/cropped-Logo-Expedition-Solutions-1.png?fit=249%2C86&ssl=1","width":249,"height":86,"caption":"Expedition Solutions"},"image":{"@id":"http:\/\/www.expeditionsolutions.ca\/#\/schema\/logo\/image\/"}}]}},"uagb_featured_image_src":{"full":["https:\/\/i0.wp.com\/www.expeditionsolutions.ca\/wp-content\/uploads\/2022\/02\/12V300Ah-H-3.jpg?fit=2000%2C2000&ssl=1",2000,2000,false],"thumbnail":["https:\/\/i0.wp.com\/www.expeditionsolutions.ca\/wp-content\/uploads\/2022\/02\/12V300Ah-H-3.jpg?resize=150%2C150&ssl=1",150,150,true],"medium":["https:\/\/i0.wp.com\/www.expeditionsolutions.ca\/wp-content\/uploads\/2022\/02\/12V300Ah-H-3.jpg?fit=300%2C300&ssl=1",300,300,true],"medium_large":["https:\/\/i0.wp.com\/www.expeditionsolutions.ca\/wp-content\/uploads\/2022\/02\/12V300Ah-H-3.jpg?fit=768%2C768&ssl=1",768,768,true],"large":["https:\/\/i0.wp.com\/www.expeditionsolutions.ca\/wp-content\/uploads\/2022\/02\/12V300Ah-H-3.jpg?fit=1024%2C1024&ssl=1",1024,1024,true],"1536x1536":["https:\/\/i0.wp.com\/www.expeditionsolutions.ca\/wp-content\/uploads\/2022\/02\/12V300Ah-H-3.jpg?fit=1536%2C1536&ssl=1",1536,1536,true],"2048x2048":["https:\/\/i0.wp.com\/www.expeditionsolutions.ca\/wp-content\/uploads\/2022\/02\/12V300Ah-H-3.jpg?fit=2000%2C2000&ssl=1",2000,2000,true],"trp-custom-language-flag":["https:\/\/i0.wp.com\/www.expeditionsolutions.ca\/wp-content\/uploads\/2022\/02\/12V300Ah-H-3.jpg?fit=12%2C12&ssl=1",12,12,true],"neve-blog":["https:\/\/i0.wp.com\/www.expeditionsolutions.ca\/wp-content\/uploads\/2022\/02\/12V300Ah-H-3.jpg?resize=930%2C620&ssl=1",930,620,true],"woocommerce_thumbnail":["https:\/\/i0.wp.com\/www.expeditionsolutions.ca\/wp-content\/uploads\/2022\/02\/12V300Ah-H-3.jpg?resize=300%2C300&ssl=1",300,300,true],"woocommerce_single":["https:\/\/i0.wp.com\/www.expeditionsolutions.ca\/wp-content\/uploads\/2022\/02\/12V300Ah-H-3.jpg?fit=600%2C600&ssl=1",600,600,true],"woocommerce_gallery_thumbnail":["https:\/\/i0.wp.com\/www.expeditionsolutions.ca\/wp-content\/uploads\/2022\/02\/12V300Ah-H-3.jpg?resize=100%2C100&ssl=1",100,100,true]},"uagb_author_info":{"display_name":"admin","author_link":"https:\/\/www.expeditionsolutions.ca\/en\/author\/"},"uagb_comment_info":0,"uagb_excerpt":"Toutes les commandes de batteries sont exp\u00e9di\u00e9es gratuitement\u00a0au Canada, \u00e0 l\u2019exception de certaines r\u00e9gions \u00e9loign\u00e9es. Les livraisons se compl\u00e8tent dans un d\u00e9lais de 3-7 jours en fonction de l'adresse d'exp\u00e9dition. Signature requise. Documents Fiche technique","jetpack_sharing_enabled":true,"_links":{"self":[{"href":"https:\/\/www.expeditionsolutions.ca\/en\/wp-json\/wp\/v2\/product\/784","targetHints":{"allow":["GET"]}}],"collection":[{"href":"https:\/\/www.expeditionsolutions.ca\/en\/wp-json\/wp\/v2\/product"}],"about":[{"href":"https:\/\/www.expeditionsolutions.ca\/en\/wp-json\/wp\/v2\/types\/product"}],"wp:featuredmedia":[{"embeddable":true,"href":"https:\/\/www.expeditionsolutions.ca\/en\/wp-json\/wp\/v2\/media\/947"}],"wp:attachment":[{"href":"https:\/\/www.expeditionsolutions.ca\/en\/wp-json\/wp\/v2\/media?parent=784"}],"wp:term":[{"taxonomy":"product_brand","embeddable":true,"href":"https:\/\/www.expeditionsolutions.ca\/en\/wp-json\/wp\/v2\/product_brand?post=784"},{"taxonomy":"product_cat","embeddable":true,"href":"https:\/\/www.expeditionsolutions.ca\/en\/wp-json\/wp\/v2\/product_cat?post=784"},{"taxonomy":"product_tag","embeddable":true,"href":"https:\/\/www.expeditionsolutions.ca\/en\/wp-json\/wp\/v2\/product_tag?post=784"}],"curies":[{"name":"wp","href":"https:\/\/api.w.org\/{rel}","templated":true}]}}