{"id":786,"date":"2022-02-25T16:40:16","date_gmt":"2022-02-25T16:40:16","guid":{"rendered":"http:\/\/www.expeditionsolutions.ca\/?post_type=product&#038;p=786"},"modified":"2025-12-03T19:41:51","modified_gmt":"2025-12-03T19:41:51","slug":"rouleau-de-mousse-de-polyethylene-2lb-1-8-x-50-pieds","status":"publish","type":"product","link":"https:\/\/www.expeditionsolutions.ca\/en\/product\/rouleau-de-mousse-de-polyethylene-2lb-1-8-x-50-pieds\/","title":{"rendered":"Mousse de poly\u00e9thyl\u00e8ne 2lb &#8211; 1\/8&Prime; &#8211; Rouleau de 50 pieds"},"content":{"rendered":"<h3><span class=\"pd-header\">Application<\/span><\/h3>\n<p>Cette mousse de poly\u00e9thyl\u00e8ne polyvalente peut \u00eatre utilis\u00e9e dans diff\u00e9rentes applications. Elle offre une excellente isolation thermique et elle peut \u00e9galement \u00eatre utilis\u00e9e comme barri\u00e8re acoustique dans ou sur les murs, les plafonds ou les planchers. Elle est tr\u00e8s efficace lorsqu&rsquo;utilis\u00e9e dans une construction multicouche et est parfaite pour une utilisation comme isolant et barri\u00e8re thermal. La mousse peut \u00eatre appliqu\u00e9 directement sur les murs des v\u00e9hicules ou sur des panneaux muraux en bois avant l&rsquo;application d&rsquo;un tissus de finition.<\/p>\n<h3><span class=\"pd-header\">Features<\/span><\/h3>\n<p>Les rouleaux de mousse de poly\u00e9thyl\u00e8ne ont une surface lisse \u00e0 cellules ferm\u00e9es qui offre une excellente consistance et une faible absorption d&rsquo;eau et transmission de vapeur. Les mat\u00e9riaux de cette gamme sont extr\u00eamement durables et ont une r\u00e9sistance exceptionnelle \u00e0 l&rsquo;ozone, aux UV, aux produits chimiques et aux intemp\u00e9ries qui offrent des propri\u00e9t\u00e9s d&rsquo;\u00e9tanch\u00e9it\u00e9 acoustiques, NVH, thermiques et hautes performances.<\/p>\n<h3><span class=\"pd-header\">D\u00e9tails<\/span><\/h3>\n<ul>\n<li>Bonnes propri\u00e9t\u00e9s d&rsquo;\u00e9tanch\u00e9it\u00e9 (migration de l&rsquo;air, de la poussi\u00e8re et de l&rsquo;eau)<\/li>\n<li>Extr\u00eamement l\u00e9ger<\/li>\n<li>Grande rigidit\u00e9, bonne \u00e9lasticit\u00e9 et r\u00e9sistance \u00e0 la d\u00e9chirure<\/li>\n<li>Bonne r\u00e9sistance aux UV et Oxone<\/li>\n<li>Excellent chemical resistance<\/li>\n<li>Bon pour l&rsquo;insonorisation<\/li>\n<li>Excellente isolation thermique<\/li>\n<li>Propri\u00e9t\u00e9s m\u00e9caniques sup\u00e9rieures<\/li>\n<li>Surface lisse et esth\u00e9tique<\/li>\n<li>Non toxique et ne contient pas de CFC, de HCFC ou d&rsquo;agents gonflants \u00e0 base d&rsquo;hydrocarbures<\/li>\n<\/ul>","protected":false},"excerpt":{"rendered":"<ul>\n<li>\u00c9paisseur: 1\/8\u2033<\/li>\n<li>En rouleau de 50 pieds x 60\u2033 (15.25 x 1.5 m\u00e8tres)<strong>*<\/strong><\/li>\n<li>Color: Charcoal<\/li>\n<li>Density: 2 lbs<\/li>\n<\/ul>\n<p><strong>*\u00c9galement disponible au pied, veuillez nous contactez par courriel pour obtenir une soumission.\u00a0<\/strong><\/p>\n<h3>Shipping<\/h3>\n<p>Des frais de livraison pour les colis surdimensionn\u00e9s seront calcul\u00e9s dans votre panier. Les d\u00e9lais de livraison sont d&rsquo;environ 2 \u00e0 3 semaines pour ce produit lorsqu&rsquo;il n&rsquo;est pas en inventaire (veuillez pr\u00e9voir un maximum 3 semaines).<\/p>","protected":false},"featured_media":787,"template":"","meta":{"_uag_custom_page_level_css":"","neve_meta_sidebar":"","neve_meta_container":"","neve_meta_enable_content_width":"off","neve_meta_content_width":70,"neve_meta_title_alignment":"","neve_meta_author_avatar":"","neve_post_elements_order":"","neve_meta_disable_header":"","neve_meta_disable_footer":"","neve_meta_disable_title":""},"product_brand":[],"product_cat":[18],"product_tag":[],"class_list":{"0":"post-786","1":"product","2":"type-product","3":"status-publish","4":"has-post-thumbnail","6":"product_cat-isolant-et-adhesif","8":"first","9":"instock","10":"taxable","11":"shipping-taxable","12":"purchasable","13":"product-type-simple"},"yoast_head":"<!-- This site is optimized with the Yoast SEO plugin v27.3 - https:\/\/yoast.com\/product\/yoast-seo-wordpress\/ -->\n<title>Mousse de poly\u00e9thyl\u00e8ne 2lb - 1\/8&quot; - Rouleau de 50 pieds - Expedition Solutions<\/title>\n<meta name=\"robots\" content=\"index, follow, max-snippet:-1, max-image-preview:large, max-video-preview:-1\" \/>\n<link rel=\"canonical\" href=\"https:\/\/www.expeditionsolutions.ca\/en\/product\/rouleau-de-mousse-de-polyethylene-2lb-1-8-x-50-pieds\/\" \/>\n<meta property=\"og:locale\" content=\"en_US\" \/>\n<meta property=\"og:type\" content=\"article\" \/>\n<meta property=\"og:title\" content=\"Mousse de poly\u00e9thyl\u00e8ne 2lb - 1\/8&quot; - Rouleau de 50 pieds - Expedition Solutions\" \/>\n<meta property=\"og:description\" content=\"\u00c9paisseur: 1\/8\u2033  En rouleau de 50 pieds x 60\u2033 (15.25 x 1.5 m\u00e8tres)*  Couleur: Charcoal  Densit\u00e9: 2 lbs  *\u00c9galement disponible au pied, veuillez nous contactez par courriel pour obtenir une soumission.\u00a0 Livraison Des frais de livraison pour les colis surdimensionn\u00e9s seront calcul\u00e9s dans votre panier. Les d\u00e9lais de livraison sont d&#039;environ 2 \u00e0 3 semaines pour ce produit lorsqu&#039;il n&#039;est pas en inventaire (veuillez pr\u00e9voir un maximum 3 semaines).\" \/>\n<meta property=\"og:url\" content=\"https:\/\/www.expeditionsolutions.ca\/en\/product\/rouleau-de-mousse-de-polyethylene-2lb-1-8-x-50-pieds\/\" \/>\n<meta property=\"og:site_name\" content=\"Expedition Solutions\" \/>\n<meta property=\"article:modified_time\" content=\"2025-12-03T19:41:51+00:00\" \/>\n<meta property=\"og:image\" content=\"https:\/\/www.expeditionsolutions.ca\/wp-content\/uploads\/2022\/02\/Rolls-Sheeting-Polyethylene-Foam-Rolls.jpeg\" \/>\n\t<meta property=\"og:image:width\" content=\"351\" \/>\n\t<meta property=\"og:image:height\" content=\"354\" \/>\n\t<meta property=\"og:image:type\" content=\"image\/jpeg\" \/>\n<meta name=\"twitter:card\" content=\"summary_large_image\" \/>\n<meta name=\"twitter:label1\" content=\"Est. reading time\" \/>\n\t<meta name=\"twitter:data1\" content=\"2 minutes\" \/>\n<script type=\"application\/ld+json\" class=\"yoast-schema-graph\">{\"@context\":\"https:\\\/\\\/schema.org\",\"@graph\":[{\"@type\":\"WebPage\",\"@id\":\"https:\\\/\\\/www.expeditionsolutions.ca\\\/product\\\/rouleau-de-mousse-de-polyethylene-2lb-1-8-x-50-pieds\\\/\",\"url\":\"https:\\\/\\\/www.expeditionsolutions.ca\\\/product\\\/rouleau-de-mousse-de-polyethylene-2lb-1-8-x-50-pieds\\\/\",\"name\":\"Mousse de poly\u00e9thyl\u00e8ne 2lb - 1\\\/8\\\" - Rouleau de 50 pieds - Expedition Solutions\",\"isPartOf\":{\"@id\":\"http:\\\/\\\/www.expeditionsolutions.ca\\\/#website\"},\"primaryImageOfPage\":{\"@id\":\"https:\\\/\\\/www.expeditionsolutions.ca\\\/product\\\/rouleau-de-mousse-de-polyethylene-2lb-1-8-x-50-pieds\\\/#primaryimage\"},\"image\":{\"@id\":\"https:\\\/\\\/www.expeditionsolutions.ca\\\/product\\\/rouleau-de-mousse-de-polyethylene-2lb-1-8-x-50-pieds\\\/#primaryimage\"},\"thumbnailUrl\":\"https:\\\/\\\/i0.wp.com\\\/www.expeditionsolutions.ca\\\/wp-content\\\/uploads\\\/2022\\\/02\\\/Rolls-Sheeting-Polyethylene-Foam-Rolls.jpeg?fit=351%2C354&ssl=1\",\"datePublished\":\"2022-02-25T16:40:16+00:00\",\"dateModified\":\"2025-12-03T19:41:51+00:00\",\"breadcrumb\":{\"@id\":\"https:\\\/\\\/www.expeditionsolutions.ca\\\/product\\\/rouleau-de-mousse-de-polyethylene-2lb-1-8-x-50-pieds\\\/#breadcrumb\"},\"inLanguage\":\"en-CA\",\"potentialAction\":[{\"@type\":\"ReadAction\",\"target\":[\"https:\\\/\\\/www.expeditionsolutions.ca\\\/product\\\/rouleau-de-mousse-de-polyethylene-2lb-1-8-x-50-pieds\\\/\"]}]},{\"@type\":\"ImageObject\",\"inLanguage\":\"en-CA\",\"@id\":\"https:\\\/\\\/www.expeditionsolutions.ca\\\/product\\\/rouleau-de-mousse-de-polyethylene-2lb-1-8-x-50-pieds\\\/#primaryimage\",\"url\":\"https:\\\/\\\/i0.wp.com\\\/www.expeditionsolutions.ca\\\/wp-content\\\/uploads\\\/2022\\\/02\\\/Rolls-Sheeting-Polyethylene-Foam-Rolls.jpeg?fit=351%2C354&ssl=1\",\"contentUrl\":\"https:\\\/\\\/i0.wp.com\\\/www.expeditionsolutions.ca\\\/wp-content\\\/uploads\\\/2022\\\/02\\\/Rolls-Sheeting-Polyethylene-Foam-Rolls.jpeg?fit=351%2C354&ssl=1\",\"width\":351,\"height\":354},{\"@type\":\"BreadcrumbList\",\"@id\":\"https:\\\/\\\/www.expeditionsolutions.ca\\\/product\\\/rouleau-de-mousse-de-polyethylene-2lb-1-8-x-50-pieds\\\/#breadcrumb\",\"itemListElement\":[{\"@type\":\"ListItem\",\"position\":1,\"name\":\"Accueil\",\"item\":\"https:\\\/\\\/www.expeditionsolutions.ca\\\/\"},{\"@type\":\"ListItem\",\"position\":2,\"name\":\"Boutique\",\"item\":\"https:\\\/\\\/www.expeditionsolutions.ca\\\/shop\\\/\"},{\"@type\":\"ListItem\",\"position\":3,\"name\":\"Mousse de poly\u00e9thyl\u00e8ne 2lb &#8211; 1\\\/8&Prime; &#8211; Rouleau de 50 pieds\"}]},{\"@type\":\"WebSite\",\"@id\":\"http:\\\/\\\/www.expeditionsolutions.ca\\\/#website\",\"url\":\"http:\\\/\\\/www.expeditionsolutions.ca\\\/\",\"name\":\"Expedition Solutions\",\"description\":\"\",\"publisher\":{\"@id\":\"http:\\\/\\\/www.expeditionsolutions.ca\\\/#organization\"},\"potentialAction\":[{\"@type\":\"SearchAction\",\"target\":{\"@type\":\"EntryPoint\",\"urlTemplate\":\"http:\\\/\\\/www.expeditionsolutions.ca\\\/?s={search_term_string}\"},\"query-input\":{\"@type\":\"PropertyValueSpecification\",\"valueRequired\":true,\"valueName\":\"search_term_string\"}}],\"inLanguage\":\"en-CA\"},{\"@type\":\"Organization\",\"@id\":\"http:\\\/\\\/www.expeditionsolutions.ca\\\/#organization\",\"name\":\"Expedition Solutions\",\"url\":\"http:\\\/\\\/www.expeditionsolutions.ca\\\/\",\"logo\":{\"@type\":\"ImageObject\",\"inLanguage\":\"en-CA\",\"@id\":\"http:\\\/\\\/www.expeditionsolutions.ca\\\/#\\\/schema\\\/logo\\\/image\\\/\",\"url\":\"https:\\\/\\\/i0.wp.com\\\/www.expeditionsolutions.ca\\\/wp-content\\\/uploads\\\/2020\\\/09\\\/cropped-Logo-Expedition-Solutions-1.png?fit=249%2C86&ssl=1\",\"contentUrl\":\"https:\\\/\\\/i0.wp.com\\\/www.expeditionsolutions.ca\\\/wp-content\\\/uploads\\\/2020\\\/09\\\/cropped-Logo-Expedition-Solutions-1.png?fit=249%2C86&ssl=1\",\"width\":249,\"height\":86,\"caption\":\"Expedition Solutions\"},\"image\":{\"@id\":\"http:\\\/\\\/www.expeditionsolutions.ca\\\/#\\\/schema\\\/logo\\\/image\\\/\"}}]}<\/script>\n<!-- \/ Yoast SEO plugin. -->","yoast_head_json":{"title":"Mousse de poly\u00e9thyl\u00e8ne 2lb - 1\/8\" - Rouleau de 50 pieds - Expedition Solutions","robots":{"index":"index","follow":"follow","max-snippet":"max-snippet:-1","max-image-preview":"max-image-preview:large","max-video-preview":"max-video-preview:-1"},"canonical":"https:\/\/www.expeditionsolutions.ca\/en\/product\/rouleau-de-mousse-de-polyethylene-2lb-1-8-x-50-pieds\/","og_locale":"en_US","og_type":"article","og_title":"Mousse de poly\u00e9thyl\u00e8ne 2lb - 1\/8\" - Rouleau de 50 pieds - Expedition Solutions","og_description":"\u00c9paisseur: 1\/8\u2033  En rouleau de 50 pieds x 60\u2033 (15.25 x 1.5 m\u00e8tres)*  Couleur: Charcoal  Densit\u00e9: 2 lbs  *\u00c9galement disponible au pied, veuillez nous contactez par courriel pour obtenir une soumission.\u00a0 Livraison Des frais de livraison pour les colis surdimensionn\u00e9s seront calcul\u00e9s dans votre panier. Les d\u00e9lais de livraison sont d'environ 2 \u00e0 3 semaines pour ce produit lorsqu'il n'est pas en inventaire (veuillez pr\u00e9voir un maximum 3 semaines).","og_url":"https:\/\/www.expeditionsolutions.ca\/en\/product\/rouleau-de-mousse-de-polyethylene-2lb-1-8-x-50-pieds\/","og_site_name":"Expedition Solutions","article_modified_time":"2025-12-03T19:41:51+00:00","og_image":[{"width":351,"height":354,"url":"https:\/\/www.expeditionsolutions.ca\/wp-content\/uploads\/2022\/02\/Rolls-Sheeting-Polyethylene-Foam-Rolls.jpeg","type":"image\/jpeg"}],"twitter_card":"summary_large_image","twitter_misc":{"Est. reading time":"2 minutes"},"schema":{"@context":"https:\/\/schema.org","@graph":[{"@type":"WebPage","@id":"https:\/\/www.expeditionsolutions.ca\/product\/rouleau-de-mousse-de-polyethylene-2lb-1-8-x-50-pieds\/","url":"https:\/\/www.expeditionsolutions.ca\/product\/rouleau-de-mousse-de-polyethylene-2lb-1-8-x-50-pieds\/","name":"Mousse de poly\u00e9thyl\u00e8ne 2lb - 1\/8\" - Rouleau de 50 pieds - Expedition Solutions","isPartOf":{"@id":"http:\/\/www.expeditionsolutions.ca\/#website"},"primaryImageOfPage":{"@id":"https:\/\/www.expeditionsolutions.ca\/product\/rouleau-de-mousse-de-polyethylene-2lb-1-8-x-50-pieds\/#primaryimage"},"image":{"@id":"https:\/\/www.expeditionsolutions.ca\/product\/rouleau-de-mousse-de-polyethylene-2lb-1-8-x-50-pieds\/#primaryimage"},"thumbnailUrl":"https:\/\/i0.wp.com\/www.expeditionsolutions.ca\/wp-content\/uploads\/2022\/02\/Rolls-Sheeting-Polyethylene-Foam-Rolls.jpeg?fit=351%2C354&ssl=1","datePublished":"2022-02-25T16:40:16+00:00","dateModified":"2025-12-03T19:41:51+00:00","breadcrumb":{"@id":"https:\/\/www.expeditionsolutions.ca\/product\/rouleau-de-mousse-de-polyethylene-2lb-1-8-x-50-pieds\/#breadcrumb"},"inLanguage":"en-CA","potentialAction":[{"@type":"ReadAction","target":["https:\/\/www.expeditionsolutions.ca\/product\/rouleau-de-mousse-de-polyethylene-2lb-1-8-x-50-pieds\/"]}]},{"@type":"ImageObject","inLanguage":"en-CA","@id":"https:\/\/www.expeditionsolutions.ca\/product\/rouleau-de-mousse-de-polyethylene-2lb-1-8-x-50-pieds\/#primaryimage","url":"https:\/\/i0.wp.com\/www.expeditionsolutions.ca\/wp-content\/uploads\/2022\/02\/Rolls-Sheeting-Polyethylene-Foam-Rolls.jpeg?fit=351%2C354&ssl=1","contentUrl":"https:\/\/i0.wp.com\/www.expeditionsolutions.ca\/wp-content\/uploads\/2022\/02\/Rolls-Sheeting-Polyethylene-Foam-Rolls.jpeg?fit=351%2C354&ssl=1","width":351,"height":354},{"@type":"BreadcrumbList","@id":"https:\/\/www.expeditionsolutions.ca\/product\/rouleau-de-mousse-de-polyethylene-2lb-1-8-x-50-pieds\/#breadcrumb","itemListElement":[{"@type":"ListItem","position":1,"name":"Accueil","item":"https:\/\/www.expeditionsolutions.ca\/"},{"@type":"ListItem","position":2,"name":"Boutique","item":"https:\/\/www.expeditionsolutions.ca\/shop\/"},{"@type":"ListItem","position":3,"name":"Mousse de poly\u00e9thyl\u00e8ne 2lb &#8211; 1\/8&Prime; &#8211; Rouleau de 50 pieds"}]},{"@type":"WebSite","@id":"http:\/\/www.expeditionsolutions.ca\/#website","url":"http:\/\/www.expeditionsolutions.ca\/","name":"Expedition Solutions","description":"","publisher":{"@id":"http:\/\/www.expeditionsolutions.ca\/#organization"},"potentialAction":[{"@type":"SearchAction","target":{"@type":"EntryPoint","urlTemplate":"http:\/\/www.expeditionsolutions.ca\/?s={search_term_string}"},"query-input":{"@type":"PropertyValueSpecification","valueRequired":true,"valueName":"search_term_string"}}],"inLanguage":"en-CA"},{"@type":"Organization","@id":"http:\/\/www.expeditionsolutions.ca\/#organization","name":"Expedition Solutions","url":"http:\/\/www.expeditionsolutions.ca\/","logo":{"@type":"ImageObject","inLanguage":"en-CA","@id":"http:\/\/www.expeditionsolutions.ca\/#\/schema\/logo\/image\/","url":"https:\/\/i0.wp.com\/www.expeditionsolutions.ca\/wp-content\/uploads\/2020\/09\/cropped-Logo-Expedition-Solutions-1.png?fit=249%2C86&ssl=1","contentUrl":"https:\/\/i0.wp.com\/www.expeditionsolutions.ca\/wp-content\/uploads\/2020\/09\/cropped-Logo-Expedition-Solutions-1.png?fit=249%2C86&ssl=1","width":249,"height":86,"caption":"Expedition Solutions"},"image":{"@id":"http:\/\/www.expeditionsolutions.ca\/#\/schema\/logo\/image\/"}}]}},"uagb_featured_image_src":{"full":["https:\/\/i0.wp.com\/www.expeditionsolutions.ca\/wp-content\/uploads\/2022\/02\/Rolls-Sheeting-Polyethylene-Foam-Rolls.jpeg?fit=351%2C354&ssl=1",351,354,false],"thumbnail":["https:\/\/i0.wp.com\/www.expeditionsolutions.ca\/wp-content\/uploads\/2022\/02\/Rolls-Sheeting-Polyethylene-Foam-Rolls.jpeg?resize=150%2C150&ssl=1",150,150,true],"medium":["https:\/\/i0.wp.com\/www.expeditionsolutions.ca\/wp-content\/uploads\/2022\/02\/Rolls-Sheeting-Polyethylene-Foam-Rolls.jpeg?fit=297%2C300&ssl=1",297,300,true],"medium_large":["https:\/\/i0.wp.com\/www.expeditionsolutions.ca\/wp-content\/uploads\/2022\/02\/Rolls-Sheeting-Polyethylene-Foam-Rolls.jpeg?fit=351%2C354&ssl=1",351,354,true],"large":["https:\/\/i0.wp.com\/www.expeditionsolutions.ca\/wp-content\/uploads\/2022\/02\/Rolls-Sheeting-Polyethylene-Foam-Rolls.jpeg?fit=351%2C354&ssl=1",351,354,true],"1536x1536":["https:\/\/i0.wp.com\/www.expeditionsolutions.ca\/wp-content\/uploads\/2022\/02\/Rolls-Sheeting-Polyethylene-Foam-Rolls.jpeg?fit=351%2C354&ssl=1",351,354,true],"2048x2048":["https:\/\/i0.wp.com\/www.expeditionsolutions.ca\/wp-content\/uploads\/2022\/02\/Rolls-Sheeting-Polyethylene-Foam-Rolls.jpeg?fit=351%2C354&ssl=1",351,354,true],"trp-custom-language-flag":["https:\/\/i0.wp.com\/www.expeditionsolutions.ca\/wp-content\/uploads\/2022\/02\/Rolls-Sheeting-Polyethylene-Foam-Rolls.jpeg?fit=12%2C12&ssl=1",12,12,true],"neve-blog":["https:\/\/i0.wp.com\/www.expeditionsolutions.ca\/wp-content\/uploads\/2022\/02\/Rolls-Sheeting-Polyethylene-Foam-Rolls.jpeg?resize=351%2C354&ssl=1",351,354,true],"woocommerce_thumbnail":["https:\/\/i0.wp.com\/www.expeditionsolutions.ca\/wp-content\/uploads\/2022\/02\/Rolls-Sheeting-Polyethylene-Foam-Rolls.jpeg?resize=300%2C300&ssl=1",300,300,true],"woocommerce_single":["https:\/\/i0.wp.com\/www.expeditionsolutions.ca\/wp-content\/uploads\/2022\/02\/Rolls-Sheeting-Polyethylene-Foam-Rolls.jpeg?fit=351%2C354&ssl=1",351,354,true],"woocommerce_gallery_thumbnail":["https:\/\/i0.wp.com\/www.expeditionsolutions.ca\/wp-content\/uploads\/2022\/02\/Rolls-Sheeting-Polyethylene-Foam-Rolls.jpeg?resize=100%2C100&ssl=1",100,100,true]},"uagb_author_info":{"display_name":"admin","author_link":"https:\/\/www.expeditionsolutions.ca\/en\/author\/"},"uagb_comment_info":0,"uagb_excerpt":"\u00c9paisseur: 1\/8\u2033 En rouleau de 50 pieds x 60\u2033 (15.25 x 1.5 m\u00e8tres)* Couleur: Charcoal Densit\u00e9: 2 lbs *\u00c9galement disponible au pied, veuillez nous contactez par courriel pour obtenir une soumission.\u00a0 Livraison Des frais de livraison pour les colis surdimensionn\u00e9s seront calcul\u00e9s dans votre panier. Les d\u00e9lais de livraison sont d'environ 2 \u00e0 3 semaines&hellip;","jetpack_sharing_enabled":true,"_links":{"self":[{"href":"https:\/\/www.expeditionsolutions.ca\/en\/wp-json\/wp\/v2\/product\/786","targetHints":{"allow":["GET"]}}],"collection":[{"href":"https:\/\/www.expeditionsolutions.ca\/en\/wp-json\/wp\/v2\/product"}],"about":[{"href":"https:\/\/www.expeditionsolutions.ca\/en\/wp-json\/wp\/v2\/types\/product"}],"wp:featuredmedia":[{"embeddable":true,"href":"https:\/\/www.expeditionsolutions.ca\/en\/wp-json\/wp\/v2\/media\/787"}],"wp:attachment":[{"href":"https:\/\/www.expeditionsolutions.ca\/en\/wp-json\/wp\/v2\/media?parent=786"}],"wp:term":[{"taxonomy":"product_brand","embeddable":true,"href":"https:\/\/www.expeditionsolutions.ca\/en\/wp-json\/wp\/v2\/product_brand?post=786"},{"taxonomy":"product_cat","embeddable":true,"href":"https:\/\/www.expeditionsolutions.ca\/en\/wp-json\/wp\/v2\/product_cat?post=786"},{"taxonomy":"product_tag","embeddable":true,"href":"https:\/\/www.expeditionsolutions.ca\/en\/wp-json\/wp\/v2\/product_tag?post=786"}],"curies":[{"name":"wp","href":"https:\/\/api.w.org\/{rel}","templated":true}]}}